{"id":3948,"date":"2021-01-11T16:30:32","date_gmt":"2021-01-11T15:30:32","guid":{"rendered":"https:\/\/climaco.com\/pannekake-4\/"},"modified":"2025-08-18T17:25:30","modified_gmt":"2025-08-18T15:25:30","slug":"pancake-4","status":"publish","type":"page","link":"https:\/\/climaco.com\/no\/pancake-4\/","title":{"rendered":"Pancake 4"},"content":{"rendered":"<p>[et_pb_section fb_built=&raquo;1&#8243; custom_padding_last_edited=&raquo;on|phone&raquo; next_background_color=&raquo;#ffffff&raquo; admin_label=&raquo;Header&raquo; _builder_version=&raquo;4.16&#8243; background_color_gradient_direction=&raquo;130deg&raquo; background_image=&raquo;https:\/\/climaco.com\/wp-content\/uploads\/2019\/02\/adventure-alpine-background-355770-e1551445271405.jpg&raquo; parallax=&raquo;on&raquo; custom_margin_tablet=&raquo;-30px||&raquo; custom_margin_phone=&raquo;0px|||&raquo; custom_margin_last_edited=&raquo;on|desktop&raquo; custom_padding=&raquo;0px||0px||false|false&raquo; custom_padding_tablet=&raquo;0px||0px||true&raquo; custom_padding_phone=&raquo;||||true&raquo; bottom_divider_style=&raquo;ramp2&#8243; bottom_divider_height=&raquo;149px&raquo; bottom_divider_flip=&raquo;horizontal&raquo; bottom_divider_height_tablet=&raquo;150px&raquo; bottom_divider_height_phone=&raquo;110px&raquo; bottom_divider_height_last_edited=&raquo;on|phone&raquo; saved_tabs=&raquo;all&raquo; global_colors_info=&raquo;{}&raquo;][et_pb_row column_structure=&raquo;1_2,1_2&#8243; use_custom_gutter=&raquo;on&raquo; gutter_width=&raquo;2&#8243; custom_padding_last_edited=&raquo;on|desktop&raquo; module_class=&raquo; et_pb_row_fullwidth&raquo; _builder_version=&raquo;4.16&#8243; width=&raquo;94%&raquo; width_tablet=&raquo;80%&raquo; width_phone=&raquo;&raquo; width_last_edited=&raquo;on|desktop&raquo; max_width=&raquo;94%&raquo; max_width_tablet=&raquo;80%&raquo; max_width_phone=&raquo;&raquo; max_width_last_edited=&raquo;on|desktop&raquo; custom_margin_tablet=&raquo;&raquo; custom_margin_phone=&raquo;&raquo; custom_margin_last_edited=&raquo;on|tablet&raquo; custom_padding=&raquo;30px|0px|30px|0px|false|false&raquo; custom_padding_tablet=&raquo;||40px|&raquo; custom_padding_phone=&raquo;0px||0px&raquo; make_fullwidth=&raquo;on&raquo; global_colors_info=&raquo;{}&raquo;][et_pb_column type=&raquo;1_2&#8243; _builder_version=&raquo;4.16&#8243; custom_padding=&raquo;|||&raquo; global_colors_info=&raquo;{}&raquo; custom_padding__hover=&raquo;|||&raquo;][et_pb_image src=&raquo;https:\/\/climaco.com\/wp-content\/uploads\/2019\/06\/Pancake_1_drain_pan_heatpump.png&raquo; _builder_version=&raquo;4.16&#8243; max_width=&raquo;46%&raquo; max_width_tablet=&raquo;70%&raquo; max_width_phone=&raquo;85%&raquo; max_width_last_edited=&raquo;on|tablet&raquo; module_alignment=&raquo;center&raquo; custom_margin=&raquo;0px||&raquo; custom_margin_tablet=&raquo;0px|||&raquo; custom_margin_phone=&raquo;&raquo; custom_margin_last_edited=&raquo;on|tablet&raquo; border_color_top=&raquo;rgba(0,0,0,0)&raquo; border_style_top=&raquo;none&raquo; always_center_on_mobile=&raquo;off&raquo; global_colors_info=&raquo;{}&raquo;][\/et_pb_image][\/et_pb_column][et_pb_column type=&raquo;1_2&#8243; _builder_version=&raquo;4.16&#8243; custom_padding=&raquo;|||&raquo; global_colors_info=&raquo;{}&raquo; custom_padding__hover=&raquo;|||&raquo;][et_pb_image src=&raquo;https:\/\/climaco.com\/wp-content\/uploads\/2019\/06\/Pancake_2_Eco_slang_2.png&raquo; _builder_version=&raquo;4.16&#8243; max_width_tablet=&raquo;100%&raquo; max_width_phone=&raquo;&raquo; max_width_last_edited=&raquo;on|phone&raquo; module_alignment=&raquo;center&raquo; custom_margin=&raquo;0px||&raquo; always_center_on_mobile=&raquo;off&raquo; global_colors_info=&raquo;{}&raquo;][\/et_pb_image][\/et_pb_column][\/et_pb_row][\/et_pb_section][et_pb_section fb_built=&raquo;1&#8243; admin_label=&raquo;Get Started&raquo; _builder_version=&raquo;4.16&#8243; custom_margin_tablet=&raquo;&raquo; custom_margin_phone=&raquo;&raquo; custom_margin_last_edited=&raquo;on|tablet&raquo; custom_padding=&raquo;0px||0px||false|false&raquo; saved_tabs=&raquo;all&raquo; global_colors_info=&raquo;{}&raquo;][et_pb_row column_structure=&raquo;1_2,1_2&#8243; use_custom_gutter=&raquo;on&raquo; gutter_width=&raquo;2&#8243; _builder_version=&raquo;4.16&#8243; max_width=&raquo;1440px&raquo; custom_margin=&raquo;|||&raquo; custom_margin_tablet=&raquo;&raquo; custom_margin_phone=&raquo;&raquo; custom_margin_last_edited=&raquo;on|desktop&raquo; custom_padding=&raquo;13px||0px||false|false&raquo; border_color_all=&raquo;rgba(0,0,0,0)&raquo; use_custom_width=&raquo;on&raquo; width_unit=&raquo;off&raquo; global_colors_info=&raquo;{}&raquo;][et_pb_column type=&raquo;1_2&#8243; _builder_version=&raquo;4.16&#8243; custom_padding=&raquo;0px||30px|&raquo; custom_padding_tablet=&raquo;||0px&raquo; custom_padding_phone=&raquo;&raquo; custom_padding_last_edited=&raquo;on|tablet&raquo; global_colors_info=&raquo;{}&raquo; custom_padding__hover=&raquo;|||&raquo;][et_pb_image src=&raquo;https:\/\/climaco.com\/wp-content\/uploads\/2020\/03\/Pancake_4_logo.png&raquo; title_text=&raquo;Pannekake_4_logo&raquo; align_tablet=&raquo;center&raquo; align_phone=&raquo;&raquo; align_last_edited=&raquo;on|desktop&raquo; _builder_version=&raquo;4.16&#8243; max_width=&raquo;40%&raquo; max_width_tablet=&raquo;50%&raquo; max_width_phone=&raquo;50%&raquo; max_width_last_edited=&raquo;on|desktop&raquo; module_alignment=&raquo;left&raquo; global_colors_info=&raquo;{}&raquo;][\/et_pb_image][et_pb_text _builder_version=&raquo;4.16&#8243; header_font=&raquo;||||||||&raquo; header_2_font=&raquo;BebasNeue Bold||||||||&raquo; header_2_font_size=&raquo;40px&raquo; global_colors_info=&raquo;{}&raquo;]<\/p>\n<h2>Avl\u00f8pskummer for luftvarmepumper<\/h2>\n<p>Trauet er designet for \u00e5 monteres mellom opphenget og varmepumpens utend\u00f8rsenhet. Fordelene er mange, oppsamlingsomr\u00e5det er mye mindre og trauet trekker derfor mindre str\u00f8m. Det er en rask installasjon, trauet oppfattes som usynlig og f\u00f8les som en integrert del av varmepumpen.<\/p>\n<p>Pancake 4-modellen passer til de fleste luft-til-luft-varmepumper som ble solgt i Norge for noen \u00e5r siden. Den monteres enkelt p\u00e5 alle bakkestativ og veggfester p\u00e5 markedet.<\/p>\n<p>Det kondenserte vannet blir deretter lettest drenert med ClimaLines oppvarmingsvannavl\u00f8pssett, dvs. isolert slange, der slangen varmes opp med en termostatstyrt varmekabel med lav effekt.<\/p>\n<p>Pannekake 4 er utviklet for nordiske vintre og har blitt funksjonstestet ned til -34 \u00b0 C.<\/p>\n<p>[\/et_pb_text][et_pb_text _builder_version=&raquo;4.16&#8243; text_font=&raquo;||||||||&raquo; header_font=&raquo;||||||||&raquo; header_2_font=&raquo;BebasNeue Bold||||||||&raquo; header_2_font_size=&raquo;40px&raquo; global_colors_info=&raquo;{}&raquo;]<\/p>\n<h2>Teknisk informasjon<\/h2>\n<p>[\/et_pb_text][et_pb_tabs _builder_version=&raquo;4.27.4&#8243; body_font=&raquo;||||||||&raquo; body_text_align=&raquo;left&raquo; tab_font=&raquo;||||||||&raquo; max_width_tablet=&raquo;&raquo; max_width_phone=&raquo;&raquo; max_width_last_edited=&raquo;on|desktop&raquo; module_alignment=&raquo;left&raquo; hover_enabled=&raquo;0&#8243; global_colors_info=&raquo;{}&raquo; sticky_enabled=&raquo;0&#8243;][et_pb_tab title=&raquo;Pancake 4 Eco&raquo; _builder_version=&raquo;4.27.4&#8243; tab_font=&raquo;||||||||&raquo; tab_font_size=&raquo;14px&raquo; tab_letter_spacing=&raquo;0px&raquo; tab_line_height=&raquo;1em&raquo; hover_enabled=&raquo;0&#8243; global_colors_info=&raquo;{}&raquo; sticky_enabled=&raquo;0&#8243;]<\/p>\n<ul>\n<li>Farge: Grafitt gr\u00e5<\/li>\n<li>Materiale: ABS \/ PMMA plast<\/li>\n<li>UV-bestandig og st\u00f8tbestandig til -40 \u00b0 C<\/li>\n<li>Lengde: 705mm<\/li>\n<li>Dybde: 310mm<\/li>\n<li>H\u00f8yde: 28mm (uten slangeadapter)<\/li>\n<li>Varmematte \/ effekt: maks 75 Watt<\/li>\n<li>Termostatstyrt: Ja, Eco-versjon<\/li>\n<li>Termostat: 2 innebygd, prim\u00e6rbryter p\u00e5 + 3 \u00b0 C, sekund\u00e6r ved -8 \u00b0 C<\/li>\n<li>Elektrisk tilkobling: 220-240 volt \/ 50 Hz<\/li>\n<li>Med jordet plugg (kabel kan kobles til rekkeklemme)<\/li>\n<li>Tilkoblingskabel: 1500 mm<\/li>\n<li>Slangeadapter: med l\u00f8vfanger, passer slange og r\u00f8r med innvendig diameter 18\u201320 mm<\/li>\n<li>Maks vannstr\u00f8m, med 3 m slange \/ kabel \/ 10% fall: 7 liter \/ minutt<\/li>\n<li>Produsert i EU.<\/li>\n<li>Patent\u00a0<span>SE 539251 USA 10677479<\/span><\/li>\n<\/ul>\n<p>[\/et_pb_tab][et_pb_tab title=&raquo;Pancake 4 Neo&raquo; _builder_version=&raquo;4.27.4&#8243; hover_enabled=&raquo;0&#8243; global_colors_info=&raquo;{}&raquo; sticky_enabled=&raquo;0&#8243;]<\/p>\n<ul>\n<li>Farge: Lys gr\u00e5<\/li>\n<li>Materiale: ABS\/PMMA-plast<\/li>\n<li>UV-bestandig og st\u00f8tbestandig til -40 \u00b0 C<\/li>\n<li>Lengde: 705mm<\/li>\n<li>Dybde: 310mm<\/li>\n<li>H\u00f8yde: 28mm (uten slangeadapter)<\/li>\n<li>Varmematte \/ effekt: maks 75 Watt<\/li>\n<li>Termostatstyrt: Ja, innebygd med bryter p\u00e5 + 3 \u00b0 C<\/li>\n<li>Elektrisk tilkobling: 220-240 volt \/ 50 Hz<\/li>\n<li>Med jordet plugg (kabel kan kobles til rekkeklemme)<\/li>\n<li>Tilkoblingskabel: 1500 mm<\/li>\n<li>Termostat: 1 innebygd, sl\u00e5 p\u00e5 + 3 \u00b0 C<\/li>\n<li>Slangeadapter: med l\u00f8vfanger, passer slange og r\u00f8r med innvendig diameter 18\u201320 mm<\/li>\n<li>Maksimal v\u00e6skestr\u00f8m, med 3 m slange \/ kabel \/ 10% koffert: 7 liter \/ minutt<\/li>\n<li>Produsert i EU, komponert i Sverige.<\/li>\n<li>Patent\u00a0<span>SE 539251 USA 10677479<\/span><\/li>\n<\/ul>\n<p>[\/et_pb_tab][et_pb_tab title=&raquo;Passer disse utend\u00f8rsenhetene&raquo; _builder_version=&raquo;4.16&#8243; global_colors_info=&raquo;{}&raquo;]<\/p>\n<ul>\n<li>Daikin Emura, Nexura og mer<\/li>\n<li>Mitsubishi elektrisk utend\u00f8rs enhet MUZ-GE25 \/ 35<\/li>\n<li>Panasonic utend\u00f8rsenhet CZ, HZ, LZ og NZ<\/li>\n<li>Thermia Aura<\/li>\n<\/ul>\n<p>Du vil finne flere utend\u00f8rs enheter<a href=\"https:\/\/climaco.com\/no\/velg-modell\/\" target=\"_blank\" rel=\"noopener noreferrer\"><strong> her<\/strong> .<\/a><\/p>\n<p>[\/et_pb_tab][et_pb_tab title=&raquo;Vanndreneringssett&raquo; _builder_version=&raquo;4.16&#8243; tab_font=&raquo;||||||||&raquo; global_colors_info=&raquo;{}&raquo;]<\/p>\n<p>De oppvarmede settene for vanndrenering er tilgjengelige i lengdene 1,2,3,4,5,6,7,8 og 10 og 12m. De kobles lett til trauadapteren for \u00e5 lede vannet fra avl\u00f8pskanalen.<\/p>\n<p>Et dreneringssett for oppvarmet vann inneholder:<\/p>\n<ul>\n<li>Isolert kondensatslange<\/li>\n<li>Farge: Blygr\u00e5<\/li>\n<li>UV-bestandig og st\u00f8tbestandig<\/li>\n<li>Slange utenfor \u00d8 31mm, innvendig \u00d8 19mm<\/li>\n<li>Slangeklemme, dobbel l\u00e5sing<\/li>\n<li>Varmekabel, lav effekt 15w \/ m.<\/li>\n<li>Termostat, P\u00c5 + 2 \u00b0 C, mellom kald og varm kabel<\/li>\n<li>Plugg, jordet<\/li>\n<li>Vegg- \/ understell for slangen<\/li>\n<\/ul>\n<p>[\/et_pb_tab][et_pb_tab title=&raquo;Inkludert&raquo; _builder_version=&raquo;4.16&#8243; global_colors_info=&raquo;{}&raquo;]<\/p>\n<p>Dette kommer med:<\/p>\n<ul>\n<li>Varm pannekake pannekake 1<\/li>\n<li>Slangeadapter med l\u00f8vfanger, 20\/25 mm slange<\/li>\n<li>Vibrasjonsdemper sett for utend\u00f8rsenhet 30-50kg<\/li>\n<li>Monteringsanvisning<\/li>\n<\/ul>\n<p>[\/et_pb_tab][et_pb_tab title=&raquo;Dokument&raquo; _builder_version=&raquo;4.16&#8243; global_colors_info=&raquo;{}&raquo;]<img loading=\"lazy\" decoding=\"async\" src=\"https:\/\/climaco.com\/wp-content\/uploads\/2019\/03\/pdf-symbol-150x150.png\" width=\"67\" height=\"68\" alt=\"\" class=\"wp-image-239 aligncenter size-thumbnail\" style=\"float: left\" srcset=\"https:\/\/climaco.com\/wp-content\/uploads\/2019\/03\/pdf-symbol-150x150.png 150w, https:\/\/climaco.com\/wp-content\/uploads\/2019\/03\/pdf-symbol.png 200w\" sizes=\"(max-width: 67px) 100vw, 67px\" \/><br \/>\n<a href=\"https:\/\/climaco.com\/wp-content\/uploads\/2019\/12\/Pancake_1-3-4_Montageanvisning_Multilang.pdf\" target=\"_blank\" rel=\"noopener noreferrer\" title=\"Monteringsanvisning Pannekake 1\">Monteringsanvisning<\/a><\/p>\n<p>&nbsp;<\/p>\n<p><img loading=\"lazy\" decoding=\"async\" src=\"https:\/\/climaco.com\/wp-content\/uploads\/2019\/03\/pdf-symbol-150x150.png\" width=\"67\" height=\"68\" alt=\"\" class=\"wp-image-239 aligncenter size-thumbnail\" style=\"float: left\" srcset=\"https:\/\/climaco.com\/wp-content\/uploads\/2019\/03\/pdf-symbol-150x150.png 150w, https:\/\/climaco.com\/wp-content\/uploads\/2019\/03\/pdf-symbol.png 200w\" sizes=\"(max-width: 67px) 100vw, 67px\" \/><br \/>\n<a href=\"https:\/\/climaco.com\/wp-content\/uploads\/2019\/12\/Pancake_1-3_digital.pdf\" target=\"_blank\" rel=\"noopener noreferrer\" title=\"Informasjonsark Pannekake 1\">Faktaark<\/a><\/p>\n<p>&nbsp;[\/et_pb_tab][\/et_pb_tabs][\/et_pb_column][et_pb_column type=&raquo;1_2&#8243; _builder_version=&raquo;4.16&#8243; custom_padding=&raquo;0px|||&raquo; custom_padding_tablet=&raquo;0px||20px&raquo; custom_padding_phone=&raquo;0px||20px|&raquo; custom_padding_last_edited=&raquo;on|phone&raquo; global_colors_info=&raquo;{}&raquo; custom_padding__hover=&raquo;|||&raquo;][et_pb_gallery gallery_ids=&raquo;3395,2088,3369,4084,3381,3402,2269&#8243; fullwidth=&raquo;on&raquo; _builder_version=&raquo;4.16&#8243; auto=&raquo;on&raquo; global_colors_info=&raquo;{}&raquo;][\/et_pb_gallery][et_pb_image show_in_lightbox=&raquo;on&raquo; align_tablet=&raquo;center&raquo; align_phone=&raquo;&raquo; align_last_edited=&raquo;on|desktop&raquo; _builder_version=&raquo;4.16&#8243; global_colors_info=&raquo;{}&raquo;][\/et_pb_image][\/et_pb_column][\/et_pb_row][\/et_pb_section]<\/p>\n","protected":false},"excerpt":{"rendered":"<p>Avl\u00f8pskummer for luftvarmepumper Trauet er designet for \u00e5 monteres mellom opphenget og varmepumpens utend\u00f8rsenhet. Fordelene er mange, oppsamlingsomr\u00e5det er mye mindre og trauet trekker derfor mindre str\u00f8m. Det er en rask installasjon, trauet oppfattes som usynlig og f\u00f8les som en integrert del av varmepumpen. Pancake 4-modellen passer til de fleste luft-til-luft-varmepumper som ble solgt i [&hellip;]<\/p>\n","protected":false},"author":2,"featured_media":0,"parent":0,"menu_order":0,"comment_status":"closed","ping_status":"closed","template":"","meta":{"_et_pb_use_builder":"on","_et_pb_old_content":"","_et_gb_content_width":"","footnotes":""},"class_list":["post-3948","page","type-page","status-publish","hentry"],"_links":{"self":[{"href":"https:\/\/climaco.com\/no\/wp-json\/wp\/v2\/pages\/3948","targetHints":{"allow":["GET"]}}],"collection":[{"href":"https:\/\/climaco.com\/no\/wp-json\/wp\/v2\/pages"}],"about":[{"href":"https:\/\/climaco.com\/no\/wp-json\/wp\/v2\/types\/page"}],"author":[{"embeddable":true,"href":"https:\/\/climaco.com\/no\/wp-json\/wp\/v2\/users\/2"}],"replies":[{"embeddable":true,"href":"https:\/\/climaco.com\/no\/wp-json\/wp\/v2\/comments?post=3948"}],"version-history":[{"count":0,"href":"https:\/\/climaco.com\/no\/wp-json\/wp\/v2\/pages\/3948\/revisions"}],"wp:attachment":[{"href":"https:\/\/climaco.com\/no\/wp-json\/wp\/v2\/media?parent=3948"}],"curies":[{"name":"wp","href":"https:\/\/api.w.org\/{rel}","templated":true}]}}