{"id":2832,"date":"2019-10-10T16:11:44","date_gmt":"2019-10-10T14:11:44","guid":{"rendered":"https:\/\/climaco.com\/pancake-1\/"},"modified":"2025-07-03T10:30:13","modified_gmt":"2025-07-03T08:30:13","slug":"pancake-1","status":"publish","type":"page","link":"https:\/\/climaco.com\/no\/pancake-1\/","title":{"rendered":"Pancake 1"},"content":{"rendered":"<p>[et_pb_section fb_built=&raquo;1&#8243; custom_padding_last_edited=&raquo;on|phone&raquo; next_background_color=&raquo;#ffffff&raquo; admin_label=&raquo;Header&raquo; _builder_version=&raquo;4.16&#8243; background_color_gradient_direction=&raquo;130deg&raquo; background_image=&raquo;https:\/\/climaco.com\/wp-content\/uploads\/2019\/02\/adventure-alpine-background-355770-e1551445271405.jpg&raquo; parallax=&raquo;on&raquo; custom_margin_tablet=&raquo;-30px||&raquo; custom_margin_phone=&raquo;0px|||&raquo; custom_margin_last_edited=&raquo;on|desktop&raquo; custom_padding=&raquo;0px||0px||false|false&raquo; custom_padding_tablet=&raquo;0px||0px||true&raquo; custom_padding_phone=&raquo;||||true&raquo; bottom_divider_style=&raquo;ramp2&#8243; bottom_divider_height=&raquo;149px&raquo; bottom_divider_flip=&raquo;horizontal&raquo; bottom_divider_height_tablet=&raquo;150px&raquo; bottom_divider_height_phone=&raquo;110px&raquo; bottom_divider_height_last_edited=&raquo;on|phone&raquo; saved_tabs=&raquo;all&raquo; global_colors_info=&raquo;{}&raquo;][et_pb_row column_structure=&raquo;1_2,1_2&#8243; use_custom_gutter=&raquo;on&raquo; gutter_width=&raquo;2&#8243; custom_padding_last_edited=&raquo;on|desktop&raquo; module_class=&raquo; et_pb_row_fullwidth&raquo; _builder_version=&raquo;4.16&#8243; width=&raquo;94%&raquo; width_tablet=&raquo;80%&raquo; width_phone=&raquo;&raquo; width_last_edited=&raquo;on|desktop&raquo; max_width=&raquo;94%&raquo; max_width_tablet=&raquo;80%&raquo; max_width_phone=&raquo;&raquo; max_width_last_edited=&raquo;on|desktop&raquo; custom_margin_tablet=&raquo;&raquo; custom_margin_phone=&raquo;&raquo; custom_margin_last_edited=&raquo;on|tablet&raquo; custom_padding=&raquo;30px|0px|30px|0px|false|false&raquo; custom_padding_tablet=&raquo;||40px|&raquo; custom_padding_phone=&raquo;0px||0px&raquo; make_fullwidth=&raquo;on&raquo; global_colors_info=&raquo;{}&raquo;][et_pb_column type=&raquo;1_2&#8243; _builder_version=&raquo;4.16&#8243; custom_padding=&raquo;|||&raquo; global_colors_info=&raquo;{}&raquo; custom_padding__hover=&raquo;|||&raquo;][et_pb_image src=&raquo;https:\/\/climaco.com\/wp-content\/uploads\/2021\/01\/P1-Panasonic-overbild.png&raquo; title_text=&raquo;P1-Panasonic-overbild&raquo; _builder_version=&raquo;4.16&#8243; max_width=&raquo;46%&raquo; max_width_tablet=&raquo;70%&raquo; max_width_phone=&raquo;85%&raquo; max_width_last_edited=&raquo;on|tablet&raquo; module_alignment=&raquo;center&raquo; custom_margin=&raquo;0px||&raquo; custom_margin_tablet=&raquo;0px|||&raquo; custom_margin_phone=&raquo;&raquo; custom_margin_last_edited=&raquo;on|tablet&raquo; border_color_top=&raquo;rgba(0,0,0,0)&raquo; border_style_top=&raquo;none&raquo; always_center_on_mobile=&raquo;off&raquo; global_colors_info=&raquo;{}&raquo;][\/et_pb_image][\/et_pb_column][et_pb_column type=&raquo;1_2&#8243; _builder_version=&raquo;4.16&#8243; custom_padding=&raquo;|||&raquo; global_colors_info=&raquo;{}&raquo; custom_padding__hover=&raquo;|||&raquo;][et_pb_image src=&raquo;https:\/\/climaco.com\/wp-content\/uploads\/2019\/06\/Pancake_2_Eco_slang_2.png&raquo; _builder_version=&raquo;4.16&#8243; max_width_tablet=&raquo;100%&raquo; max_width_phone=&raquo;&raquo; max_width_last_edited=&raquo;on|phone&raquo; module_alignment=&raquo;center&raquo; custom_margin=&raquo;0px||&raquo; always_center_on_mobile=&raquo;off&raquo; global_colors_info=&raquo;{}&raquo;][\/et_pb_image][\/et_pb_column][\/et_pb_row][\/et_pb_section][et_pb_section fb_built=&raquo;1&#8243; admin_label=&raquo;Get Started&raquo; _builder_version=&raquo;4.16&#8243; custom_margin_tablet=&raquo;&raquo; custom_margin_phone=&raquo;&raquo; custom_margin_last_edited=&raquo;on|tablet&raquo; custom_padding=&raquo;0px||0px||false|false&raquo; saved_tabs=&raquo;all&raquo; global_colors_info=&raquo;{}&raquo;][et_pb_row column_structure=&raquo;1_2,1_2&#8243; use_custom_gutter=&raquo;on&raquo; gutter_width=&raquo;2&#8243; _builder_version=&raquo;4.16&#8243; max_width=&raquo;1440px&raquo; custom_margin=&raquo;|||&raquo; custom_margin_tablet=&raquo;&raquo; custom_margin_phone=&raquo;&raquo; custom_margin_last_edited=&raquo;on|desktop&raquo; custom_padding=&raquo;13px||0px||false|false&raquo; border_color_all=&raquo;rgba(0,0,0,0)&raquo; use_custom_width=&raquo;on&raquo; width_unit=&raquo;off&raquo; global_colors_info=&raquo;{}&raquo;][et_pb_column type=&raquo;1_2&#8243; _builder_version=&raquo;4.16&#8243; custom_padding=&raquo;0px||30px|&raquo; custom_padding_tablet=&raquo;||0px&raquo; custom_padding_phone=&raquo;&raquo; custom_padding_last_edited=&raquo;on|tablet&raquo; global_colors_info=&raquo;{}&raquo; custom_padding__hover=&raquo;|||&raquo;][et_pb_image src=&raquo;https:\/\/climaco.com\/wp-content\/uploads\/2019\/03\/Pancake_1_logo.png&raquo; align_tablet=&raquo;center&raquo; align_phone=&raquo;&raquo; align_last_edited=&raquo;on|desktop&raquo; _builder_version=&raquo;4.16&#8243; max_width=&raquo;40%&raquo; max_width_tablet=&raquo;50%&raquo; max_width_phone=&raquo;50%&raquo; max_width_last_edited=&raquo;on|desktop&raquo; module_alignment=&raquo;left&raquo; global_colors_info=&raquo;{}&raquo;][\/et_pb_image][et_pb_text _builder_version=&raquo;4.16&#8243; header_font=&raquo;||||||||&raquo; header_2_font=&raquo;BebasNeue Bold||||||||&raquo; header_2_font_size=&raquo;40px&raquo; global_colors_info=&raquo;{}&raquo;]<\/p>\n<h2>Dreneringsbrett for luft-til-luft-varmepumper<\/h2>\n<p>Brettet er konstruert for montering mellom braketten og varmepumpens utedel. Fordelene er mange. Oppsamlingsomr\u00e5det er mye mindre. Brettet krever derfor mindre kraft. Monteres raskt. Brettet er praktisk talt usynlig og f\u00f8les som en integrert del av varmepumpen.<\/p>\n<p>Pancake 1-modellen passer de aller fleste luft-til-luft-varmepumper som selges i Norge. Det er er enkelt \u00e5 montere den p\u00e5 alle bakkebraketter og veggbraketter p\u00e5 markedet.<\/p>\n<p>Kondensvannet ledes enkelt bort med det oppvarmede dreneringssettet fra ClimaLine, dvs. isolert slange, der slangen varmes opp med en termostatstyrt laveffekt varmekabel.<\/p>\n<p>Pancake 1 er designet for nordiske vintre, da den er testet ned til \u201334 \u00b0C.<\/p>\n<p>[\/et_pb_text][et_pb_text _builder_version=&raquo;4.16&#8243; text_font=&raquo;||||||||&raquo; header_font=&raquo;||||||||&raquo; header_2_font=&raquo;BebasNeue Bold||||||||&raquo; header_2_font_size=&raquo;40px&raquo; global_colors_info=&raquo;{}&raquo;]<\/p>\n<h2>Teknisk informasjon<\/h2>\n<p>[\/et_pb_text][et_pb_tabs _builder_version=&raquo;4.16&#8243; body_font=&raquo;||||||||&raquo; body_text_align=&raquo;left&raquo; tab_font=&raquo;||||||||&raquo; max_width_tablet=&raquo;&raquo; max_width_phone=&raquo;&raquo; max_width_last_edited=&raquo;on|desktop&raquo; module_alignment=&raquo;left&raquo; global_colors_info=&raquo;{}&raquo;][et_pb_tab title=&raquo;Pancake 1 Eco&raquo; _builder_version=&raquo;4.16&#8243; tab_font=&raquo;||||||||&raquo; tab_font_size=&raquo;14px&raquo; tab_letter_spacing=&raquo;0px&raquo; tab_line_height=&raquo;1em&raquo; global_colors_info=&raquo;{}&raquo;]<\/p>\n<ul>\n<li>Farge: Grafittgr\u00e5<\/li>\n<li>Materiale: ABS\/PMMA-plast<\/li>\n<li>UV-bestandig og st\u00f8tsikker ned til \u201340 \u00b0C<\/li>\n<li>Lengde: 705 mm<\/li>\n<li>Dybde: 285 mm<\/li>\n<li>H\u00f8yde: 25 mm (uten utl\u00f8pshylse)<\/li>\n<li>Oppvarmingsmatte\/str\u00f8m: maks 60 W<\/li>\n<li>Termostatstyrt varmematte: ja, \u00f8koversjon<\/li>\n<li>Termostater: 2 innebygde, prim\u00e6rbryter p\u00e5 +3 \u00b0C, sekund\u00e6r p\u00e5 -8 \u00b0C<\/li>\n<li>Str\u00f8mtilkobling: 220\u2013240 volt \/ 50 Hz<\/li>\n<li>Med jordet st\u00f8psel (kabelen kan kobles til fordelingspanel)<\/li>\n<li>Tilkoblingskabel: 1500 mm<\/li>\n<li>Slangeadapter: med l\u00f8vfanger, passer slange med innvendig diameter 18\u201320 mm<\/li>\n<li>Maksimal v\u00e6skemengde, med 3 m ledning eller kabel ved 10 % fall: 7 liter\/min<\/li>\n<li>Produsert i EU, montert i Sverige<\/li>\n<li>Patent <span>SE 539251 USA 10677479<\/span><\/li>\n<\/ul>\n<p>[\/et_pb_tab][et_pb_tab title=&raquo;Pancake 1 Neo&raquo; _builder_version=&raquo;4.16&#8243; global_colors_info=&raquo;{}&raquo;]<\/p>\n<ul>\n<li>Farge: Grafittgr\u00e5<\/li>\n<li>Materiale: ABS\/PMMA-plast<\/li>\n<li>UV-bestandig og st\u00f8tsikker ned til \u201340 \u00b0C<\/li>\n<li>Lengde: 705 mm<\/li>\n<li>Dybde: 285 mm<\/li>\n<li>H\u00f8yde: 25 mm (uten utl\u00f8pshylse)<\/li>\n<li>Oppvarmingsmatte\/str\u00f8m: maks 65 W<\/li>\n<li>Termostat: ja, innebygd med bryter p\u00e5 +3 \u00b0C<\/li>\n<li>Str\u00f8mtilkobling: 220\u2013240 volt \/ 50 Hz<\/li>\n<li>Med jordet st\u00f8psel (kabelen kan kobles til fordelingspanel)<\/li>\n<li>Tilkoblingskabel: 1500 mm<\/li>\n<li>Termostat: ja, innebygd med bryter p\u00e5 +3 \u00b0C<\/li>\n<li>Slangeadapter: med l\u00f8vfanger, passer til slange og r\u00f8r med innvendig diameter p\u00e5 18\u201320 mm<\/li>\n<li>Maksimal v\u00e6skemengde, med 3 m ledning eller kabel ved 10 % fall: 7 liter\/min<\/li>\n<li>Produsert i EU, montert i Sverige<\/li>\n<li>Patent <span>SE 539251 USA 10677479<\/span><\/li>\n<\/ul>\n<p>[\/et_pb_tab][et_pb_tab title=&raquo;Passer til f\u00f8lgende utedeler&raquo; _builder_version=&raquo;4.16&#8243; global_colors_info=&raquo;{}&raquo;]<\/p>\n<ul>\n<li>Daikin Emura, Nexura og flere<\/li>\n<li>Mitsubishi Electric utedel MUZ-GE25\/35<\/li>\n<li>Panasonic utedel CZ, HZ, LZ och NZ<\/li>\n<li>Thermia Aura<\/li>\n<\/ul>\n<p>Du finner flere utedeler <a href=\"https:\/\/climaco.com\/no\/velg-modell\/\" target=\"_blank\" rel=\"noopener noreferrer\"><strong>her<\/strong><\/a>.<\/p>\n<p>[\/et_pb_tab][et_pb_tab title=&raquo;Vanndreneringssett&raquo; _builder_version=&raquo;4.16&#8243; tab_font=&raquo;||||||||&raquo; global_colors_info=&raquo;{}&raquo;]<\/p>\n<p>Oppvarmingssett for vannavl\u00f8p er tilgjengelig i lengdene 1, 2, 3, 4, 5, 6, 7, 8, 10 og 12 m. De kobles enkelt til brettadapteren for \u00e5 lede vannet vekk fra dreneringsbrettet.<\/p>\n<p>Et oppvarmet dreneringssett inneholder:<\/p>\n<ul>\n<li>isolert kondensvannslange<\/li>\n<li>Farge: Bl\u00e5gr\u00e5<\/li>\n<li>UV-bestandig og st\u00f8tsikker<\/li>\n<li>Slange, utvendig \u00d8 31 mm, innvendig \u00d8 19 mm<\/li>\n<li>Slangeklemme, dobbell\u00e5s<\/li>\n<li>Varmekabel, str\u00f8m 15 W\/m<\/li>\n<li>Termostat P\u00c5 +2 \u00b0C, mellom kald ledning og varmekabel<\/li>\n<li>Stikkontakt, jordet<\/li>\n<li>Vegg- eller bakkemontering for slange<\/li>\n<\/ul>\n<p>[\/et_pb_tab][et_pb_tab title=&raquo;Inneholder&raquo; _builder_version=&raquo;4.16&#8243; global_colors_info=&raquo;{}&raquo;]<\/p>\n<p>Inneholder:<\/p>\n<ul>\n<li>Varmebrett Pancake 1<\/li>\n<li>Slangeadapter, med l\u00f8vfanger<\/li>\n<li>Vibration damper-sett til utedel 30\u201350 kg<\/li>\n<li>Monteringsanvisning<\/li>\n<\/ul>\n<p>[\/et_pb_tab][et_pb_tab title=&raquo;Dokument&raquo; _builder_version=&raquo;4.16&#8243; global_colors_info=&raquo;{}&raquo;]<\/p>\n<p><img loading=\"lazy\" decoding=\"async\" src=\"https:\/\/climaco.com\/wp-content\/uploads\/2019\/03\/pdf-symbol-150x150.png\" width=\"67\" height=\"68\" alt=\"\" class=\"wp-image-239 aligncenter size-thumbnail\" style=\"float: left;\" srcset=\"https:\/\/climaco.com\/wp-content\/uploads\/2019\/03\/pdf-symbol-150x150.png 150w, https:\/\/climaco.com\/wp-content\/uploads\/2019\/03\/pdf-symbol.png 200w\" sizes=\"(max-width: 67px) 100vw, 67px\" \/><br \/> <a href=\"https:\/\/climaco.com\/wp-content\/uploads\/2019\/03\/Pancake_1_Montageanvisning_Multilang_EN_SV_DK_NO_DE_FI_rev1.pdf\" target=\"_blank\" rel=\"noopener noreferrer\" title=\"Monteringsanvisning Pancake 1\">Monteringsanvisning<\/a><\/p>\n<p>&nbsp;<\/p>\n<p><img loading=\"lazy\" decoding=\"async\" src=\"https:\/\/climaco.com\/wp-content\/uploads\/2019\/03\/pdf-symbol-150x150.png\" width=\"67\" height=\"68\" alt=\"\" class=\"wp-image-239 aligncenter size-thumbnail\" style=\"float: left;\" srcset=\"https:\/\/climaco.com\/wp-content\/uploads\/2019\/03\/pdf-symbol-150x150.png 150w, https:\/\/climaco.com\/wp-content\/uploads\/2019\/03\/pdf-symbol.png 200w\" sizes=\"(max-width: 67px) 100vw, 67px\" \/><br \/> <a href=\"https:\/\/climaco.com\/wp-content\/uploads\/2019\/03\/Pancake_1_Montageanvisning_Multilang_EN_SV_DK_NO_DE_FI_rev1.pdf\" target=\"_blank\" rel=\"noopener noreferrer\" title=\"Informasjonsark Pancake 1\">Informasjonsark <\/a><\/p>\n<p>&nbsp;<\/p>\n<p>[\/et_pb_tab][\/et_pb_tabs][\/et_pb_column][et_pb_column type=&raquo;1_2&#8243; _builder_version=&raquo;4.16&#8243; custom_padding=&raquo;0px|||&raquo; custom_padding_tablet=&raquo;0px||20px&raquo; custom_padding_phone=&raquo;0px||20px|&raquo; custom_padding_last_edited=&raquo;on|phone&raquo; global_colors_info=&raquo;{}&raquo; custom_padding__hover=&raquo;|||&raquo;][et_pb_gallery gallery_ids=&raquo;3395,2088,3381,3369,3404,3402,2269&#8243; fullwidth=&raquo;on&raquo; _builder_version=&raquo;4.16&#8243; auto=&raquo;on&raquo; global_colors_info=&raquo;{}&raquo;][\/et_pb_gallery][et_pb_image src=&raquo;https:\/\/climaco.com\/wp-content\/uploads\/2019\/06\/Pancake-1-driftkarta_1.png&raquo; show_in_lightbox=&raquo;on&raquo; align_tablet=&raquo;center&raquo; align_phone=&raquo;&raquo; align_last_edited=&raquo;on|desktop&raquo; _builder_version=&raquo;4.16&#8243; global_colors_info=&raquo;{}&raquo;][\/et_pb_image][\/et_pb_column][\/et_pb_row][\/et_pb_section]<\/p>\n","protected":false},"excerpt":{"rendered":"<p>Dreneringsbrett for luft-til-luft-varmepumper Brettet er konstruert for montering mellom braketten og varmepumpens utedel. Fordelene er mange. Oppsamlingsomr\u00e5det er mye mindre. Brettet krever derfor mindre kraft. Monteres raskt. Brettet er praktisk talt usynlig og f\u00f8les som en integrert del av varmepumpen. Pancake 1-modellen passer de aller fleste luft-til-luft-varmepumper som selges i Norge. Det er er enkelt [&hellip;]<\/p>\n","protected":false},"author":2,"featured_media":0,"parent":0,"menu_order":0,"comment_status":"closed","ping_status":"closed","template":"","meta":{"_et_pb_use_builder":"on","_et_pb_old_content":"","_et_gb_content_width":"","footnotes":""},"class_list":["post-2832","page","type-page","status-publish","hentry"],"_links":{"self":[{"href":"https:\/\/climaco.com\/no\/wp-json\/wp\/v2\/pages\/2832","targetHints":{"allow":["GET"]}}],"collection":[{"href":"https:\/\/climaco.com\/no\/wp-json\/wp\/v2\/pages"}],"about":[{"href":"https:\/\/climaco.com\/no\/wp-json\/wp\/v2\/types\/page"}],"author":[{"embeddable":true,"href":"https:\/\/climaco.com\/no\/wp-json\/wp\/v2\/users\/2"}],"replies":[{"embeddable":true,"href":"https:\/\/climaco.com\/no\/wp-json\/wp\/v2\/comments?post=2832"}],"version-history":[{"count":0,"href":"https:\/\/climaco.com\/no\/wp-json\/wp\/v2\/pages\/2832\/revisions"}],"wp:attachment":[{"href":"https:\/\/climaco.com\/no\/wp-json\/wp\/v2\/media?parent=2832"}],"curies":[{"name":"wp","href":"https:\/\/api.w.org\/{rel}","templated":true}]}}