{"id":2750,"date":"2019-10-09T08:23:50","date_gmt":"2019-10-09T06:23:50","guid":{"rendered":"https:\/\/climaco.com\/pancake-3\/"},"modified":"2025-07-03T10:27:46","modified_gmt":"2025-07-03T08:27:46","slug":"pancake-3","status":"publish","type":"page","link":"https:\/\/climaco.com\/no\/pancake-3\/","title":{"rendered":"Pancake 3"},"content":{"rendered":"<p>[et_pb_section fb_built=&raquo;1&#8243; custom_padding_last_edited=&raquo;on|desktop&raquo; next_background_color=&raquo;#ffffff&raquo; admin_label=&raquo;Header&raquo; _builder_version=&raquo;4.16&#8243; background_color_gradient_direction=&raquo;130deg&raquo; background_image=&raquo;https:\/\/climaco.com\/wp-content\/uploads\/2019\/02\/adventure-alpine-background-355770-e1551445271405.jpg&raquo; parallax=&raquo;on&raquo; custom_padding=&raquo;0px||0px||false|false&raquo; custom_padding_tablet=&raquo;0||0||true|false&raquo; custom_padding_phone=&raquo;||||true&raquo; bottom_divider_style=&raquo;ramp2&#8243; bottom_divider_height=&raquo;149px&raquo; bottom_divider_flip=&raquo;horizontal&raquo; bottom_divider_height_tablet=&raquo;150px&raquo; bottom_divider_height_phone=&raquo;110px&raquo; bottom_divider_height_last_edited=&raquo;on|phone&raquo; saved_tabs=&raquo;all&raquo; global_colors_info=&raquo;{}&raquo;][et_pb_row column_structure=&raquo;1_2,1_2&#8243; use_custom_gutter=&raquo;on&raquo; gutter_width=&raquo;2&#8243; custom_padding_last_edited=&raquo;on|desktop&raquo; module_class=&raquo; et_pb_row_fullwidth&raquo; _builder_version=&raquo;4.16&#8243; width=&raquo;94%&raquo; width_tablet=&raquo;80%&raquo; width_phone=&raquo;&raquo; width_last_edited=&raquo;on|desktop&raquo; max_width=&raquo;94%&raquo; max_width_tablet=&raquo;80%&raquo; max_width_phone=&raquo;&raquo; max_width_last_edited=&raquo;on|desktop&raquo; custom_margin_tablet=&raquo;&raquo; custom_margin_phone=&raquo;&raquo; custom_margin_last_edited=&raquo;on|tablet&raquo; custom_padding=&raquo;30px|0px|30px|0px|false|false&raquo; custom_padding_tablet=&raquo;||40px|&raquo; custom_padding_phone=&raquo;0px||0px&raquo; make_fullwidth=&raquo;on&raquo; global_colors_info=&raquo;{}&raquo;][et_pb_column type=&raquo;1_2&#8243; _builder_version=&raquo;4.16&#8243; custom_padding=&raquo;|||&raquo; global_colors_info=&raquo;{}&raquo; custom_padding__hover=&raquo;|||&raquo;][et_pb_image src=&raquo;https:\/\/climaco.com\/wp-content\/uploads\/2021\/01\/P3-Panasonic-overbild.png&raquo; title_text=&raquo;P3-Panasonic-overbild&raquo; _builder_version=&raquo;4.16&#8243; max_width=&raquo;47%&raquo; max_width_tablet=&raquo;59%&raquo; max_width_phone=&raquo;60%&raquo; max_width_last_edited=&raquo;on|desktop&raquo; module_alignment=&raquo;center&raquo; always_center_on_mobile=&raquo;off&raquo; global_colors_info=&raquo;{}&raquo;][\/et_pb_image][\/et_pb_column][et_pb_column type=&raquo;1_2&#8243; _builder_version=&raquo;4.16&#8243; custom_padding=&raquo;|||&raquo; global_colors_info=&raquo;{}&raquo; custom_padding__hover=&raquo;|||&raquo;][et_pb_image src=&raquo;https:\/\/climaco.com\/wp-content\/uploads\/2019\/06\/Pancake_3_Eco_slang.png&raquo; _builder_version=&raquo;4.16&#8243; module_alignment=&raquo;center&raquo; custom_margin=&raquo;0px||&raquo; always_center_on_mobile=&raquo;off&raquo; global_colors_info=&raquo;{}&raquo;][\/et_pb_image][\/et_pb_column][\/et_pb_row][\/et_pb_section][et_pb_section fb_built=&raquo;1&#8243; admin_label=&raquo;Get Started&raquo; _builder_version=&raquo;4.16&#8243; custom_margin_tablet=&raquo;&raquo; custom_margin_phone=&raquo;&raquo; custom_margin_last_edited=&raquo;on|tablet&raquo; custom_padding=&raquo;0px||0px||false|false&raquo; saved_tabs=&raquo;all&raquo; global_colors_info=&raquo;{}&raquo;][et_pb_row column_structure=&raquo;1_2,1_2&#8243; use_custom_gutter=&raquo;on&raquo; gutter_width=&raquo;2&#8243; _builder_version=&raquo;4.16&#8243; max_width=&raquo;1440px&raquo; max_width_tablet=&raquo;&raquo; max_width_phone=&raquo;&raquo; max_width_last_edited=&raquo;on|desktop&raquo; custom_margin=&raquo;|||&raquo; custom_margin_tablet=&raquo;&raquo; custom_margin_phone=&raquo;&raquo; custom_margin_last_edited=&raquo;on|desktop&raquo; custom_padding=&raquo;13px||0px||false|false&raquo; border_color_all=&raquo;rgba(0,0,0,0)&raquo; use_custom_width=&raquo;on&raquo; width_unit=&raquo;off&raquo; global_colors_info=&raquo;{}&raquo;][et_pb_column type=&raquo;1_2&#8243; _builder_version=&raquo;4.16&#8243; custom_padding=&raquo;0px||30px|&raquo; custom_padding_tablet=&raquo;||0px&raquo; custom_padding_phone=&raquo;&raquo; custom_padding_last_edited=&raquo;on|tablet&raquo; global_colors_info=&raquo;{}&raquo; custom_padding__hover=&raquo;|||&raquo;][et_pb_image src=&raquo;https:\/\/climaco.com\/wp-content\/uploads\/2019\/06\/Pancake_3_logo.png&raquo; align_tablet=&raquo;center&raquo; align_phone=&raquo;&raquo; align_last_edited=&raquo;on|desktop&raquo; _builder_version=&raquo;4.16&#8243; max_width=&raquo;40%&raquo; max_width_tablet=&raquo;50%&raquo; max_width_phone=&raquo;50%&raquo; max_width_last_edited=&raquo;on|desktop&raquo; module_alignment=&raquo;left&raquo; global_colors_info=&raquo;{}&raquo;][\/et_pb_image][et_pb_text _builder_version=&raquo;4.16&#8243; header_font=&raquo;||||||||&raquo; header_2_font=&raquo;BebasNeue Bold||||||||&raquo; header_2_font_size=&raquo;40px&raquo; global_colors_info=&raquo;{}&raquo;]<\/p>\n<h2>Dreneringstanker for luft-til-luft varmepumper<\/h2>\n<p>Brettet er designet til \u00e5 monteres mellom braketten og varmepumpens utend\u00f8rsenhet. Vannoppsamlingsomr\u00e5det er noe lengre enn p\u00e5 Pancake 1, men ikke like dypt. Pancake 3 passer derfor den nye generasjonen av luft-til-luft varmepumper som er 75-85 cm brede, men mindre enn 30 cm dype. Pancake 3 er ogs\u00e5 tilgjengelig i to versjoner, Neo og selvsagt Eco, som forbruker opptil 49 % mindre str\u00f8m enn Neo-versjonen.<\/p>\n<p>Det er viktig \u00e5 lede bort vannet som varmebrettet samler opp. Dette oppn\u00e5s lettest med ClimaLines vanndreneringssett, med isolert slange, som varmes opp med termostatisk kontrollert laveffekts-varmekabel. Pancake 3 med dreneringssett er testet ned til -34 \u00b0C.<\/p>\n<p>[\/et_pb_text][et_pb_text _builder_version=&raquo;4.16&#8243; text_font=&raquo;||||||||&raquo; link_font=&raquo;|700|||||||&raquo; link_text_color=&raquo;#757575&#8243; link_font_size=&raquo;15px&raquo; header_font=&raquo;||||||||&raquo; header_2_font=&raquo;BebasNeue Bold||||||||&raquo; header_2_font_size=&raquo;40px&raquo; global_colors_info=&raquo;{}&raquo;]<\/p>\n<h2>Teknisk info<\/h2>\n<p>[\/et_pb_text][et_pb_tabs _builder_version=&raquo;4.16&#8243; body_font=&raquo;||||||||&raquo; body_text_align=&raquo;left&raquo; tab_font=&raquo;||||||||&raquo; max_width_tablet=&raquo;&raquo; max_width_phone=&raquo;&raquo; max_width_last_edited=&raquo;on|desktop&raquo; module_alignment=&raquo;left&raquo; global_colors_info=&raquo;{}&raquo;][et_pb_tab title=&raquo;Pancake 3 Eco&raquo; _builder_version=&raquo;4.16&#8243; tab_font=&raquo;||||||||&raquo; tab_font_size=&raquo;14px&raquo; tab_letter_spacing=&raquo;0px&raquo; tab_line_height=&raquo;1em&raquo; global_colors_info=&raquo;{}&raquo;]<\/p>\n<ul>\n<li>Farge: Grafittgr\u00e5<\/li>\n<li>Materiale: ABS\/PMMA-plast<\/li>\n<li>Motstandsdyktig mot UV-str\u00e5ling og sjokk opp til -40 \u00b0C<\/li>\n<li>Lengde: 760 mm<\/li>\n<li>Dybde: 255 mm<\/li>\n<li>H\u00f8yde: 25 mm (uten utgangshylse)<\/li>\n<li>Oppvarmingsmatte-\/str\u00f8m: maks 57 watt<\/li>\n<li>Termostatkontrollert varmematte: Ja, \u00d8ko-versjon<\/li>\n<li>Termostater: 2 innebygde, prim\u00e6rbryter p\u00e5 ved +3 \u00b0C, sekund\u00e6rbryter sl\u00e5r inn ved -8 \u00b0C<\/li>\n<li>Str\u00f8mtilf\u00f8rsel: 220-240 volt\/50 Hz<\/li>\n<li>Med jordet st\u00f8psel (kabelen kan koples til distribusjonsplaten)<\/li>\n<li>Tilkoplingskabel: 1500 mm<\/li>\n<li>Slangeadapter: med l\u00f8vfanger, passer slange og r\u00f8r med innvendig diameter 18\u201320 mm<\/li>\n<li>Maksimal v\u00e6skestr\u00f8m, med 3m slange\/kabel\/10 % fall: 7 liter\/min<\/li>\n<li>Produsert i EU, montert i Sverige.<\/li>\n<li>Patent\u00a0<span>SE 539251 USA 10677479<\/span><\/li>\n<\/ul>\n<p>[\/et_pb_tab][et_pb_tab title=&raquo;Pancake 3 Neo&raquo; _builder_version=&raquo;4.16&#8243; global_colors_info=&raquo;{}&raquo;]<\/p>\n<ul>\n<li>Farge: Grafittgr\u00e5<\/li>\n<li>Materiale: ABS\/PMMA-plast<\/li>\n<li>Motstandsdyktig mot UV-str\u00e5ling og sjokk opp til -40 \u00b0C<\/li>\n<li>Lengde: 760 mm<\/li>\n<li>Dybde: 255 mm<\/li>\n<li>H\u00f8yde: 25 mm (uten utgangshylse)<\/li>\n<li>Oppvarmingsmatte-\/str\u00f8m: maks 60 watt<\/li>\n<li>Termostat: Ja, innebygget med p\u00e5slagsbryter ved +3 \u00b0C<\/li>\n<li>Str\u00f8mtilf\u00f8rsel: 220-240 volt\/50 Hz<\/li>\n<li>Med jordet st\u00f8psel (kabelen kan koples til distribusjonsplaten)<\/li>\n<li>Tilkoplingskabel: 1500 mm<\/li>\n<li>Slangeadapter: med l\u00f8vfanger, passer slange og r\u00f8r med innvendig diameter 18\u201320 mm<\/li>\n<li>Maksimal v\u00e6skestr\u00f8m, med 3m slange\/kabel\/10 % fall: 7 liter\/min<\/li>\n<li>Produsert i EU, montert i Sverige.<\/li>\n<li>Patent\u00a0<span>SE 539251 USA 10677479<\/span><\/li>\n<\/ul>\n<p>[\/et_pb_tab][et_pb_tab title=&raquo;Passer disse utend\u00f8rsenhetene&raquo; _builder_version=&raquo;4.16&#8243; global_colors_info=&raquo;{}&raquo;]<\/p>\n<p>Designet for utend\u00f8rsenheter med en bredde mellom 750-850 mm, og grunnere enn 300 mm.<\/p>\n<ul>\n<li>Fuji utend\u00f8rsenhet RSG-9,12,14<\/li>\n<li>Fujitsu utend\u00f8rsenhet WOYA0 60\/80 LFCA<\/li>\n<li>Samsung utend\u00f8rsenhet ACO26\/35MX og JX<\/li>\n<li>Canvac Q Heat Scirocco 04<\/li>\n<\/ul>\n<p>Du finner flere utend\u00f8rsenheter <a href=\"https:\/\/climaco.com\/no\/velg-modell\/\" target=\"_blank\" rel=\"noopener noreferrer\"><strong>her<\/strong><\/a>.<\/p>\n<p>[\/et_pb_tab][et_pb_tab title=&raquo;Inkludert&raquo; _builder_version=&raquo;4.16&#8243; global_colors_info=&raquo;{}&raquo;]<\/p>\n<p>Dette er inkludert:<\/p>\n<ul>\n<li>Varmebrett Pancake 3<\/li>\n<li>Slangeadapter med l\u00f8vfanger<\/li>\n<li>Vibrasjonsdemper-sett for utend\u00f8rsenheter 25-50 kg<\/li>\n<li>Installasjonsinstruksjoner<\/li>\n<\/ul>\n<p>[\/et_pb_tab][et_pb_tab title=&raquo;Vanndreneringssett&raquo; _builder_version=&raquo;4.16&#8243; global_colors_info=&raquo;{}&raquo;]<\/p>\n<p>Oppvarmingssettene for vanndrenering er tilgjengelige i f\u00f8lgende lengder: 1, 2, 3, 4, 5, 6, 7, 8 s\u00e5vel som 10 og 12 m. Disse koples lett til brettadapteren for \u00e5 drenere vannet bort fra dreneringsbrettet.<\/p>\n<p>Et oppvarmet vanndreneringssett inkluderer:<\/p>\n<ul>\n<li>Isolert kondensslange<\/li>\n<li>Farge: Bl\u00e5gr\u00e5<\/li>\n<li>Motstandsdyktig mot UV-str\u00e5ling og sjokk<\/li>\n<li>Slange, ytre \u00d8 31mm, indre \u00d8 19mm<\/li>\n<li>Slangeklips, dobbell\u00e5sende<\/li>\n<li>Varmekabel, str\u00f8m 15 w\/m, termostatkontrollert<\/li>\n<li>Termostat, P\u00c5 +2 \u00b0C, mellom kuldekabelen og varmekabelen<\/li>\n<li>St\u00f8psel, jordet<\/li>\n<li>Vegg-\/jordfeste for slange<\/li>\n<\/ul>\n<p>[\/et_pb_tab][et_pb_tab title=&raquo;Dokument&raquo; _builder_version=&raquo;4.16&#8243; body_font=&raquo;|700|||||||&raquo; tab_font=&raquo;||||||||&raquo; global_colors_info=&raquo;{}&raquo;]<\/p>\n<p><img loading=\"lazy\" decoding=\"async\" src=\"https:\/\/climaco.com\/wp-content\/uploads\/2019\/03\/pdf-symbol-150x150.png\" width=\"67\" height=\"68\" alt=\"\" class=\"wp-image-239 aligncenter size-thumbnail\" style=\"float: left;\" srcset=\"https:\/\/climaco.com\/wp-content\/uploads\/2019\/03\/pdf-symbol-150x150.png 150w, https:\/\/climaco.com\/wp-content\/uploads\/2019\/03\/pdf-symbol.png 200w\" sizes=\"(max-width: 67px) 100vw, 67px\" \/><br \/> Installasjonsinstrukser<a href=\"https:\/\/climaco.com\/wp-content\/uploads\/2019\/03\/Pancake_1_Montageanvisning_Multilang_EN_SV_DK_NO_DE_FI_rev1.pdf\" target=\"_blank\" rel=\"noopener noreferrer\" title=\"Installasjonsinstruksjon Pancake 1\"><\/a><\/p>\n<p>&nbsp;<\/p>\n<p><img loading=\"lazy\" decoding=\"async\" src=\"https:\/\/climaco.com\/wp-content\/uploads\/2019\/03\/pdf-symbol-150x150.png\" width=\"67\" height=\"68\" alt=\"\" class=\"wp-image-239 aligncenter size-thumbnail\" style=\"float: left;\" srcset=\"https:\/\/climaco.com\/wp-content\/uploads\/2019\/03\/pdf-symbol-150x150.png 150w, https:\/\/climaco.com\/wp-content\/uploads\/2019\/03\/pdf-symbol.png 200w\" sizes=\"(max-width: 67px) 100vw, 67px\" \/><br \/> Informasjonsark<\/p>\n<p>&nbsp;<\/p>\n<p>[\/et_pb_tab][\/et_pb_tabs][\/et_pb_column][et_pb_column type=&raquo;1_2&#8243; _builder_version=&raquo;4.16&#8243; custom_padding=&raquo;0px|||&raquo; custom_padding_tablet=&raquo;0px||20px&raquo; custom_padding_phone=&raquo;0px||20px|&raquo; custom_padding_last_edited=&raquo;on|phone&raquo; global_colors_info=&raquo;{}&raquo; custom_padding__hover=&raquo;|||&raquo;][et_pb_gallery gallery_ids=&raquo;3397,3294,2925,3369,3383,3402,2269&#8243; fullwidth=&raquo;on&raquo; _builder_version=&raquo;4.16&#8243; title_font=&raquo;||||||||&raquo; auto=&raquo;on&raquo; global_colors_info=&raquo;{}&raquo;][\/et_pb_gallery][et_pb_image src=&raquo;https:\/\/climaco.com\/wp-content\/uploads\/2019\/06\/Pancake-3-driftkarta_2.png&raquo; show_in_lightbox=&raquo;on&raquo; align_tablet=&raquo;center&raquo; align_phone=&raquo;&raquo; align_last_edited=&raquo;on|desktop&raquo; _builder_version=&raquo;4.16&#8243; global_colors_info=&raquo;{}&raquo;][\/et_pb_image][\/et_pb_column][\/et_pb_row][\/et_pb_section]<\/p>\n","protected":false},"excerpt":{"rendered":"<p>Dreneringstanker for luft-til-luft varmepumper Brettet er designet til \u00e5 monteres mellom braketten og varmepumpens utend\u00f8rsenhet. Vannoppsamlingsomr\u00e5det er noe lengre enn p\u00e5 Pancake 1, men ikke like dypt. Pancake 3 passer derfor den nye generasjonen av luft-til-luft varmepumper som er 75-85 cm brede, men mindre enn 30 cm dype. Pancake 3 er ogs\u00e5 tilgjengelig i to [&hellip;]<\/p>\n","protected":false},"author":2,"featured_media":0,"parent":0,"menu_order":0,"comment_status":"closed","ping_status":"closed","template":"","meta":{"_et_pb_use_builder":"on","_et_pb_old_content":"<!-- wp:divi\/placeholder \/-->","_et_gb_content_width":"","footnotes":""},"class_list":["post-2750","page","type-page","status-publish","hentry"],"_links":{"self":[{"href":"https:\/\/climaco.com\/no\/wp-json\/wp\/v2\/pages\/2750","targetHints":{"allow":["GET"]}}],"collection":[{"href":"https:\/\/climaco.com\/no\/wp-json\/wp\/v2\/pages"}],"about":[{"href":"https:\/\/climaco.com\/no\/wp-json\/wp\/v2\/types\/page"}],"author":[{"embeddable":true,"href":"https:\/\/climaco.com\/no\/wp-json\/wp\/v2\/users\/2"}],"replies":[{"embeddable":true,"href":"https:\/\/climaco.com\/no\/wp-json\/wp\/v2\/comments?post=2750"}],"version-history":[{"count":0,"href":"https:\/\/climaco.com\/no\/wp-json\/wp\/v2\/pages\/2750\/revisions"}],"wp:attachment":[{"href":"https:\/\/climaco.com\/no\/wp-json\/wp\/v2\/media?parent=2750"}],"curies":[{"name":"wp","href":"https:\/\/api.w.org\/{rel}","templated":true}]}}