{"id":2748,"date":"2019-10-09T08:23:48","date_gmt":"2019-10-09T06:23:48","guid":{"rendered":"https:\/\/climaco.com\/pancake-5\/"},"modified":"2025-08-18T17:39:43","modified_gmt":"2025-08-18T15:39:43","slug":"pancake-5","status":"publish","type":"page","link":"https:\/\/climaco.com\/no\/pancake-5\/","title":{"rendered":"Pancake 5"},"content":{"rendered":"<p>[et_pb_section fb_built=&raquo;1&#8243; custom_padding_last_edited=&raquo;on|phone&raquo; next_background_color=&raquo;#ffffff&raquo; admin_label=&raquo;Header&raquo; _builder_version=&raquo;4.16&#8243; background_color_gradient_direction=&raquo;130deg&raquo; background_image=&raquo;https:\/\/climaco.com\/wp-content\/uploads\/2019\/02\/adventure-alpine-background-355770-e1551445271405.jpg&raquo; parallax=&raquo;on&raquo; custom_margin_tablet=&raquo;-30px||&raquo; custom_margin_phone=&raquo;0px|||&raquo; custom_margin_last_edited=&raquo;on|desktop&raquo; custom_padding=&raquo;0px||0px||false|false&raquo; custom_padding_tablet=&raquo;0px||0px||true&raquo; custom_padding_phone=&raquo;||||true&raquo; bottom_divider_style=&raquo;ramp2&#8243; bottom_divider_height=&raquo;149px&raquo; bottom_divider_flip=&raquo;horizontal&raquo; bottom_divider_height_tablet=&raquo;150px&raquo; bottom_divider_height_phone=&raquo;110px&raquo; bottom_divider_height_last_edited=&raquo;on|phone&raquo; saved_tabs=&raquo;all&raquo; global_colors_info=&raquo;{}&raquo;][et_pb_row column_structure=&raquo;1_2,1_2&#8243; use_custom_gutter=&raquo;on&raquo; gutter_width=&raquo;2&#8243; custom_padding_last_edited=&raquo;on|desktop&raquo; module_class=&raquo; et_pb_row_fullwidth&raquo; _builder_version=&raquo;4.16&#8243; width=&raquo;94%&raquo; width_tablet=&raquo;80%&raquo; width_phone=&raquo;&raquo; width_last_edited=&raquo;on|desktop&raquo; max_width=&raquo;94%&raquo; max_width_tablet=&raquo;80%&raquo; max_width_phone=&raquo;&raquo; max_width_last_edited=&raquo;on|desktop&raquo; custom_margin_tablet=&raquo;&raquo; custom_margin_phone=&raquo;&raquo; custom_margin_last_edited=&raquo;on|tablet&raquo; custom_padding=&raquo;30px|0px|30px|0px|false|false&raquo; custom_padding_tablet=&raquo;||40px|&raquo; custom_padding_phone=&raquo;0px||0px&raquo; make_fullwidth=&raquo;on&raquo; global_colors_info=&raquo;{}&raquo;][et_pb_column type=&raquo;1_2&#8243; _builder_version=&raquo;4.16&#8243; custom_padding=&raquo;|||&raquo; global_colors_info=&raquo;{}&raquo; custom_padding__hover=&raquo;|||&raquo;][et_pb_image src=&raquo;https:\/\/climaco.com\/wp-content\/uploads\/2021\/01\/Pancake-5-Ecodan.png&raquo; title_text=&raquo;Pancake-5-Ecodan&raquo; _builder_version=&raquo;4.16&#8243; max_width=&raquo;75%&raquo; max_width_tablet=&raquo;70%&raquo; max_width_phone=&raquo;85%&raquo; max_width_last_edited=&raquo;on|tablet&raquo; module_alignment=&raquo;center&raquo; custom_margin=&raquo;0px||&raquo; custom_margin_tablet=&raquo;0px|||&raquo; custom_margin_phone=&raquo;&raquo; custom_margin_last_edited=&raquo;on|tablet&raquo; border_color_top=&raquo;rgba(0,0,0,0)&raquo; border_style_top=&raquo;none&raquo; always_center_on_mobile=&raquo;off&raquo; global_colors_info=&raquo;{}&raquo;][\/et_pb_image][\/et_pb_column][et_pb_column type=&raquo;1_2&#8243; _builder_version=&raquo;4.16&#8243; custom_padding=&raquo;|||&raquo; global_colors_info=&raquo;{}&raquo; custom_padding__hover=&raquo;|||&raquo;][et_pb_image src=&raquo;https:\/\/climaco.com\/wp-content\/uploads\/2019\/06\/Pancake_5_Eco_slang.png&raquo; _builder_version=&raquo;4.16&#8243; max_width_tablet=&raquo;100%&raquo; max_width_phone=&raquo;&raquo; max_width_last_edited=&raquo;on|phone&raquo; module_alignment=&raquo;center&raquo; custom_margin=&raquo;0px||&raquo; always_center_on_mobile=&raquo;off&raquo; global_colors_info=&raquo;{}&raquo;][\/et_pb_image][\/et_pb_column][\/et_pb_row][\/et_pb_section][et_pb_section fb_built=&raquo;1&#8243; admin_label=&raquo;Get Started&raquo; _builder_version=&raquo;4.16&#8243; custom_margin_tablet=&raquo;&raquo; custom_margin_phone=&raquo;&raquo; custom_margin_last_edited=&raquo;on|tablet&raquo; custom_padding=&raquo;0px||0px||false|false&raquo; saved_tabs=&raquo;all&raquo; global_colors_info=&raquo;{}&raquo;][et_pb_row column_structure=&raquo;1_2,1_2&#8243; use_custom_gutter=&raquo;on&raquo; gutter_width=&raquo;2&#8243; _builder_version=&raquo;4.16&#8243; max_width=&raquo;1440px&raquo; custom_margin=&raquo;|||&raquo; custom_margin_tablet=&raquo;&raquo; custom_margin_phone=&raquo;&raquo; custom_margin_last_edited=&raquo;on|desktop&raquo; custom_padding=&raquo;13px||0px||false|false&raquo; border_color_all=&raquo;rgba(0,0,0,0)&raquo; use_custom_width=&raquo;on&raquo; width_unit=&raquo;off&raquo; global_colors_info=&raquo;{}&raquo;][et_pb_column type=&raquo;1_2&#8243; _builder_version=&raquo;4.16&#8243; custom_padding=&raquo;0px||30px|&raquo; custom_padding_tablet=&raquo;||0px&raquo; custom_padding_phone=&raquo;&raquo; custom_padding_last_edited=&raquo;on|tablet&raquo; global_colors_info=&raquo;{}&raquo; custom_padding__hover=&raquo;|||&raquo;][et_pb_image src=&raquo;https:\/\/climaco.com\/wp-content\/uploads\/2019\/06\/Pancake_5_logo.png&raquo; align_tablet=&raquo;center&raquo; align_phone=&raquo;&raquo; align_last_edited=&raquo;on|desktop&raquo; _builder_version=&raquo;4.16&#8243; max_width=&raquo;40%&raquo; max_width_tablet=&raquo;50%&raquo; max_width_phone=&raquo;50%&raquo; max_width_last_edited=&raquo;on|desktop&raquo; module_alignment=&raquo;left&raquo; global_colors_info=&raquo;{}&raquo;][\/et_pb_image][et_pb_text _builder_version=&raquo;4.16&#8243; header_font=&raquo;||||||||&raquo; header_2_font=&raquo;BebasNeue Bold||||||||&raquo; header_2_font_size=&raquo;40px&raquo; global_colors_info=&raquo;{}&raquo;]<\/p>\n<h2>Dreneringsbrett for luft-til-vann-varmepumper<\/h2>\n<p>Pancake 5 passer de bredere og tykkere utend\u00f8rsenhetene som markedet har produsert i l\u00f8pet av de seneste par \u00e5rene. Det godt isolerte varmebrettet kan motst\u00e5 temperaturer ned til -37 \u00b0C med kun 137 W effekt. Pancake 5 er kun tilgjengelig i en \u00f8ko-versjon, som er den mest energieffektive modellen. Visste du at Pancake 5 kun varmer opp fra 3 \u00b0C med en redusert 80 W effekt ned til -7 \u00b0C? Under dette, starter neste effekttrinn, og n\u00e5r det er n\u00f8dvendig \u00e5 holde bakken isfri. Ikke glem \u00e5 kj\u00f8pe dreneringssett for avisningsvannet.<\/p>\n<p>Varmebrettet inkluderer en slangeadapter (for tilkobling av slange\/r\u00f8r) og en batch med matchede vibrasjonsdempere for utend\u00f8rsenheter 90-120 kg.<\/p>\n<p>[\/et_pb_text][et_pb_text _builder_version=&raquo;4.16&#8243; text_font=&raquo;||||||||&raquo; header_font=&raquo;||||||||&raquo; header_2_font=&raquo;BebasNeue Bold||||||||&raquo; header_2_font_size=&raquo;40px&raquo; global_colors_info=&raquo;{}&raquo;]<\/p>\n<h2>Teknisk info<\/h2>\n<p>[\/et_pb_text][et_pb_tabs _builder_version=&raquo;4.27.4&#8243; body_font=&raquo;||||||||&raquo; body_text_align=&raquo;left&raquo; tab_font=&raquo;||||||||&raquo; max_width_tablet=&raquo;&raquo; max_width_phone=&raquo;&raquo; max_width_last_edited=&raquo;on|desktop&raquo; module_alignment=&raquo;left&raquo; hover_enabled=&raquo;0&#8243; global_colors_info=&raquo;{}&raquo; sticky_enabled=&raquo;0&#8243;][et_pb_tab title=&raquo;Pancake 5 Eco&raquo; _builder_version=&raquo;4.27.4&#8243; tab_font=&raquo;||||||||&raquo; tab_font_size=&raquo;14px&raquo; tab_letter_spacing=&raquo;0px&raquo; tab_line_height=&raquo;1em&raquo; hover_enabled=&raquo;0&#8243; global_colors_info=&raquo;{}&raquo; sticky_enabled=&raquo;0&#8243;]<\/p>\n<ul>\n<li>Farge: Grafittgr\u00e5<\/li>\n<li>Materiale: ABS\/PMMA-plast<\/li>\n<li>Motstandsdyktig mot UV-str\u00e5ling og mot sjokk opp til -40 \u00b0C<\/li>\n<li>Lengde: 920 mm, dybde: 435 mm<\/li>\n<li>H\u00f8yde: 31 mm (uten slangeadapter)<\/li>\n<li>Oppvarmingsmatte-\/str\u00f8m: 142 watt<\/li>\n<li>Str\u00f8mtilf\u00f8rsel: 220-240 volt\/50 Hz<\/li>\n<li>Med jordet st\u00f8psel (kabelen kan koples til distribusjonsplaten)<\/li>\n<li>Tilkoplingskabel: 1500 mm<\/li>\n<li>Termostater: to innebygde, prim\u00e6rbryter p\u00e5 ved +3 \u00b0C, sekund\u00e6rbryter ved -8 \u00b0C<\/li>\n<li>Slangeadapter: med l\u00f8vfanger, passer slange og r\u00f8r med innvendig diameter 18\u201320 mm<\/li>\n<li>Maksimal v\u00e6skestr\u00f8m, med 3m slange\/kabel\/10 % fall: 7 liter\/min<\/li>\n<li>Produsert i EU, montert i Sverige.<\/li>\n<li>Patent\u00a0<span>SE 539251 USA 10677479<\/span><\/li>\n<\/ul>\n<p>[\/et_pb_tab][et_pb_tab title=&raquo;Pancake 5 ENeo&raquo; _builder_version=&raquo;4.27.4&#8243; tab_font=&raquo;||||||||&raquo; tab_font_size=&raquo;14px&raquo; tab_letter_spacing=&raquo;0px&raquo; tab_line_height=&raquo;1em&raquo; hover_enabled=&raquo;0&#8243; global_colors_info=&raquo;{}&raquo; sticky_enabled=&raquo;0&#8243;]<\/p>\n<ul>\n<li>Farge: Grafittgr\u00e5<\/li>\n<li>Materiale: ABS\/PMMA-plast<\/li>\n<li>Motstandsdyktig mot UV-str\u00e5ling og mot sjokk opp til -40 \u00b0C<\/li>\n<li>Lengde: 920 mm, dybde: 435 mm<\/li>\n<li>H\u00f8yde: 37 mm (uten slangeadapter)<\/li>\n<li>Oppvarmingsmatte-\/str\u00f8m: 136 watt<\/li>\n<li>Str\u00f8mtilf\u00f8rsel: 220-240 volt\/50 Hz<\/li>\n<li>Med jordet st\u00f8psel (kabelen kan koples til distribusjonsplaten)<\/li>\n<li>Tilkoplingskabel: 1500 mm<\/li>\n<li>Termostater: to innebygde, prim\u00e6rbryter p\u00e5 ved +3 \u00b0C, sekund\u00e6rbryter ved -8 \u00b0C<\/li>\n<li>Slangeadapter: med l\u00f8vfanger, passer slange og r\u00f8r med innvendig diameter 18\u201320 mm<\/li>\n<li>Maksimal v\u00e6skestr\u00f8m, med 3m slange\/kabel\/10 % fall: 7 liter\/min<\/li>\n<li>Produsert i EU.<\/li>\n<li>Patent\u00a0<span>SE 539251 USA 10677479<\/span><\/li>\n<\/ul>\n<p>[\/et_pb_tab][et_pb_tab title=&raquo;Passer til disse utend\u00f8rsenhetene&raquo; _builder_version=&raquo;4.16&#8243; global_colors_info=&raquo;{}&raquo;]<\/p>\n<p>Designet for utend\u00f8rsenheter med en bredde mellom 950-1100 mm, og dybde p\u00e5 450-550 mm.<\/p>\n<ul>\n<li>Fujitsu AOYG 72 \/ 90 LRLA<\/li>\n<li>Mitsubishi Electric Ecodan Zubadan PUHZ-SHW 80 \/ 112 YAA<\/li>\n<\/ul>\n<p>&nbsp;<\/p>\n<p>Det fins flere utend\u00f8rsenheter <a href=\"https:\/\/climaco.com\/no\/velg-modell\/\" target=\"_blank\" rel=\"noopener noreferrer\"><strong>her<\/strong><\/a>.<\/p>\n<p>[\/et_pb_tab][et_pb_tab title=&raquo;Inkludert&raquo; _builder_version=&raquo;4.16&#8243; global_colors_info=&raquo;{}&raquo;]<\/p>\n<p>Dette er alltid inkludert i Pancake 5-pakken:<\/p>\n<p>&nbsp;<\/p>\n<ul>\n<li>Varmebrett Pancake 5<\/li>\n<li>Slangeadapter med l\u00f8vfanger<\/li>\n<li>Vibrasjonsdempersett for utend\u00f8rsenheter 90-120 kg<\/li>\n<li>Installasjonsinstrukser<\/li>\n<\/ul>\n<p>[\/et_pb_tab][et_pb_tab title=&raquo;Vanndreneringssett&raquo; _builder_version=&raquo;4.16&#8243; tab_font=&raquo;||||||||&raquo; global_colors_info=&raquo;{}&raquo;]<\/p>\n<p>Oppvarmingssettene for vanndrenering er tilgjengelige i f\u00f8lgende lengder 1, 2, 3, 4, 5, 6, 7, 8 s\u00e5vel som 10 og 12 m. Disse koples lett til brettadapteren for \u00e5 drenere vannet bort fra dreneringsbrettet.<\/p>\n<p>Oppvarmet vanndreneringssett inkluderer:<\/p>\n<ul>\n<li>Isolert kondensvannslange<\/li>\n<li>Farge: Bl\u00e5gr\u00e5<\/li>\n<li>Motstandsdyktig mot UV-str\u00e5ling og sjokk<\/li>\n<li>Slange, ytre \u00d8 31mm, indre \u00d8 19mm<\/li>\n<li>Slangeklips, dobbell\u00e5sende<\/li>\n<li>Varmekabel, str\u00f8m 15W\/m<\/li>\n<li>Termostat er installert mellom kald og varm kabel<\/li>\n<li>Termostat, P\u00c5 +2 \u00b0C, mellom kuldekabel og varmekabel<\/li>\n<li>St\u00f8psel, jordet<\/li>\n<li>Vegg-\/jordfeste for slange<\/li>\n<\/ul>\n<p>[\/et_pb_tab][et_pb_tab title=&raquo;Dokument&raquo; _builder_version=&raquo;4.16&#8243; global_colors_info=&raquo;{}&raquo;][\/et_pb_tab][\/et_pb_tabs][\/et_pb_column][et_pb_column type=&raquo;1_2&#8243; _builder_version=&raquo;4.16&#8243; custom_padding=&raquo;0px|||&raquo; custom_padding_tablet=&raquo;0px||20px&raquo; custom_padding_phone=&raquo;0px||20px|&raquo; custom_padding_last_edited=&raquo;on|phone&raquo; global_colors_info=&raquo;{}&raquo; custom_padding__hover=&raquo;|||&raquo;][et_pb_gallery gallery_ids=&raquo;3399,3328,4137,2269,4141,3365&#8243; fullwidth=&raquo;on&raquo; _builder_version=&raquo;4.16&#8243; title_font=&raquo;||||||||&raquo; title_text_color=&raquo;#ffffff&raquo; pagination_font=&raquo;||||||||&raquo; auto=&raquo;on&raquo; global_colors_info=&raquo;{}&raquo;][\/et_pb_gallery][et_pb_image src=&raquo;https:\/\/climaco.com\/wp-content\/uploads\/2019\/06\/Pancake-5-driftkarta_2.png&raquo; show_in_lightbox=&raquo;on&raquo; align_tablet=&raquo;center&raquo; align_phone=&raquo;&raquo; align_last_edited=&raquo;on|desktop&raquo; _builder_version=&raquo;4.16&#8243; global_colors_info=&raquo;{}&raquo;][\/et_pb_image][\/et_pb_column][\/et_pb_row][\/et_pb_section]<\/p>\n","protected":false},"excerpt":{"rendered":"<p>Dreneringsbrett for luft-til-vann-varmepumper Pancake 5 passer de bredere og tykkere utend\u00f8rsenhetene som markedet har produsert i l\u00f8pet av de seneste par \u00e5rene. Det godt isolerte varmebrettet kan motst\u00e5 temperaturer ned til -37 \u00b0C med kun 137 W effekt. Pancake 5 er kun tilgjengelig i en \u00f8ko-versjon, som er den mest energieffektive modellen. Visste du at [&hellip;]<\/p>\n","protected":false},"author":2,"featured_media":0,"parent":0,"menu_order":0,"comment_status":"closed","ping_status":"closed","template":"","meta":{"_et_pb_use_builder":"on","_et_pb_old_content":"<!-- wp:divi\/placeholder \/-->","_et_gb_content_width":"","footnotes":""},"class_list":["post-2748","page","type-page","status-publish","hentry"],"_links":{"self":[{"href":"https:\/\/climaco.com\/no\/wp-json\/wp\/v2\/pages\/2748","targetHints":{"allow":["GET"]}}],"collection":[{"href":"https:\/\/climaco.com\/no\/wp-json\/wp\/v2\/pages"}],"about":[{"href":"https:\/\/climaco.com\/no\/wp-json\/wp\/v2\/types\/page"}],"author":[{"embeddable":true,"href":"https:\/\/climaco.com\/no\/wp-json\/wp\/v2\/users\/2"}],"replies":[{"embeddable":true,"href":"https:\/\/climaco.com\/no\/wp-json\/wp\/v2\/comments?post=2748"}],"version-history":[{"count":0,"href":"https:\/\/climaco.com\/no\/wp-json\/wp\/v2\/pages\/2748\/revisions"}],"wp:attachment":[{"href":"https:\/\/climaco.com\/no\/wp-json\/wp\/v2\/media?parent=2748"}],"curies":[{"name":"wp","href":"https:\/\/api.w.org\/{rel}","templated":true}]}}