{"id":2734,"date":"2019-10-09T08:23:11","date_gmt":"2019-10-09T06:23:11","guid":{"rendered":"https:\/\/climaco.com\/dreneringssett-for-utendorsenhet\/"},"modified":"2019-10-09T08:23:13","modified_gmt":"2019-10-09T06:23:13","slug":"dreneringssett-for-utendorsenhet","status":"publish","type":"page","link":"https:\/\/climaco.com\/no\/dreneringssett-for-utendorsenhet\/","title":{"rendered":"Dreneringssett for utend\u00f8rsenhet"},"content":{"rendered":"<p>[et_pb_section fb_built=&raquo;1&#8243; custom_padding_last_edited=&raquo;on|desktop&raquo; next_background_color=&raquo;#ffffff&raquo; admin_label=&raquo;Header&raquo; _builder_version=&raquo;3.22.3&#8243; background_color_gradient_direction=&raquo;130deg&raquo; background_image=&raquo;https:\/\/climaco.com\/wp-content\/uploads\/2019\/02\/adventure-alpine-background-355770-e1551445271405.jpg&raquo; parallax=&raquo;on&raquo; custom_padding=&raquo;0px||0px||false|false&raquo; custom_padding_tablet=&raquo;0||0||true|false&raquo; custom_padding_phone=&raquo;||||true&raquo; bottom_divider_style=&raquo;ramp2&#8243; bottom_divider_height=&raquo;149px&raquo; bottom_divider_flip=&raquo;horizontal&raquo; bottom_divider_height_tablet=&raquo;150px&raquo; bottom_divider_height_phone=&raquo;110px&raquo; bottom_divider_height_last_edited=&raquo;on|phone&raquo; saved_tabs=&raquo;all&raquo;][et_pb_row column_structure=&raquo;1_2,1_2&#8243; use_custom_gutter=&raquo;on&raquo; gutter_width=&raquo;2&#8243; custom_padding=&raquo;30px|0px|30px|0px|false|false&raquo; custom_padding_tablet=&raquo;||40px|&raquo; custom_padding_phone=&raquo;0px||0px&raquo; custom_padding_last_edited=&raquo;on|desktop&raquo; module_class=&raquo; et_pb_row_fullwidth&raquo; _builder_version=&raquo;3.25&#8243; width=&raquo;94%&raquo; width_tablet=&raquo;80%&raquo; width_last_edited=&raquo;on|desktop&raquo; max_width=&raquo;94%&raquo; max_width_tablet=&raquo;80%&raquo; max_width_last_edited=&raquo;on|desktop&raquo; custom_margin_last_edited=&raquo;on|tablet&raquo; make_fullwidth=&raquo;on&raquo;][et_pb_column type=&raquo;1_2&#8243; _builder_version=&raquo;3.25&#8243; custom_padding=&raquo;|||&raquo; custom_padding__hover=&raquo;|||&raquo;][et_pb_image _builder_version=&raquo;3.25.2&#8243; max_width=&raquo;83%&raquo; max_width_tablet=&raquo;59%&raquo; max_width_phone=&raquo;60%&raquo; max_width_last_edited=&raquo;on|desktop&raquo; module_alignment=&raquo;center&raquo; always_center_on_mobile=&raquo;off&raquo;][\/et_pb_image][\/et_pb_column][et_pb_column type=&raquo;1_2&#8243; _builder_version=&raquo;3.25&#8243; custom_padding=&raquo;|||&raquo; custom_padding__hover=&raquo;|||&raquo;][et_pb_image src=&raquo;https:\/\/climaco.com\/wp-content\/uploads\/2019\/06\/slang-20.png&raquo; _builder_version=&raquo;3.25.2&#8243; max_width=&raquo;65%&raquo; module_alignment=&raquo;center&raquo; custom_margin=&raquo;0px||&raquo; always_center_on_mobile=&raquo;off&raquo;][\/et_pb_image][\/et_pb_column][\/et_pb_row][\/et_pb_section][et_pb_section fb_built=&raquo;1&#8243; admin_label=&raquo;Get Started&raquo; _builder_version=&raquo;3.22.3&#8243; custom_margin_last_edited=&raquo;on|tablet&raquo; custom_padding=&raquo;0px||0px||false|false&raquo; saved_tabs=&raquo;all&raquo;][et_pb_row column_structure=&raquo;1_2,1_2&#8243; use_custom_gutter=&raquo;on&raquo; gutter_width=&raquo;2&#8243; custom_padding=&raquo;13px||0px||false|false&raquo; custom_margin=&raquo;|||&raquo; _builder_version=&raquo;3.25&#8243; border_color_all=&raquo;rgba(0,0,0,0)&raquo; max_width=&raquo;1440px&raquo; custom_margin_last_edited=&raquo;on|desktop&raquo; use_custom_width=&raquo;on&raquo; width_unit=&raquo;off&raquo;][et_pb_column type=&raquo;1_2&#8243; _builder_version=&raquo;3.25&#8243; custom_padding=&raquo;0px||30px|&raquo; custom_padding_tablet=&raquo;||0px&raquo; custom_padding_last_edited=&raquo;on|tablet&raquo; custom_padding__hover=&raquo;|||&raquo;][et_pb_text _builder_version=&raquo;3.25.3&#8243; header_font=&raquo;||||||||&raquo; header_2_font=&raquo;BebasNeue Bold||||||||&raquo; header_2_font_size=&raquo;50px&raquo;]<\/p>\n<h2>Dreneringssett for utend\u00f8rsenheter<span style=\"font-size: 18.0pt;\"><o:p><\/o:p><\/span><\/h2>\n<p>Dreneringssettet inneholder slange, slangeklemmer og veggfester for slanger.&nbsp;<o:p><\/o:p><\/p>\n<p><strong>Dette settet er tilgjengelig i 1, 2, 3, 4, 5, 6, 7, 8 samt 10 og 12 m.Sett med multi-adaptere blir tilgjengelig fra 1. september, og prises fra omtrent 285 SEK<\/strong><o:p><\/o:p><\/p>\n<p>Egnet for alle utend\u00f8rs AC\/klimaanlegg\/bassengvarmepumpeenheter med en utgang p\u00e5 \u00d820-21, 25-26 eller 32-33 mm. Dersom det fins flere utganger, er det n\u00f8dvendig \u00e5 legge til ytterligere adaptere. Dersom utend\u00f8rsenheten har mer enn tre utganger, er det bedre \u00e5 kj\u00f8pe et dreneringsbrett.<o:p><\/o:p><\/p>\n<p>[\/et_pb_text][et_pb_text _builder_version=&raquo;3.19.18&#8243; text_font=&raquo;||||||||&raquo; link_font=&raquo;|700|||||||&raquo; link_text_color=&raquo;#757575&#8243; link_font_size=&raquo;15px&raquo; header_font=&raquo;||||||||&raquo; header_2_font=&raquo;BebasNeue Bold||||||||&raquo; header_2_font_size=&raquo;50px&raquo;]<\/p>\n<h2>Teknisk info<\/h2>\n<p>[\/et_pb_text][et_pb_tabs _builder_version=&raquo;3.25.2&#8243; body_font=&raquo;||||||||&raquo; body_text_align=&raquo;left&raquo; tab_font=&raquo;||||||||&raquo; max_width_last_edited=&raquo;on|desktop&raquo; module_alignment=&raquo;left&raquo;][et_pb_tab title=&raquo;Dreneringssett, multi-adapter&raquo; _builder_version=&raquo;3.25.2&#8243; tab_font=&raquo;||||||||&raquo;]<\/p>\n<ul>\n<li>Multi-adapter for utend\u00f8rsenheter med \u00d8 20-21, 25-26 og 32-33 mm utganger.<\/li>\n<li>Dreneringsslange<\/li>\n<li>Farge: Hvit<\/li>\n<li>Motstandsdyktig mot UV-str\u00e5ling og sjokk<\/li>\n<li>Slange, utvendig \u00d8 24 mm, innvendig \u00d8 20 mm<\/li>\n<li>Varmekabel, maks effekt 20 W\/m (ikke inkludert)<\/li>\n<li>Slangeklammer med dobbell\u00e5sning<\/li>\n<li>Veggfester for slange<\/li>\n<\/ul>\n<p>Eksempel: Et 3 m dreneringssett inneholder en 3 m dreneringsslange og et 5-delt veggfeste.<\/p>\n<p>[\/et_pb_tab][et_pb_tab title=&raquo;Passer f\u00f8lgende utend\u00f8rsenheter&raquo; _builder_version=&raquo;3.25.2&#8243;]<\/p>\n<p>Designet for alle utend\u00f8rs luftkondisjonerings\/klimaanlegg\/bassengvarmepumpeenheter med en utgang p\u00e5 \u00d820-21, 25-26 og 32-33 mm.<\/p>\n<p>[\/et_pb_tab][et_pb_tab title=&raquo;Inkludert er&raquo; _builder_version=&raquo;3.25.2&#8243;]<\/p>\n<ul>\n<li>Kondensslange tilpasset settets lengde<\/li>\n<li>Multi-adapter, fire-delt<\/li>\n<li>Slangeklemmer, 1, med dobbell\u00e5sning<\/li>\n<li>Vegg-\/bakkefeste for slange<\/li>\n<\/ul>\n<p>[\/et_pb_tab][et_pb_tab title=&raquo;Dokument&raquo; _builder_version=&raquo;3.22.7&#8243; body_font=&raquo;|700|||||||&raquo; tab_font=&raquo;||||||||&raquo;]<\/p>\n<p><img loading=\"lazy\" decoding=\"async\" src=\"https:\/\/climaco.com\/wp-content\/uploads\/2019\/03\/pdf-symbol-150x150.png\" width=\"67\" height=\"68\" alt=\"\" class=\"wp-image-239 aligncenter size-thumbnail\" style=\"float: left;\" srcset=\"https:\/\/climaco.com\/wp-content\/uploads\/2019\/03\/pdf-symbol-150x150.png 150w, https:\/\/climaco.com\/wp-content\/uploads\/2019\/03\/pdf-symbol.png 200w\" sizes=\"(max-width: 67px) 100vw, 67px\" \/><br \/> <a href=\"#\" target=\"_blank\" rel=\"noopener noreferrer\" title=\"Installasjonsinstruksjoner Pancake 1\">Installasjonsinstruksjoner<\/a><\/p>\n<p>[\/et_pb_tab][\/et_pb_tabs][\/et_pb_column][et_pb_column type=&raquo;1_2&#8243; _builder_version=&raquo;3.25&#8243; custom_padding=&raquo;0px|||&raquo; custom_padding_tablet=&raquo;0px||20px&raquo; custom_padding_phone=&raquo;0px||20px|&raquo; custom_padding_last_edited=&raquo;on|phone&raquo; custom_padding__hover=&raquo;|||&raquo;][et_pb_gallery gallery_ids=&raquo;1557,1526,1529&#8243; fullwidth=&raquo;on&raquo; _builder_version=&raquo;3.25.2&#8243; auto=&raquo;on&raquo;][\/et_pb_gallery][\/et_pb_column][\/et_pb_row][\/et_pb_section]<\/p>\n","protected":false},"excerpt":{"rendered":"<p>Dreneringssett for utend\u00f8rsenheter Dreneringssettet inneholder slange, slangeklemmer og veggfester for slanger.&nbsp; Dette settet er tilgjengelig i 1, 2, 3, 4, 5, 6, 7, 8 samt 10 og 12 m.Sett med multi-adaptere blir tilgjengelig fra 1. september, og prises fra omtrent 285 SEK Egnet for alle utend\u00f8rs AC\/klimaanlegg\/bassengvarmepumpeenheter med en utgang p\u00e5 \u00d820-21, 25-26 eller 32-33 [&hellip;]<\/p>\n","protected":false},"author":2,"featured_media":0,"parent":0,"menu_order":0,"comment_status":"closed","ping_status":"closed","template":"","meta":{"_et_pb_use_builder":"on","_et_pb_old_content":"","_et_gb_content_width":"","footnotes":""},"class_list":["post-2734","page","type-page","status-publish","hentry"],"_links":{"self":[{"href":"https:\/\/climaco.com\/no\/wp-json\/wp\/v2\/pages\/2734","targetHints":{"allow":["GET"]}}],"collection":[{"href":"https:\/\/climaco.com\/no\/wp-json\/wp\/v2\/pages"}],"about":[{"href":"https:\/\/climaco.com\/no\/wp-json\/wp\/v2\/types\/page"}],"author":[{"embeddable":true,"href":"https:\/\/climaco.com\/no\/wp-json\/wp\/v2\/users\/2"}],"replies":[{"embeddable":true,"href":"https:\/\/climaco.com\/no\/wp-json\/wp\/v2\/comments?post=2734"}],"version-history":[{"count":0,"href":"https:\/\/climaco.com\/no\/wp-json\/wp\/v2\/pages\/2734\/revisions"}],"wp:attachment":[{"href":"https:\/\/climaco.com\/no\/wp-json\/wp\/v2\/media?parent=2734"}],"curies":[{"name":"wp","href":"https:\/\/api.w.org\/{rel}","templated":true}]}}