{"id":2722,"date":"2019-10-09T08:23:02","date_gmt":"2019-10-09T06:23:02","guid":{"rendered":"https:\/\/climaco.com\/stotteplate-for-pancake-2\/"},"modified":"2019-10-09T08:23:13","modified_gmt":"2019-10-09T06:23:13","slug":"stotteplate-for-pancake-2","status":"publish","type":"page","link":"https:\/\/climaco.com\/no\/stotteplate-for-pancake-2\/","title":{"rendered":"St\u00f8tteplate for Pancake 2"},"content":{"rendered":"<p>[et_pb_section fb_built=&raquo;1&#8243; custom_padding_last_edited=&raquo;on|desktop&raquo; next_background_color=&raquo;#ffffff&raquo; admin_label=&raquo;Header&raquo; _builder_version=&raquo;3.22.3&#8243; background_color_gradient_direction=&raquo;130deg&raquo; background_image=&raquo;https:\/\/climaco.com\/wp-content\/uploads\/2019\/02\/adventure-alpine-background-355770-e1551445271405.jpg&raquo; parallax=&raquo;on&raquo; custom_padding=&raquo;0px||0px||false|false&raquo; custom_padding_tablet=&raquo;0||0||true|false&raquo; custom_padding_phone=&raquo;||||true&raquo; bottom_divider_style=&raquo;ramp2&#8243; bottom_divider_height=&raquo;149px&raquo; bottom_divider_flip=&raquo;horizontal&raquo; bottom_divider_height_tablet=&raquo;150px&raquo; bottom_divider_height_phone=&raquo;110px&raquo; bottom_divider_height_last_edited=&raquo;on|phone&raquo; saved_tabs=&raquo;all&raquo;][et_pb_row column_structure=&raquo;1_2,1_2&#8243; use_custom_gutter=&raquo;on&raquo; gutter_width=&raquo;2&#8243; custom_padding=&raquo;30px|0px|30px|0px|false|false&raquo; custom_padding_tablet=&raquo;||40px|&raquo; custom_padding_phone=&raquo;0px||0px&raquo; custom_padding_last_edited=&raquo;on|desktop&raquo; module_class=&raquo; et_pb_row_fullwidth&raquo; _builder_version=&raquo;3.25&#8243; width=&raquo;94%&raquo; width_tablet=&raquo;80%&raquo; width_last_edited=&raquo;on|desktop&raquo; max_width=&raquo;94%&raquo; max_width_tablet=&raquo;80%&raquo; max_width_last_edited=&raquo;on|desktop&raquo; custom_margin_last_edited=&raquo;on|tablet&raquo; make_fullwidth=&raquo;on&raquo;][et_pb_column type=&raquo;1_2&#8243; _builder_version=&raquo;3.25&#8243; custom_padding=&raquo;|||&raquo; custom_padding__hover=&raquo;|||&raquo;][et_pb_image src=&raquo;https:\/\/climaco.com\/wp-content\/uploads\/2019\/03\/stodplatta_pancake2.png&raquo; _builder_version=&raquo;3.23&#8243; max_width=&raquo;52%&raquo; max_width_tablet=&raquo;59%&raquo; max_width_phone=&raquo;60%&raquo; max_width_last_edited=&raquo;on|desktop&raquo; module_alignment=&raquo;center&raquo; always_center_on_mobile=&raquo;off&raquo;][\/et_pb_image][\/et_pb_column][et_pb_column type=&raquo;1_2&#8243; _builder_version=&raquo;3.25&#8243; custom_padding=&raquo;|||&raquo; custom_padding__hover=&raquo;|||&raquo;][et_pb_image src=&raquo;https:\/\/climaco.com\/wp-content\/uploads\/2019\/03\/stodplatta_pancake2_2.png&raquo; _builder_version=&raquo;3.23&#8243; max_width=&raquo;71%&raquo; module_alignment=&raquo;center&raquo; custom_margin=&raquo;0px||&raquo; always_center_on_mobile=&raquo;off&raquo;][\/et_pb_image][\/et_pb_column][\/et_pb_row][\/et_pb_section][et_pb_section fb_built=&raquo;1&#8243; admin_label=&raquo;Get Started&raquo; _builder_version=&raquo;3.22.3&#8243; custom_margin_last_edited=&raquo;on|tablet&raquo; custom_padding=&raquo;0px||0px||false|false&raquo; saved_tabs=&raquo;all&raquo;][et_pb_row column_structure=&raquo;1_2,1_2&#8243; use_custom_gutter=&raquo;on&raquo; gutter_width=&raquo;2&#8243; custom_padding=&raquo;13px||0px||false|false&raquo; custom_margin=&raquo;|||&raquo; _builder_version=&raquo;3.25&#8243; border_color_all=&raquo;rgba(0,0,0,0)&raquo; max_width=&raquo;1440px&raquo; custom_margin_last_edited=&raquo;on|desktop&raquo; use_custom_width=&raquo;on&raquo; width_unit=&raquo;off&raquo;][et_pb_column type=&raquo;1_2&#8243; _builder_version=&raquo;3.25&#8243; custom_padding=&raquo;0px||30px|&raquo; custom_padding_tablet=&raquo;||0px&raquo; custom_padding_last_edited=&raquo;on|tablet&raquo; custom_padding__hover=&raquo;|||&raquo;][et_pb_text _builder_version=&raquo;3.25.3&#8243; text_font=&raquo;||||||||&raquo; header_font=&raquo;||||||||&raquo; header_2_font=&raquo;BebasNeue Bold||||||||&raquo; header_2_font_size=&raquo;50px&raquo;]<\/p>\n<h2>St\u00f8tteplate for Pancake 2<\/h2>\n<p>ClimaLines st\u00f8tteplate gir Pancake 2-tanken st\u00f8tte der avstandene mellom monteringene p\u00e5 utend\u00f8rsenheten til varmepumpen er for store til at tanken n\u00e5r venstre kant p\u00e5 utend\u00f8rsenheten.<\/p>\n<ul>\n<li><strong>For Pancake 2,&nbsp;kun hvis avstanden mellom utend\u00f8rsenhetens monteringer er lenger enn 650 mm.<\/strong><\/li>\n<\/ul>\n<p>St\u00f8tteplatene er monert p\u00e5 venstre side av utend\u00f8rsenhetens monteringer, under vibrasjonsdemperne.&nbsp;<\/p>\n<p>[\/et_pb_text][et_pb_text _builder_version=&raquo;3.19.18&#8243; text_font=&raquo;||||||||&raquo; link_font=&raquo;|700|||||||&raquo; link_text_color=&raquo;#757575&#8243; link_font_size=&raquo;15px&raquo; header_font=&raquo;||||||||&raquo; header_2_font=&raquo;BebasNeue Bold||||||||&raquo; header_2_font_size=&raquo;50px&raquo;]<\/p>\n<h2>Teknisk info<\/h2>\n<p>[\/et_pb_text][et_pb_tabs _builder_version=&raquo;3.25.2&#8243; body_font=&raquo;||||||||&raquo; body_text_align=&raquo;left&raquo; tab_font=&raquo;||||||||&raquo; max_width_last_edited=&raquo;on|desktop&raquo; module_alignment=&raquo;left&raquo;][et_pb_tab title=&raquo;St\u00f8tteplate for Pancake 2&#8243; _builder_version=&raquo;3.25.2&#8243; tab_font=&raquo;||||||||&raquo;]<\/p>\n<ul>\n<li>Farge: Hvit<\/li>\n<li>Materiale: galvanisert st\u00e5l<\/li>\n<li>Lengde: 300 mm<\/li>\n<li>Bredde: 150 mm<\/li>\n<li>St\u00e5ltykkelse: 1,5 mm<\/li>\n<li>Produsert i Europa.<\/li>\n<\/ul>\n<p style=\"margin: 0cm; margin-bottom: .0001pt; background: white; vertical-align: baseline;\"><span style=\"font-size: 10.5pt; font-family: 'Arial',sans-serif; color: #666666;\">Designet av Climaco<o:p><\/o:p><\/span><\/p>\n<p>[\/et_pb_tab][et_pb_tab title=&raquo;Passer f\u00f8lgende utend\u00f8rsenheter&raquo; _builder_version=&raquo;3.25.2&#8243;]<\/p>\n<p><strong>Hvis brukt med Pancake 1<\/strong><\/p>\n<p>Utend\u00f8rs varmepumpe med f\u00f8lgende egenskaper:<\/p>\n<ul>\n<li>Bredde: minst 800 mm<\/li>\n<li>Avstand mellom monteringene: lengre enn 560 mm<\/li>\n<\/ul>\n<p><strong>Hvis brukt med Pancake 2<\/strong><\/p>\n<p>Utend\u00f8rs varmepumpe med f\u00f8lgende egenskaper:<\/p>\n<ul>\n<li>Bredde: minst 940 mm<\/li>\n<li>Avstand mellom monteringene: lengre enn 600 mm<\/li>\n<\/ul>\n<p>[\/et_pb_tab][et_pb_tab title=&raquo;Inkludert er&raquo; _builder_version=&raquo;3.25.2&#8243;]<\/p>\n<p>Dette er inkludert:<\/p>\n<ul>\n<li>St\u00f8tteplate<\/li>\n<li>M8-bolter, skiver og muttere.<\/li>\n<li>Installasjonsinstrukser<\/li>\n<\/ul>\n<p>[\/et_pb_tab][et_pb_tab title=&raquo;Dokument&raquo; _builder_version=&raquo;3.25.2&#8243;][\/et_pb_tab][\/et_pb_tabs][\/et_pb_column][et_pb_column type=&raquo;1_2&#8243; _builder_version=&raquo;3.25&#8243; custom_padding=&raquo;0px|||&raquo; custom_padding_tablet=&raquo;0px||20px&raquo; custom_padding_phone=&raquo;0px||20px|&raquo; custom_padding_last_edited=&raquo;on|phone&raquo; custom_padding__hover=&raquo;|||&raquo;][et_pb_gallery gallery_ids=&raquo;496,497,498&#8243; fullwidth=&raquo;on&raquo; _builder_version=&raquo;3.20.1&#8243; auto=&raquo;on&raquo;][\/et_pb_gallery][\/et_pb_column][\/et_pb_row][\/et_pb_section]<\/p>\n","protected":false},"excerpt":{"rendered":"<p>St\u00f8tteplate for Pancake 2 ClimaLines st\u00f8tteplate gir Pancake 2-tanken st\u00f8tte der avstandene mellom monteringene p\u00e5 utend\u00f8rsenheten til varmepumpen er for store til at tanken n\u00e5r venstre kant p\u00e5 utend\u00f8rsenheten. For Pancake 2,&nbsp;kun hvis avstanden mellom utend\u00f8rsenhetens monteringer er lenger enn 650 mm. St\u00f8tteplatene er monert p\u00e5 venstre side av utend\u00f8rsenhetens monteringer, under vibrasjonsdemperne.&nbsp; Teknisk info [&hellip;]<\/p>\n","protected":false},"author":2,"featured_media":0,"parent":0,"menu_order":0,"comment_status":"closed","ping_status":"closed","template":"","meta":{"_et_pb_use_builder":"on","_et_pb_old_content":"","_et_gb_content_width":"","footnotes":""},"class_list":["post-2722","page","type-page","status-publish","hentry"],"_links":{"self":[{"href":"https:\/\/climaco.com\/no\/wp-json\/wp\/v2\/pages\/2722","targetHints":{"allow":["GET"]}}],"collection":[{"href":"https:\/\/climaco.com\/no\/wp-json\/wp\/v2\/pages"}],"about":[{"href":"https:\/\/climaco.com\/no\/wp-json\/wp\/v2\/types\/page"}],"author":[{"embeddable":true,"href":"https:\/\/climaco.com\/no\/wp-json\/wp\/v2\/users\/2"}],"replies":[{"embeddable":true,"href":"https:\/\/climaco.com\/no\/wp-json\/wp\/v2\/comments?post=2722"}],"version-history":[{"count":0,"href":"https:\/\/climaco.com\/no\/wp-json\/wp\/v2\/pages\/2722\/revisions"}],"wp:attachment":[{"href":"https:\/\/climaco.com\/no\/wp-json\/wp\/v2\/media?parent=2722"}],"curies":[{"name":"wp","href":"https:\/\/api.w.org\/{rel}","templated":true}]}}