{"id":2718,"date":"2019-10-09T08:22:58","date_gmt":"2019-10-09T06:22:58","guid":{"rendered":"https:\/\/climaco.com\/vanlige-sporsmal-og-svar\/"},"modified":"2026-02-11T20:05:24","modified_gmt":"2026-02-11T19:05:24","slug":"vanlige-sporsmal-og-svar","status":"publish","type":"page","link":"https:\/\/climaco.com\/no\/kontakt-support\/vanlige-sporsmal-og-svar\/","title":{"rendered":"Vanlige sp\u00f8rsm\u00e5l og svar"},"content":{"rendered":"<p>[et_pb_section fb_built=&raquo;1&#8243; _builder_version=&raquo;4.16&#8243; global_colors_info=&raquo;{}&raquo;][et_pb_row _builder_version=&raquo;4.16&#8243; global_colors_info=&raquo;{}&raquo;][et_pb_column type=&raquo;4_4&#8243; _builder_version=&raquo;4.16&#8243; custom_padding=&raquo;|||&raquo; global_colors_info=&raquo;{}&raquo; custom_padding__hover=&raquo;|||&raquo;][et_pb_text _builder_version=&raquo;4.16&#8243; header_font=&raquo;||||||||&raquo; header_font_size=&raquo;35px&raquo; global_colors_info=&raquo;{}&raquo;]<\/p>\n<h1 style=\"text-align: center\">Vanlige sp\u00f8rsm\u00e5l og svar<\/h1>\n<p>[\/et_pb_text][\/et_pb_column][\/et_pb_row][et_pb_row _builder_version=&raquo;4.16&#8243; global_colors_info=&raquo;{}&raquo;][et_pb_column type=&raquo;4_4&#8243; _builder_version=&raquo;4.16&#8243; custom_padding=&raquo;|||&raquo; global_colors_info=&raquo;{}&raquo; custom_padding__hover=&raquo;|||&raquo;][et_pb_text _builder_version=&raquo;4.16&#8243; global_colors_info=&raquo;{}&raquo;]<\/p>\n<h3>Produkt og teknologi<\/h3>\n<p>[\/et_pb_text][et_pb_accordion _builder_version=&raquo;4.27.4&#8243; global_colors_info=&raquo;{}&raquo;][et_pb_accordion_item title=&raquo;Hvorfor trenger jeg et oppvarmet dreningsbrett?&raquo; open=&raquo;on&raquo; _builder_version=&raquo;4.16&#8243; global_colors_info=&raquo;{}&raquo;]<\/p>\n<p>Alla v\u00e4rmepumpar som h\u00e4mtar energi i uteluften (t\u00e4nk p\u00e5 luft-luftv\u00e4rmepumpar och luft-vattenv\u00e4rmepumper) m\u00e5ste sm\u00e4lta isen som bildas p\u00e5 utomhusdelens v\u00e4rmev\u00e4xlare, f\u00f6r att kunna fungera. Isen bildas vid temperaturer under 8\u00b0C och m\u00e4ngden p\u00e5verkas av fuktigheten i luften och hur effektiv din v\u00e4rmepump \u00e4r. Isen sm\u00e4lts mellan 35-40 g\u00e5nger per dygn. Ju effektivare din pump \u00e4r, desto mer vatten blir det!\u00a0<\/p>\n<p>De senaste \u00e5rens pumpar \u00e4r mycket effektivare, \u00e4n f\u00f6r bara 10 \u00e5r sedan.\u00a0<\/p>\n<p>Men vattnet tas ju upp i marken? Problemet \u00e4r bara tj\u00e4len. Ett annat \u00e4r k\u00e4llaren. Eller g\u00e5ngbanan framf\u00f6r utedelen.<\/p>\n<p>Du kan l\u00e4sa mer mer <a href=\"https:\/\/climaco.com\/varfor-draneringstrag\/\"><strong>h\u00e4r<\/strong><\/a>.<\/p>\n<p>[\/et_pb_accordion_item][et_pb_accordion_item title=&raquo;Hvilket dreneringsbrett b\u00f8r jeg velge?&raquo; _builder_version=&raquo;4.27.4&#8243; global_colors_info=&raquo;{}&raquo; open=&raquo;off&raquo;]<\/p>\n<p>H\u00e4r kan du se vilket dr\u00e4neringstr\u00e5g som passar till just din v\u00e4rmepumps utomhusdel!<\/p>\n<p><a href=\"https:\/\/climaco.com\/valja-modell\/\" target=\"_blank\" rel=\"noopener noreferrer\">Hj\u00e4lp att v\u00e4lja dr\u00e4neringstr\u00e5g<\/a><\/p>\n<p>[\/et_pb_accordion_item][et_pb_accordion_item title=&raquo;Hva er forskjellene mellom ECO-og NEO-modellene?&raquo; _builder_version=&raquo;4.27.4&#8243; global_colors_info=&raquo;{}&raquo; open=&raquo;off&raquo;]<\/p>\n<p>B\u00e5de NEO- og ECO-modellene har termostatisk kontrollerte varmeputer. NEO har en termostat som starter oppvarmingsprosessen med samme effekt fra +2<span>\u00b0<\/span> grader. ECO-brettene har en smart energisparingsfunksjon med to termostater. Den prim\u00e6re termostaten begynner \u00e5 varme opp matten ved halv effekt fra +<span>2\u00b0<\/span> grader, og den sekund\u00e6re sl\u00e5r seg p\u00e5 ved full effekt ved -8<span>\u00b0<\/span> grader n\u00e5r det virkelig er behov for det.<\/p>\n<p>[\/et_pb_accordion_item][et_pb_accordion_item title=&raquo;Hvordan fungerer dreneringstankene?&raquo; _builder_version=&raquo;4.16&#8243; global_colors_info=&raquo;{}&raquo; open=&raquo;off&raquo;]<\/p>\n<p>V\u00e5ra dr\u00e4neringstr\u00e5g samlar upp kondensatvattnet, och ser till att det inte fryser, \u00e4ven under de riktigt kalla m\u00e5naderna. F\u00f6r en mer ing\u00e5ende f\u00f6rst\u00e5else kring hur v\u00e5ra tr\u00e5g fungerar s\u00e5 <a href=\"https:\/\/climaco.com\/tekniken\/\" target=\"_blank\" rel=\"noopener noreferrer\">klicka h\u00e4r!<\/a><\/p>\n<p>[\/et_pb_accordion_item][et_pb_accordion_item title=&raquo;Hva er dreneringstankene laget av?&raquo; _builder_version=&raquo;4.16&#8243; global_colors_info=&raquo;{}&raquo; open=&raquo;off&raquo;]<\/p>\n<p>Dreneringstankene er produsert fra en spesiell type plast som er <span>UV- og varmeresistent. De har oppvarmingsmatter med lange varmekabler p\u00e5 innsiden.<\/span><\/p>\n<p>[\/et_pb_accordion_item][et_pb_accordion_item title=&raquo;Hvor mye str\u00f8m bruker brettet?&raquo; _builder_version=&raquo;4.16&#8243; global_colors_info=&raquo;{}&raquo; open=&raquo;off&raquo;]<\/p>\n<p>Andre dreneringstanker bruker andre effektmengder. Det er er ogs\u00e5 avhengig av hvor de er installert. I Nord-Sverige, der v\u00e6ret er kaldere i en lengre periode enn i S\u00f8r-Sverige, m\u00e5 tankene drives i en lengre periode enn de som er installert i for eksempel Sk\u00e5ne, som ligger langt s\u00f8r i landet.<\/p>\n<p>Produktsidene viser en sammenligning mellom NEO- og ECO-versjonene til varmetankene. Sammenligningen er for den seksm\u00e5neders perioden n\u00e5r v\u00e6ret i Sverige er kaldt, dvs. fra 1. oktober til 31. mars.<\/p>\n<p>[\/et_pb_accordion_item][\/et_pb_accordion][et_pb_text _builder_version=&raquo;4.16&#8243; global_colors_info=&raquo;{}&raquo;]<\/p>\n<h3>Installasjon<\/h3>\n<p>[\/et_pb_text][et_pb_accordion _builder_version=&raquo;4.27.4&#8243; hover_enabled=&raquo;0&#8243; global_colors_info=&raquo;{}&raquo; sticky_enabled=&raquo;0&#8243;][et_pb_accordion_item title=&raquo;Hvordan drenerer jeg vannet fra brettet?&raquo; open=&raquo;on&raquo; _builder_version=&raquo;4.16&#8243; global_colors_info=&raquo;{}&raquo;]<\/p>\n<p>Den enkleste m\u00e5ten er \u00e5 bruke v\u00e5re oppvarmede dreneringssett. De er tilgjengelige fra 1-12 m i lengde og er designet til \u00e5 v\u00e6re effektive ned til -34<span>\u00b0. Slangen som brukes er isolert og har en termostatisk kontrollert laveffekts str\u00f8moppvarmingskabel.&nbsp;<\/span><\/p>\n<p>[\/et_pb_accordion_item][et_pb_accordion_item title=&raquo;Jeg kommer kun til \u00e5 drenere vannet p\u00e5 2 meters avstand &#8211; trenger jeg fortsatt en varmekabel i r\u00f8ret?&raquo; _builder_version=&raquo;4.27.4&#8243; hover_enabled=&raquo;0&#8243; global_colors_info=&raquo;{}&raquo; open=&raquo;off&raquo; sticky_enabled=&raquo;0&#8243;]<\/p>\n<p>Du beh\u00f6ver till\u00e4ggsv\u00e4rme n\u00e4r du ska leda vattnet fr\u00e5n tr\u00e5get. Det \u00e4r ocks\u00e5 viktigt att du v\u00e4ljer en v\u00e4rmekabel som har r\u00e4tt effekt och \u00e4r termostat styrd, s\u00e5 den inte v\u00e4rmer n\u00e4r det inte beh\u00f6vs.<\/p>\n<p>[\/et_pb_accordion_item][et_pb_accordion_item title=&raquo;Jeg m\u00e5 t\u00f8mme kondensen til et nedadg\u00e5ende r\u00f8r &#8211; trenger jeg en varmekabel i nedadg\u00e5ende r\u00f8r?&raquo; _builder_version=&raquo;4.16&#8243; global_colors_info=&raquo;{}&raquo; open=&raquo;off&raquo;]<\/p>\n<p>Villaer som er bygget i l\u00f8pet av de siste 25 \u00e5rene har nedadg\u00e5ende r\u00f8r koblet til stormavl\u00f8p, og det vil v\u00e6re noe varme som kommer fra disse. Hvis regnvannet t\u00f8mmes til en fransk renne, kan det hende at du m\u00e5 bruke ytterligere varme. Generelt anbefaler vi at en 30 cm varmekabel plugges inn i nedadg\u00e5ende r\u00f8r i S\u00f8r-Sverige, i Midt-Sverige en 60 cm kabel og i de nordre delene en 100 cm kabel.<\/p>\n<p>[\/et_pb_accordion_item][et_pb_accordion_item title=&raquo;Hvem kan installere dreneringsbrettet?&raquo; _builder_version=&raquo;4.16&#8243; global_colors_info=&raquo;{}&raquo; open=&raquo;off&raquo;]<\/p>\n<p>Du kan installere dreneringsbrettet selv med en plugg inn i et jordet elektrisk uttak. Men en elektriker eller en kj\u00f8letekniker med en elektrisk sertifisering kan ogs\u00e5 installere det.<\/p>\n<p>[\/et_pb_accordion_item][et_pb_accordion_item title=&raquo;Hvem kan installere dreneringsbrettet?&raquo; _builder_version=&raquo;4.16&#8243; global_colors_info=&raquo;{}&raquo; open=&raquo;off&raquo;]<\/p>\n<p>Ja, det kan du! Samtliga montageanvisningar finns under varje produkts dokumentflik, eller <a href=\"https:\/\/climaco.com\/instruktioner\/\">samlade h\u00e4r.<\/a><\/p>\n<p>[\/et_pb_accordion_item][et_pb_accordion_item title=&raquo;Hvor mye str\u00f8m bruker brettet?&raquo; _builder_version=&raquo;4.27.4&#8243; hover_enabled=&raquo;0&#8243; global_colors_info=&raquo;{}&raquo; open=&raquo;off&raquo; sticky_enabled=&raquo;0&#8243;]<\/p>\n<p>Olika dr\u00e4neringst\u00e5rg f\u00f6rbrukar olika m\u00e4ngder str\u00f6m. Det \u00e4r ocks\u00e5 beroende p\u00e5 var n\u00e5gonstans det \u00e4r installerat. i norra Sverige d\u00e4r det \u00e4r ett kallare klimat en l\u00e4ngre period \u00e4n i s\u00f6dra Sverige, s\u00e5 beh\u00f6ver tr\u00e5get ocks\u00e5 vara i g\u00e5ng en l\u00e4ngre period \u00e4n om det \u00e4r monterat i t ex. Sk\u00e5ne. Det finns en tabell med j\u00e4mf\u00f6relser p\u00e5 alla Pancake tr\u00e5g.<\/p>\n<p>[\/et_pb_accordion_item][et_pb_accordion_item title=&raquo;Hvilken lengde trenger jeg p\u00e5 dreneringssettet?&raquo; _builder_version=&raquo;4.27.4&#8243; hover_enabled=&raquo;0&#8243; global_colors_info=&raquo;{}&raquo; open=&raquo;off&raquo; sticky_enabled=&raquo;0&#8243;]<\/p>\n<p>Er husets avl\u00f8psr\u00f8r koblet til stormvannsavl\u00f8pene eller til en fransk renne? &#8211; Hvis ja,&nbsp;<span>m\u00e5l avstanden fra midten av utend\u00f8rsenheten til n\u00e6rmeste nedadg\u00e5ende r\u00f8r.&nbsp;Installer 30 cm varmekabel satt inn i nedadg\u00e5ende r\u00f8r i G\u00f6taland, i Svealand 60 cm kabel og i Norrland 100 cm.<\/span><\/p>\n<p><span><\/span>Har du en kjeller med et gulvavl\u00f8p eller annet avl\u00f8p? &#8211; Hvis ja,&nbsp;<span>m\u00e5l avstanden fra midten av utend\u00f8rsenheten til egnet inngangspunkt til kjelleren. Kanskje det finnes eksisterende inngangspunkter, f.eks. for ventilasjon, en trevindusramme, ellers m\u00e5 du kanskje bore gjennom ytterveggen. Du trenger kun \u00e5 m\u00e5le innsiden av kjellerveggen for varmekabelen. I kjelleren ville du vanligvis bruke faste r\u00f8r, uten varmekabel.<\/span><\/p>\n<p>Det siste alternativet er \u00e5 grave en fransk renne. Google &quot;grave en fransk renne&quot;.<\/p>\n<p><span><\/span><\/p>\n<p>[\/et_pb_accordion_item][et_pb_accordion_item title=&raquo;Hva er en nylonkabelvaier eller trekkfj\u00e6r?&raquo; _builder_version=&raquo;4.16&#8243; global_colors_info=&raquo;{}&raquo; open=&raquo;off&raquo;]<\/p>\n<p>En draglina\/dragfj\u00e4der \u00e4r ett verktyg som elektriker anv\u00e4nder f\u00f6r att dra installationskabel enkelt genom r\u00f6r. Finns i byggvaruhus, Biltema, Jula, Hornbach, Clas Ohlson. Finns fr\u00e5n ca 50kr.<\/p>\n<p>[\/et_pb_accordion_item][et_pb_accordion_item title=&raquo;Jeg har ikke en kabeltrekker, er det noe annet jeg kan bruke i stedet?&raquo; _builder_version=&raquo;4.16&#8243; global_colors_info=&raquo;{}&raquo; open=&raquo;off&raquo;]<\/p>\n<p>Du kan anv\u00e4nda en styvare kabel, tjockare st\u00e5ltr\u00e5d eller en vajer, \u00e4r de f\u00f6r vassa i \u00e4nden, s\u00e5 tejpa \u00e4nden &#8211; s\u00e5 fastnar den inte. T\u00e4nk p\u00e5 att den m\u00e5ste vara l\u00e4ngre \u00e4n den isolerade slangen. F\u00e4st sedan v\u00e4rmekabelns \u00e4nde med bra tejp &#8211; och dra igenom f\u00f6rsiktigt.<\/p>\n<p>[\/et_pb_accordion_item][\/et_pb_accordion][et_pb_text _builder_version=&raquo;4.16&#8243; global_colors_info=&raquo;{}&raquo;]<\/p>\n<h3>Andre sp\u00f8rsm\u00e5l<\/h3>\n<p>[\/et_pb_text][et_pb_accordion _builder_version=&raquo;4.27.4&#8243; toggle_font=&raquo;||||||||&raquo; global_colors_info=&raquo;{}&raquo;][et_pb_accordion_item title=&raquo;Kan jeg bruke oppvarmingsbrettet mitt utenlands?&raquo; open=&raquo;on&raquo; _builder_version=&raquo;4.16&#8243; global_colors_info=&raquo;{}&raquo;]<\/p>\n<p>Det er mulig \u00e5 bruke tankene v\u00e5re utenlands. Men husk p\u00e5 at spenningen skal v\u00e6re 220-230 V \/ 50 Hz. Du m\u00e5 selvf\u00f8lgelig oppfylle de elektriske sikkerhetslovene i hvert land.<\/p>\n<p>[\/et_pb_accordion_item][\/et_pb_accordion][et_pb_text _builder_version=&raquo;4.16&#8243; global_colors_info=&raquo;{}&raquo;]<\/p>\n<h3>Support og garanti<\/h3>\n<p>[\/et_pb_text][et_pb_accordion _builder_version=&raquo;4.27.4&#8243; toggle_font=&raquo;||||||||&raquo; global_colors_info=&raquo;{}&raquo;][et_pb_accordion_item title=&raquo;Min varmekabel i slangen varmes ikke lenger opp, den ser ut til \u00e5 v\u00e6re \u00f8delegt, hva gj\u00f8r jeg n\u00e5?&raquo; open=&raquo;on&raquo; _builder_version=&raquo;4.27.4&#8243; global_colors_info=&raquo;{}&raquo;]<\/p>\n<p>1. Om v\u00e4rmekabeln anslutits till ett eluttag, kan du kontrollera om det finns str\u00f6m i uttaget. Ta tex en liten bordslampa och testa. Finns ingen str\u00f6m kan du kontrollera s\u00e5 s\u00e4kringen \u00e4r hel.<\/p>\n<p>2. Finns str\u00f6m i eluttaget till lampan, <a href=\"https:\/\/climaco.com\/reklamation\/\" title=\"Reklamation\">s\u00e5 kan du reklamera h\u00e4r.<\/a><\/p>\n<p>[\/et_pb_accordion_item][\/et_pb_accordion][et_pb_text _builder_version=&raquo;4.16&#8243; global_colors_info=&raquo;{}&raquo;]<\/p>\n<h3>Kj\u00f8p<\/h3>\n<p>[\/et_pb_text][et_pb_accordion _builder_version=&raquo;4.27.4&#8243; toggle_font=&raquo;||||||||&raquo; global_colors_info=&raquo;{}&raquo;][et_pb_accordion_item title=&raquo;Hvorfor er prisen annerledes dersom jeg kj\u00f8per et varmebrett fra en nettbutikk eller samtidig med den nye varmepumpen?&raquo; open=&raquo;on&raquo; _builder_version=&raquo;4.27.4&#8243; global_colors_info=&raquo;{}&raquo;]<\/p>\n<p>Varje aff\u00e4r har enligt lag m\u00f6jlighet att s\u00e4tta sina f\u00f6rs\u00e4ljningspriser. T\u00e4nk p\u00e5 att frakter kan tillkomma fr\u00e5n webbutiker. Det kan \u00e4ven vara f\u00f6rdelaktigt att best\u00e4lla ditt dr\u00e4neringstr\u00e5g samtidigt med din nya v\u00e4rmepump. Installat\u00f6rer och \u00e5terf\u00f6rs\u00e4ljare finns \u00f6ver hela landet.<a href=\"https:\/\/climaco.com\/distributorer-ny\" title=\"Distribut\u00f6rer\"> Mer information om var du kan k\u00f6pa.<\/a><\/p>\n<p>[\/et_pb_accordion_item][\/et_pb_accordion][\/et_pb_column][\/et_pb_row][\/et_pb_section]<\/p>\n","protected":false},"excerpt":{"rendered":"<p>Vanlige sp\u00f8rsm\u00e5l og svarProdukt og teknologiAlla v\u00e4rmepumpar som h\u00e4mtar energi i uteluften (t\u00e4nk p\u00e5 luft-luftv\u00e4rmepumpar och luft-vattenv\u00e4rmepumper) m\u00e5ste sm\u00e4lta isen som bildas p\u00e5 utomhusdelens v\u00e4rmev\u00e4xlare, f\u00f6r att kunna fungera. Isen bildas vid temperaturer under 8\u00b0C och m\u00e4ngden p\u00e5verkas av fuktigheten i luften och hur effektiv din v\u00e4rmepump \u00e4r. Isen sm\u00e4lts mellan 35-40 g\u00e5nger per dygn. [&hellip;]<\/p>\n","protected":false},"author":2,"featured_media":0,"parent":3931,"menu_order":0,"comment_status":"closed","ping_status":"closed","template":"","meta":{"_et_pb_use_builder":"on","_et_pb_old_content":"","_et_gb_content_width":"","footnotes":""},"class_list":["post-2718","page","type-page","status-publish","hentry"],"_links":{"self":[{"href":"https:\/\/climaco.com\/no\/wp-json\/wp\/v2\/pages\/2718","targetHints":{"allow":["GET"]}}],"collection":[{"href":"https:\/\/climaco.com\/no\/wp-json\/wp\/v2\/pages"}],"about":[{"href":"https:\/\/climaco.com\/no\/wp-json\/wp\/v2\/types\/page"}],"author":[{"embeddable":true,"href":"https:\/\/climaco.com\/no\/wp-json\/wp\/v2\/users\/2"}],"replies":[{"embeddable":true,"href":"https:\/\/climaco.com\/no\/wp-json\/wp\/v2\/comments?post=2718"}],"version-history":[{"count":1,"href":"https:\/\/climaco.com\/no\/wp-json\/wp\/v2\/pages\/2718\/revisions"}],"predecessor-version":[{"id":11982,"href":"https:\/\/climaco.com\/no\/wp-json\/wp\/v2\/pages\/2718\/revisions\/11982"}],"up":[{"embeddable":true,"href":"https:\/\/climaco.com\/no\/wp-json\/wp\/v2\/pages\/3931"}],"wp:attachment":[{"href":"https:\/\/climaco.com\/no\/wp-json\/wp\/v2\/media?parent=2718"}],"curies":[{"name":"wp","href":"https:\/\/api.w.org\/{rel}","templated":true}]}}