{"id":2714,"date":"2019-10-09T08:22:20","date_gmt":"2019-10-09T06:22:20","guid":{"rendered":"https:\/\/climaco.com\/velg-modell\/"},"modified":"2026-02-13T20:46:04","modified_gmt":"2026-02-13T19:46:04","slug":"velg-modell","status":"publish","type":"page","link":"https:\/\/climaco.com\/no\/velg-modell\/","title":{"rendered":"Velg modell"},"content":{"rendered":"<p>[et_pb_section fb_built=&raquo;1&#8243; _builder_version=&raquo;4.16&#8243; global_colors_info=&raquo;{}&raquo;][et_pb_row _builder_version=&raquo;4.16&#8243; global_colors_info=&raquo;{}&raquo;][et_pb_column type=&raquo;4_4&#8243; _builder_version=&raquo;4.16&#8243; custom_padding=&raquo;|||&raquo; global_colors_info=&raquo;{}&raquo; custom_padding__hover=&raquo;|||&raquo;][et_pb_text _builder_version=&raquo;4.27.5&#8243; custom_padding=&raquo;||0px|||&raquo; global_colors_info=&raquo;{}&raquo;]<\/p>\n<h1>Hvilket dreneringsbrett b\u00f8r du velge?<\/h1>\n<p>&nbsp;<\/p>\n<p>&nbsp;<\/p>\n<h2>Velg din varmepumpeprodusent og bruk v\u00e5r tray-generator!<\/h2>\n<p>&nbsp;<\/p>\n<p>[\/et_pb_text][\/et_pb_column][\/et_pb_row][et_pb_row column_structure=&raquo;1_6,1_6,1_6,1_6,1_6,1_6&#8243; _builder_version=&raquo;4.27.4&#8243; width=&raquo;auto&raquo; global_colors_info=&raquo;{}&raquo;][et_pb_column type=&raquo;1_6&#8243; _builder_version=&raquo;4.16&#8243; custom_padding=&raquo;|||&raquo; global_colors_info=&raquo;{}&raquo; custom_padding__hover=&raquo;|||&raquo;][et_pb_image src=&raquo;https:\/\/climaco.com\/wp-content\/uploads\/2025\/11\/altech-logga-e1762930987688.jpg&raquo; title_text=&raquo;Altech-logo&raquo; url=&raquo;https:\/\/climaco.com\/altech\/&raquo; align_tablet=&raquo;center&raquo; align_phone=&raquo;&raquo; align_last_edited=&raquo;on|desktop&raquo; _builder_version=&raquo;4.27.4&#8243; global_colors_info=&raquo;{}&raquo;][\/et_pb_image][et_pb_image src=&raquo;https:\/\/climaco.com\/wp-content\/uploads\/2019\/06\/IVT-small.png&raquo; url=&raquo;https:\/\/climaco.com\/ivt\/&raquo; align_tablet=&raquo;center&raquo; align_phone=&raquo;&raquo; align_last_edited=&raquo;on|desktop&raquo; _builder_version=&raquo;4.16&#8243; custom_margin=&raquo;70px||&raquo; global_colors_info=&raquo;{}&raquo;][\/et_pb_image][et_pb_image src=&raquo;https:\/\/climaco.com\/wp-content\/uploads\/2019\/06\/samsung-small.png&raquo; url=&raquo;https:\/\/climaco.com\/samsung\/&raquo; align_tablet=&raquo;center&raquo; align_phone=&raquo;&raquo; align_last_edited=&raquo;on|desktop&raquo; _builder_version=&raquo;4.16&#8243; custom_margin=&raquo;70px|||&raquo; custom_margin_tablet=&raquo;&raquo; custom_margin_phone=&raquo;&raquo; custom_margin_last_edited=&raquo;on|desktop&raquo; global_colors_info=&raquo;{}&raquo;][\/et_pb_image][\/et_pb_column][et_pb_column type=&raquo;1_6&#8243; _builder_version=&raquo;4.16&#8243; custom_padding=&raquo;|||&raquo; global_colors_info=&raquo;{}&raquo; custom_padding__hover=&raquo;|||&raquo;][et_pb_image src=&raquo;https:\/\/climaco.com\/wp-content\/uploads\/2019\/06\/bosch-small.png&raquo; url=&raquo;https:\/\/climaco.com\/bosch\/&raquo; align_tablet=&raquo;center&raquo; align_phone=&raquo;&raquo; align_last_edited=&raquo;on|desktop&raquo; _builder_version=&raquo;4.16&#8243; custom_margin=&raquo;||&raquo; global_colors_info=&raquo;{}&raquo;][\/et_pb_image][et_pb_image src=&raquo;https:\/\/climaco.com\/wp-content\/uploads\/2025\/11\/fuji-electric-vector-logo-e1762754782128.png&raquo; title_text=&raquo;Fuji-elektrisk-vektor-logo&raquo; url=&raquo;https:\/\/climaco.com\/fuji-electric\/&raquo; align_tablet=&raquo;center&raquo; align_phone=&raquo;&raquo; align_last_edited=&raquo;on|desktop&raquo; _builder_version=&raquo;4.27.4&#8243; custom_margin=&raquo;70px||&raquo; global_colors_info=&raquo;{}&raquo;][\/et_pb_image][et_pb_image src=&raquo;https:\/\/climaco.com\/wp-content\/uploads\/2019\/09\/kaisai-small.png&raquo; url=&raquo;https:\/\/climaco.com\/kaisai\/&raquo; align_tablet=&raquo;center&raquo; align_phone=&raquo;&raquo; align_last_edited=&raquo;on|desktop&raquo; _builder_version=&raquo;4.16&#8243; custom_margin=&raquo;70px||&raquo; global_colors_info=&raquo;{}&raquo;][\/et_pb_image][et_pb_image src=&raquo;https:\/\/climaco.com\/wp-content\/uploads\/2025\/11\/sanyo-logo-e1762754370668.png&raquo; title_text=&raquo;Sanyo-logo&raquo; url=&raquo;https:\/\/climaco.com\/sanyo\/&raquo; align_tablet=&raquo;center&raquo; align_phone=&raquo;&raquo; align_last_edited=&raquo;on|desktop&raquo; _builder_version=&raquo;4.27.4&#8243; custom_margin=&raquo;70px||&raquo; global_colors_info=&raquo;{}&raquo;][\/et_pb_image][\/et_pb_column][et_pb_column type=&raquo;1_6&#8243; _builder_version=&raquo;4.16&#8243; custom_padding=&raquo;|||&raquo; global_colors_info=&raquo;{}&raquo; custom_padding__hover=&raquo;|||&raquo;][et_pb_image src=&raquo;https:\/\/climaco.com\/wp-content\/uploads\/2019\/06\/canvac-small.png&raquo; url=&raquo;https:\/\/climaco.com\/canvac\/&raquo; align_tablet=&raquo;center&raquo; align_phone=&raquo;&raquo; align_last_edited=&raquo;on|desktop&raquo; _builder_version=&raquo;4.16&#8243; global_colors_info=&raquo;{}&raquo;][\/et_pb_image][et_pb_image src=&raquo;https:\/\/climaco.com\/wp-content\/uploads\/2025\/11\/general-1.avif&raquo; title_text=&raquo;Generelt&raquo; url=&raquo;https:\/\/climaco.com\/general\/&raquo; align_tablet=&raquo;center&raquo; align_phone=&raquo;&raquo; align_last_edited=&raquo;on|desktop&raquo; _builder_version=&raquo;4.27.4&#8243; custom_margin=&raquo;70px||&raquo; global_colors_info=&raquo;{}&raquo;][\/et_pb_image][et_pb_image src=&raquo;https:\/\/climaco.com\/wp-content\/uploads\/2019\/06\/LG-small.png&raquo; url=&raquo;https:\/\/climaco.com\/lg\/&raquo; align_tablet=&raquo;center&raquo; align_phone=&raquo;&raquo; align_last_edited=&raquo;on|desktop&raquo; _builder_version=&raquo;4.16&#8243; custom_margin=&raquo;70px||&raquo; global_colors_info=&raquo;{}&raquo;][\/et_pb_image][et_pb_image src=&raquo;https:\/\/climaco.com\/wp-content\/uploads\/2019\/06\/sharp-small.png&raquo; url=&raquo;https:\/\/climaco.com\/sharp\/&raquo; align_tablet=&raquo;center&raquo; align_phone=&raquo;&raquo; align_last_edited=&raquo;on|desktop&raquo; _builder_version=&raquo;4.16&#8243; custom_margin=&raquo;70px|||&raquo; custom_margin_tablet=&raquo;&raquo; custom_margin_phone=&raquo;&raquo; custom_margin_last_edited=&raquo;on|desktop&raquo; global_colors_info=&raquo;{}&raquo;][\/et_pb_image][\/et_pb_column][et_pb_column type=&raquo;1_6&#8243; _builder_version=&raquo;4.16&#8243; custom_padding=&raquo;|||&raquo; global_colors_info=&raquo;{}&raquo; custom_padding__hover=&raquo;|||&raquo;][et_pb_image src=&raquo;https:\/\/climaco.com\/wp-content\/uploads\/2019\/06\/clivet-small.png&raquo; url=&raquo;https:\/\/climaco.com\/clivet\/&raquo; align_tablet=&raquo;center&raquo; align_phone=&raquo;&raquo; align_last_edited=&raquo;on|desktop&raquo; _builder_version=&raquo;4.16&#8243; custom_margin=&raquo;||&raquo; global_colors_info=&raquo;{}&raquo;][\/et_pb_image][et_pb_image src=&raquo;https:\/\/climaco.com\/wp-content\/uploads\/2019\/10\/gree-small.png&raquo; url=&raquo;https:\/\/climaco.com\/gree\/&raquo; align_tablet=&raquo;center&raquo; align_phone=&raquo;&raquo; align_last_edited=&raquo;on|desktop&raquo; _builder_version=&raquo;4.16&#8243; custom_margin=&raquo;70px||&raquo; global_colors_info=&raquo;{}&raquo;][\/et_pb_image][et_pb_image src=&raquo;https:\/\/climaco.com\/wp-content\/uploads\/2019\/06\/mitsubishi-small.png&raquo; url=&raquo;https:\/\/climaco.com\/mitsubishi-electric\/&raquo; align_tablet=&raquo;center&raquo; align_phone=&raquo;&raquo; align_last_edited=&raquo;on|desktop&raquo; _builder_version=&raquo;4.16&#8243; custom_margin=&raquo;70px||&raquo; global_colors_info=&raquo;{}&raquo;][\/et_pb_image][et_pb_image src=&raquo;https:\/\/climaco.com\/wp-content\/uploads\/2019\/04\/thermia.png&raquo; title_text=&raquo;termia&raquo; url=&raquo;https:\/\/climaco.com\/thermia\/&raquo; align_tablet=&raquo;center&raquo; align_phone=&raquo;&raquo; align_last_edited=&raquo;on|desktop&raquo; _builder_version=&raquo;4.27.4&#8243; custom_margin=&raquo;70px||&raquo; global_colors_info=&raquo;{}&raquo;][\/et_pb_image][\/et_pb_column][et_pb_column type=&raquo;1_6&#8243; _builder_version=&raquo;4.16&#8243; custom_padding=&raquo;|||&raquo; global_colors_info=&raquo;{}&raquo; custom_padding__hover=&raquo;|||&raquo;][et_pb_image src=&raquo;https:\/\/climaco.com\/wp-content\/uploads\/2019\/06\/daikin-small.png&raquo; url=&raquo;https:\/\/climaco.com\/daikin\/&raquo; align_tablet=&raquo;center&raquo; align_phone=&raquo;&raquo; align_last_edited=&raquo;on|desktop&raquo; _builder_version=&raquo;4.16&#8243; global_colors_info=&raquo;{}&raquo;][\/et_pb_image][et_pb_image src=&raquo;https:\/\/climaco.com\/wp-content\/uploads\/2025\/11\/fujitsu-logo.png&raquo; title_text=&raquo;Fujitsu-logo&raquo; url=&raquo;https:\/\/climaco.com\/fujitsu\/&raquo; align_tablet=&raquo;center&raquo; align_phone=&raquo;&raquo; align_last_edited=&raquo;on|desktop&raquo; _builder_version=&raquo;4.27.4&#8243; global_colors_info=&raquo;{}&raquo;][\/et_pb_image][et_pb_image src=&raquo;https:\/\/climaco.com\/wp-content\/uploads\/2019\/06\/mitsubishi-heavy-small.png&raquo; title_text=&raquo;Mitsubishi-tung-liten&raquo; url=&raquo;https:\/\/climaco.com\/mitsubishi-heavy\/&raquo; align_tablet=&raquo;center&raquo; align_phone=&raquo;&raquo; align_last_edited=&raquo;on|desktop&raquo; _builder_version=&raquo;4.27.4&#8243; custom_margin=&raquo;70px||&raquo; global_colors_info=&raquo;{}&raquo;][\/et_pb_image][et_pb_image src=&raquo;https:\/\/climaco.com\/wp-content\/uploads\/2019\/06\/toshiba-small.png&raquo; url=&raquo;https:\/\/climaco.com\/toshiba\/&raquo; align_tablet=&raquo;center&raquo; align_phone=&raquo;&raquo; align_last_edited=&raquo;on|desktop&raquo; _builder_version=&raquo;4.16&#8243; custom_margin=&raquo;70px||&raquo; global_colors_info=&raquo;{}&raquo;][\/et_pb_image][\/et_pb_column][et_pb_column type=&raquo;1_6&#8243; _builder_version=&raquo;4.16&#8243; custom_padding=&raquo;|||&raquo; global_colors_info=&raquo;{}&raquo; custom_padding__hover=&raquo;|||&raquo;][et_pb_image src=&raquo;https:\/\/climaco.com\/wp-content\/uploads\/2025\/11\/electrolux-logo-1.png&raquo; title_text=&raquo;Electrolux-logo&raquo; url=&raquo;https:\/\/climaco.com\/electrolux\/&raquo; align_tablet=&raquo;center&raquo; align_phone=&raquo;&raquo; align_last_edited=&raquo;on|desktop&raquo; _builder_version=&raquo;4.27.4&#8243; custom_margin=&raquo;||&raquo; global_colors_info=&raquo;{}&raquo;][\/et_pb_image][et_pb_image src=&raquo;https:\/\/climaco.com\/wp-content\/uploads\/2019\/06\/Hitachi-small.png&raquo; url=&raquo;https:\/\/climaco.com\/hitachi\/&raquo; align_tablet=&raquo;center&raquo; align_phone=&raquo;&raquo; align_last_edited=&raquo;on|desktop&raquo; _builder_version=&raquo;4.16&#8243; custom_margin=&raquo;70px||&raquo; global_colors_info=&raquo;{}&raquo;][\/et_pb_image][et_pb_image src=&raquo;https:\/\/climaco.com\/wp-content\/uploads\/2019\/06\/panasonic-small.png&raquo; url=&raquo;https:\/\/climaco.com\/panasonic\/&raquo; align_tablet=&raquo;center&raquo; align_phone=&raquo;&raquo; align_last_edited=&raquo;on|desktop&raquo; _builder_version=&raquo;4.16&#8243; custom_margin=&raquo;70px||&raquo; global_colors_info=&raquo;{}&raquo;][\/et_pb_image][et_pb_image src=&raquo;https:\/\/climaco.com\/wp-content\/uploads\/2025\/11\/wilfa-logo-1-e1762725858883.png&raquo; title_text=&raquo;Wilfa-logo&raquo; url=&raquo;https:\/\/climaco.com\/panasonic\/&raquo; align_tablet=&raquo;center&raquo; align_phone=&raquo;&raquo; align_last_edited=&raquo;on|desktop&raquo; _builder_version=&raquo;4.27.4&#8243; custom_margin=&raquo;70px||&raquo; global_colors_info=&raquo;{}&raquo;][\/et_pb_image][\/et_pb_column][\/et_pb_row][et_pb_row _builder_version=&raquo;4.16&#8243; _module_preset=&raquo;default&raquo; global_colors_info=&raquo;{}&raquo;][et_pb_column type=&raquo;4_4&#8243; _builder_version=&raquo;4.16&#8243; _module_preset=&raquo;default&raquo; global_colors_info=&raquo;{}&raquo;][et_pb_divider color=&raquo;#9e9e9e&raquo; _builder_version=&raquo;4.16&#8243; _module_preset=&raquo;default&raquo; global_colors_info=&raquo;{}&raquo;][\/et_pb_divider][\/et_pb_column][\/et_pb_row][et_pb_row _builder_version=&raquo;4.16&#8243; _module_preset=&raquo;default&raquo; global_colors_info=&raquo;{}&raquo;][et_pb_column type=&raquo;4_4&#8243; _builder_version=&raquo;4.16&#8243; _module_preset=&raquo;default&raquo; global_colors_info=&raquo;{}&raquo;][et_pb_text _builder_version=&raquo;4.27.5&#8243; custom_padding=&raquo;||0px|||&raquo; global_colors_info=&raquo;{}&raquo;]<\/p>\n<h2>Finn modellbetegnelsen p\u00e5 din utend\u00f8rsenhet<\/h2>\n<p>P\u00e5 de utend\u00f8rs delene av de fleste varmepumper er det et navneskilt p\u00e5 siden. Det kan ogs\u00e5 v\u00e6re p\u00e5 bak- eller forsiden, men oftest er det p\u00e5 den ene kanten. Det st\u00e5r &laquo;Modell&raquo; etterfulgt av en betegnelse.  <\/p>\n<p>[\/et_pb_text][\/et_pb_column][\/et_pb_row][et_pb_row _builder_version=&raquo;4.16&#8243; _module_preset=&raquo;default&raquo; global_colors_info=&raquo;{}&raquo;][et_pb_column type=&raquo;4_4&#8243; _builder_version=&raquo;4.16&#8243; _module_preset=&raquo;default&raquo; global_colors_info=&raquo;{}&raquo;][et_pb_image src=&raquo;https:\/\/climaco.com\/wp-content\/uploads\/2021\/01\/TypskyltarLQ.jpg&raquo; title_text=&raquo;TypeskiltLQ&raquo; _builder_version=&raquo;4.16&#8243; _module_preset=&raquo;default&raquo; global_colors_info=&raquo;{}&raquo;][\/et_pb_image][\/et_pb_column][\/et_pb_row][et_pb_row _builder_version=&raquo;4.16&#8243; _module_preset=&raquo;default&raquo; global_colors_info=&raquo;{}&raquo;][et_pb_column type=&raquo;4_4&#8243; _builder_version=&raquo;4.16&#8243; _module_preset=&raquo;default&raquo; global_colors_info=&raquo;{}&raquo;][et_pb_text _builder_version=&raquo;4.27.5&#8243; custom_padding=&raquo;||0px|||&raquo; global_colors_info=&raquo;{}&raquo;]<\/p>\n<h2>Her kommer modellbetegnelsen ovenfor<\/h2>\n<p>Klikk deretter p\u00e5 merket p\u00e5 varmepumpen din ovenfor, og skriv inn modellbetegnelsen p\u00e5 utend\u00f8rsenheten din i listen.<br \/><a href=\"https:\/\/climaco.com\/hittar-inte-min-utedel-i-er-lista\/\" title=\"Finner ikke utend\u00f8rsenheten min\">Klikk her hvis uteenheten din ikke st\u00e5r p\u00e5 listen, s\u00e5 hjelper vi deg med \u00e5 finne riktig brett!<\/a><\/p>\n<p>P\u00e5 bildet under har vi et s\u00f8k etter Mitsubishis utend\u00f8rs enhet &#8216;FH25&#8230;&#8217;.<\/p>\n<p>[\/et_pb_text][\/et_pb_column][\/et_pb_row][et_pb_row _builder_version=&raquo;4.16&#8243; _module_preset=&raquo;default&raquo; global_colors_info=&raquo;{}&raquo;][et_pb_column type=&raquo;4_4&#8243; _builder_version=&raquo;4.16&#8243; _module_preset=&raquo;default&raquo; global_colors_info=&raquo;{}&raquo;][et_pb_image src=&raquo;https:\/\/climaco.com\/wp-content\/uploads\/2021\/01\/Skarmavbild-2021-01-15-kl.-10.07.26.png&raquo; title_text=&raquo;Skjermbilde 2021-01-15 p\u00e5. 10.07.26&#8243; _builder_version=&raquo;4.16&#8243; _module_preset=&raquo;default&raquo; global_colors_info=&raquo;{}&raquo;][\/et_pb_image][\/et_pb_column][\/et_pb_row][et_pb_row _builder_version=&raquo;4.27.5&#8243; _module_preset=&raquo;default&raquo; min_height=&raquo;77.8px&raquo; global_colors_info=&raquo;{}&raquo;][et_pb_column type=&raquo;4_4&#8243; _builder_version=&raquo;4.27.5&#8243; _module_preset=&raquo;default&raquo; global_colors_info=&raquo;{}&raquo;][et_pb_divider _builder_version=&raquo;4.27.5&#8243; _module_preset=&raquo;default&raquo; global_colors_info=&raquo;{}&raquo;][\/et_pb_divider][\/et_pb_column][\/et_pb_row][et_pb_row _builder_version=&raquo;4.27.5&#8243; _module_preset=&raquo;default&raquo; global_colors_info=&raquo;{}&raquo;][et_pb_column type=&raquo;4_4&#8243; _builder_version=&raquo;4.27.5&#8243; _module_preset=&raquo;default&raquo; global_colors_info=&raquo;{}&raquo;][et_pb_text _builder_version=&raquo;4.27.5&#8243; _module_preset=&raquo;default&raquo; global_colors_info=&raquo;{}&raquo;]<\/p>\n<h3><a href=\"https:\/\/climaco.com\/hittar-inte-min-utedel-i-er-lista\/\" title=\"Finner ikke brettet mitt\">Finner du ikke utend\u00f8rsenheten din?<\/a><\/h3>\n<p>[\/et_pb_text][\/et_pb_column][\/et_pb_row][\/et_pb_section]<\/p>\n","protected":false},"excerpt":{"rendered":"<p>Hvilket dreneringsbrett b\u00f8r du velge? &nbsp; &nbsp; Velg din varmepumpeprodusent og bruk v\u00e5r tray-generator! &nbsp;Finn modellbetegnelsen p\u00e5 din utend\u00f8rsenhet P\u00e5 de utend\u00f8rs delene av de fleste varmepumper er det et navneskilt p\u00e5 siden. Det kan ogs\u00e5 v\u00e6re p\u00e5 bak- eller forsiden, men oftest er det p\u00e5 den ene kanten. Det st\u00e5r &laquo;Modell&raquo; etterfulgt av en [&hellip;]<\/p>\n","protected":false},"author":2,"featured_media":0,"parent":0,"menu_order":0,"comment_status":"closed","ping_status":"closed","template":"","meta":{"_et_pb_use_builder":"on","_et_pb_old_content":"","_et_gb_content_width":"","footnotes":""},"class_list":["post-2714","page","type-page","status-publish","hentry"],"_links":{"self":[{"href":"https:\/\/climaco.com\/no\/wp-json\/wp\/v2\/pages\/2714","targetHints":{"allow":["GET"]}}],"collection":[{"href":"https:\/\/climaco.com\/no\/wp-json\/wp\/v2\/pages"}],"about":[{"href":"https:\/\/climaco.com\/no\/wp-json\/wp\/v2\/types\/page"}],"author":[{"embeddable":true,"href":"https:\/\/climaco.com\/no\/wp-json\/wp\/v2\/users\/2"}],"replies":[{"embeddable":true,"href":"https:\/\/climaco.com\/no\/wp-json\/wp\/v2\/comments?post=2714"}],"version-history":[{"count":4,"href":"https:\/\/climaco.com\/no\/wp-json\/wp\/v2\/pages\/2714\/revisions"}],"predecessor-version":[{"id":12089,"href":"https:\/\/climaco.com\/no\/wp-json\/wp\/v2\/pages\/2714\/revisions\/12089"}],"wp:attachment":[{"href":"https:\/\/climaco.com\/no\/wp-json\/wp\/v2\/media?parent=2714"}],"curies":[{"name":"wp","href":"https:\/\/api.w.org\/{rel}","templated":true}]}}