{"id":2712,"date":"2019-10-09T08:22:19","date_gmt":"2019-10-09T06:22:19","guid":{"rendered":"https:\/\/climaco.com\/climaline-pro-serien\/"},"modified":"2020-07-03T10:05:30","modified_gmt":"2020-07-03T08:05:30","slug":"climaline-pro-serien","status":"publish","type":"page","link":"https:\/\/climaco.com\/no\/climaline-pro-serien\/","title":{"rendered":"ClimaLine Pro-serien"},"content":{"rendered":"<p>[et_pb_section fb_built=&raquo;1&#8243; _builder_version=&raquo;3.22.3&#8243;][et_pb_row _builder_version=&raquo;3.25&#8243; width=&raquo;70%&raquo; max_width=&raquo;70%&raquo; use_custom_width=&raquo;on&raquo; width_unit=&raquo;off&raquo; custom_width_percent=&raquo;70%&raquo;][et_pb_column type=&raquo;4_4&#8243; _builder_version=&raquo;3.25&#8243; custom_padding=&raquo;|||&raquo; custom_padding__hover=&raquo;|||&raquo;][et_pb_text _builder_version=&raquo;3.25.2&#8243; header_font=&raquo;||||||||&raquo; header_font_size=&raquo;35px&raquo;]<\/p>\n<h1 style=\"text-align: center;\">Pro-serien<\/h1>\n<p>&nbsp;<\/p>\n<p>Pro er en produksjonsserie med tradisjonelle dreneringstanker som passer luft-til-luft varmepumper og enda st\u00f8rre industrielle utend\u00f8rs varmepumper, som VRV-er og VRF-er. Dreneringsbrettet henger under stativet eller er plassert i stativet og bruker forlengbare opphengsbraketter.<\/p>\n<p>St\u00f8rre enheter produserer st\u00f8rre mengder kondensatvann, derfor kan Pro-tankene ta imot st\u00f8rre mengder vann.<\/p>\n<p>[\/et_pb_text][et_pb_divider color=&raquo;#b3b3b3&#8243; _builder_version=&raquo;3.22.2&#8243;][\/et_pb_divider][\/et_pb_column][\/et_pb_row][et_pb_row column_structure=&raquo;1_3,1_3,1_3&#8243; _builder_version=&raquo;3.25&#8243; width=&raquo;70%&raquo; max_width=&raquo;70%&raquo; use_custom_width=&raquo;on&raquo; width_unit=&raquo;off&raquo; custom_width_percent=&raquo;70%&raquo;][et_pb_column type=&raquo;1_3&#8243; _builder_version=&raquo;3.25&#8243; custom_padding=&raquo;|||&raquo; custom_padding__hover=&raquo;|||&raquo;][et_pb_blurb title=&raquo;Pro 630&#8243; image=&raquo;https:\/\/climaco.com\/wp-content\/uploads\/2019\/03\/ClimaLine_pro-930-1.png&raquo; _builder_version=&raquo;3.25.2&#8243; link_option_url=&raquo;https:\/\/climaco.com\/no\/climaline-pro-630\/&raquo;]<\/p>\n<p><strong>NYTT!&nbsp;<\/strong>Pro-serien 630-brettet er for st\u00f8rre varmepumper, VRV og VRF-er. Kun med Eco-kontroller.<\/p>\n<p>[\/et_pb_blurb][et_pb_blurb title=&raquo;Pro 791&#8243; image=&raquo;https:\/\/climaco.com\/wp-content\/uploads\/2019\/03\/ClimaLine_duo-galleri_1.png&raquo; _builder_version=&raquo;3.25.2&#8243; link_option_url=&raquo;https:\/\/climaco.com\/no\/climaline-pro-791\/&raquo;]<\/p>\n<p>Pro-serien 791 passer mange luft-til-luft varmepumper og enkelte luft-til-vann varmepumper.<\/p>\n<p>[\/et_pb_blurb][\/et_pb_column][et_pb_column type=&raquo;1_3&#8243; _builder_version=&raquo;3.25&#8243; custom_padding=&raquo;|||&raquo; custom_padding__hover=&raquo;|||&raquo;][et_pb_blurb title=&raquo;Pro 930&#8243; image=&raquo;https:\/\/climaco.com\/wp-content\/uploads\/2019\/03\/ClimaLine_pro-930-1.png&raquo; _builder_version=&raquo;3.25.2&#8243; link_option_url=&raquo;https:\/\/climaco.com\/no\/climaline-pro-930\/&raquo;]<\/p>\n<p>Pro 930 Eco-varmebrettet er for store varmepumper, VRV\/VRF-er med 90-100 cm rammeverk.<\/p>\n<p>[\/et_pb_blurb][\/et_pb_column][et_pb_column type=&raquo;1_3&#8243; _builder_version=&raquo;3.25&#8243; custom_padding=&raquo;|||&raquo; custom_padding__hover=&raquo;|||&raquo;][et_pb_blurb title=&raquo;Pro 1230&#8243; image=&raquo;https:\/\/climaco.com\/wp-content\/uploads\/2019\/03\/ClimaLine_pro-1230-1.png&raquo; _builder_version=&raquo;3.25.2&#8243; link_option_url=&raquo;https:\/\/climaco.com\/no\/climaline-pro-1230\/&raquo;]<\/p>\n<p>Pro 1230 Eco-brett er kun for store varmepumper, VRV\/VRF-er med 120-140 cm rammeverk.<\/p>\n<p>[\/et_pb_blurb][\/et_pb_column][\/et_pb_row][\/et_pb_section]<\/p>\n","protected":false},"excerpt":{"rendered":"<p>Pro-serien &nbsp; Pro er en produksjonsserie med tradisjonelle dreneringstanker som passer luft-til-luft varmepumper og enda st\u00f8rre industrielle utend\u00f8rs varmepumper, som VRV-er og VRF-er. Dreneringsbrettet henger under stativet eller er plassert i stativet og bruker forlengbare opphengsbraketter. St\u00f8rre enheter produserer st\u00f8rre mengder kondensatvann, derfor kan Pro-tankene ta imot st\u00f8rre mengder vann. NYTT!&nbsp;Pro-serien 630-brettet er for st\u00f8rre [&hellip;]<\/p>\n","protected":false},"author":2,"featured_media":0,"parent":0,"menu_order":0,"comment_status":"closed","ping_status":"closed","template":"","meta":{"_et_pb_use_builder":"on","_et_pb_old_content":"<!-- wp:divi\/placeholder \/-->","_et_gb_content_width":"","footnotes":""},"class_list":["post-2712","page","type-page","status-publish","hentry"],"_links":{"self":[{"href":"https:\/\/climaco.com\/no\/wp-json\/wp\/v2\/pages\/2712","targetHints":{"allow":["GET"]}}],"collection":[{"href":"https:\/\/climaco.com\/no\/wp-json\/wp\/v2\/pages"}],"about":[{"href":"https:\/\/climaco.com\/no\/wp-json\/wp\/v2\/types\/page"}],"author":[{"embeddable":true,"href":"https:\/\/climaco.com\/no\/wp-json\/wp\/v2\/users\/2"}],"replies":[{"embeddable":true,"href":"https:\/\/climaco.com\/no\/wp-json\/wp\/v2\/comments?post=2712"}],"version-history":[{"count":0,"href":"https:\/\/climaco.com\/no\/wp-json\/wp\/v2\/pages\/2712\/revisions"}],"wp:attachment":[{"href":"https:\/\/climaco.com\/no\/wp-json\/wp\/v2\/media?parent=2712"}],"curies":[{"name":"wp","href":"https:\/\/api.w.org\/{rel}","templated":true}]}}