{"id":2706,"date":"2019-10-09T08:22:15","date_gmt":"2019-10-09T06:22:15","guid":{"rendered":"https:\/\/climaco.com\/om-oss\/"},"modified":"2019-10-25T10:23:32","modified_gmt":"2019-10-25T08:23:32","slug":"om-oss","status":"publish","type":"page","link":"https:\/\/climaco.com\/no\/om-oss\/","title":{"rendered":"Om oss"},"content":{"rendered":"<p>[et_pb_section fb_built=&raquo;1&#8243; _builder_version=&raquo;3.22.3&#8243; background_color=&raquo;#f2f2f2&#8243; fb_built=&raquo;1&#8243; _i=&raquo;0&#8243; _address=&raquo;0&#8243;][et_pb_row _builder_version=&raquo;3.25&#8243; _i=&raquo;0&#8243; _address=&raquo;0.0&#8243;][et_pb_column type=&raquo;4_4&#8243; _builder_version=&raquo;3.25&#8243; custom_padding=&raquo;|||&raquo; custom_padding__hover=&raquo;|||&raquo; _i=&raquo;0&#8243; _address=&raquo;0.0.0&#8243;][et_pb_text _builder_version=&raquo;3.29.3&#8243; header_font=&raquo;||||||||&raquo; header_font_size=&raquo;34px&raquo; background_color=&raquo;#f2f2f2&#8243; hover_enabled=&raquo;0&#8243; _i=&raquo;0&#8243; _address=&raquo;0.0.0.0&#8243;]<\/p>\n<h1 style=\"text-align: center;\">Climaco<\/h1>\n<p>&nbsp;<\/p>\n<p>Vi har levert monteringsmateriell for kj\u00f8le- og varmepumpeindustrien siden 2003.\u00a0Vi begynte \u00e5 utvikle dreneringsbrett i st\u00e5l allerede i 2007 f\u00f8r vi i 2012 gikk over til plast. V\u00e5rt Pancake-design ble patentert i 2015.<\/p>\n<p>Per i dag arbeider vi hovedsakelig med drenering av kondensvann fra luftkondisjoneringsanlegg. Vi konstruerer og eier produksjonsverkt\u00f8y for 80 % av de produktene vi forhandler.<\/p>\n<p>Vi er markedsledende i det nordiske markedet og l\u00f8sningene v\u00e5re selges i ti land i Europa.<\/p>\n<p>[\/et_pb_text][et_pb_image src=&raquo;https:\/\/climaco.com\/wp-content\/uploads\/2019\/03\/Climaco_logo_black.png&raquo; align_tablet=&raquo;center&raquo; align_last_edited=&raquo;on|desktop&raquo; _builder_version=&raquo;3.23&#8243; max_width=&raquo;15%&raquo; _i=&raquo;1&#8243; _address=&raquo;0.0.0.1&#8243;][\/et_pb_image][\/et_pb_column][\/et_pb_row][\/et_pb_section]<\/p>\n","protected":false},"excerpt":{"rendered":"<p>Climaco &nbsp; Vi har levert monteringsmateriell for kj\u00f8le- og varmepumpeindustrien siden 2003.\u00a0Vi begynte \u00e5 utvikle dreneringsbrett i st\u00e5l allerede i 2007 f\u00f8r vi i 2012 gikk over til plast. V\u00e5rt Pancake-design ble patentert i 2015. Per i dag arbeider vi hovedsakelig med drenering av kondensvann fra luftkondisjoneringsanlegg. Vi konstruerer og eier produksjonsverkt\u00f8y for 80 % [&hellip;]<\/p>\n","protected":false},"author":2,"featured_media":0,"parent":0,"menu_order":0,"comment_status":"closed","ping_status":"closed","template":"","meta":{"_et_pb_use_builder":"on","_et_pb_old_content":"<!-- wp:divi\/placeholder \/-->","_et_gb_content_width":"","footnotes":""},"class_list":["post-2706","page","type-page","status-publish","hentry"],"_links":{"self":[{"href":"https:\/\/climaco.com\/no\/wp-json\/wp\/v2\/pages\/2706","targetHints":{"allow":["GET"]}}],"collection":[{"href":"https:\/\/climaco.com\/no\/wp-json\/wp\/v2\/pages"}],"about":[{"href":"https:\/\/climaco.com\/no\/wp-json\/wp\/v2\/types\/page"}],"author":[{"embeddable":true,"href":"https:\/\/climaco.com\/no\/wp-json\/wp\/v2\/users\/2"}],"replies":[{"embeddable":true,"href":"https:\/\/climaco.com\/no\/wp-json\/wp\/v2\/comments?post=2706"}],"version-history":[{"count":0,"href":"https:\/\/climaco.com\/no\/wp-json\/wp\/v2\/pages\/2706\/revisions"}],"wp:attachment":[{"href":"https:\/\/climaco.com\/no\/wp-json\/wp\/v2\/media?parent=2706"}],"curies":[{"name":"wp","href":"https:\/\/api.w.org\/{rel}","templated":true}]}}