{"id":2704,"date":"2019-10-09T08:22:13","date_gmt":"2019-10-09T06:22:13","guid":{"rendered":"https:\/\/climaco.com\/climaline-pro-930\/"},"modified":"2021-01-11T19:44:40","modified_gmt":"2021-01-11T18:44:40","slug":"climaline-pro-930","status":"publish","type":"page","link":"https:\/\/climaco.com\/no\/climaline-pro-930\/","title":{"rendered":"ClimaLine Pro 930"},"content":{"rendered":"<p>[et_pb_section fb_built=&raquo;1&#8243; custom_padding_last_edited=&raquo;on|desktop&raquo; next_background_color=&raquo;#ffffff&raquo; admin_label=&raquo;Header&raquo; _builder_version=&raquo;3.22.3&#8243; background_color_gradient_direction=&raquo;130deg&raquo; background_image=&raquo;https:\/\/climaco.com\/wp-content\/uploads\/2019\/02\/adventure-alpine-background-355770-e1551445271405.jpg&raquo; parallax=&raquo;on&raquo; custom_padding=&raquo;0px||0px||false|false&raquo; custom_padding_tablet=&raquo;0||0||true|false&raquo; custom_padding_phone=&raquo;||||true&raquo; bottom_divider_style=&raquo;ramp2&#8243; bottom_divider_height=&raquo;149px&raquo; bottom_divider_flip=&raquo;horizontal&raquo; bottom_divider_height_tablet=&raquo;150px&raquo; bottom_divider_height_phone=&raquo;110px&raquo; bottom_divider_height_last_edited=&raquo;on|phone&raquo; saved_tabs=&raquo;all&raquo;][et_pb_row column_structure=&raquo;1_2,1_2&#8243; use_custom_gutter=&raquo;on&raquo; gutter_width=&raquo;2&#8243; custom_padding_last_edited=&raquo;on|desktop&raquo; module_class=&raquo; et_pb_row_fullwidth&raquo; _builder_version=&raquo;3.25&#8243; width=&raquo;94%&raquo; width_tablet=&raquo;80%&raquo; width_phone=&raquo;&raquo; width_last_edited=&raquo;on|desktop&raquo; max_width=&raquo;94%&raquo; max_width_tablet=&raquo;80%&raquo; max_width_phone=&raquo;&raquo; max_width_last_edited=&raquo;on|desktop&raquo; custom_margin_tablet=&raquo;&raquo; custom_margin_phone=&raquo;&raquo; custom_margin_last_edited=&raquo;on|tablet&raquo; custom_padding=&raquo;30px|0px|30px|0px|false|false&raquo; custom_padding_tablet=&raquo;||40px|&raquo; custom_padding_phone=&raquo;0px||0px&raquo; make_fullwidth=&raquo;on&raquo;][et_pb_column type=&raquo;1_2&#8243; _builder_version=&raquo;3.25&#8243; custom_padding=&raquo;|||&raquo; custom_padding__hover=&raquo;|||&raquo;][et_pb_image src=&raquo;https:\/\/climaco.com\/wp-content\/uploads\/2019\/03\/ClimaLine_Pro_930_HeatPan_VRF.png&raquo; _builder_version=&raquo;3.23&#8243; max_width=&raquo;47%&raquo; max_width_tablet=&raquo;59%&raquo; max_width_phone=&raquo;60%&raquo; max_width_last_edited=&raquo;on|desktop&raquo; module_alignment=&raquo;center&raquo; custom_margin_tablet=&raquo;&raquo; custom_margin_phone=&raquo;15px||-15px&raquo; custom_margin_last_edited=&raquo;on|desktop&raquo; custom_padding=&raquo;0px||0px&raquo; always_center_on_mobile=&raquo;off&raquo;][\/et_pb_image][\/et_pb_column][et_pb_column type=&raquo;1_2&#8243; _builder_version=&raquo;3.25&#8243; custom_padding=&raquo;|||&raquo; custom_padding__hover=&raquo;|||&raquo;][et_pb_image src=&raquo;https:\/\/climaco.com\/wp-content\/uploads\/2019\/11\/ClimaLine_Pro_930.png&raquo; _builder_version=&raquo;4.0.6&#8243; max_width=&raquo;79%&raquo; module_alignment=&raquo;center&raquo; custom_margin=&raquo;0px||&raquo; always_center_on_mobile=&raquo;off&raquo;][\/et_pb_image][\/et_pb_column][\/et_pb_row][\/et_pb_section][et_pb_section fb_built=&raquo;1&#8243; admin_label=&raquo;Get Started&raquo; _builder_version=&raquo;3.22.3&#8243; custom_margin_tablet=&raquo;&raquo; custom_margin_phone=&raquo;&raquo; custom_margin_last_edited=&raquo;on|tablet&raquo; custom_padding=&raquo;0px||0px||false|false&raquo; saved_tabs=&raquo;all&raquo;][et_pb_row column_structure=&raquo;1_2,1_2&#8243; use_custom_gutter=&raquo;on&raquo; gutter_width=&raquo;2&#8243; _builder_version=&raquo;4.0.8&#8243; max_width=&raquo;1440px&raquo; custom_margin=&raquo;|||&raquo; custom_margin_tablet=&raquo;&raquo; custom_margin_phone=&raquo;&raquo; custom_margin_last_edited=&raquo;on|desktop&raquo; custom_padding=&raquo;13px||0px||false|false&raquo; border_color_all=&raquo;rgba(0,0,0,0)&raquo; use_custom_width=&raquo;on&raquo; width_unit=&raquo;off&raquo;][et_pb_column type=&raquo;1_2&#8243; _builder_version=&raquo;3.25&#8243; custom_padding=&raquo;0px||30px|&raquo; custom_padding_tablet=&raquo;||0px&raquo; custom_padding_phone=&raquo;&raquo; custom_padding_last_edited=&raquo;on|tablet&raquo; custom_padding__hover=&raquo;|||&raquo;][et_pb_image src=&raquo;https:\/\/climaco.com\/wp-content\/uploads\/2019\/12\/Pro_9_logo.png&raquo; align_tablet=&raquo;center&raquo; align_phone=&raquo;&raquo; align_last_edited=&raquo;on|desktop&raquo; _builder_version=&raquo;4.0.8&#8243; max_width=&raquo;40%&raquo; max_width_tablet=&raquo;50%&raquo; max_width_phone=&raquo;50%&raquo; max_width_last_edited=&raquo;on|desktop&raquo; module_alignment=&raquo;left&raquo;][\/et_pb_image][et_pb_text _builder_version=&raquo;4.0.9&#8243; header_font=&raquo;||||||||&raquo; header_2_font=&raquo;BebasNeue Bold||||||||&raquo; header_2_font_size=&raquo;50px&raquo;]<\/p>\n<h2>Climaline Pro 9 Eco<\/h2>\n<p>Dreneringsbrettet har dobbel bunn med innebygget varmematte montert i en metallfoliepose for best varmefordeling. Varmematten har to adskilte termostatkontrollerte varmekabler. Den prim\u00e6re sl\u00e5r inn ved +2\u00b0C og den sekund\u00e6re -8\u00b0C n\u00e5r det beh\u00f8ves ekstra str\u00f8m. Brettet har funksjonsmessig blitt testet ned til -30 \u00b0C.\u00a0Brettet har oppvarmede sider og er utstyrt med v\u00e5re nye slangeadaptere med l\u00f8vfanger og hylsekopling p\u00e5 \u00d825 mm.<\/p>\n<p>Vi anbefaler kondensdreneringssettet med \u00d825mm isolert slange.<\/p>\n<p>[\/et_pb_text][et_pb_text _builder_version=&raquo;3.27.4&#8243; text_font=&raquo;||||||||&raquo; link_font=&raquo;|700|||||||&raquo; link_text_color=&raquo;#757575&#8243; link_font_size=&raquo;15px&raquo; header_font=&raquo;||||||||&raquo; header_2_font=&raquo;BebasNeue Bold||||||||&raquo; header_2_font_size=&raquo;50px&raquo;]<\/p>\n<h2>Teknisk info<\/h2>\n<p>[\/et_pb_text][et_pb_tabs _builder_version=&raquo;4.7.7&#8243; body_font=&raquo;||||||||&raquo; body_text_align=&raquo;left&raquo; tab_font=&raquo;||||||||&raquo; max_width_tablet=&raquo;&raquo; max_width_phone=&raquo;&raquo; max_width_last_edited=&raquo;on|desktop&raquo; module_alignment=&raquo;left&raquo; hover_enabled=&raquo;0&#8243; sticky_enabled=&raquo;0&#8243;][et_pb_tab title=&raquo;ClimaLine Pro 9 Eco&raquo; _builder_version=&raquo;4.7.7&#8243; tab_font=&raquo;||||||||&raquo; tab_font_size=&raquo;14px&raquo; tab_letter_spacing=&raquo;0px&raquo; tab_line_height=&raquo;1em&raquo; hover_enabled=&raquo;0&#8243; sticky_enabled=&raquo;0&#8243;]<\/p>\n<ul>\n<li>Farge: Grafittgr\u00e5<\/li>\n<li>Materiale: ABS\/PMMA-plast<\/li>\n<li>Motstandsdyktig mot UV-str\u00e5ling og sjokk ned til -40 \u00b0C<\/li>\n<li>Lengde: 932 mm<\/li>\n<li>Dybde: 610 mm<\/li>\n<li>H\u00f8yde: 35 mm (uten slangeadapter)<\/li>\n<li>Slangeadapter med l\u00f8vfanger, for slange\/r\u00f8r med innvendig \u00d8 20\/25 mm<\/li>\n<li>Oppvarmingsmatte-\/str\u00f8m: 292 Watt<\/li>\n<li>Str\u00f8mtilf\u00f8rsel: 220-240 volt\/50 Hz<\/li>\n<li>Termostatkontrollert varmematte: Ja, \u00f8ko-versjon<\/li>\n<li>Termostater: 2 innebygde, prim\u00e6rbryter p\u00e5 ved +2 \u00b0C, sekund\u00e6r ved -8 \u00b0C<\/li>\n<li>Suspensjon for Daikin EWAQ-EWYQ BAWN-serien<\/li>\n<li>Str\u00f8mkabel: 3000 mm<\/li>\n<li>Maks v\u00e6skegjennomstr\u00f8mning, med 3 meter slange\/kabel\/10 % fall: 12 liter\/min<\/li>\n<\/ul>\n<p>Designet av Climaco<\/p>\n<p>[\/et_pb_tab][et_pb_tab title=&raquo;Passer disse utend\u00f8rsenhetene&raquo; _builder_version=&raquo;3.29.3&#8243;]<\/p>\n<p>Designet for utend\u00f8rsenheter med en lengde p\u00e5 870-1000 mm som ikke er dypere enn 610-850 mm.<\/p>\n<ul>\n<li>Daikin utend\u00f8rsenheter EWAQ\/YQ 16\/25 og 40\/50<\/li>\n<li>Mange av Daikins utend\u00f8rsenheter VRV III og&nbsp;VRV IV<\/li>\n<li>Fujitsu&nbsp;utend\u00f8rsenheter A72\/90\/108LALH<\/li>\n<li>Samsung&nbsp;utend\u00f8rsenheter AM 080\/100\/120 JXVAGH<\/li>\n<\/ul>\n<p>Du finner flere utend\u00f8rsenheter <strong>her<\/strong>.<\/p>\n<p>[\/et_pb_tab][et_pb_tab title=&raquo;Inkludert er&raquo; _builder_version=&raquo;4.7.7&#8243; hover_enabled=&raquo;0&#8243; sticky_enabled=&raquo;0&#8243;]Dette er inkludert:<\/p>\n<ul>\n<li>Varmebrett ClimaLine Pro 9 Eco<\/li>\n<li>Slangeadapter med l\u00f8vfanger<\/li>\n<li>Universalbeslag<\/li>\n<\/ul>\n<p>[\/et_pb_tab][et_pb_tab title=&raquo;Vanndreneringssett&raquo; _builder_version=&raquo;3.29.3&#8243; tab_font=&raquo;||||||||&raquo;]<\/p>\n<p>Oppvarmingssettet for vanndrenering er tilgjengelig i lengdene 1,2,3,4,5,6,7,8 s\u00e5vel som 10 og 12m. Disse er lett \u00e5 kople til brettadapteren for \u00e5 drenere vannet bort fra dreneringsbrettet.<\/p>\n<p>Et oppvarmet dreneringssett for Pro 630-, 930- og 1230-brettene inneholder:<\/p>\n<ul>\n<li>Isolerte kondenseringsslanger<\/li>\n<li>Farge: Beige<\/li>\n<li>Motstandsdyktig mot UV-str\u00e5ling og sjokk<\/li>\n<li>Slange, ytre \u00d8 37 mm, indre \u00d8 25 mm<\/li>\n<li>Slangeklammer med dobbell\u00e5sning<\/li>\n<li>Varmekabler, str\u00f8m 15w\/m.<\/li>\n<li>Termostat, P\u00c5 +2 \u00b0C,&nbsp;mellom kuldekabelen og varmekabelen<\/li>\n<li>St\u00f8psel, jordet<\/li>\n<li>Vegg-\/jordfeste for slange<\/li>\n<\/ul>\n<p>Les mer om settene <a href=\"https:\/\/climaco.com\/no\/varmesett\/\"><strong>her<\/strong><\/a>.<\/p>\n<p>[\/et_pb_tab][et_pb_tab title=&raquo;Dokument&raquo; _builder_version=&raquo;3.29.3&#8243; body_font=&raquo;|700|||||||&raquo; tab_font=&raquo;||||||||&raquo;][\/et_pb_tab][\/et_pb_tabs][\/et_pb_column][et_pb_column type=&raquo;1_2&#8243; _builder_version=&raquo;3.25&#8243; custom_padding=&raquo;0px|||&raquo; custom_padding_tablet=&raquo;0px||20px&raquo; custom_padding_phone=&raquo;0px||20px|&raquo; custom_padding_last_edited=&raquo;on|phone&raquo; custom_padding__hover=&raquo;|||&raquo;][et_pb_gallery gallery_ids=&raquo;3604,3608,3710,3596,2987,2993&#8243; fullwidth=&raquo;on&raquo; _builder_version=&raquo;4.0.8&#8243; auto=&raquo;on&raquo;][\/et_pb_gallery][\/et_pb_column][\/et_pb_row][\/et_pb_section]<\/p>\n","protected":false},"excerpt":{"rendered":"<p>Climaline Pro 9 Eco Dreneringsbrettet har dobbel bunn med innebygget varmematte montert i en metallfoliepose for best varmefordeling. Varmematten har to adskilte termostatkontrollerte varmekabler. Den prim\u00e6re sl\u00e5r inn ved +2\u00b0C og den sekund\u00e6re -8\u00b0C n\u00e5r det beh\u00f8ves ekstra str\u00f8m. Brettet har funksjonsmessig blitt testet ned til -30 \u00b0C.\u00a0Brettet har oppvarmede sider og er utstyrt med [&hellip;]<\/p>\n","protected":false},"author":2,"featured_media":0,"parent":0,"menu_order":0,"comment_status":"closed","ping_status":"closed","template":"","meta":{"_et_pb_use_builder":"on","_et_pb_old_content":"","_et_gb_content_width":"","footnotes":""},"class_list":["post-2704","page","type-page","status-publish","hentry"],"_links":{"self":[{"href":"https:\/\/climaco.com\/no\/wp-json\/wp\/v2\/pages\/2704","targetHints":{"allow":["GET"]}}],"collection":[{"href":"https:\/\/climaco.com\/no\/wp-json\/wp\/v2\/pages"}],"about":[{"href":"https:\/\/climaco.com\/no\/wp-json\/wp\/v2\/types\/page"}],"author":[{"embeddable":true,"href":"https:\/\/climaco.com\/no\/wp-json\/wp\/v2\/users\/2"}],"replies":[{"embeddable":true,"href":"https:\/\/climaco.com\/no\/wp-json\/wp\/v2\/comments?post=2704"}],"version-history":[{"count":0,"href":"https:\/\/climaco.com\/no\/wp-json\/wp\/v2\/pages\/2704\/revisions"}],"wp:attachment":[{"href":"https:\/\/climaco.com\/no\/wp-json\/wp\/v2\/media?parent=2704"}],"curies":[{"name":"wp","href":"https:\/\/api.w.org\/{rel}","templated":true}]}}