{"id":2702,"date":"2019-10-09T08:22:12","date_gmt":"2019-10-09T06:22:12","guid":{"rendered":"https:\/\/climaco.com\/oppvarmingssett-for-brett\/"},"modified":"2019-10-09T08:22:23","modified_gmt":"2019-10-09T06:22:23","slug":"oppvarmingssett-for-brett","status":"publish","type":"page","link":"https:\/\/climaco.com\/no\/oppvarmingssett-for-brett\/","title":{"rendered":"Oppvarmingssett for brett"},"content":{"rendered":"<p>[et_pb_section fb_built=&raquo;1&#8243; custom_padding_last_edited=&raquo;on|desktop&raquo; next_background_color=&raquo;#ffffff&raquo; admin_label=&raquo;Header&raquo; _builder_version=&raquo;3.22.3&#8243; background_color_gradient_direction=&raquo;130deg&raquo; background_image=&raquo;https:\/\/climaco.com\/wp-content\/uploads\/2019\/02\/adventure-alpine-background-355770-e1551445271405.jpg&raquo; parallax=&raquo;on&raquo; custom_padding=&raquo;0px||0px||false|false&raquo; custom_padding_tablet=&raquo;0||0||true|false&raquo; custom_padding_phone=&raquo;||||true&raquo; bottom_divider_style=&raquo;ramp2&#8243; bottom_divider_height=&raquo;149px&raquo; bottom_divider_flip=&raquo;horizontal&raquo; bottom_divider_height_tablet=&raquo;150px&raquo; bottom_divider_height_phone=&raquo;110px&raquo; bottom_divider_height_last_edited=&raquo;on|phone&raquo; saved_tabs=&raquo;all&raquo;][et_pb_row column_structure=&raquo;1_2,1_2&#8243; use_custom_gutter=&raquo;on&raquo; gutter_width=&raquo;2&#8243; custom_padding=&raquo;30px|0px|30px|0px|false|false&raquo; custom_padding_tablet=&raquo;||40px|&raquo; custom_padding_phone=&raquo;0px||0px&raquo; custom_padding_last_edited=&raquo;on|desktop&raquo; module_class=&raquo; et_pb_row_fullwidth&raquo; _builder_version=&raquo;3.25&#8243; width=&raquo;94%&raquo; width_tablet=&raquo;80%&raquo; width_last_edited=&raquo;on|desktop&raquo; max_width=&raquo;94%&raquo; max_width_tablet=&raquo;80%&raquo; max_width_last_edited=&raquo;on|desktop&raquo; custom_margin_last_edited=&raquo;on|tablet&raquo; make_fullwidth=&raquo;on&raquo;][et_pb_column type=&raquo;1_2&#8243; _builder_version=&raquo;3.25&#8243; custom_padding=&raquo;|||&raquo; custom_padding__hover=&raquo;|||&raquo;][et_pb_image src=&raquo;https:\/\/climaco.com\/wp-content\/uploads\/2019\/03\/heatcable.png&raquo; _builder_version=&raquo;3.23&#8243; max_width=&raquo;83%&raquo; max_width_tablet=&raquo;59%&raquo; max_width_phone=&raquo;60%&raquo; max_width_last_edited=&raquo;on|desktop&raquo; module_alignment=&raquo;center&raquo; always_center_on_mobile=&raquo;off&raquo;][\/et_pb_image][\/et_pb_column][et_pb_column type=&raquo;1_2&#8243; _builder_version=&raquo;3.25&#8243; custom_padding=&raquo;|||&raquo; custom_padding__hover=&raquo;|||&raquo;][et_pb_image src=&raquo;https:\/\/climaco.com\/wp-content\/uploads\/2019\/03\/isolated_hose.png&raquo; _builder_version=&raquo;3.23&#8243; max_width=&raquo;83%&raquo; module_alignment=&raquo;center&raquo; custom_margin=&raquo;0px||&raquo; always_center_on_mobile=&raquo;off&raquo;][\/et_pb_image][\/et_pb_column][\/et_pb_row][\/et_pb_section][et_pb_section fb_built=&raquo;1&#8243; admin_label=&raquo;Get Started&raquo; _builder_version=&raquo;3.22.3&#8243; custom_margin_last_edited=&raquo;on|tablet&raquo; custom_padding=&raquo;0px||0px||false|false&raquo; saved_tabs=&raquo;all&raquo;][et_pb_row column_structure=&raquo;1_2,1_2&#8243; use_custom_gutter=&raquo;on&raquo; gutter_width=&raquo;2&#8243; custom_padding=&raquo;13px||0px||false|false&raquo; custom_margin=&raquo;|||&raquo; _builder_version=&raquo;3.25&#8243; border_color_all=&raquo;rgba(0,0,0,0)&raquo; max_width=&raquo;1440px&raquo; custom_margin_last_edited=&raquo;on|desktop&raquo; use_custom_width=&raquo;on&raquo; width_unit=&raquo;off&raquo;][et_pb_column type=&raquo;1_2&#8243; _builder_version=&raquo;3.25&#8243; custom_padding=&raquo;0px||30px|&raquo; custom_padding_tablet=&raquo;||0px&raquo; custom_padding_last_edited=&raquo;on|tablet&raquo; custom_padding__hover=&raquo;|||&raquo;][et_pb_text _builder_version=&raquo;3.25.2&#8243; header_font=&raquo;||||||||&raquo; header_2_font=&raquo;BebasNeue Bold||||||||&raquo; header_2_font_size=&raquo;50px&raquo;]<\/p>\n<h2>Oppvarmingssett for tanker<\/h2>\n<p><span>Dreningersett best\u00e5r av slange, oppvarmingskabel, multiadapter, slangeklemmer og veggfester for slanger.&nbsp;<\/span><\/p>\n<p><span>For \u00e5 redusere energiforbruk, bruker vi en termostatkontrollert&nbsp;<\/span> varmekabel, som starter ved +2 \u00b0C. Den isolerte slangen betyr at vi bare trenger en lavstr\u00f8mskabel, med 15 w\/m str\u00f8m.<\/p>\n<p><strong>Oppvarmingssettene er tilgjengelig i 1, 2, 3, 4, 5, 6, 7, 8 s\u00e5 vel som 10 og 12 m.<\/strong><\/p>\n<p><span>Passer perfekt med alle adaptere med ytre \u00d819-21 mm. Passer for drenering av kondensat fra varmepumpens utend\u00f8rsenhet og v\u00e5rt oppvarmede brett.<\/span><\/p>\n<p>[\/et_pb_text][et_pb_accordion _builder_version=&raquo;3.22.7&#8243;][et_pb_accordion_item title=&raquo;Hvor mye kondens kan jeg tappe av r\u00f8r\/slanger uten varme?&raquo; open=&raquo;on&raquo; _builder_version=&raquo;3.22.7&#8243; title_text_shadow_horizontal_length=&raquo;0em&raquo; title_text_shadow_vertical_length=&raquo;0em&raquo; title_text_shadow_blur_strength=&raquo;0em&raquo; closed_title_text_shadow_horizontal_length=&raquo;0em&raquo; closed_title_text_shadow_vertical_length=&raquo;0em&raquo; closed_title_text_shadow_blur_strength=&raquo;0em&raquo;]<\/p>\n<p>Maks. 20 cm<\/p>\n<p>[\/et_pb_accordion_item][\/et_pb_accordion][et_pb_text _builder_version=&raquo;3.19.18&#8243; text_font=&raquo;||||||||&raquo; link_font=&raquo;|700|||||||&raquo; link_text_color=&raquo;#757575&#8243; link_font_size=&raquo;15px&raquo; header_font=&raquo;||||||||&raquo; header_2_font=&raquo;BebasNeue Bold||||||||&raquo; header_2_font_size=&raquo;50px&raquo;]<\/p>\n<h2>Teknisk info<\/h2>\n<p>[\/et_pb_text][et_pb_tabs _builder_version=&raquo;3.25.2&#8243; body_font=&raquo;||||||||&raquo; body_text_align=&raquo;left&raquo; tab_font=&raquo;||||||||&raquo; max_width_last_edited=&raquo;on|desktop&raquo; module_alignment=&raquo;left&raquo;][et_pb_tab title=&raquo;Dreneringssett, oppvarmet&raquo; _builder_version=&raquo;3.25.2&#8243; tab_font=&raquo;||||||||&raquo;]<\/p>\n<ul>\n<li>Isolert dreneringsslange<\/li>\n<li>Farge: Bl\u00e5gr\u00e5<\/li>\n<li>Motstandsdyktig mot UV-str\u00e5ling og sjokk<\/li>\n<li>Slange, ytre \u00d8 31 mm, indre \u00d8 19 mm<\/li>\n<li>Oppvarmingskabel, str\u00f8m 15w\/m<\/li>\n<li>Termostat er installert mellom varm og kald kabel<\/li>\n<li>Termal klixontermostat, P\u00c5 +2 \u00b0C<\/li>\n<li>Jordet st\u00f8psel<\/li>\n<li>Slangeklemmer med dobbell\u00e5sning<\/li>\n<li>Veggfester for slanger<\/li>\n<\/ul>\n<p>Eksempel: Et 3m dreneringssett inneholder en 3m dreneringsslange og en 4m varmeslange, hvor 3m er oppvarmet og 1m er kald kabel.<\/p>\n<p>[\/et_pb_tab][et_pb_tab title=&raquo;Passer f\u00f8lgende brett&raquo; _builder_version=&raquo;3.25.2&#8243;]<\/p>\n<ul>\n<li>Pancake 1, 2, 3 og 5<\/li>\n<li>DUO 791 og 951<\/li>\n<li>PRO 777, 888, 630, 930 og 1230<\/li>\n<li>ClimaLine 790 og 950<\/li>\n<\/ul>\n<p>Designet for \u00e5 passe alle slangeadaptere med&nbsp;ermekopling \u00d820 mm (19-21 mm).<\/p>\n<p>[\/et_pb_tab][et_pb_tab title=&raquo;Inkludert er&raquo; _builder_version=&raquo;3.25.2&#8243;]<\/p>\n<ul>\n<li>Isolert kondensatvannslange tilpasset settets lengde.<\/li>\n<li>1 stk. slangeklamme, dobbell\u00e5sing<\/li>\n<li>1 varmekabel, str\u00f8m 15w \/ m, termostatkontrollert, montert mellom kald og varm kabel med jordet st\u00f8psel.<\/li>\n<li>Vegg-\/jordfeste for slange<\/li>\n<\/ul>\n<p>[\/et_pb_tab][et_pb_tab title=&raquo;Dokument&raquo; _builder_version=&raquo;3.20.1&#8243; body_font=&raquo;|700|||||||&raquo; tab_font=&raquo;||||||||&raquo;]<img loading=\"lazy\" decoding=\"async\" src=\"https:\/\/climaco.com\/wp-content\/uploads\/2019\/03\/pdf-symbol-150x150.png\" width=\"67\" height=\"68\" alt=\"\" class=\"wp-image-239 aligncenter size-thumbnail\" style=\"float: left;\" srcset=\"https:\/\/climaco.com\/wp-content\/uploads\/2019\/03\/pdf-symbol-150x150.png 150w, https:\/\/climaco.com\/wp-content\/uploads\/2019\/03\/pdf-symbol.png 200w\" sizes=\"(max-width: 67px) 100vw, 67px\" \/><a href=\"#\" target=\"_blank\" rel=\"noopener noreferrer\" title=\"Installasjonsinstruksjoner, Pancake 1\"> Installasjonsinstruksjoner<\/a>[\/et_pb_tab][\/et_pb_tabs][\/et_pb_column][et_pb_column type=&raquo;1_2&#8243; _builder_version=&raquo;3.25&#8243; custom_padding=&raquo;0px|||&raquo; custom_padding_tablet=&raquo;0px||20px&raquo; custom_padding_phone=&raquo;0px||20px|&raquo; custom_padding_last_edited=&raquo;on|phone&raquo; custom_padding__hover=&raquo;|||&raquo;][et_pb_gallery gallery_ids=&raquo;1869&#8243; fullwidth=&raquo;on&raquo; _builder_version=&raquo;3.25.2&#8243; auto=&raquo;on&raquo;][\/et_pb_gallery][\/et_pb_column][\/et_pb_row][\/et_pb_section]<\/p>\n","protected":false},"excerpt":{"rendered":"<p>Oppvarmingssett for tanker Dreningersett best\u00e5r av slange, oppvarmingskabel, multiadapter, slangeklemmer og veggfester for slanger.&nbsp; For \u00e5 redusere energiforbruk, bruker vi en termostatkontrollert&nbsp; varmekabel, som starter ved +2 \u00b0C. Den isolerte slangen betyr at vi bare trenger en lavstr\u00f8mskabel, med 15 w\/m str\u00f8m. Oppvarmingssettene er tilgjengelig i 1, 2, 3, 4, 5, 6, 7, 8 s\u00e5 [&hellip;]<\/p>\n","protected":false},"author":2,"featured_media":0,"parent":0,"menu_order":0,"comment_status":"closed","ping_status":"closed","template":"","meta":{"_et_pb_use_builder":"on","_et_pb_old_content":"","_et_gb_content_width":"","footnotes":""},"class_list":["post-2702","page","type-page","status-publish","hentry"],"_links":{"self":[{"href":"https:\/\/climaco.com\/no\/wp-json\/wp\/v2\/pages\/2702","targetHints":{"allow":["GET"]}}],"collection":[{"href":"https:\/\/climaco.com\/no\/wp-json\/wp\/v2\/pages"}],"about":[{"href":"https:\/\/climaco.com\/no\/wp-json\/wp\/v2\/types\/page"}],"author":[{"embeddable":true,"href":"https:\/\/climaco.com\/no\/wp-json\/wp\/v2\/users\/2"}],"replies":[{"embeddable":true,"href":"https:\/\/climaco.com\/no\/wp-json\/wp\/v2\/comments?post=2702"}],"version-history":[{"count":0,"href":"https:\/\/climaco.com\/no\/wp-json\/wp\/v2\/pages\/2702\/revisions"}],"wp:attachment":[{"href":"https:\/\/climaco.com\/no\/wp-json\/wp\/v2\/media?parent=2702"}],"curies":[{"name":"wp","href":"https:\/\/api.w.org\/{rel}","templated":true}]}}