{"id":2676,"date":"2019-10-09T08:21:18","date_gmt":"2019-10-09T06:21:18","guid":{"rendered":"https:\/\/climaco.com\/vedlegg\/"},"modified":"2020-07-03T10:13:48","modified_gmt":"2020-07-03T08:13:48","slug":"vedlegg","status":"publish","type":"page","link":"https:\/\/climaco.com\/no\/vedlegg\/","title":{"rendered":"Vedlegg"},"content":{"rendered":"<p>[et_pb_section fb_built=&raquo;1&#8243; _builder_version=&raquo;3.22.3&#8243;][et_pb_row _builder_version=&raquo;3.25&#8243;][et_pb_column type=&raquo;4_4&#8243; _builder_version=&raquo;3.25&#8243; custom_padding=&raquo;|||&raquo; custom_padding__hover=&raquo;|||&raquo;][et_pb_text _builder_version=&raquo;3.25.2&#8243;]<\/p>\n<h2>Vedlegg<\/h2>\n<p>&nbsp;<\/p>\n<p>[\/et_pb_text][\/et_pb_column][\/et_pb_row][et_pb_row column_structure=&raquo;1_4,1_4,1_4,1_4&#8243; _builder_version=&raquo;3.25&#8243;][et_pb_column type=&raquo;1_4&#8243; _builder_version=&raquo;3.25&#8243; custom_padding=&raquo;|||&raquo; custom_padding__hover=&raquo;|||&raquo;][et_pb_blurb title=&raquo;St\u00f8tteplate for Pancake-brett&raquo; url=&raquo;https:\/\/climaco.com\/no\/stotteplate-for-pancake-1\/&raquo; image=&raquo;https:\/\/climaco.com\/wp-content\/uploads\/2019\/03\/Stodplatta_pancake-1.png&raquo; _builder_version=&raquo;3.25.2&#8243; link_option_url=&raquo;https:\/\/climaco.com\/no\/stotteplate-for-pancake-1\/&raquo;]<\/p>\n<p style=\"margin: 0cm; margin-bottom: .0001pt; background: white; vertical-align: baseline;\"><span style=\"font-size: 10.5pt; font-family: 'Arial',sans-serif; color: #666666;\">St\u00f8tte for Pancake 1- og 2-tanker hvor avstanden mellom festene p\u00e5 varmepumpen er for store &#8230;<o:p><\/o:p><\/span><\/p>\n<p>[\/et_pb_blurb][et_pb_blurb title=&raquo;Braketter for PRO-serien&raquo; url=&raquo;https:\/\/climaco.com\/no\/braketter-for-pro-serien\/&raquo; image=&raquo;https:\/\/climaco.com\/wp-content\/uploads\/2019\/03\/Konsoler_pro.png&raquo; _builder_version=&raquo;3.25.2&#8243; link_option_url=&raquo;https:\/\/climaco.com\/no\/braketter-for-pro-serien\/&raquo;]<\/p>\n<p>Universalbraketter for bakkest\u00f8tter, kun for PRO 630-, 930- og 1230-tanker.<\/p>\n<p>[\/et_pb_blurb][et_pb_blurb title=&raquo;Slangeadapter Gr\u00e5&raquo; url=&raquo;https:\/\/climaco.com\/no\/gra-slangeadapter\/&raquo; image=&raquo;https:\/\/climaco.com\/wp-content\/uploads\/2019\/03\/Grey_adapter.png&raquo; _builder_version=&raquo;3.25.2&#8243; link_option_url=&raquo;https:\/\/climaco.com\/no\/gra-slangeadapter\/&raquo;]<\/p>\n<p>Gr\u00e5 adapter for slange \u00d818-20 mm med innf\u00f8ring for varmekabel. For toppinnmating for varmekabel.<\/p>\n<p>[\/et_pb_blurb][et_pb_blurb title=&raquo;\u00d825 Isolert slange&raquo; url=&raquo;https:\/\/climaco.com\/no\/isolert-dreneringsslange-25\/&raquo; image=&raquo;https:\/\/climaco.com\/wp-content\/uploads\/2019\/06\/Isolslang-25.png&raquo; _builder_version=&raquo;3.25.2&#8243; link_option_url=&raquo;https:\/\/climaco.com\/no\/isolert-dreneringsslange-25\/&raquo;]<\/p>\n<p>Isolert beige innerslange \u00d825 mm,&nbsp;ekstern \u00d837 mm, for PRO 630-, 930- og 1230-varmebrett.<\/p>\n<p>[\/et_pb_blurb][et_pb_blurb title=&raquo;Slangeadapter med l\u00f8vkurv&raquo; url=&raquo;https:\/\/climaco.com\/no\/slangeadapter-med-lovfanger\/&raquo; image=&raquo;https:\/\/climaco.com\/wp-content\/uploads\/2019\/06\/Adapter_leaf-basket.png&raquo; _builder_version=&raquo;3.25.2&#8243; link_option_url=&raquo;https:\/\/climaco.com\/no\/slangeadapter-med-lovfanger\/&raquo;]<\/p>\n<p>Adapter med l\u00f8vkurv for slange \u00d820 og 25 mm, med side-\/undermating for varmekabel.<\/p>\n<p>[\/et_pb_blurb][\/et_pb_column][et_pb_column type=&raquo;1_4&#8243; _builder_version=&raquo;3.25&#8243; custom_padding=&raquo;|||&raquo; custom_padding__hover=&raquo;|||&raquo;][et_pb_blurb title=&raquo;St\u00f8tteplater for Pancake 2&#8243; url=&raquo;https:\/\/climaco.com\/no\/stotteplate-for-pancake-2\/&raquo; image=&raquo;https:\/\/climaco.com\/wp-content\/uploads\/2019\/03\/Stodplatta_pancake-2.png&raquo; _builder_version=&raquo;3.25.2&#8243; link_option_url=&raquo;https:\/\/climaco.com\/no\/stotteplate-for-pancake-2\/&raquo;]<\/p>\n<p>En plate som brukes dersom utend\u00f8rsenheten er ekstra bred mellom monteringspunktene.<\/p>\n<p>[\/et_pb_blurb][et_pb_blurb title=&raquo;Braketter for PRO 791-brettet.&raquo; url=&raquo;https:\/\/climaco.com\/no\/braketter-for-pro-791\/&raquo; image=&raquo;https:\/\/climaco.com\/wp-content\/uploads\/2019\/03\/universal_faste_pro.png&raquo; _builder_version=&raquo;3.25.2&#8243; link_option_url=&raquo;https:\/\/climaco.com\/no\/braketter-for-pro-791\/&raquo;]<\/p>\n<p>Universalbraketter for PRO 791-dreneringsbrett. Varmegalvanisert st\u00e5l.<\/p>\n<p>[\/et_pb_blurb][et_pb_blurb title=&raquo;Hvit slangeadapter&raquo; url=&raquo;https:\/\/climaco.com\/no\/hvit-slangeadapter\/&raquo; image=&raquo;https:\/\/climaco.com\/wp-content\/uploads\/2019\/06\/White_adapter.png&raquo; _builder_version=&raquo;3.25.2&#8243; link_option_url=&raquo;https:\/\/climaco.com\/no\/hvit-slangeadapter\/&raquo;]<\/p>\n<p>Hvit adapter, for slange \u00d818-20mm, med innf\u00f8ring for varmekabel. For toppinnmating for varmekabel.<\/p>\n<p>[\/et_pb_blurb][et_pb_blurb title=&raquo;\u00d819 Isolert slange&raquo; url=&raquo;https:\/\/climaco.com\/no\/isolert-dreneringsslange-19\/&raquo; image=&raquo;https:\/\/climaco.com\/wp-content\/uploads\/2019\/06\/Isolslang-19.png&raquo; _builder_version=&raquo;3.25.2&#8243; link_option_url=&raquo;https:\/\/climaco.com\/no\/isolert-dreneringsslange-19\/&raquo;]<\/p>\n<p>Isolert gr\u00e5 slange, indre \u00d819 mm,&nbsp;ytre \u00d831 mm, for dreneringssett og dreneringsbrett.<\/p>\n<p>[\/et_pb_blurb][et_pb_blurb title=&raquo;Slangeadapter \u00d820\/21mm&raquo; url=&raquo;https:\/\/climaco.com\/no\/slangeadapter-20\/&raquo; image=&raquo;https:\/\/climaco.com\/wp-content\/uploads\/2019\/06\/slangadapter-31.png&raquo; _builder_version=&raquo;3.25.2&#8243; custom_padding=&raquo;|||0px||&raquo; link_option_url=&raquo;https:\/\/climaco.com\/no\/slangeadapter-20\/&raquo;]<\/p>\n<p><span>Slangeadapter, for kopling mellom uttak p\u00e5 utend\u00f8rsenhet og slange. Ytre uttak \u00d820\/21, slangekopling \u00d820\/25 mm.<\/span><\/p>\n<p>[\/et_pb_blurb][\/et_pb_column][et_pb_column type=&raquo;1_4&#8243; _builder_version=&raquo;3.25&#8243; custom_padding=&raquo;|||&raquo; custom_padding__hover=&raquo;|||&raquo;][et_pb_blurb title=&raquo;Br\u00f8nnplater&raquo; url=&raquo;https:\/\/climaco.com\/no\/bronnplater-pancake\/&raquo; image=&raquo;https:\/\/climaco.com\/wp-content\/uploads\/2019\/03\/Forlangning_pancake.png&raquo; _builder_version=&raquo;3.25.2&#8243; link_option_url=&raquo;https:\/\/climaco.com\/no\/bronnplater-pancake\/&raquo;]<\/p>\n<p>Et sett plater som \u00f8ker dypden p\u00e5 Pancake-tankene.<\/p>\n<p>[\/et_pb_blurb][et_pb_blurb title=&raquo;Slangemontering&raquo; url=&raquo;https:\/\/climaco.com\/no\/slangemontering\/&raquo; image=&raquo;https:\/\/climaco.com\/wp-content\/uploads\/2019\/03\/Slangklammor.png&raquo; _builder_version=&raquo;3.25.2&#8243; link_option_url=&raquo;https:\/\/climaco.com\/no\/slangemontering\/&raquo;]<\/p>\n<p>Slangestropp for vegg- og basemontering av slanger. Passer alle ClimaLine-slanger.<\/p>\n<p>[\/et_pb_blurb][et_pb_blurb title=&raquo;R\u00f8r- og slangemontering, \u00d832&#8243; url=&raquo;https:\/\/climaco.com\/no\/slangefeste-32\/&raquo; image=&raquo;https:\/\/climaco.com\/wp-content\/uploads\/2019\/06\/rorklamma.png&raquo; _builder_version=&raquo;3.25.2&#8243; link_option_url=&raquo;https:\/\/climaco.com\/no\/slangefeste-32\/&raquo;]<\/p>\n<p><span>Montering for bruk med kondensr\u00f8r, ytre \u00d832 mm og isolert slange, indre \u00d825 mm.<\/span><\/p>\n<p>[\/et_pb_blurb][et_pb_blurb title=&raquo;L\u00e5seklemme, \u00d828-32 mm&raquo; url=&raquo;https:\/\/climaco.com\/no\/laseklemme-28\/&raquo; image=&raquo;https:\/\/climaco.com\/wp-content\/uploads\/2019\/06\/slangklamma.png&raquo; _builder_version=&raquo;3.25.2&#8243; custom_padding=&raquo;|||0px||&raquo; link_option_url=&raquo;https:\/\/climaco.com\/no\/laseklemme-28\/&raquo;]<\/p>\n<p><span>Dobbel l\u00e5seklemme for isolert slange med indre dimensjoner \u00d825 mm, galvanisert.<\/span><\/p>\n<p>[\/et_pb_blurb][et_pb_blurb title=&raquo;Slangeadapter \u00d825\/26mm&raquo; url=&raquo;https:\/\/climaco.com\/no\/slangeadapter-25-mm\/&raquo; image=&raquo;https:\/\/climaco.com\/wp-content\/uploads\/2019\/06\/slangadapter-25.png&raquo; _builder_version=&raquo;3.25.2&#8243; custom_padding=&raquo;|||0px||&raquo; link_option_url=&raquo;https:\/\/climaco.com\/no\/slangeadapter-25-mm\/&raquo;]<\/p>\n<p><span>Slangeadapter, for kopling mellom uttak p\u00e5 utend\u00f8rsenhet og slange. Ytre uttak \u00d825\/26, slangekopling \u00d820\/25mm.<\/span><\/p>\n<p>[\/et_pb_blurb][\/et_pb_column][et_pb_column type=&raquo;1_4&#8243; _builder_version=&raquo;3.25&#8243; custom_padding=&raquo;|||&raquo; custom_padding__hover=&raquo;|||&raquo;][et_pb_blurb title=&raquo;Pancake-konsoller&raquo; url=&raquo;https:\/\/climaco.com\/no\/braketter-for-pancake\/&raquo; image=&raquo;https:\/\/climaco.com\/wp-content\/uploads\/2019\/03\/Konsoler_pancake.png&raquo; _builder_version=&raquo;3.25.2&#8243; link_option_url=&raquo;https:\/\/climaco.com\/no\/braketter-for-pancake\/&raquo;]<\/p>\n<p>Unversalbrakett for Pancake-montering &amp; PRO 777-, 791- og 888-tanker.<\/p>\n<p>[\/et_pb_blurb][et_pb_blurb title=&raquo;Kabelmontering&raquo; url=&raquo;https:\/\/climaco.com\/no\/kabelmontering\/&raquo; image=&raquo;https:\/\/climaco.com\/wp-content\/uploads\/2019\/03\/Kabelklammor.png&raquo; _builder_version=&raquo;3.25.2&#8243; link_option_url=&raquo;https:\/\/climaco.com\/no\/kabelmontering\/&raquo;]<\/p>\n<p>Kabelklemmer av gr\u00e5 plast for kabelfeste. Passer ogs\u00e5 termostathus.<\/p>\n<p>[\/et_pb_blurb][et_pb_blurb title=&raquo;\u00d820 slange, uten isolering.&raquo; url=&raquo;https:\/\/climaco.com\/no\/dreneringsslange\/&raquo; image=&raquo;https:\/\/climaco.com\/wp-content\/uploads\/2019\/06\/slang-20.png&raquo; _builder_version=&raquo;3.25.2&#8243; custom_padding=&raquo;|||0px||&raquo; link_option_url=&raquo;https:\/\/climaco.com\/no\/dreneringsslange\/&raquo;]<\/p>\n<p>Hvit dreneringsslange, indre \u00d820 mm, ytre \u00d824 mm, for uvarmet dreneringssett og brett.<\/p>\n<p>[\/et_pb_blurb][et_pb_blurb title=&raquo;L\u00e5seklemmer \u00d822-26 mm&raquo; url=&raquo;https:\/\/climaco.com\/no\/laseklemme-22\/&raquo; image=&raquo;https:\/\/climaco.com\/wp-content\/uploads\/2019\/06\/slangklamma.png&raquo; _builder_version=&raquo;3.25.2&#8243; custom_padding=&raquo;|||0px||&raquo; link_option_url=&raquo;https:\/\/climaco.com\/no\/laseklemme-22\/&raquo;]<\/p>\n<p><span>Dobbel l\u00e5seklemme for isolert slange, indre \u00d819 mm og slange indre \u00d820 mm, galvanisert.<\/span><\/p>\n<p>[\/et_pb_blurb][et_pb_blurb title=&raquo;Slangeadapter \u00d832\/33 mm&raquo; url=&raquo;https:\/\/climaco.com\/no\/slangeadapter-32-mm\/&raquo; image=&raquo;https:\/\/climaco.com\/wp-content\/uploads\/2019\/06\/slangadapter-20.png&raquo; _builder_version=&raquo;3.25.2&#8243; custom_padding=&raquo;|||0px||&raquo; link_option_url=&raquo;https:\/\/climaco.com\/no\/slangeadapter-32-mm\/&raquo;]<\/p>\n<p><span>Slangeadapter, for kopling mellom uttak p\u00e5 utend\u00f8rsenhet og slange. Ytre uttak \u00d832\/33, slangekopling \u00d820\/25 mm.<\/span><\/p>\n<p>[\/et_pb_blurb][\/et_pb_column][\/et_pb_row][\/et_pb_section]<\/p>\n","protected":false},"excerpt":{"rendered":"<p>Vedlegg &nbsp;St\u00f8tte for Pancake 1- og 2-tanker hvor avstanden mellom festene p\u00e5 varmepumpen er for store &#8230;Universalbraketter for bakkest\u00f8tter, kun for PRO 630-, 930- og 1230-tanker.Gr\u00e5 adapter for slange \u00d818-20 mm med innf\u00f8ring for varmekabel. For toppinnmating for varmekabel.Isolert beige innerslange \u00d825 mm,&nbsp;ekstern \u00d837 mm, for PRO 630-, 930- og 1230-varmebrett.Adapter med l\u00f8vkurv for slange [&hellip;]<\/p>\n","protected":false},"author":2,"featured_media":0,"parent":0,"menu_order":0,"comment_status":"closed","ping_status":"closed","template":"","meta":{"_et_pb_use_builder":"on","_et_pb_old_content":"<!-- wp:divi\/placeholder \/-->","_et_gb_content_width":"","footnotes":""},"class_list":["post-2676","page","type-page","status-publish","hentry"],"_links":{"self":[{"href":"https:\/\/climaco.com\/no\/wp-json\/wp\/v2\/pages\/2676","targetHints":{"allow":["GET"]}}],"collection":[{"href":"https:\/\/climaco.com\/no\/wp-json\/wp\/v2\/pages"}],"about":[{"href":"https:\/\/climaco.com\/no\/wp-json\/wp\/v2\/types\/page"}],"author":[{"embeddable":true,"href":"https:\/\/climaco.com\/no\/wp-json\/wp\/v2\/users\/2"}],"replies":[{"embeddable":true,"href":"https:\/\/climaco.com\/no\/wp-json\/wp\/v2\/comments?post=2676"}],"version-history":[{"count":0,"href":"https:\/\/climaco.com\/no\/wp-json\/wp\/v2\/pages\/2676\/revisions"}],"wp:attachment":[{"href":"https:\/\/climaco.com\/no\/wp-json\/wp\/v2\/media?parent=2676"}],"curies":[{"name":"wp","href":"https:\/\/api.w.org\/{rel}","templated":true}]}}