{"id":2672,"date":"2019-10-09T08:21:15","date_gmt":"2019-10-09T06:21:15","guid":{"rendered":"https:\/\/climaco.com\/vart-dreneringsbrett\/"},"modified":"2020-07-03T10:05:26","modified_gmt":"2020-07-03T08:05:26","slug":"vart-dreneringsbrett","status":"publish","type":"page","link":"https:\/\/climaco.com\/no\/vart-dreneringsbrett\/","title":{"rendered":"V\u00e5rt dreneringsbrett"},"content":{"rendered":"<p>[et_pb_section fb_built=&raquo;1&#8243; _builder_version=&raquo;3.22.3&#8243;][et_pb_row _builder_version=&raquo;3.25&#8243;][et_pb_column type=&raquo;4_4&#8243; _builder_version=&raquo;3.25&#8243; custom_padding=&raquo;|||&raquo; custom_padding__hover=&raquo;|||&raquo;][et_pb_text _builder_version=&raquo;3.25.2&#8243;]<\/p>\n<h1>V\u00e5rt dreneringsbrett med oppvarming<\/h1>\n<p>Overblikk over v\u00e5re oppvarmede dreneringstanker<br \/> Pancake-tankene blir alltid montert mellom opphengspunktene og utend\u00f8rsenheten, mens Pro-tankene blir hengt opp under opphenget eller nedlagt i bakkest\u00f8tten hvor utend\u00f8rsenheten blir montert. &nbsp;<\/p>\n<p>Pancake er det beste valget, siden brettet er kun f\u00e5 centimeter fra utend\u00f8rsenhetens uttak. Den er mindre i st\u00f8rrelse og krever derfor mindre kraft for \u00e5 holde vannet i flytende tilstand. Vannet plasker og skvetter ikke og f\u00e5 l\u00f8v havner i Pancake-tanken.<\/p>\n<p>[\/et_pb_text][\/et_pb_column][\/et_pb_row][et_pb_row column_structure=&raquo;1_4,1_4,1_4,1_4&#8243; _builder_version=&raquo;3.25&#8243;][et_pb_column type=&raquo;1_4&#8243; _builder_version=&raquo;3.25&#8243; custom_padding=&raquo;|||&raquo; custom_padding__hover=&raquo;|||&raquo;][et_pb_blurb title=&raquo;Pancake 1&#8243; url=&raquo;\/?page_id=117&#8243; image=&raquo;https:\/\/climaco.com\/wp-content\/uploads\/2019\/03\/Pancake_1_gallery_1.png&raquo; _builder_version=&raquo;3.25.2&#8243; link_option_url=&raquo;\/?page_id=117&#8243;]<\/p>\n<p><strong>Mest popul\u00e6r!<\/strong> N\u00e5r det gjelder majoriteten av luft-til-luft varmepumpene, dersom de er 80 cm brede og omkring 31 cm dype.<\/p>\n<p>[\/et_pb_blurb][et_pb_blurb title=&raquo;Pro 630&#8243; url=&raquo;https:\/\/climaco.com\/no\/climaline-pro-630\/&raquo; image=&raquo;https:\/\/climaco.com\/wp-content\/uploads\/2019\/03\/ClimaLine_pro-930-1.png&raquo; _builder_version=&raquo;3.25.2&#8243; link_option_url=&raquo;https:\/\/climaco.com\/no\/climaline-pro-630\/&raquo;]<\/p>\n<p><strong>NYTT!<\/strong> Pro-seriens 630-brett er for st\u00f8rre varmepumper, VRV &amp; VRF-er. Kun med Eco-kontroller.<\/p>\n<p>[\/et_pb_blurb][\/et_pb_column][et_pb_column type=&raquo;1_4&#8243; _builder_version=&raquo;3.25&#8243; custom_padding=&raquo;|||&raquo; custom_padding__hover=&raquo;|||&raquo;][et_pb_blurb title=&raquo;Pancake 2&#8243; url=&raquo;https:\/\/climaco.com\/no\/pancake-2\/&raquo; image=&raquo;https:\/\/climaco.com\/wp-content\/uploads\/2019\/06\/Pancake_2_gallery_1_2.png&raquo; _builder_version=&raquo;3.25.2&#8243; link_option_url=&raquo;https:\/\/climaco.com\/no\/pancake-2\/&raquo;]<\/p>\n<p>Har du en luft-til-vann varmepumpe eller en stor luft-til-luft varmepumpe? Utend\u00f8rsenheter med minst 88 cm lengde og minst 33 cm dybde.<\/p>\n<p>[\/et_pb_blurb][et_pb_blurb title=&raquo;Pro 930&#8243; url=&raquo;https:\/\/climaco.com\/no\/climaline-pro-930\/&raquo; image=&raquo;https:\/\/climaco.com\/wp-content\/uploads\/2019\/03\/ClimaLine_pro-930-1.png&raquo; _builder_version=&raquo;3.25.2&#8243; link_option_url=&raquo;https:\/\/climaco.com\/no\/climaline-pro-930\/&raquo;]<\/p>\n<p>Pro 930 Eco varmebrett for store varmepumper, VRV\/VRF-er med 90-100 cm rammeverk.<\/p>\n<p>[\/et_pb_blurb][\/et_pb_column][et_pb_column type=&raquo;1_4&#8243; _builder_version=&raquo;3.25&#8243; custom_padding=&raquo;|||&raquo; custom_padding__hover=&raquo;|||&raquo;][et_pb_blurb title=&raquo;Pancake 3&#8243; url=&raquo;https:\/\/climaco.com\/no\/pancake-3\/&raquo; image=&raquo;https:\/\/climaco.com\/wp-content\/uploads\/2019\/06\/Pancake_3_gallery_1.png&raquo; _builder_version=&raquo;3.25.2&#8243; link_option_url=&raquo;https:\/\/climaco.com\/no\/pancake-3\/&raquo;]<\/p>\n<p><strong>Nyheter!<\/strong> For mange luft-til-luft varmepumper som er 85 cm brede, men mindre enn 29 cm dype.<\/p>\n<p>[\/et_pb_blurb][et_pb_blurb title=&raquo;Pro 1230&#8243; url=&raquo;https:\/\/climaco.com\/no\/climaline-pro-1230\/&raquo; image=&raquo;https:\/\/climaco.com\/wp-content\/uploads\/2019\/03\/ClimaLine_pro-1230-1.png&raquo; _builder_version=&raquo;3.25.2&#8243; link_option_url=&raquo;https:\/\/climaco.com\/no\/climaline-pro-1230\/&raquo;]<\/p>\n<p>Pro 1230 Eco brett er kun for store varmepumper VRV\/VRF-er med 120-140 cm rammeverk.<\/p>\n<p>[\/et_pb_blurb][\/et_pb_column][et_pb_column type=&raquo;1_4&#8243; _builder_version=&raquo;3.25&#8243; custom_padding=&raquo;|||&raquo; custom_padding__hover=&raquo;|||&raquo;][et_pb_blurb title=&raquo;Pancake 5&#8243; url=&raquo;https:\/\/climaco.com\/no\/pancake-5\/&raquo; image=&raquo;https:\/\/climaco.com\/wp-content\/uploads\/2019\/06\/Pancake_5_gallery_1.png&raquo; _builder_version=&raquo;3.25.2&#8243; link_option_url=&raquo;https:\/\/climaco.com\/no\/pancake-5\/&raquo;]<\/p>\n<p><strong>De nyeste!<\/strong>&nbsp;Fem-modellen er for st\u00f8rre luft-til-vann varmepumper, bredere enn 94 cm og minst 45 cm dype.<\/p>\n<p>[\/et_pb_blurb][et_pb_blurb title=&raquo;Pro 791&#8243; url=&raquo;https:\/\/climaco.com\/no\/climaline-pro-791\/&raquo; image=&raquo;https:\/\/climaco.com\/wp-content\/uploads\/2019\/03\/ClimaLine_duo-galleri_1.png&raquo; _builder_version=&raquo;3.25.2&#8243; link_option_url=&raquo;https:\/\/climaco.com\/no\/climaline-pro-791\/&raquo;]<\/p>\n<p>Pro-serien 791 passer mange luft-til-luft varmepumper og enkelte luft-til-vann varmepumper.<\/p>\n<p>[\/et_pb_blurb][\/et_pb_column][\/et_pb_row][\/et_pb_section]<\/p>\n","protected":false},"excerpt":{"rendered":"<p>V\u00e5rt dreneringsbrett med oppvarming Overblikk over v\u00e5re oppvarmede dreneringstanker Pancake-tankene blir alltid montert mellom opphengspunktene og utend\u00f8rsenheten, mens Pro-tankene blir hengt opp under opphenget eller nedlagt i bakkest\u00f8tten hvor utend\u00f8rsenheten blir montert. &nbsp; Pancake er det beste valget, siden brettet er kun f\u00e5 centimeter fra utend\u00f8rsenhetens uttak. Den er mindre i st\u00f8rrelse og krever derfor [&hellip;]<\/p>\n","protected":false},"author":2,"featured_media":0,"parent":0,"menu_order":0,"comment_status":"closed","ping_status":"closed","template":"","meta":{"_et_pb_use_builder":"on","_et_pb_old_content":"","_et_gb_content_width":"","footnotes":""},"class_list":["post-2672","page","type-page","status-publish","hentry"],"_links":{"self":[{"href":"https:\/\/climaco.com\/no\/wp-json\/wp\/v2\/pages\/2672","targetHints":{"allow":["GET"]}}],"collection":[{"href":"https:\/\/climaco.com\/no\/wp-json\/wp\/v2\/pages"}],"about":[{"href":"https:\/\/climaco.com\/no\/wp-json\/wp\/v2\/types\/page"}],"author":[{"embeddable":true,"href":"https:\/\/climaco.com\/no\/wp-json\/wp\/v2\/users\/2"}],"replies":[{"embeddable":true,"href":"https:\/\/climaco.com\/no\/wp-json\/wp\/v2\/comments?post=2672"}],"version-history":[{"count":0,"href":"https:\/\/climaco.com\/no\/wp-json\/wp\/v2\/pages\/2672\/revisions"}],"wp:attachment":[{"href":"https:\/\/climaco.com\/no\/wp-json\/wp\/v2\/media?parent=2672"}],"curies":[{"name":"wp","href":"https:\/\/api.w.org\/{rel}","templated":true}]}}