{"id":2668,"date":"2019-10-09T08:21:12","date_gmt":"2019-10-09T06:21:12","guid":{"rendered":"https:\/\/climaco.com\/hvorfor-et-dreneringsbrett\/"},"modified":"2019-10-09T08:21:36","modified_gmt":"2019-10-09T06:21:36","slug":"hvorfor-et-dreneringsbrett","status":"publish","type":"page","link":"https:\/\/climaco.com\/no\/hvorfor-et-dreneringsbrett\/","title":{"rendered":"Hvorfor et dreneringsbrett?"},"content":{"rendered":"<p>[et_pb_section fb_built=&raquo;1&#8243; custom_padding_last_edited=&raquo;on|desktop&raquo; next_background_color=&raquo;#ffffff&raquo; admin_label=&raquo;Header&raquo; _builder_version=&raquo;3.25.2&#8243; background_color_gradient_direction=&raquo;130deg&raquo; background_image=&raquo;https:\/\/climaco.com\/wp-content\/uploads\/2019\/06\/pexels-photo-1438761.jpeg&raquo; parallax=&raquo;on&raquo; custom_padding=&raquo;0px||0px||false|false&raquo; custom_padding_tablet=&raquo;100px||100px||true&raquo; custom_padding_phone=&raquo;||||true&raquo; bottom_divider_style=&raquo;curve2&#8243; bottom_divider_height=&raquo;149px&raquo; bottom_divider_height_tablet=&raquo;150px&raquo; bottom_divider_height_phone=&raquo;110px&raquo; bottom_divider_height_last_edited=&raquo;on|phone&raquo; saved_tabs=&raquo;all&raquo;][et_pb_row custom_padding=&raquo;27px|0px|400px|0px|false|false&raquo; custom_padding_tablet=&raquo;||40px|&raquo; custom_padding_phone=&raquo;0px||0px&raquo; custom_padding_last_edited=&raquo;on|desktop&raquo; _builder_version=&raquo;3.25&#8243;][et_pb_column type=&raquo;4_4&#8243; _builder_version=&raquo;3.25&#8243; custom_padding=&raquo;|||&raquo; custom_padding__hover=&raquo;|||&raquo;][\/et_pb_column][\/et_pb_row][\/et_pb_section][et_pb_section fb_built=&raquo;1&#8243; admin_label=&raquo;Get Started&raquo; _builder_version=&raquo;3.25.2&#8243; custom_margin_last_edited=&raquo;on|tablet&raquo; custom_padding=&raquo;0px||0px||false|false&raquo; bottom_divider_style=&raquo;graph2&#8243; bottom_divider_color=&raquo;#f2f2f2&#8243; saved_tabs=&raquo;all&raquo;][et_pb_row column_structure=&raquo;1_2,1_2&#8243; use_custom_gutter=&raquo;on&raquo; gutter_width=&raquo;2&#8243; custom_padding=&raquo;0px||0px||false|false&raquo; custom_margin=&raquo;|||&raquo; module_class=&raquo; et_pb_row_fullwidth&raquo; _builder_version=&raquo;3.25.2&#8243; border_color_all=&raquo;rgba(0,0,0,0)&raquo; width=&raquo;94%&raquo; width_tablet=&raquo;80%&raquo; width_last_edited=&raquo;on|desktop&raquo; max_width=&raquo;100%&raquo; max_width_tablet=&raquo;80%&raquo; max_width_last_edited=&raquo;on|desktop&raquo; custom_margin_last_edited=&raquo;on|tablet&raquo; make_fullwidth=&raquo;on&raquo; custom_width_px=&raquo;1700px&raquo;][et_pb_column type=&raquo;1_2&#8243; _builder_version=&raquo;3.25&#8243; custom_padding=&raquo;|||&raquo; custom_padding__hover=&raquo;|||&raquo;][et_pb_image src=&raquo;https:\/\/climaco.com\/wp-content\/uploads\/2019\/06\/Pancake_5_Eco_slang.png&raquo; show_bottom_space=&raquo;off&raquo; align=&raquo;center&raquo; align_tablet=&raquo;center&raquo; align_last_edited=&raquo;on|desktop&raquo; _builder_version=&raquo;3.25.2&#8243; max_width=&raquo;100%&raquo; max_width_last_edited=&raquo;on|desktop&raquo; module_alignment=&raquo;center&raquo; custom_margin=&raquo;0vw|||&raquo; custom_margin_tablet=&raquo;-50vw|||&raquo; custom_margin_last_edited=&raquo;on|desktop&raquo; animation_direction=&raquo;left&raquo;][\/et_pb_image][\/et_pb_column][et_pb_column type=&raquo;1_2&#8243; _builder_version=&raquo;3.25&#8243; custom_padding=&raquo;30px|||&raquo; custom_padding__hover=&raquo;|||&raquo;][et_pb_text _builder_version=&raquo;3.25.2&#8243; text_font=&raquo;||||||||&raquo; text_font_size=&raquo;16px&raquo; text_line_height=&raquo;2em&raquo; ul_font=&raquo;||||||||&raquo; header_font=&raquo;||||||||&raquo; header_2_font=&raquo;BebasNeue Bold||||||||&raquo; header_2_font_size=&raquo;45px&raquo; header_2_line_height=&raquo;1.2em&raquo; header_3_font=&raquo;||||||||&raquo; max_width=&raquo;80%&raquo; max_width_last_edited=&raquo;off|desktop&raquo; custom_margin=&raquo;|||0px&raquo; custom_padding=&raquo;|||0px&raquo; header_2_font_size_tablet=&raquo;35px&raquo; header_2_font_size_phone=&raquo;28px&raquo; header_2_font_size_last_edited=&raquo;on|desktop&raquo;]<\/p>\n<h2>Trenger du et dreneringsbrett?<\/h2>\n<p>Alle varmepumper som henter energi ut av luften (for eksempel luft-til-luft varmepumper eller luft-til-vann varmepumper) m\u00e5 tine isen som danner seg p\u00e5 de utvendige delene av varmeveksleren for at de skal fungere skikkelig. Is danner seg n\u00e5r temperaturen er lavere enn +10\u00b0 C. Mengden p\u00e5virkes av luftfuktigheten og hvor effektiv varmepumpen er. Isen tines mellom 35 og 40 ganger per dag, og det g\u00e5r cirka 35 minutter med til dette.<\/p>\n<p>&nbsp;Jo mer effektiv pumpen er, jo mer vann vil det v\u00e6re &#8211; s\u00e5 v\u00e6r glad for det! Dette betyr ogs\u00e5 at varmepumpen sparer mer penger for deg. I senere \u00e5r har pumpene blitt mye mer effektive enn for bare 10 \u00e5r siden.<\/p>\n<p>Men blir ikke vannet absorbert av jorden? Problemet er frost. Et annet problem er kjellere. Eller et fortau utenfor\/under utend\u00f8rsenheten.<\/p>\n<p>&nbsp;<\/p>\n<p>[\/et_pb_text][\/et_pb_column][\/et_pb_row][\/et_pb_section][et_pb_section fb_built=&raquo;1&#8243; _builder_version=&raquo;3.25.2&#8243; background_color=&raquo;#f2f2f2&#8243; top_divider_color=&raquo;#f2f2f2&#8243; top_divider_height=&raquo;200px&raquo;][et_pb_row column_structure=&raquo;1_4,1_4,1_4,1_4&#8243; use_custom_gutter=&raquo;on&raquo; _builder_version=&raquo;3.25.2&#8243; width=&raquo;90%&raquo; width_last_edited=&raquo;on|desktop&raquo; max_width=&raquo;100%&raquo;][et_pb_column type=&raquo;1_4&#8243; _builder_version=&raquo;3.25.2&#8243;][et_pb_text _builder_version=&raquo;3.25.3&#8243;]<\/p>\n<h4 class=\"et_pb_module_header\">Tele i bakken<\/h4>\n<div class=\"et_pb_blurb_description\">\n<p>Mange steder i landet er det tele i bakken om vinteren og det hindrer vannet i \u00e5 bli absorbert av jordsmonnet. Dersom du har en luft-til-luft varmepumpe eller en luft-til-vann varmepumpe, kan vannmengden v\u00e6re opp imot 60 liter hver dag. Dersom den ikke flyter bort er det ikke uvanlig at kondensatvann utgj\u00f8r et betydelig problem for eiendommen, varmepumpen og beboerne.<\/p>\n<\/p><\/div>\n<p>[\/et_pb_text][\/et_pb_column][et_pb_column type=&raquo;1_4&#8243; _builder_version=&raquo;3.25.2&#8243;][et_pb_text _builder_version=&raquo;3.25.2&#8243;]<\/p>\n<h4 class=\"et_pb_module_header\">Kjellere<\/h4>\n<div class=\"et_pb_blurb_description\">\n<p>Dersom huset er godt drenert, trenger ikke 20-60 liter vann per dag p\u00e5 samme sted v\u00e6re noe problem. For mange kjellere kan dette ogs\u00e5 v\u00e6re begynnelsen p\u00e5 vannskader med en rekke f\u00f8lgeskader. Dersom du drenerer bort vannet unng\u00e5r du mulige negative f\u00f8lger.<\/p>\n<\/p><\/div>\n<p>[\/et_pb_text][\/et_pb_column][et_pb_column type=&raquo;1_4&#8243; _builder_version=&raquo;3.25.2&#8243;][et_pb_text _builder_version=&raquo;3.25.3&#8243;]<\/p>\n<h4 class=\"et_pb_module_header\">Fortau eller carporter<\/h4>\n<div class=\"et_pb_blurb_description\">\n<p>Det er ikke lett \u00e5 vedlikeholde et fortau, en gangsti eller en carport om vinteren. Det blir mye verre dersom vann p\u00f8ser ned p\u00e5 stedet fra en utend\u00f8rsenhet 30 ganger om dagen. Det er selvsagt ditt ansvar som eier \u00e5 s\u00f8rge for at ingen blir skadd.<\/p>\n<\/p><\/div>\n<p>[\/et_pb_text][\/et_pb_column][et_pb_column type=&raquo;1_4&#8243; _builder_version=&raquo;3.25.2&#8243;][et_pb_text _builder_version=&raquo;3.25.2&#8243;]<\/p>\n<h4 class=\"et_pb_module_header\">Is danner seg under utend\u00f8rsenheten<\/h4>\n<div class=\"et_pb_blurb_description\">\n<p>Som du ser fra bildet nedenfor, finner isdannelsen sted ganske hurtig. Dersom den ikke flyter bort er det ikke uvanlig at kondensatvann utgj\u00f8r et betydelig problem for varmepumpen dersom det ikke blir drenert bort.&nbsp;<\/p>\n<\/p><\/div>\n<p>[\/et_pb_text][\/et_pb_column][\/et_pb_row][\/et_pb_section][et_pb_section fb_built=&raquo;1&#8243; _builder_version=&raquo;3.25.2&#8243; top_divider_style=&raquo;graph2&#8243; top_divider_color=&raquo;#f2f2f2&#8243; top_divider_height=&raquo;200px&raquo;][et_pb_row column_structure=&raquo;1_2,1_2&#8243; use_custom_gutter=&raquo;on&raquo; gutter_width=&raquo;2&#8243; custom_padding=&raquo;0px||0px||false|false&raquo; custom_margin=&raquo;|||&raquo; module_class=&raquo; et_pb_row_fullwidth&raquo; _builder_version=&raquo;3.25.2&#8243; border_color_all=&raquo;rgba(0,0,0,0)&raquo; width=&raquo;90%&raquo; width_tablet=&raquo;80%&raquo; width_last_edited=&raquo;on|desktop&raquo; max_width=&raquo;100%&raquo; max_width_tablet=&raquo;80%&raquo; max_width_last_edited=&raquo;on|desktop&raquo; custom_margin_last_edited=&raquo;on|tablet&raquo; make_fullwidth=&raquo;on&raquo; custom_width_px=&raquo;1700px&raquo;][et_pb_column type=&raquo;1_2&#8243; _builder_version=&raquo;3.25&#8243; custom_padding=&raquo;|||&raquo; custom_padding__hover=&raquo;|||&raquo;][et_pb_text _builder_version=&raquo;3.25.2&#8243; text_font=&raquo;||||||||&raquo; text_font_size=&raquo;16px&raquo; text_line_height=&raquo;2em&raquo; ul_font=&raquo;||||||||&raquo; header_font=&raquo;||||||||&raquo; header_2_font=&raquo;BebasNeue Bold||||||||&raquo; header_2_font_size=&raquo;45px&raquo; header_2_line_height=&raquo;1.2em&raquo; header_3_font=&raquo;||||||||&raquo; max_width=&raquo;80%&raquo; max_width_last_edited=&raquo;off|desktop&raquo; custom_margin=&raquo;|0px||0px||&raquo; custom_padding=&raquo;|||0px&raquo; header_2_font_size_tablet=&raquo;35px&raquo; header_2_font_size_phone=&raquo;28px&raquo; header_2_font_size_last_edited=&raquo;on|desktop&raquo;]<\/p>\n<h2>Luft-til-luft varmepumper<\/h2>\n<p><span>En luft-til-luft varmepumpe produserer mellom 20 og 30 liter vann hver dag. Dette tilsvarer et fullt badekar i l\u00f8pet av en uke.<\/span><\/p>\n<p><span>Den vesle Daikin-pumpen p\u00e5 bildet ved siden av m\u00e5tte sl\u00e5es av i en m\u00e5ned da det var mest behov for den. En Pancake 1 med 3 m vanndreneringssystem tilkoplet, med vann som blir drenert bort via stormdrenet.<\/span><\/p>\n<p><span><\/span><\/p>\n<p>[\/et_pb_text][\/et_pb_column][et_pb_column type=&raquo;1_2&#8243; _builder_version=&raquo;3.25&#8243; custom_padding=&raquo;30px|||&raquo; custom_padding__hover=&raquo;|||&raquo;][et_pb_image src=&raquo;https:\/\/climaco.com\/wp-content\/uploads\/2019\/05\/luftluft-isbildning.png&raquo; show_bottom_space=&raquo;off&raquo; align=&raquo;center&raquo; align_tablet=&raquo;center&raquo; align_last_edited=&raquo;on|desktop&raquo; _builder_version=&raquo;3.25.2&#8243; border_radii=&raquo;on|20px|20px|20px|20px&raquo; max_width=&raquo;80%&raquo; max_width_last_edited=&raquo;on|desktop&raquo; module_alignment=&raquo;center&raquo; custom_margin=&raquo;|||&raquo; custom_margin_tablet=&raquo;-50vw|||&raquo; custom_margin_last_edited=&raquo;on|desktop&raquo; animation_direction=&raquo;left&raquo;][\/et_pb_image][\/et_pb_column][\/et_pb_row][\/et_pb_section][et_pb_section fb_built=&raquo;1&#8243; _builder_version=&raquo;3.25.2&#8243;][et_pb_row column_structure=&raquo;1_2,1_2&#8243; use_custom_gutter=&raquo;on&raquo; gutter_width=&raquo;2&#8243; custom_padding=&raquo;0px||0px||false|false&raquo; custom_margin=&raquo;|||&raquo; module_class=&raquo; et_pb_row_fullwidth&raquo; _builder_version=&raquo;3.25.2&#8243; border_color_all=&raquo;rgba(0,0,0,0)&raquo; width=&raquo;90%&raquo; width_tablet=&raquo;80%&raquo; width_last_edited=&raquo;on|desktop&raquo; max_width=&raquo;100%&raquo; max_width_tablet=&raquo;80%&raquo; max_width_last_edited=&raquo;on|desktop&raquo; custom_margin_last_edited=&raquo;on|tablet&raquo; make_fullwidth=&raquo;on&raquo; custom_width_px=&raquo;1700px&raquo;][et_pb_column type=&raquo;1_2&#8243; _builder_version=&raquo;3.25.2&#8243; custom_padding=&raquo;|||&raquo; custom_padding__hover=&raquo;|||&raquo;][et_pb_text _builder_version=&raquo;3.25.2&#8243; text_font=&raquo;||||||||&raquo; text_font_size=&raquo;16px&raquo; text_line_height=&raquo;2em&raquo; ul_font=&raquo;||||||||&raquo; header_font=&raquo;||||||||&raquo; header_2_font=&raquo;BebasNeue Bold||||||||&raquo; header_2_font_size=&raquo;45px&raquo; header_2_line_height=&raquo;1.2em&raquo; header_3_font=&raquo;||||||||&raquo; max_width=&raquo;100%&raquo; max_width_last_edited=&raquo;off|desktop&raquo; custom_margin=&raquo;|||0px&raquo; custom_padding=&raquo;|||0px&raquo; header_2_font_size_tablet=&raquo;35px&raquo; header_2_font_size_phone=&raquo;28px&raquo; header_2_font_size_last_edited=&raquo;on|desktop&raquo;]<\/p>\n<h2>Luft-til-vann varmepumper<\/h2>\n<p><span>En luft-til-vann varmepumpe tiner bort omkring 1-2 liter kondensatvann per avtining. Avtiningsintervallene er forskjellige fra modell til modell &#8211; men kan v\u00e6re s\u00e5 mange som 35 ganger per dag.&nbsp;<\/span><\/p>\n<p><span>Fujitsu-varmepumpen p\u00e5 bildet er noen f\u00e5 \u00e5r gammel, men den produserer omtrent 120 liter i l\u00f8pet av en helg. Den f\u00f8rste vinteren hadde g\u00e5tt sv\u00e6rt d\u00e5rlig dersom isdannelsen ikke hadde blitt fjernet hver uke. I 2015, ble en PRO 791 Eco varmetank utstyrt med et 6 m &nbsp; dreneringssett og vannet ble drenert bort til en fransk drenkanal.<\/span><\/p>\n<p>[\/et_pb_text][\/et_pb_column][et_pb_column type=&raquo;1_2&#8243; _builder_version=&raquo;3.25&#8243; custom_padding=&raquo;30px|||&raquo; custom_padding__hover=&raquo;|||&raquo;][et_pb_image src=&raquo;https:\/\/climaco.com\/wp-content\/uploads\/2019\/05\/luftvatten-isbildning.png&raquo; show_bottom_space=&raquo;off&raquo; align=&raquo;center&raquo; align_tablet=&raquo;center&raquo; align_last_edited=&raquo;on|desktop&raquo; _builder_version=&raquo;3.25.2&#8243; border_radii=&raquo;on|20px|20px|20px|20px&raquo; max_width=&raquo;80%&raquo; max_width_last_edited=&raquo;on|desktop&raquo; module_alignment=&raquo;center&raquo; custom_margin=&raquo;|0px||0px||&raquo; custom_margin_tablet=&raquo;-50vw|||&raquo; custom_margin_last_edited=&raquo;on|desktop&raquo; animation_direction=&raquo;left&raquo;][\/et_pb_image][\/et_pb_column][\/et_pb_row][\/et_pb_section][et_pb_section fb_built=&raquo;1&#8243; _builder_version=&raquo;3.25.2&#8243; bottom_divider_color=&raquo;#f2f2f2&#8243; bottom_divider_height=&raquo;62px&raquo; bottom_divider_repeat=&raquo;2x&raquo;][et_pb_row column_structure=&raquo;1_2,1_2&#8243; use_custom_gutter=&raquo;on&raquo; gutter_width=&raquo;2&#8243; custom_padding=&raquo;0px||0px||false|false&raquo; custom_margin=&raquo;|||&raquo; module_class=&raquo; et_pb_row_fullwidth&raquo; _builder_version=&raquo;3.25.2&#8243; border_color_all=&raquo;rgba(0,0,0,0)&raquo; width=&raquo;90%&raquo; width_tablet=&raquo;80%&raquo; width_last_edited=&raquo;on|desktop&raquo; max_width=&raquo;100%&raquo; max_width_tablet=&raquo;80%&raquo; max_width_last_edited=&raquo;on|desktop&raquo; custom_margin_last_edited=&raquo;on|tablet&raquo; make_fullwidth=&raquo;on&raquo; custom_width_px=&raquo;1700px&raquo;][et_pb_column type=&raquo;1_2&#8243; _builder_version=&raquo;3.25.2&#8243; custom_padding=&raquo;|||&raquo; custom_padding__hover=&raquo;|||&raquo;][et_pb_text _builder_version=&raquo;3.25.3&#8243; text_font=&raquo;||||||||&raquo; text_font_size=&raquo;16px&raquo; text_line_height=&raquo;2em&raquo; ul_font=&raquo;||||||||&raquo; header_font=&raquo;||||||||&raquo; header_2_font=&raquo;BebasNeue Bold||||||||&raquo; header_2_font_size=&raquo;45px&raquo; header_2_line_height=&raquo;1.2em&raquo; header_3_font=&raquo;||||||||&raquo; max_width=&raquo;100%&raquo; max_width_last_edited=&raquo;off|desktop&raquo; custom_margin=&raquo;|||0px&raquo; custom_padding=&raquo;|||0px&raquo; header_2_font_size_tablet=&raquo;35px&raquo; header_2_font_size_phone=&raquo;28px&raquo; header_2_font_size_last_edited=&raquo;on|desktop&raquo;]<\/p>\n<h2>Varmepumper for st\u00f8rre eiendommer.<\/h2>\n<p><span>Virkelig store luft-til-vann varmepumper blir mer vanlige for terrassebygg eller mindre leilighetsbygg. De er en god l\u00f8sning ikke bare sammenlignet med fossile brennstoff, men ogs\u00e5 sammenlignet med fjernvarme. Planlegg installasjon med v\u00e5r PRO-varmebrett for \u00e5 unng\u00e5 \u00e5 m\u00e5tte tilkalle hjelp om h\u00f8sten n\u00e5r mengden av vann produsert per dag \u00f8ker til 100 liter.<\/span><\/p>\n<p><span>Daikin, 20Kw, installert i S\u00f8r-Sverige, se bildet, produserer omkring 55 liter kondensat mellom oktober og mars. En Pro 1230 med et litt st\u00f8rre dreneringssett hadde passet perfekt her.<\/span><\/p>\n<p>[\/et_pb_text][\/et_pb_column][et_pb_column type=&raquo;1_2&#8243; _builder_version=&raquo;3.25&#8243; custom_padding=&raquo;30px|||&raquo; custom_padding__hover=&raquo;|||&raquo;][et_pb_image src=&raquo;https:\/\/climaco.com\/wp-content\/uploads\/2019\/06\/VRF_isbildning.png&raquo; show_bottom_space=&raquo;off&raquo; align=&raquo;center&raquo; align_tablet=&raquo;center&raquo; align_last_edited=&raquo;on|desktop&raquo; _builder_version=&raquo;3.25.2&#8243; border_radii=&raquo;on|20px|20px|20px|20px&raquo; max_width=&raquo;80%&raquo; max_width_last_edited=&raquo;on|desktop&raquo; module_alignment=&raquo;center&raquo; custom_margin=&raquo;|0px||0px||&raquo; custom_margin_tablet=&raquo;-50vw|||&raquo; custom_margin_last_edited=&raquo;on|desktop&raquo; animation_direction=&raquo;left&raquo;][\/et_pb_image][\/et_pb_column][\/et_pb_row][\/et_pb_section][et_pb_section fb_built=&raquo;1&#8243; next_background_color=&raquo;#ffffff&raquo; admin_label=&raquo;What we do best Row&raquo; _builder_version=&raquo;3.25.3&#8243; background_image=&raquo;https:\/\/climaco.com\/wp-content\/uploads\/2019\/05\/adventure-alpine-altitude-355241.jpg&raquo; custom_padding=&raquo;53px|0px|255px|0px|false|false&raquo; top_divider_style=&raquo;triangle&raquo; top_divider_color=&raquo;#ffffff&raquo; top_divider_height=&raquo;42px&raquo; bottom_divider_style=&raquo;wave2&#8243; bottom_divider_height=&raquo;90px&raquo;][et_pb_row custom_padding=&raquo;|||&raquo; _builder_version=&raquo;3.25&#8243;][et_pb_column type=&raquo;4_4&#8243; _builder_version=&raquo;3.25&#8243; custom_padding=&raquo;|||&raquo; custom_padding__hover=&raquo;|||&raquo;][et_pb_text _builder_version=&raquo;3.25.3&#8243; text_font=&raquo;|600|||||||&raquo; text_text_color=&raquo;#ffffff&raquo; text_font_size=&raquo;16px&raquo; text_line_height=&raquo;2em&raquo; text_text_shadow_style=&raquo;preset5&#8243; text_text_shadow_horizontal_length=&raquo;0.12em&raquo; text_text_shadow_vertical_length=&raquo;0.09em&raquo; text_text_shadow_blur_strength=&raquo;0.02em&raquo; ul_font=&raquo;||||||||&raquo; header_font=&raquo;BebasNeue Bold||||||||&raquo; header_text_color=&raquo;#ffffff&raquo; header_2_font=&raquo;BebasNeue Bold||||||||&raquo; header_2_text_color=&raquo;#ffffff&raquo; header_2_font_size=&raquo;60px&raquo; header_2_line_height=&raquo;1.2em&raquo; header_3_font=&raquo;||||||||&raquo; text_orientation=&raquo;center&raquo; max_width=&raquo;800px&raquo; max_width_last_edited=&raquo;on|desktop&raquo; module_alignment=&raquo;center&raquo; custom_margin=&raquo;|||&raquo; custom_padding=&raquo;|||&raquo; header_2_font_size_tablet=&raquo;35px&raquo; header_2_font_size_phone=&raquo;28px&raquo; header_2_font_size_last_edited=&raquo;on|phone&raquo;]<\/p>\n<h2>Drener bort kondenseringen!<\/h2>\n<p>Det er like viktig \u00e5 drenere vannet fra varmebrettet eller utend\u00f8rsenheten til et avl\u00f8p eller stormdren, eller et sluk i kjelleren. Det er alltid lettere dersom varmepumpeinstallat\u00f8ren installerer dette under installasjonen.<\/p>\n<p>[\/et_pb_text][\/et_pb_column][\/et_pb_row][\/et_pb_section]<\/p>\n","protected":false},"excerpt":{"rendered":"<p>Trenger du et dreneringsbrett? Alle varmepumper som henter energi ut av luften (for eksempel luft-til-luft varmepumper eller luft-til-vann varmepumper) m\u00e5 tine isen som danner seg p\u00e5 de utvendige delene av varmeveksleren for at de skal fungere skikkelig. Is danner seg n\u00e5r temperaturen er lavere enn +10\u00b0 C. Mengden p\u00e5virkes av luftfuktigheten og hvor effektiv varmepumpen [&hellip;]<\/p>\n","protected":false},"author":2,"featured_media":0,"parent":0,"menu_order":0,"comment_status":"closed","ping_status":"closed","template":"","meta":{"_et_pb_use_builder":"on","_et_pb_old_content":"","_et_gb_content_width":"","footnotes":""},"class_list":["post-2668","page","type-page","status-publish","hentry"],"_links":{"self":[{"href":"https:\/\/climaco.com\/no\/wp-json\/wp\/v2\/pages\/2668","targetHints":{"allow":["GET"]}}],"collection":[{"href":"https:\/\/climaco.com\/no\/wp-json\/wp\/v2\/pages"}],"about":[{"href":"https:\/\/climaco.com\/no\/wp-json\/wp\/v2\/types\/page"}],"author":[{"embeddable":true,"href":"https:\/\/climaco.com\/no\/wp-json\/wp\/v2\/users\/2"}],"replies":[{"embeddable":true,"href":"https:\/\/climaco.com\/no\/wp-json\/wp\/v2\/comments?post=2668"}],"version-history":[{"count":0,"href":"https:\/\/climaco.com\/no\/wp-json\/wp\/v2\/pages\/2668\/revisions"}],"wp:attachment":[{"href":"https:\/\/climaco.com\/no\/wp-json\/wp\/v2\/media?parent=2668"}],"curies":[{"name":"wp","href":"https:\/\/api.w.org\/{rel}","templated":true}]}}