{"id":2660,"date":"2019-10-09T08:21:06","date_gmt":"2019-10-09T06:21:06","guid":{"rendered":"https:\/\/climaco.com\/climaline-pancake-serien\/"},"modified":"2021-01-11T19:17:53","modified_gmt":"2021-01-11T18:17:53","slug":"climaline-pancake-serien","status":"publish","type":"page","link":"https:\/\/climaco.com\/no\/vart-dreneringsbrett\/climaline-pancake-serien\/","title":{"rendered":"ClimaLine Pancake-serien"},"content":{"rendered":"<p>[et_pb_section fb_built=&raquo;1&#8243; _builder_version=&raquo;3.22.3&#8243;][et_pb_row _builder_version=&raquo;3.25&#8243; width=&raquo;70%&raquo; max_width=&raquo;70%&raquo; use_custom_width=&raquo;on&raquo; width_unit=&raquo;off&raquo; custom_width_percent=&raquo;70%&raquo;][et_pb_column type=&raquo;4_4&#8243; _builder_version=&raquo;3.25&#8243; custom_padding=&raquo;|||&raquo; custom_padding__hover=&raquo;|||&raquo;][et_pb_text _builder_version=&raquo;3.27.4&#8243; header_font=&raquo;||||||||&raquo; header_font_size=&raquo;35px&raquo;]<\/p>\n<h1 style=\"text-align: center;\">Pancake-serien<\/h1>\n<p>&nbsp;<\/p>\n<p>Pancake er en serie dreneringstanker som ble oppfunnet i Sverige og som er et patentert opplegg for dreneringstanker. Dreneringsbrettene blir montert mellom monteringen og utend\u00f8rsenheten p\u00e5 varmepumpen i motsetning til andre dreneringsl\u00f8sninger hvor brettet henger under hele opphenget.&nbsp;Ved posisjonering av dreneringsbrettet s\u00e5 n\u00e6r selve varmepumpen, og via den spesielle utformingen av Pancake, har vi oppn\u00e5dd en sv\u00e6rt energi\u00f8konomisk l\u00f8sning.<\/p>\n<p>Pancake er designet for \u00e5 samle opp vannet p\u00e5 riktig sted.<\/p>\n<p>[\/et_pb_text][et_pb_divider color=&raquo;#b3b3b3&#8243; _builder_version=&raquo;3.22.2&#8243;][\/et_pb_divider][\/et_pb_column][\/et_pb_row][et_pb_row column_structure=&raquo;1_4,1_4,1_4,1_4&#8243; _builder_version=&raquo;3.25&#8243; width=&raquo;70%&raquo; max_width=&raquo;70%&raquo; use_custom_width=&raquo;on&raquo; width_unit=&raquo;off&raquo; custom_width_percent=&raquo;70%&raquo;][et_pb_column type=&raquo;1_4&#8243; _builder_version=&raquo;3.25&#8243; custom_padding=&raquo;|||&raquo; custom_padding__hover=&raquo;|||&raquo;][et_pb_blurb title=&raquo;Pancake 1&#8243; url=&raquo;\/?page_id=117&#8243; image=&raquo;https:\/\/climaco.com\/wp-content\/uploads\/2019\/03\/Pancake_1_gallery_1.png&raquo; _builder_version=&raquo;4.7.7&#8243; link_option_url=&raquo;\/?page_id=117&#8243; hover_enabled=&raquo;0&#8243; sticky_enabled=&raquo;0&#8243;]<\/p>\n<p><strong>Mest popul\u00e6r!\u00a0<\/strong>For brorparten av luft-til-luft varmepumper, dersom de er omkring 80 cm brede og 28-30 cm dype.<\/p>\n<p>[\/et_pb_blurb][\/et_pb_column][et_pb_column type=&raquo;1_4&#8243; _builder_version=&raquo;3.25&#8243; custom_padding=&raquo;|||&raquo; custom_padding__hover=&raquo;|||&raquo;][et_pb_blurb title=&raquo;Pancake 2&#8243; url=&raquo;https:\/\/climaco.com\/no\/pancake-2\/&raquo; image=&raquo;https:\/\/climaco.com\/wp-content\/uploads\/2019\/06\/Pancake_2_gallery_1_2.png&raquo; _builder_version=&raquo;4.7.7&#8243; link_option_url=&raquo;https:\/\/climaco.com\/no\/pancake-2\/&raquo; hover_enabled=&raquo;0&#8243; sticky_enabled=&raquo;0&#8243;]<\/p>\n<p>Har du en luft-til-vann varmepumpe eller en stor luft-til-luft varmepumpe? Utend\u00f8rsenheter med minst 85-105 cm bredde og 30-35 cm dybde.<\/p>\n<p>[\/et_pb_blurb][\/et_pb_column][et_pb_column type=&raquo;1_4&#8243; _builder_version=&raquo;3.25&#8243; custom_padding=&raquo;|||&raquo; custom_padding__hover=&raquo;|||&raquo;][et_pb_blurb title=&raquo;Pancake 3&#8243; url=&raquo;https:\/\/climaco.com\/no\/pancake-3\/&raquo; image=&raquo;https:\/\/climaco.com\/wp-content\/uploads\/2019\/06\/Pancake_3_gallery_1.png&raquo; _builder_version=&raquo;4.7.7&#8243; link_option_url=&raquo;https:\/\/climaco.com\/no\/pancake-3\/&raquo; hover_enabled=&raquo;0&#8243; sticky_enabled=&raquo;0&#8243;]<\/p>\n<p><strong>Ny!\u00a0<\/strong>For mange mindre luft-til-luft varmepumper som er 75-85 cm brede, men mindre enn 29 cm dype.<\/p>\n<p>[\/et_pb_blurb][\/et_pb_column][et_pb_column type=&raquo;1_4&#8243; _builder_version=&raquo;3.25&#8243; custom_padding=&raquo;|||&raquo; custom_padding__hover=&raquo;|||&raquo;][et_pb_blurb title=&raquo;Pancake 5&#8243; url=&raquo;https:\/\/climaco.com\/no\/pancake-5\/&raquo; image=&raquo;https:\/\/climaco.com\/wp-content\/uploads\/2019\/06\/Pancake_5_gallery_1.png&raquo; _builder_version=&raquo;4.7.7&#8243; link_option_url=&raquo;https:\/\/climaco.com\/no\/pancake-5\/&raquo; hover_enabled=&raquo;0&#8243; sticky_enabled=&raquo;0&#8243;]<\/p>\n<p><strong>Siste nytt!\u00a0<\/strong>Five er for st\u00f8rre luft-til-vann varmepumper, bredere enn 94 cm og minst 40 cm dype.<\/p>\n<p>[\/et_pb_blurb][\/et_pb_column][\/et_pb_row][\/et_pb_section]<\/p>\n","protected":false},"excerpt":{"rendered":"<p>Pancake-serien &nbsp; Pancake er en serie dreneringstanker som ble oppfunnet i Sverige og som er et patentert opplegg for dreneringstanker. Dreneringsbrettene blir montert mellom monteringen og utend\u00f8rsenheten p\u00e5 varmepumpen i motsetning til andre dreneringsl\u00f8sninger hvor brettet henger under hele opphenget.&nbsp;Ved posisjonering av dreneringsbrettet s\u00e5 n\u00e6r selve varmepumpen, og via den spesielle utformingen av Pancake, har [&hellip;]<\/p>\n","protected":false},"author":2,"featured_media":0,"parent":2672,"menu_order":0,"comment_status":"closed","ping_status":"closed","template":"","meta":{"_et_pb_use_builder":"on","_et_pb_old_content":"","_et_gb_content_width":"","footnotes":""},"class_list":["post-2660","page","type-page","status-publish","hentry"],"_links":{"self":[{"href":"https:\/\/climaco.com\/no\/wp-json\/wp\/v2\/pages\/2660","targetHints":{"allow":["GET"]}}],"collection":[{"href":"https:\/\/climaco.com\/no\/wp-json\/wp\/v2\/pages"}],"about":[{"href":"https:\/\/climaco.com\/no\/wp-json\/wp\/v2\/types\/page"}],"author":[{"embeddable":true,"href":"https:\/\/climaco.com\/no\/wp-json\/wp\/v2\/users\/2"}],"replies":[{"embeddable":true,"href":"https:\/\/climaco.com\/no\/wp-json\/wp\/v2\/comments?post=2660"}],"version-history":[{"count":0,"href":"https:\/\/climaco.com\/no\/wp-json\/wp\/v2\/pages\/2660\/revisions"}],"up":[{"embeddable":true,"href":"https:\/\/climaco.com\/no\/wp-json\/wp\/v2\/pages\/2672"}],"wp:attachment":[{"href":"https:\/\/climaco.com\/no\/wp-json\/wp\/v2\/media?parent=2660"}],"curies":[{"name":"wp","href":"https:\/\/api.w.org\/{rel}","templated":true}]}}