{"id":2658,"date":"2019-10-09T08:21:05","date_gmt":"2019-10-09T06:21:05","guid":{"rendered":"https:\/\/climaco.com\/bronnplater-pancake\/"},"modified":"2019-10-09T08:21:36","modified_gmt":"2019-10-09T06:21:36","slug":"bronnplater-pancake","status":"publish","type":"page","link":"https:\/\/climaco.com\/no\/bronnplater-pancake\/","title":{"rendered":"Br\u00f8nnplater Pancake"},"content":{"rendered":"<p>[et_pb_section fb_built=&raquo;1&#8243; custom_padding_last_edited=&raquo;on|desktop&raquo; next_background_color=&raquo;#ffffff&raquo; admin_label=&raquo;Header&raquo; _builder_version=&raquo;3.22.3&#8243; background_color_gradient_direction=&raquo;130deg&raquo; background_image=&raquo;https:\/\/climaco.com\/wp-content\/uploads\/2019\/02\/adventure-alpine-background-355770-e1551445271405.jpg&raquo; parallax=&raquo;on&raquo; custom_padding=&raquo;0px||0px||false|false&raquo; custom_padding_tablet=&raquo;0||0||true|false&raquo; custom_padding_phone=&raquo;||||true&raquo; bottom_divider_style=&raquo;ramp2&#8243; bottom_divider_height=&raquo;149px&raquo; bottom_divider_flip=&raquo;horizontal&raquo; bottom_divider_height_tablet=&raquo;150px&raquo; bottom_divider_height_phone=&raquo;110px&raquo; bottom_divider_height_last_edited=&raquo;on|phone&raquo; saved_tabs=&raquo;all&raquo;][et_pb_row use_custom_gutter=&raquo;on&raquo; gutter_width=&raquo;2&#8243; custom_padding=&raquo;30px|0px|30px|0px|false|false&raquo; custom_padding_tablet=&raquo;||40px|&raquo; custom_padding_phone=&raquo;0px||0px&raquo; custom_padding_last_edited=&raquo;on|desktop&raquo; module_class=&raquo; et_pb_row_fullwidth&raquo; _builder_version=&raquo;3.25&#8243; width=&raquo;94%&raquo; width_tablet=&raquo;80%&raquo; width_last_edited=&raquo;on|desktop&raquo; max_width=&raquo;94%&raquo; max_width_tablet=&raquo;80%&raquo; max_width_last_edited=&raquo;on|desktop&raquo; custom_margin_last_edited=&raquo;on|tablet&raquo; make_fullwidth=&raquo;on&raquo; column_structure=&raquo;1_2,1_2&#8243;][et_pb_column type=&raquo;1_2&#8243; _builder_version=&raquo;3.25&#8243; custom_padding=&raquo;|||&raquo; custom_padding__hover=&raquo;|||&raquo;][et_pb_image src=&raquo;https:\/\/climaco.com\/wp-content\/uploads\/2019\/03\/Fordjupningsplattor_pancake.png&raquo; _builder_version=&raquo;3.23&#8243; max_width=&raquo;70%&raquo; max_width_tablet=&raquo;59%&raquo; max_width_phone=&raquo;60%&raquo; max_width_last_edited=&raquo;on|desktop&raquo; module_alignment=&raquo;center&raquo; always_center_on_mobile=&raquo;off&raquo;][\/et_pb_image][\/et_pb_column][et_pb_column type=&raquo;1_2&#8243; _builder_version=&raquo;3.25&#8243; custom_padding=&raquo;|||&raquo; custom_padding__hover=&raquo;|||&raquo;][\/et_pb_column][\/et_pb_row][\/et_pb_section][et_pb_section fb_built=&raquo;1&#8243; admin_label=&raquo;Get Started&raquo; _builder_version=&raquo;3.22.3&#8243; custom_margin_last_edited=&raquo;on|tablet&raquo; custom_padding=&raquo;0px||0px||false|false&raquo; saved_tabs=&raquo;all&raquo;][et_pb_row use_custom_gutter=&raquo;on&raquo; gutter_width=&raquo;2&#8243; custom_padding=&raquo;13px||0px||false|false&raquo; custom_margin=&raquo;|||&raquo; _builder_version=&raquo;3.25&#8243; border_color_all=&raquo;rgba(0,0,0,0)&raquo; max_width=&raquo;1440px&raquo; custom_margin_last_edited=&raquo;on|desktop&raquo; use_custom_width=&raquo;on&raquo; width_unit=&raquo;off&raquo; column_structure=&raquo;1_2,1_2&#8243;][et_pb_column type=&raquo;1_2&#8243; _builder_version=&raquo;3.25&#8243; custom_padding=&raquo;0px||30px|&raquo; custom_padding_tablet=&raquo;||0px&raquo; custom_padding_last_edited=&raquo;on|tablet&raquo; custom_padding__hover=&raquo;|||&raquo;][et_pb_text _builder_version=&raquo;3.25.2&#8243; text_font=&raquo;||||||||&raquo; header_font=&raquo;||||||||&raquo; header_2_font=&raquo;BebasNeue Bold||||||||&raquo; header_2_font_size=&raquo;50px&raquo;]<\/p>\n<h2>Br\u00f8nnplater for Pancake<\/h2>\n<p>ClimaLines br\u00f8nnplater brukes dersom Pancakes dreneringsbrett ikke passer mellom utend\u00f8rsenhetens monteringer eller der hvor de bakre avfukterne er for n\u00e6r\/under utend\u00f8rsenheten. De justerbare platene gir Pancake-brettet rom slik at brettet n\u00e5r alle utl\u00f8pene fra utend\u00f8rsenheten.<\/p>\n<p>Platene er kun montert p\u00e5 baksiden av utend\u00f8rsenheten, med begge vibrasjonsavfukterne.<\/p>\n<p>[\/et_pb_text][et_pb_text _builder_version=&raquo;3.19.18&#8243; text_font=&raquo;||||||||&raquo; link_font=&raquo;|700|||||||&raquo; link_text_color=&raquo;#757575&#8243; link_font_size=&raquo;15px&raquo; header_font=&raquo;||||||||&raquo; header_2_font=&raquo;BebasNeue Bold||||||||&raquo; header_2_font_size=&raquo;50px&raquo;]<\/p>\n<h2>Teknisk info<\/h2>\n<p>[\/et_pb_text][et_pb_tabs _builder_version=&raquo;3.25.2&#8243; body_font=&raquo;||||||||&raquo; body_text_align=&raquo;left&raquo; tab_font=&raquo;||||||||&raquo; max_width_last_edited=&raquo;on|desktop&raquo; module_alignment=&raquo;left&raquo;][et_pb_tab title=&raquo;Br\u00f8nnplater for Pancake&raquo; _builder_version=&raquo;3.25.2&#8243; tab_font=&raquo;||||||||&raquo;]<\/p>\n<ul>\n<li>Materiale: 4,0 mm st\u00e5l<\/li>\n<li>Overflatebehandling: varmegalvanisert<\/li>\n<li>Lengde: 90 mm<\/li>\n<li>Bredde: 30 mm<\/li>\n<li>Artikkel nr.:&nbsp;<span>399-EXT90G<\/span><\/li>\n<li>Utvidelsesplatene er montert p\u00e5 baksiden av de bakre vibrasjonsavfukterne.<\/li>\n<\/ul>\n<p>Designet av Climaco<\/p>\n<p>[\/et_pb_tab][et_pb_tab title=&raquo;Inkludert er&raquo; _builder_version=&raquo;3.25.2&#8243;]<\/p>\n<p>Dette er inkludert:<\/p>\n<ul>\n<li>1 par br\u00f8nnplater<\/li>\n<li><span>To par M8 16 mm bolter, stoppskiver, muttere.<\/span><\/li>\n<li>Installasjonsinstrukser<\/li>\n<\/ul>\n<p>[\/et_pb_tab][et_pb_tab title=&raquo;Dokument&raquo; _builder_version=&raquo;3.25.2&#8243;][\/et_pb_tab][\/et_pb_tabs][\/et_pb_column][et_pb_column type=&raquo;1_2&#8243; _builder_version=&raquo;3.25&#8243; custom_padding=&raquo;0px|||&raquo; custom_padding_tablet=&raquo;0px||20px&raquo; custom_padding_phone=&raquo;0px||20px|&raquo; custom_padding_last_edited=&raquo;on|phone&raquo; custom_padding__hover=&raquo;|||&raquo;][et_pb_gallery gallery_ids=&raquo;508,507,506,505&#8243; fullwidth=&raquo;on&raquo; _builder_version=&raquo;3.20.1&#8243; auto=&raquo;on&raquo;][\/et_pb_gallery][\/et_pb_column][\/et_pb_row][\/et_pb_section]<\/p>\n","protected":false},"excerpt":{"rendered":"<p>Br\u00f8nnplater for Pancake ClimaLines br\u00f8nnplater brukes dersom Pancakes dreneringsbrett ikke passer mellom utend\u00f8rsenhetens monteringer eller der hvor de bakre avfukterne er for n\u00e6r\/under utend\u00f8rsenheten. De justerbare platene gir Pancake-brettet rom slik at brettet n\u00e5r alle utl\u00f8pene fra utend\u00f8rsenheten. Platene er kun montert p\u00e5 baksiden av utend\u00f8rsenheten, med begge vibrasjonsavfukterne. Teknisk info Materiale: 4,0 mm st\u00e5l [&hellip;]<\/p>\n","protected":false},"author":2,"featured_media":0,"parent":0,"menu_order":0,"comment_status":"closed","ping_status":"closed","template":"","meta":{"_et_pb_use_builder":"on","_et_pb_old_content":"","_et_gb_content_width":"","footnotes":""},"class_list":["post-2658","page","type-page","status-publish","hentry"],"_links":{"self":[{"href":"https:\/\/climaco.com\/no\/wp-json\/wp\/v2\/pages\/2658","targetHints":{"allow":["GET"]}}],"collection":[{"href":"https:\/\/climaco.com\/no\/wp-json\/wp\/v2\/pages"}],"about":[{"href":"https:\/\/climaco.com\/no\/wp-json\/wp\/v2\/types\/page"}],"author":[{"embeddable":true,"href":"https:\/\/climaco.com\/no\/wp-json\/wp\/v2\/users\/2"}],"replies":[{"embeddable":true,"href":"https:\/\/climaco.com\/no\/wp-json\/wp\/v2\/comments?post=2658"}],"version-history":[{"count":0,"href":"https:\/\/climaco.com\/no\/wp-json\/wp\/v2\/pages\/2658\/revisions"}],"wp:attachment":[{"href":"https:\/\/climaco.com\/no\/wp-json\/wp\/v2\/media?parent=2658"}],"curies":[{"name":"wp","href":"https:\/\/api.w.org\/{rel}","templated":true}]}}