{"id":2652,"date":"2019-09-24T12:57:08","date_gmt":"2019-09-24T10:57:08","guid":{"rendered":"https:\/\/climaco.com\/varmesett\/"},"modified":"2020-07-03T10:13:07","modified_gmt":"2020-07-03T08:13:07","slug":"varmesett","status":"publish","type":"page","link":"https:\/\/climaco.com\/no\/varmesett\/","title":{"rendered":"Varmesett"},"content":{"rendered":"<p>[et_pb_section fb_built=&raquo;1&#8243; _builder_version=&raquo;3.22.3&#8243;][et_pb_row _builder_version=&raquo;3.25&#8243;][et_pb_column type=&raquo;4_4&#8243; _builder_version=&raquo;3.25&#8243; custom_padding=&raquo;|||&raquo; custom_padding__hover=&raquo;|||&raquo;][et_pb_text _builder_version=&raquo;3.25.3&#8243;]<\/p>\n<h1>Sett for avl\u00f8psvann fra vamepumper<\/h1>\n<p>I den kalde \u00e5rstiden produserer varmepumpens utend\u00f8rsenhet en stor mengde vann n\u00e5r den avrimes. Siden vann fryser, m\u00e5 r\u00f8rene eller slangene som brukes, varmes opp. Vi har sett som inneholder det n\u00f8dvendige utstyret for \u00e5 lede vannet til en br\u00f8nn i kjelleren, til et avl\u00f8p, en kum eller annen avrenningm\u00e5te til lavest mulige energikostnader.<\/p>\n<p>[\/et_pb_text][\/et_pb_column][\/et_pb_row][et_pb_row column_structure=&raquo;1_3,1_3,1_3&#8243; _builder_version=&raquo;3.25&#8243;][et_pb_column type=&raquo;1_3&#8243; _builder_version=&raquo;3.25&#8243; custom_padding=&raquo;|||&raquo; custom_padding__hover=&raquo;|||&raquo;][et_pb_blurb title=&raquo;Varmesett til brett, \u00d8 20 mm&raquo; url=&raquo;https:\/\/climaco.com\/no\/oppvarmingssett-for-brett\/&raquo; image=&raquo;https:\/\/climaco.com\/wp-content\/uploads\/2019\/03\/heatkit2.png&raquo; _builder_version=&raquo;3.25.2&#8243; link_option_url=&raquo;https:\/\/climaco.com\/no\/oppvarmingssett-for-brett\/&raquo;]<\/p>\n<p>G\u00e5 til v\u00e5re oppvarmede avl\u00f8psbrett. Passer alle avl\u00f8psbrett med <strong>\u00d8 20 mm<\/strong> slangeadapter. Brettene er tilgjengelig i lengder fra 1 til 12 m og har blant annet isolerte slanger og termostatstyrte varmekabler.<\/p>\n<p>[\/et_pb_blurb][\/et_pb_column][et_pb_column type=&raquo;1_3&#8243; _builder_version=&raquo;3.25&#8243; custom_padding=&raquo;|||&raquo; custom_padding__hover=&raquo;|||&raquo;][et_pb_blurb title=&raquo;Varmesett til brett, \u00d8 25 mm&raquo; url=&raquo;https:\/\/climaco.com\/no\/brettvarmesett-25-mm\/&raquo; image=&raquo;https:\/\/climaco.com\/wp-content\/uploads\/2019\/06\/heatkit-notray-25.png&raquo; _builder_version=&raquo;3.25.2&#8243; link_option_url=&raquo;https:\/\/climaco.com\/no\/brettvarmesett-25-mm\/&raquo;]<\/p>\n<p>G\u00e5 til Pro, v\u00e5re store, oppvarmede brett for avl\u00f8psvann. Passer til alle avl\u00f8psbrett med <strong>\u00d8 25 mm<\/strong> slangeadapter. Brettene er tilgjengelig i lengder fra 1 til 12 m og har blant annet isolerte slanger og termostatstyrte varmekabler.<\/p>\n<p>[\/et_pb_blurb][\/et_pb_column][et_pb_column type=&raquo;1_3&#8243; _builder_version=&raquo;3.25&#8243; custom_padding=&raquo;|||&raquo; custom_padding__hover=&raquo;|||&raquo;][et_pb_blurb title=&raquo;Varmesett for utedeler&raquo; url=&raquo;https:\/\/climaco.com\/no\/slangesett-for-adapter\/&raquo; image=&raquo;https:\/\/climaco.com\/wp-content\/uploads\/2019\/06\/heatkit-notray.png&raquo; _builder_version=&raquo;3.25.2&#8243; link_option_url=&raquo;https:\/\/climaco.com\/no\/slangesett-for-adapter\/&raquo;]<\/p>\n<p>Kobles direkte til utedelen for \u00e5 lede vekk vann. Passer til alle varmepumper med utedel med utgang p\u00e5 \u00d8 20\u201321, 25\u201326 og 32\u201333 mm. Brettene er tilgjengelig i lengder fra 1 til 12 m og har blant annet isolerte slanger og termostatstyrte varmekabler.<\/p>\n<p>[\/et_pb_blurb][\/et_pb_column][\/et_pb_row][et_pb_row _builder_version=&raquo;3.25&#8243;][et_pb_column type=&raquo;4_4&#8243; _builder_version=&raquo;3.25&#8243; custom_padding=&raquo;|||&raquo; custom_padding__hover=&raquo;|||&raquo;][et_pb_text _builder_version=&raquo;3.25.3&#8243;]<\/p>\n<h1>Avl\u00f8pssett for klimaanlegg og bassengvarmepumpe<\/h1>\n<p>Hvis du har klimaanlegg eller bassengvarmepumpe som bare brukes n\u00e5r det er varmt ute, trenger du bare et enkelt sett med slange, overganger og veggfester. Settene nedenfor&nbsp;har hverken oppvarming eller isolering av slangen, da det er un\u00f8dvendig.<\/p>\n<p>Det er viktig at disse settene ikke brukes i varmepumpedrift, spesielt ikke under&nbsp;+2 \u00b0C, da det kalde trekket fra viften i utend\u00f8rsenheten utgj\u00f8r en risiko for \u00e5 fryse ikke bare avl\u00f8pssettet, men ogs\u00e5 utedelen.<\/p>\n<p>[\/et_pb_text][\/et_pb_column][\/et_pb_row][et_pb_row column_structure=&raquo;1_3,1_3,1_3&#8243; _builder_version=&raquo;3.25&#8243;][et_pb_column type=&raquo;1_3&#8243; _builder_version=&raquo;3.25&#8243; custom_padding=&raquo;|||&raquo; custom_padding__hover=&raquo;|||&raquo;][et_pb_blurb title=&raquo;Avl\u00f8pssett for brett uten oppvarming&raquo; url=&raquo;https:\/\/climaco.com\/no\/dreneringssett-klaffe\/&raquo; image=&raquo;https:\/\/climaco.com\/wp-content\/uploads\/2019\/06\/heatkit-noheat.png&raquo; _builder_version=&raquo;3.25.2&#8243; link_option_url=&raquo;https:\/\/climaco.com\/no\/dreneringssett-klaffe\/&raquo;]<\/p>\n<p>For brett uten oppvarming for \u00e5 lede vekk kondens. Passer til alle brett med \u00d8 20 mm slangeadapter. Disse er tilgjengelig i lengder fra 1 til 12 m og har blant annet veggfeste og slangeklemmer.<\/p>\n<p>[\/et_pb_blurb][\/et_pb_column][et_pb_column type=&raquo;1_3&#8243; _builder_version=&raquo;3.25&#8243; custom_padding=&raquo;|||&raquo; custom_padding__hover=&raquo;|||&raquo;][et_pb_blurb title=&raquo;Avl\u00f8pssett for utedeler&raquo; url=&raquo;https:\/\/climaco.com\/no\/dreneringssett-for-utendorsenhet\/&raquo; image=&raquo;https:\/\/climaco.com\/wp-content\/uploads\/2019\/06\/heatkit-notray-noheat.png&raquo; _builder_version=&raquo;3.25.2&#8243; link_option_url=&raquo;https:\/\/climaco.com\/no\/dreneringssett-for-utendorsenhet\/&raquo;]<\/p>\n<p>Kobles direkte til utedelen for \u00e5 lede vekk vann. For utedeler med utgang p\u00e5 \u00d8 20\u201321, 25\u201326 og 32\u201333 mm. Disse er tilgjengelig i lengder fra 1 til 12 m og har blant annet multiadaptere, slange og veggfester.<\/p>\n<p>[\/et_pb_blurb][\/et_pb_column][et_pb_column type=&raquo;1_3&#8243; _builder_version=&raquo;3.25&#8243; custom_padding=&raquo;|||&raquo; custom_padding__hover=&raquo;|||&raquo;][\/et_pb_column][\/et_pb_row][\/et_pb_section]<\/p>\n","protected":false},"excerpt":{"rendered":"<p>Sett for avl\u00f8psvann fra vamepumper I den kalde \u00e5rstiden produserer varmepumpens utend\u00f8rsenhet en stor mengde vann n\u00e5r den avrimes. Siden vann fryser, m\u00e5 r\u00f8rene eller slangene som brukes, varmes opp. Vi har sett som inneholder det n\u00f8dvendige utstyret for \u00e5 lede vannet til en br\u00f8nn i kjelleren, til et avl\u00f8p, en kum eller annen avrenningm\u00e5te [&hellip;]<\/p>\n","protected":false},"author":2,"featured_media":0,"parent":0,"menu_order":0,"comment_status":"closed","ping_status":"closed","template":"","meta":{"_et_pb_use_builder":"on","_et_pb_old_content":"","_et_gb_content_width":"","footnotes":""},"class_list":["post-2652","page","type-page","status-publish","hentry"],"_links":{"self":[{"href":"https:\/\/climaco.com\/no\/wp-json\/wp\/v2\/pages\/2652","targetHints":{"allow":["GET"]}}],"collection":[{"href":"https:\/\/climaco.com\/no\/wp-json\/wp\/v2\/pages"}],"about":[{"href":"https:\/\/climaco.com\/no\/wp-json\/wp\/v2\/types\/page"}],"author":[{"embeddable":true,"href":"https:\/\/climaco.com\/no\/wp-json\/wp\/v2\/users\/2"}],"replies":[{"embeddable":true,"href":"https:\/\/climaco.com\/no\/wp-json\/wp\/v2\/comments?post=2652"}],"version-history":[{"count":0,"href":"https:\/\/climaco.com\/no\/wp-json\/wp\/v2\/pages\/2652\/revisions"}],"wp:attachment":[{"href":"https:\/\/climaco.com\/no\/wp-json\/wp\/v2\/media?parent=2652"}],"curies":[{"name":"wp","href":"https:\/\/api.w.org\/{rel}","templated":true}]}}