{"id":12063,"date":"2026-02-12T18:04:33","date_gmt":"2026-02-12T17:04:33","guid":{"rendered":"https:\/\/climaco.com\/produsenttips-til-installatoren\/"},"modified":"2026-02-12T18:04:34","modified_gmt":"2026-02-12T17:04:34","slug":"produsenttips-til-installatoren","status":"publish","type":"page","link":"https:\/\/climaco.com\/no\/produsenttips-til-installatoren\/","title":{"rendered":"Produsenttips til installat\u00f8ren"},"content":{"rendered":"<p>[et_pb_section fb_built=&raquo;1&#8243; _builder_version=&raquo;4.16&#8243; global_colors_info=&raquo;{}&raquo;][et_pb_row _builder_version=&raquo;4.16&#8243; global_colors_info=&raquo;{}&raquo;][et_pb_column type=&raquo;4_4&#8243; _builder_version=&raquo;4.16&#8243; custom_padding=&raquo;|||&raquo; global_colors_info=&raquo;{}&raquo; custom_padding__hover=&raquo;|||&raquo;][et_pb_text _builder_version=&raquo;4.27.4&#8243; header_font=&raquo;||||||||&raquo; header_font_size=&raquo;35px&raquo; global_colors_info=&raquo;{}&raquo;]<\/p>\n<h1 style=\"text-align: center\">Tips til installat\u00f8ren<\/h1>\n<p>[\/et_pb_text][\/et_pb_column][\/et_pb_row][et_pb_row column_structure=&raquo;1_3,1_3,1_3&#8243; _builder_version=&raquo;4.27.4&#8243; _module_preset=&raquo;default&raquo; global_colors_info=&raquo;{}&raquo;][et_pb_column type=&raquo;1_3&#8243; _builder_version=&raquo;4.27.4&#8243; _module_preset=&raquo;default&raquo; global_colors_info=&raquo;{}&raquo;][et_pb_image src=&raquo;https:\/\/climaco.com\/wp-content\/uploads\/2025\/11\/399-ext90g-e1024.png&raquo; title_text=&raquo;399-EXT90G-E1024&#8243; _builder_version=&raquo;4.27.4&#8243; _module_preset=&raquo;default&raquo; global_colors_info=&raquo;{}&raquo;][\/et_pb_image][\/et_pb_column][et_pb_column type=&raquo;1_3&#8243; _builder_version=&raquo;4.27.4&#8243; _module_preset=&raquo;default&raquo; global_colors_info=&raquo;{}&raquo;][et_pb_image src=&raquo;https:\/\/climaco.com\/wp-content\/uploads\/2025\/11\/bild-saknas.png&raquo; title_text=&raquo;Bilde-manglende&raquo; _builder_version=&raquo;4.27.4&#8243; _module_preset=&raquo;default&raquo; global_colors_info=&raquo;{}&raquo;][\/et_pb_image][\/et_pb_column][et_pb_column type=&raquo;1_3&#8243; _builder_version=&raquo;4.27.4&#8243; _module_preset=&raquo;default&raquo; global_colors_info=&raquo;{}&raquo;][et_pb_image src=&raquo;https:\/\/climaco.com\/wp-content\/uploads\/2025\/11\/me-chassi.png&raquo; title_text=&raquo;Mitt chassis&raquo; _builder_version=&raquo;4.27.4&#8243; _module_preset=&raquo;default&raquo; global_colors_info=&raquo;{}&raquo;][\/et_pb_image][\/et_pb_column][\/et_pb_row][et_pb_row column_structure=&raquo;1_3,1_3,1_3&#8243; _builder_version=&raquo;4.27.4&#8243; _module_preset=&raquo;default&raquo; global_colors_info=&raquo;{}&raquo;][et_pb_column type=&raquo;1_3&#8243; _builder_version=&raquo;4.27.4&#8243; _module_preset=&raquo;default&raquo; global_colors_info=&raquo;{}&raquo;][et_pb_image src=&raquo;https:\/\/climaco.com\/wp-content\/uploads\/2025\/11\/xrh-399-ext420n.png&raquo; title_text=&raquo;Xrh-399-ext420n&raquo; _builder_version=&raquo;4.27.4&#8243; _module_preset=&raquo;default&raquo; global_colors_info=&raquo;{}&raquo;][\/et_pb_image][\/et_pb_column][et_pb_column type=&raquo;1_3&#8243; _builder_version=&raquo;4.27.4&#8243; _module_preset=&raquo;default&raquo; global_colors_info=&raquo;{}&raquo;][et_pb_image src=&raquo;https:\/\/climaco.com\/wp-content\/uploads\/2025\/11\/bild-saknas.png&raquo; title_text=&raquo;Bilde-manglende&raquo; _builder_version=&raquo;4.27.4&#8243; _module_preset=&raquo;default&raquo; global_colors_info=&raquo;{}&raquo;][\/et_pb_image][\/et_pb_column][et_pb_column type=&raquo;1_3&#8243; _builder_version=&raquo;4.27.4&#8243; _module_preset=&raquo;default&raquo; global_colors_info=&raquo;{}&raquo;][et_pb_image src=&raquo;https:\/\/climaco.com\/wp-content\/uploads\/2025\/11\/bild-saknas.png&raquo; title_text=&raquo;Bilde-manglende&raquo; _builder_version=&raquo;4.27.4&#8243; _module_preset=&raquo;default&raquo; global_colors_info=&raquo;{}&raquo;][\/et_pb_image][\/et_pb_column][\/et_pb_row][et_pb_row _builder_version=&raquo;4.16&#8243; global_colors_info=&raquo;{}&raquo;][et_pb_column type=&raquo;4_4&#8243; _builder_version=&raquo;4.16&#8243; custom_padding=&raquo;|||&raquo; global_colors_info=&raquo;{}&raquo; custom_padding__hover=&raquo;|||&raquo;][et_pb_text _builder_version=&raquo;4.27.5&#8243; hover_enabled=&raquo;0&#8243; global_colors_info=&raquo;{}&raquo; sticky_enabled=&raquo;0&#8243;]<\/p>\n<h2>Hvilket dreneringsbrett b\u00f8r jeg velge<\/h2>\n<p>Her kan du se hvilken dreneringsskuff som passer til varmepumpens utend\u00f8rs del!<\/p>\n<p><a href=\"https:\/\/climaco.com\/no\/velg-modell\/\" target=\"_blank\" rel=\"noopener noreferrer\">Hjelp med valg av dreneringsbrett<\/a><\/p>\n<p>[\/et_pb_text][et_pb_accordion _builder_version=&raquo;4.27.5&#8243; hover_enabled=&raquo;0&#8243; global_colors_info=&raquo;{}&raquo; sticky_enabled=&raquo;0&#8243;][et_pb_accordion_item title=&raquo;Daikin Air-air XRH med fritthengende girskifter og utstikkende f\u00f8tter p\u00e5 utend\u00f8rsenheten&raquo; _builder_version=&raquo;4.27.4&#8243; global_colors_info=&raquo;{}&raquo; open=&raquo;off&raquo;]<\/p>\n<p>Pancake 4 er montert med 3 cm utenfor hele veksleren. For \u00e5 komme ut m\u00e5 du montere komposittplatene, ellers er spjeldene i veien. De runde hullene i platen er montert p\u00e5 vibrasjonsdemperen, gummiavstandsstykker er montert under demperen. Rennen m\u00e5 kunne justeres i henhold til vannet, alts\u00e5 beveges fritt under uteenheten (utend\u00f8rsenheten m\u00e5 ikke henge p\u00e5 brettet). Skyv platene inn, s\u00e5 brettet er begrenset til 3 cm overheng, ikke mer. N\u00e5r utend\u00f8rsenheten er festet og dreneringssettet er montert, m\u00e5 plasseringen av brettet justeres \u2013 vannet du heller p\u00e5 veksleren skal lande p\u00e5 bunnen av skuffen, verken p\u00e5 ytterkanten eller p\u00e5 den delen som er vinklet.     <\/p>\n<p>&nbsp;<\/p>\n<p>[\/et_pb_accordion_item][et_pb_accordion_item title=&raquo;Daikin Air-air XRH med fritthengende utveksler, med f\u00f8ttene under utend\u00f8rsenheten bak&raquo; _builder_version=&raquo;4.27.4&#8243; _module_preset=&raquo;default&raquo; global_colors_info=&raquo;{}&raquo; open=&raquo;off&raquo;]<\/p>\n<p>Pancake 4 er montert med 3 cm utenfor hele veksleren. For \u00e5 komme ut m\u00e5 du montere komposittplatene, ellers er spjeldene i veien. De runde hullene i platen er montert p\u00e5 vibrasjonsdemperen, gummiavstandsstykker er montert under demperen. Rennen m\u00e5 kunne justeres i henhold til vannet, alts\u00e5 beveges fritt under uteenheten (utend\u00f8rsenheten m\u00e5 ikke henge p\u00e5 brettet). Skyv platene inn, s\u00e5 brettet er begrenset til 3 cm overheng, ikke mer. N\u00e5r utend\u00f8rsenheten er festet og dreneringssettet er montert, m\u00e5 plasseringen av brettet justeres \u2013 vannet du heller p\u00e5 veksleren skal lande p\u00e5 bunnen av skuffen, verken p\u00e5 ytterkanten eller p\u00e5 den delen som er vinklet.     <\/p>\n<p>[\/et_pb_accordion_item][et_pb_accordion_item title=&raquo;Mitsubishi Electric Air-Air 25-35-42 General&raquo; _builder_version=&raquo;4.27.4&#8243; global_colors_info=&raquo;{}&raquo; open=&raquo;off&raquo;]<\/p>\n<p>Pannekake 3 til disse<\/p>\n<p>[\/et_pb_accordion_item][et_pb_accordion_item title=&raquo;IVT 8000\/9000 og Bosch&raquo; _builder_version=&raquo;4.27.4&#8243; _module_preset=&raquo;default&raquo; global_colors_info=&raquo;{}&raquo; open=&raquo;off&raquo;]<\/p>\n<p>Innholdet ditt h\u00f8rer til her. Rediger eller fjern denne teksten i teksten eller i modulens innholdsinnstillinger. Du kan ogs\u00e5 style alle aspekter av dette innholdet i moduldesigninnstillingene og til og med anvende tilpasset CSS p\u00e5 denne teksten i modulens avanserte innstillinger.  <\/p>\n<p>[\/et_pb_accordion_item][\/et_pb_accordion][\/et_pb_column][\/et_pb_row][\/et_pb_section]<\/p>\n","protected":false},"excerpt":{"rendered":"<p>Tips til installat\u00f8renHvilket dreneringsbrett b\u00f8r jeg velge Her kan du se hvilken dreneringsskuff som passer til varmepumpens utend\u00f8rs del! Hjelp med valg av dreneringsbrettPancake 4 er montert med 3 cm utenfor hele veksleren. For \u00e5 komme ut m\u00e5 du montere komposittplatene, ellers er spjeldene i veien. De runde hullene i platen er montert p\u00e5 vibrasjonsdemperen, [&hellip;]<\/p>\n","protected":false},"author":5,"featured_media":0,"parent":0,"menu_order":0,"comment_status":"closed","ping_status":"closed","template":"","meta":{"_et_pb_use_builder":"on","_et_pb_old_content":"","_et_gb_content_width":"","footnotes":""},"class_list":["post-12063","page","type-page","status-publish","hentry"],"_links":{"self":[{"href":"https:\/\/climaco.com\/no\/wp-json\/wp\/v2\/pages\/12063","targetHints":{"allow":["GET"]}}],"collection":[{"href":"https:\/\/climaco.com\/no\/wp-json\/wp\/v2\/pages"}],"about":[{"href":"https:\/\/climaco.com\/no\/wp-json\/wp\/v2\/types\/page"}],"author":[{"embeddable":true,"href":"https:\/\/climaco.com\/no\/wp-json\/wp\/v2\/users\/5"}],"replies":[{"embeddable":true,"href":"https:\/\/climaco.com\/no\/wp-json\/wp\/v2\/comments?post=12063"}],"version-history":[{"count":4,"href":"https:\/\/climaco.com\/no\/wp-json\/wp\/v2\/pages\/12063\/revisions"}],"predecessor-version":[{"id":12067,"href":"https:\/\/climaco.com\/no\/wp-json\/wp\/v2\/pages\/12063\/revisions\/12067"}],"wp:attachment":[{"href":"https:\/\/climaco.com\/no\/wp-json\/wp\/v2\/media?parent=12063"}],"curies":[{"name":"wp","href":"https:\/\/api.w.org\/{rel}","templated":true}]}}