{"id":12046,"date":"2026-02-12T18:03:36","date_gmt":"2026-02-12T17:03:36","guid":{"rendered":"https:\/\/climaco.com\/stellinstruksjoner\/"},"modified":"2026-02-12T18:03:37","modified_gmt":"2026-02-12T17:03:37","slug":"stellinstruksjoner","status":"publish","type":"page","link":"https:\/\/climaco.com\/no\/stellinstruksjoner\/","title":{"rendered":"Stellinstruksjoner"},"content":{"rendered":"<p>[et_pb_section fb_built=&raquo;1&#8243; _builder_version=&raquo;4.16&#8243; global_colors_info=&raquo;{}&raquo;][et_pb_row _builder_version=&raquo;4.16&#8243; global_colors_info=&raquo;{}&raquo;][et_pb_column type=&raquo;4_4&#8243; _builder_version=&raquo;4.16&#8243; custom_padding=&raquo;|||&raquo; global_colors_info=&raquo;{}&raquo; custom_padding__hover=&raquo;|||&raquo;][et_pb_text _builder_version=&raquo;4.27.4&#8243; header_font=&raquo;||||||||&raquo; header_font_size=&raquo;35px&raquo; global_colors_info=&raquo;{}&raquo;]<\/p>\n<h1 style=\"text-align: center;\">Stellinstruksjoner<\/h1>\n<p>[\/et_pb_text][et_pb_text _builder_version=&raquo;4.27.4&#8243; header_font=&raquo;||||||||&raquo; header_font_size=&raquo;35px&raquo; global_colors_info=&raquo;{}&raquo;]<\/p>\n<h2 style=\"text-align: center;\">Ta vare p\u00e5 trauet og varmepumpen, s\u00e5 vil huset g\u00e5 fint.<\/h2>\n<p>[\/et_pb_text][\/et_pb_column][\/et_pb_row][et_pb_row _builder_version=&raquo;4.27.4&#8243; locked=&raquo;off&raquo; global_colors_info=&raquo;{}&raquo;][et_pb_column type=&raquo;4_4&#8243; _builder_version=&raquo;4.16&#8243; custom_padding=&raquo;|||&raquo; global_colors_info=&raquo;{}&raquo; custom_padding__hover=&raquo;|||&raquo;][et_pb_text _builder_version=&raquo;4.27.4&#8243; custom_padding=&raquo;2px|||||&raquo; global_colors_info=&raquo;{}&raquo;]<\/p>\n<h3>Kontroll for den kalde \u00e5rstiden<\/h3>\n<p>[\/et_pb_text][et_pb_accordion _builder_version=&raquo;4.27.4&#8243; hover_enabled=&raquo;0&#8243; global_colors_info=&raquo;{}&raquo; sticky_enabled=&raquo;0&#8243;][et_pb_accordion_item title=&raquo;Jord, blader eller noe annet som stopper eller hindrer vannstr\u00f8mmen?&raquo; open=&raquo;on&raquo; _builder_version=&raquo;4.27.4&#8243; _module_preset=&raquo;default&raquo; global_colors_info=&raquo;{}&raquo;]<\/p>\n<p>Sl\u00e5 av varmepumpen p\u00e5 fjernkontrollen inni og vent 5 minutter. Start med \u00e5 fjerne blader og andre ting som hindrer luftstr\u00f8mmen fra varmeveksleren og deretter fra brettet. Hell en stor (10L) vannkanne med 40-50<span>\u00b0C<\/span> varmt vann, og hell den s\u00f8lvfargede varmeveksleren sakte p\u00e5 utend\u00f8rsenheten, den er alltid p\u00e5 baksiden, vanligvis ogs\u00e5 p\u00e5 venstre side. Rens bort alt som er l\u00f8st i skuffen som kan hindre vannet i \u00e5 komme gjennom.   <\/p>\n<p>[\/et_pb_accordion_item][et_pb_accordion_item title=&raquo;Plasser brettet slik at alt vannet samles opp&raquo; _builder_version=&raquo;4.27.4&#8243; _module_preset=&raquo;default&raquo; global_colors_info=&raquo;{}&raquo; open=&raquo;off&raquo;]<\/p>\n<p><span>Hvis du har skylt brettet, s\u00f8rg for at det er p\u00e5 riktig sted, alts\u00e5 samle <span style=\"text-decoration: underline;\">alt<\/span> vannet. Start med \u00e5 legge brettet kant mot kant med bakre venstre hj\u00f8rne av utend\u00f8rsenheten. Fyll vannkannen igjen og hell noen liter p\u00e5 den s\u00f8lvfargede varmeveksleren langs baksiden og venstre side. Gikk alt vannet i brettet? &#8211; Jepp! (Godt jobbet!) &#8211; Nesten alt, flytt brettet slik at det ogs\u00e5 dekker hullet der det rant ut \u2013 s\u00e5 heller du noen liter p\u00e5 samme m\u00e5te igjen. Fortsett til alt vannet er samlet.      <\/span><\/p>\n<p>[\/et_pb_accordion_item][et_pb_accordion_item title=&raquo;Ikke glem \u00e5 plugge pluggene i stikkontakten.&raquo; _builder_version=&raquo;4.27.4&#8243; _module_preset=&raquo;default&raquo; hover_enabled=&raquo;0&#8243; global_colors_info=&raquo;{}&raquo; open=&raquo;off&raquo; sticky_enabled=&raquo;0&#8243;]<\/p>\n<p>Det er lett \u00e5 glemme, men det er viktig at b\u00e5de skuffen og varmekabelen f\u00e5r str\u00f8m, siden vann som fryser kan skade begge.<\/p>\n<p>[\/et_pb_accordion_item][et_pb_accordion_item title=&raquo;Er skuffen koblet til med en kabelspole og\/eller forlengelseskabel?&raquo; _builder_version=&raquo;4.27.4&#8243; _module_preset=&raquo;default&raquo; hover_enabled=&raquo;0&#8243; sticky_enabled=&raquo;0&#8243;]<\/p>\n<p>En kabelspole er alltid en midlertidig l\u00f8sning, det er vanlig at det oppst\u00e5r overslag p\u00e5 grunn av fuktighet i b\u00e5de kabelspoler og str\u00f8muttak\/skj\u00f8tekabler. Bruk s\u00e5 lite tid som mulig og s\u00f8rg for at fuktighet\/vann aldri kommer inn i skj\u00f8ter eller snorspoler. <\/p>\n<p>Varmepumper, varmebrett og varmekabler m\u00e5 ha direkte forbindelse til det elektriske fordelingskortet og sin egen sikring\/jordfeilbryter. Varmepumper m\u00e5 ha en arbeidsbryter, og varmeskuffer\/varmekabler kobles til via en jordet stikkontakt eller sikkerhetsbryter. <\/p>\n<p>[\/et_pb_accordion_item][et_pb_accordion_item title=&raquo;Er det skade p\u00e5 rennekabelen, dreneringsslangen eller kanskje varmekabelen?&raquo; _builder_version=&raquo;4.27.4&#8243; _module_preset=&raquo;default&raquo; global_colors_info=&raquo;{}&raquo; open=&raquo;off&raquo;]<\/p>\n<p>Har du kj\u00f8rt over slangen med gressklipperen? Eller har gressklipperen v\u00e6rt for n\u00e6rme? &#8211; Det er viktig at alle elektriske kabler er intakte, hvis det er skuffen, finnes det reservedeler. Hvis dreneringsslangen er kuttet av, finnes det en skj\u00f8t som tilbeh\u00f8r. Hvis varmekabelen er kuttet av, m\u00e5 den byttes ut.    <\/p>\n<p>Den enkleste m\u00e5ten er \u00e5 kontakte kj\u00f8psstedet ditt for brettet.<\/p>\n<p>[\/et_pb_accordion_item][et_pb_accordion_item title=&raquo;Er det b\u00f8yninger p\u00e5 avl\u00f8psslangen som skaper en vannfelle?&raquo; _builder_version=&raquo;4.27.4&#8243; _module_preset=&raquo;default&raquo; hover_enabled=&raquo;0&#8243; global_colors_info=&raquo;{}&raquo; open=&raquo;off&raquo; sticky_enabled=&raquo;0&#8243;]<\/p>\n<p><strong>Luft-til-luft-varmepumpe<\/strong>, hvert \u00e5r f\u00f8r den f\u00f8rste frostnatten. <strong>Luft-vann-varmepumpe<\/strong>, to ganger i \u00e5ret f\u00f8r den f\u00f8rste frostnatten og til p\u00e5ske.<\/p>\n<p>Rett ut slangen, skyll gjennom 10 liter varmt vann, slik at skitten som sitter fast i vannfellen skylles ut. Det er viktig at jorden ikke hindrer vannstr\u00f8mmen etter noen \u00e5r. <\/p>\n<p>&nbsp;<\/p>\n<p>[\/et_pb_accordion_item][\/et_pb_accordion][\/et_pb_column][\/et_pb_row][et_pb_row _builder_version=&raquo;4.16&#8243; locked=&raquo;off&raquo; global_colors_info=&raquo;{}&raquo;][et_pb_column type=&raquo;4_4&#8243; _builder_version=&raquo;4.16&#8243; custom_padding=&raquo;|||&raquo; global_colors_info=&raquo;{}&raquo; custom_padding__hover=&raquo;|||&raquo;][et_pb_text _builder_version=&raquo;4.27.4&#8243; custom_padding=&raquo;3px|||||&raquo; hover_enabled=&raquo;0&#8243; global_colors_info=&raquo;{}&raquo; sticky_enabled=&raquo;0&#8243;]<\/p>\n<h3>Sjekk dagen etter den f\u00f8rste frostnatten om h\u00f8sten<\/h3>\n<p>[\/et_pb_text][et_pb_accordion _builder_version=&raquo;4.27.4&#8243; hover_enabled=&raquo;0&#8243; global_colors_info=&raquo;{}&raquo; sticky_enabled=&raquo;0&#8243;][et_pb_accordion_item title=&raquo;Jord, blader eller andre ting som stopper.&raquo; open=&raquo;on&raquo; _builder_version=&raquo;4.27.4&#8243; _module_preset=&raquo;default&raquo; global_colors_info=&raquo;{}&raquo;]<\/p>\n<p>Rens bort alt i rennen og slangen som kan hindre vannet i \u00e5 trenge gjennom.  <\/p>\n<p>[\/et_pb_accordion_item][et_pb_accordion_item title=&raquo;Er skuffen og varmekabelen koblet til en str\u00f8mkilde?&raquo; _builder_version=&raquo;4.27.4&#8243; hover_enabled=&raquo;0&#8243; global_colors_info=&raquo;{}&raquo; open=&raquo;off&raquo; sticky_enabled=&raquo;0&#8243;]<\/p>\n<p>S\u00f8rg for at kontaktene og kablene er koblet sammen.<\/p>\n<p>S\u00f8rg for at sikkerhetsbryteren er i p\u00e5-posisjon.<\/p>\n<p>[\/et_pb_accordion_item][et_pb_accordion_item title=&raquo;Brettet er koblet til, men f\u00e5r ingen str\u00f8m.&raquo; _builder_version=&raquo;4.27.4&#8243; _module_preset=&raquo;default&raquo; hover_enabled=&raquo;0&#8243; global_colors_info=&raquo;{}&raquo; open=&raquo;off&raquo; sticky_enabled=&raquo;0&#8243;]<\/p>\n<p><span>Hvis skuffen\/varmekabelen er koblet til en stikkontakt, kan du sjekke om det er str\u00f8m i stikkontakten. Ta for eksempel en liten bordlampe og test. Hvis det ikke er str\u00f8m, kan du sjekke at sikringen er intakt og at RCD-en ikke har l\u00f8st ut.    <\/span><\/p>\n<p>[\/et_pb_accordion_item][\/et_pb_accordion][\/et_pb_column][\/et_pb_row][et_pb_row _builder_version=&raquo;4.16&#8243; locked=&raquo;off&raquo; global_colors_info=&raquo;{}&raquo;][et_pb_column type=&raquo;4_4&#8243; _builder_version=&raquo;4.16&#8243; custom_padding=&raquo;|||&raquo; global_colors_info=&raquo;{}&raquo; custom_padding__hover=&raquo;|||&raquo;][et_pb_text _builder_version=&raquo;4.27.4&#8243; custom_padding=&raquo;3px|||||&raquo; hover_enabled=&raquo;0&#8243; global_colors_info=&raquo;{}&raquo; sticky_enabled=&raquo;0&#8243;]<\/p>\n<h3>Sjekk noen ganger i den kalde \u00e5rstiden<\/h3>\n<p>[\/et_pb_text][et_pb_accordion _builder_version=&raquo;4.27.4&#8243; global_colors_info=&raquo;{}&raquo;][et_pb_accordion_item title=&raquo;Sjekk at skuffen fungerer ved \u00e5 s\u00f8rge for at det ikke dannes is i brettet eller slangen.&raquo; open=&raquo;on&raquo; _builder_version=&raquo;4.27.4&#8243; _module_preset=&raquo;default&raquo; global_colors_info=&raquo;{}&raquo;]<\/p>\n<p>Se punktene ovenfor for problemer eller bes\u00f8k v\u00e5r side om fle-s\u00f8k.<\/p>\n<p>[\/et_pb_accordion_item][\/et_pb_accordion][\/et_pb_column][\/et_pb_row][\/et_pb_section]<\/p>\n","protected":false},"excerpt":{"rendered":"<p>StellinstruksjonerTa vare p\u00e5 trauet og varmepumpen, s\u00e5 vil huset g\u00e5 fint.Kontroll for den kalde \u00e5rstidenSl\u00e5 av varmepumpen p\u00e5 fjernkontrollen inni og vent 5 minutter. Start med \u00e5 fjerne blader og andre ting som hindrer luftstr\u00f8mmen fra varmeveksleren og deretter fra brettet. Hell en stor (10L) vannkanne med 40-50\u00b0C varmt vann, og hell den s\u00f8lvfargede varmeveksleren [&hellip;]<\/p>\n","protected":false},"author":5,"featured_media":0,"parent":0,"menu_order":0,"comment_status":"closed","ping_status":"closed","template":"","meta":{"_et_pb_use_builder":"on","_et_pb_old_content":"","_et_gb_content_width":"","footnotes":""},"class_list":["post-12046","page","type-page","status-publish","hentry"],"_links":{"self":[{"href":"https:\/\/climaco.com\/no\/wp-json\/wp\/v2\/pages\/12046","targetHints":{"allow":["GET"]}}],"collection":[{"href":"https:\/\/climaco.com\/no\/wp-json\/wp\/v2\/pages"}],"about":[{"href":"https:\/\/climaco.com\/no\/wp-json\/wp\/v2\/types\/page"}],"author":[{"embeddable":true,"href":"https:\/\/climaco.com\/no\/wp-json\/wp\/v2\/users\/5"}],"replies":[{"embeddable":true,"href":"https:\/\/climaco.com\/no\/wp-json\/wp\/v2\/comments?post=12046"}],"version-history":[{"count":2,"href":"https:\/\/climaco.com\/no\/wp-json\/wp\/v2\/pages\/12046\/revisions"}],"predecessor-version":[{"id":12048,"href":"https:\/\/climaco.com\/no\/wp-json\/wp\/v2\/pages\/12046\/revisions\/12048"}],"wp:attachment":[{"href":"https:\/\/climaco.com\/no\/wp-json\/wp\/v2\/media?parent=12046"}],"curies":[{"name":"wp","href":"https:\/\/api.w.org\/{rel}","templated":true}]}}