{"id":12040,"date":"2026-02-12T18:02:41","date_gmt":"2026-02-12T17:02:41","guid":{"rendered":"https:\/\/climaco.com\/feilsoking-for-symptomer\/"},"modified":"2026-02-12T18:02:42","modified_gmt":"2026-02-12T17:02:42","slug":"feilsoking-for-symptomer","status":"publish","type":"page","link":"https:\/\/climaco.com\/no\/feilsoking-for-symptomer\/","title":{"rendered":"Feils\u00f8king for symptomer"},"content":{"rendered":"<p>[et_pb_section fb_built=&raquo;1&#8243; _builder_version=&raquo;4.16&#8243; global_colors_info=&raquo;{}&raquo;][et_pb_row _builder_version=&raquo;4.16&#8243; global_colors_info=&raquo;{}&raquo;][et_pb_column type=&raquo;4_4&#8243; _builder_version=&raquo;4.16&#8243; custom_padding=&raquo;|||&raquo; global_colors_info=&raquo;{}&raquo; custom_padding__hover=&raquo;|||&raquo;][et_pb_text _builder_version=&raquo;4.27.4&#8243; header_font=&raquo;||||||||&raquo; header_font_size=&raquo;35px&raquo; global_colors_info=&raquo;{}&raquo;]<\/p>\n<h1 style=\"text-align: center;\">Feils\u00f8king for symptomer<\/h1>\n<p>[\/et_pb_text][\/et_pb_column][\/et_pb_row][et_pb_row _builder_version=&raquo;4.16&#8243; locked=&raquo;off&raquo; global_colors_info=&raquo;{}&raquo;][et_pb_column type=&raquo;4_4&#8243; _builder_version=&raquo;4.16&#8243; custom_padding=&raquo;|||&raquo; global_colors_info=&raquo;{}&raquo; custom_padding__hover=&raquo;|||&raquo;][et_pb_text _builder_version=&raquo;4.27.5&#8243; hover_enabled=&raquo;0&#8243; global_colors_info=&raquo;{}&raquo; sticky_enabled=&raquo;0&#8243;]<\/p>\n<h2>Slangeblokkering<\/h2>\n<p>[\/et_pb_text][et_pb_accordion _builder_version=&raquo;4.27.4&#8243; global_colors_info=&raquo;{}&raquo;][et_pb_accordion_item title=&raquo;Isplugg eller jord&raquo; open=&raquo;on&raquo; _builder_version=&raquo;4.27.4&#8243; _module_preset=&raquo;default&raquo; global_colors_info=&raquo;{}&raquo;]<\/p>\n<p>S\u00f8rg for \u00e5 smelte bort isen eller fjerne skitt som stopper str\u00f8mmen.<\/p>\n<p>Hvis skuffen\/varmekabelen er koblet til en stikkontakt, kan du sjekke om det er str\u00f8m i stikkontakten. Ta for eksempel en liten bordlampe og test. Hvis det ikke er str\u00f8m, kan du sjekke at sikringen er intakt.  <\/p>\n<p>[\/et_pb_accordion_item][et_pb_accordion_item title=&raquo;Is i trauet&raquo; _builder_version=&raquo;4.27.4&#8243; global_colors_info=&raquo;{}&raquo; open=&raquo;off&raquo;]<\/p>\n<p>Pass p\u00e5 \u00e5 smelte av isen eller fjern bort skitt som blokkerer str\u00f8mmen i slangen.<\/p>\n<p>Hvis skuffen\/varmekabelen er koblet til en stikkontakt, kan du sjekke om det er str\u00f8m i stikkontakten. Ta for eksempel en liten bordlampe og test. Hvis det ikke er str\u00f8m, kan du sjekke at sikringen er intakt.  <\/p>\n<p>[\/et_pb_accordion_item][et_pb_accordion_item title=&raquo;Glemte du \u00e5 koble til brettet?&raquo; _builder_version=&raquo;4.27.4&#8243; _module_preset=&raquo;default&raquo; global_colors_info=&raquo;{}&raquo; open=&raquo;off&raquo;]<\/p>\n<p>Koble til varmekilde<\/p>\n<p>[\/et_pb_accordion_item][et_pb_accordion_item title=&raquo;Vann renner fra adapteren, der varmekabelen g\u00e5r inn.&raquo; _builder_version=&raquo;4.27.4&#8243; _module_preset=&raquo;default&raquo; global_colors_info=&raquo;{}&raquo; open=&raquo;off&raquo;]<\/p>\n<ul>\n<li>Gummipakningen har l\u00f8snet \u2013 pr\u00f8v \u00e5 presse den inn igjen.<\/li>\n<li>Gummipakningen har falt ut \u2013 den er \u00f8delagt, reservedeler, se gummipakningsadapter.<\/li>\n<\/ul>\n<p><em>Hvis du har glemt \u00e5 sl\u00e5 p\u00e5 str\u00f8mmen til varmekabelen, blir gummipakningen presset ut n\u00e5r vannet i slangen fryser. B\u00e5de slangen og kabelen er frostsikre, og det skal v\u00e6re veldig kaldt hvis adapteren er skadet. <\/em><\/p>\n<ul>\n<li>Varmekabelen er kald, det virker som slangen er frosset \u2013 f\u00f8rst sjekker du at kabelen f\u00e5r str\u00f8m, hvis det er iskaldt ute, legger du fingrene p\u00e5 utedelen i 10 sekunder, s\u00e5 kjenner du med samme fingre p\u00e5 den hvite delen av varmekabelen, det er omtrent 10-15 grader hvis det er greit.<\/li>\n<li>Hvis slangen er frossen, er det veldig vanskelig<\/li>\n<\/ul>\n<p>[\/et_pb_accordion_item][et_pb_accordion_item title=&raquo;F\u00e5r skuffen\/varmekabelen str\u00f8m?&raquo; _builder_version=&raquo;4.27.4&#8243; _module_preset=&raquo;default&raquo; global_colors_info=&raquo;{}&raquo; open=&raquo;off&raquo;]<\/p>\n<p>S\u00f8rg for \u00e5 smelte bort isen eller fjerne skitt som stopper str\u00f8mmen.<\/p>\n<p>Hvis skuffen\/varmekabelen er koblet til en stikkontakt, kan du sjekke om det er str\u00f8m i stikkontakten. Ta for eksempel en liten bordlampe og test. Hvis det ikke er str\u00f8m, kan du sjekke at sikringen er intakt.  <\/p>\n<p>[\/et_pb_accordion_item][et_pb_accordion_item title=&raquo;Slangen er frossen, har varmekabelen g\u00e5tt i stykker?&raquo; _builder_version=&raquo;4.27.4&#8243; _module_preset=&raquo;default&raquo; global_colors_info=&raquo;{}&raquo; open=&raquo;off&raquo;]<\/p>\n<ul>\n<li>Varmekabelen er kald, det virker som slangen er frosset \u2013 f\u00f8rst sjekker du at kabelen f\u00e5r str\u00f8m, hvis det er iskaldt ute, legger du fingrene p\u00e5 utedelen i 10 sekunder, s\u00e5 kjenner du med samme fingre p\u00e5 den hvite delen av varmekabelen, det er omtrent 10-15 grader hvis det er greit.<\/li>\n<li>Hvis slangen er frossen, er det veldig vanskelig<\/li>\n<\/ul>\n<p>[\/et_pb_accordion_item][et_pb_accordion_item title=&raquo;Vannet som renner fra utend\u00f8rsenheten ender opp utenfor rennen&raquo; _builder_version=&raquo;4.27.4&#8243; _module_preset=&raquo;default&raquo; global_colors_info=&raquo;{}&raquo; open=&raquo;off&raquo;]<\/p>\n<p>Flytt brettet slik at hullene vannet kommer fra dekkes av brettet. Vent til neste avriming av utend\u00f8rsenheten og finjuster om n\u00f8dvendig. <\/p>\n<p>[\/et_pb_accordion_item][et_pb_accordion_item title=&raquo;Pannekakebrettet mitt sitter fast under utend\u00f8rsenheten&raquo; _builder_version=&raquo;4.27.4&#8243; _module_preset=&raquo;default&raquo; global_colors_info=&raquo;{}&raquo; open=&raquo;off&raquo;]<\/p>\n<p>Da du kj\u00f8pte brettet var det 4 gummiavstandsstykker, de m\u00e5 monteres under vibrasjonsdempere. Det er viktig for eiendommen din at du kan justere rennen fritt, slik at alt vannet samles opp, men ogs\u00e5 for holdbarheten til rennene er det viktig at uteenheten ikke &laquo;henger&raquo; p\u00e5 rennen. <\/p>\n<p>[\/et_pb_accordion_item][\/et_pb_accordion][\/et_pb_column][\/et_pb_row][\/et_pb_section]<\/p>\n","protected":false},"excerpt":{"rendered":"<p>Feils\u00f8king for symptomerSlangeblokkeringS\u00f8rg for \u00e5 smelte bort isen eller fjerne skitt som stopper str\u00f8mmen. Hvis skuffen\/varmekabelen er koblet til en stikkontakt, kan du sjekke om det er str\u00f8m i stikkontakten. Ta for eksempel en liten bordlampe og test. Hvis det ikke er str\u00f8m, kan du sjekke at sikringen er intakt. Pass p\u00e5 \u00e5 smelte av [&hellip;]<\/p>\n","protected":false},"author":5,"featured_media":0,"parent":0,"menu_order":0,"comment_status":"closed","ping_status":"closed","template":"","meta":{"_et_pb_use_builder":"on","_et_pb_old_content":"","_et_gb_content_width":"","footnotes":""},"class_list":["post-12040","page","type-page","status-publish","hentry"],"_links":{"self":[{"href":"https:\/\/climaco.com\/no\/wp-json\/wp\/v2\/pages\/12040","targetHints":{"allow":["GET"]}}],"collection":[{"href":"https:\/\/climaco.com\/no\/wp-json\/wp\/v2\/pages"}],"about":[{"href":"https:\/\/climaco.com\/no\/wp-json\/wp\/v2\/types\/page"}],"author":[{"embeddable":true,"href":"https:\/\/climaco.com\/no\/wp-json\/wp\/v2\/users\/5"}],"replies":[{"embeddable":true,"href":"https:\/\/climaco.com\/no\/wp-json\/wp\/v2\/comments?post=12040"}],"version-history":[{"count":2,"href":"https:\/\/climaco.com\/no\/wp-json\/wp\/v2\/pages\/12040\/revisions"}],"predecessor-version":[{"id":12042,"href":"https:\/\/climaco.com\/no\/wp-json\/wp\/v2\/pages\/12040\/revisions\/12042"}],"wp:attachment":[{"href":"https:\/\/climaco.com\/no\/wp-json\/wp\/v2\/media?parent=12040"}],"curies":[{"name":"wp","href":"https:\/\/api.w.org\/{rel}","templated":true}]}}