{"id":12031,"date":"2026-02-12T17:59:14","date_gmt":"2026-02-12T16:59:14","guid":{"rendered":"https:\/\/climaco.com\/sjekkliste-for-installasjon\/"},"modified":"2026-02-12T17:59:16","modified_gmt":"2026-02-12T16:59:16","slug":"sjekkliste-for-installasjon","status":"publish","type":"page","link":"https:\/\/climaco.com\/no\/sjekkliste-for-installasjon\/","title":{"rendered":"Sjekkliste for installasjon"},"content":{"rendered":"<p>[et_pb_section fb_built=&raquo;1&#8243; _builder_version=&raquo;4.16&#8243; global_colors_info=&raquo;{}&raquo;][et_pb_row _builder_version=&raquo;4.16&#8243; global_colors_info=&raquo;{}&raquo;][et_pb_column type=&raquo;4_4&#8243; _builder_version=&raquo;4.16&#8243; custom_padding=&raquo;|||&raquo; global_colors_info=&raquo;{}&raquo; custom_padding__hover=&raquo;|||&raquo;][et_pb_text _builder_version=&raquo;4.27.5&#8243; header_font=&raquo;||||||||&raquo; header_font_size=&raquo;35px&raquo; global_colors_info=&raquo;{}&raquo;]<\/p>\n<h1 style=\"text-align: center\">Sjekkliste for installasjon<\/h1>\n<p>[\/et_pb_text][\/et_pb_column][\/et_pb_row][et_pb_row column_structure=&raquo;1_3,1_3,1_3&#8243; _builder_version=&raquo;4.27.4&#8243; _module_preset=&raquo;default&raquo; global_colors_info=&raquo;{}&raquo;][et_pb_column type=&raquo;1_3&#8243; _builder_version=&raquo;4.27.4&#8243; _module_preset=&raquo;default&raquo; global_colors_info=&raquo;{}&raquo;][et_pb_text _builder_version=&raquo;4.27.4&#8243; _module_preset=&raquo;default&raquo; global_colors_info=&raquo;{}&raquo;]<\/p>\n<h5 style=\"text-align: left\"><strong>Ta opp alt vann &#8211; juster trauet<\/strong><\/h5>\n<p>[\/et_pb_text][et_pb_image src=&raquo;https:\/\/climaco.com\/wp-content\/uploads\/2025\/11\/adjust-pancake.png&raquo; title_text=&raquo;Juster pannekaken&raquo; _builder_version=&raquo;4.27.4&#8243; _module_preset=&raquo;default&raquo; global_colors_info=&raquo;{}&raquo;][\/et_pb_image][\/et_pb_column][et_pb_column type=&raquo;1_3&#8243; _builder_version=&raquo;4.27.4&#8243; _module_preset=&raquo;default&raquo; global_colors_info=&raquo;{}&raquo;][et_pb_text _builder_version=&raquo;4.27.4&#8243; _module_preset=&raquo;default&raquo; locked=&raquo;off&raquo; global_colors_info=&raquo;{}&raquo;]<\/p>\n<h5 style=\"text-align: left\"><strong>Her fester du varmekabeltermostaten<\/strong><\/h5>\n<p>[\/et_pb_text][et_pb_image src=&raquo;https:\/\/climaco.com\/wp-content\/uploads\/2025\/12\/3060-heatkit-c.png&raquo; title_text=&raquo;3060-heatkit-c&raquo; _builder_version=&raquo;4.27.4&#8243; _module_preset=&raquo;default&raquo; global_colors_info=&raquo;{}&raquo;][\/et_pb_image][\/et_pb_column][et_pb_column type=&raquo;1_3&#8243; _builder_version=&raquo;4.27.4&#8243; _module_preset=&raquo;default&raquo; global_colors_info=&raquo;{}&raquo;][et_pb_text _builder_version=&raquo;4.27.4&#8243; _module_preset=&raquo;default&raquo; locked=&raquo;off&raquo; global_colors_info=&raquo;{}&raquo;]<\/p>\n<h5 style=\"text-align: left\"><strong>Vannet fryser &#8211; behov for oppvarmet bl\u00f8tlegging<\/strong><\/h5>\n<p>[\/et_pb_text][et_pb_image src=&raquo;https:\/\/climaco.com\/wp-content\/uploads\/2025\/10\/3090-heat-pt-e.png&raquo; title_text=&raquo;3090-heat-pt-e&raquo; _builder_version=&raquo;4.27.4&#8243; _module_preset=&raquo;default&raquo; global_colors_info=&raquo;{}&raquo;][\/et_pb_image][\/et_pb_column][\/et_pb_row][et_pb_row column_structure=&raquo;1_3,1_3,1_3&#8243; _builder_version=&raquo;4.27.4&#8243; _module_preset=&raquo;default&raquo; global_colors_info=&raquo;{}&raquo;][et_pb_column type=&raquo;1_3&#8243; _builder_version=&raquo;4.27.4&#8243; _module_preset=&raquo;default&raquo; global_colors_info=&raquo;{}&raquo;][et_pb_text _builder_version=&raquo;4.27.4&#8243; _module_preset=&raquo;default&raquo; locked=&raquo;off&raquo; global_colors_info=&raquo;{}&raquo;]<\/p>\n<h5 style=\"text-align: left\"><strong>Trauet skal kunne bevege seg fritt<\/strong><\/h5>\n<p>[\/et_pb_text][et_pb_image src=&raquo;https:\/\/climaco.com\/wp-content\/uploads\/2019\/03\/Forlangning_pancake-2.png&raquo; title_text=&raquo;Foresp\u00f8rsel_pannekake-2&#8243; _builder_version=&raquo;4.27.4&#8243; _module_preset=&raquo;default&raquo; global_colors_info=&raquo;{}&raquo;][\/et_pb_image][\/et_pb_column][et_pb_column type=&raquo;1_3&#8243; _builder_version=&raquo;4.27.4&#8243; _module_preset=&raquo;default&raquo; global_colors_info=&raquo;{}&raquo;][et_pb_text _builder_version=&raquo;4.27.4&#8243; _module_preset=&raquo;default&raquo; locked=&raquo;off&raquo; global_colors_info=&raquo;{}&raquo;]<\/p>\n<h5 style=\"text-align: left\"><strong>Stram til brettadapteren<\/strong><\/h5>\n<p>[\/et_pb_text][et_pb_image src=&raquo;https:\/\/climaco.com\/wp-content\/uploads\/2019\/11\/ClimaLine_pro-630-gallery-3.png&raquo; title_text=&raquo;ClimaLine_pro-630-gallery-3&#8243; _builder_version=&raquo;4.27.4&#8243; _module_preset=&raquo;default&raquo; global_colors_info=&raquo;{}&raquo;][\/et_pb_image][\/et_pb_column][et_pb_column type=&raquo;1_3&#8243; _builder_version=&raquo;4.27.4&#8243; _module_preset=&raquo;default&raquo; global_colors_info=&raquo;{}&raquo;][et_pb_text _builder_version=&raquo;4.27.4&#8243; _module_preset=&raquo;default&raquo; locked=&raquo;off&raquo; global_colors_info=&raquo;{}&raquo;]<\/p>\n<h4 style=\"text-align: left\"><strong>Kutt slangen i enden av kabelen<\/strong><\/h4>\n<p>[\/et_pb_text][et_pb_image src=&raquo;https:\/\/climaco.com\/wp-content\/uploads\/2025\/12\/3060-heatkit-f.png&raquo; title_text=&raquo;3060-varmesett-f&raquo; _builder_version=&raquo;4.27.4&#8243; _module_preset=&raquo;default&raquo; global_colors_info=&raquo;{}&raquo;][\/et_pb_image][\/et_pb_column][\/et_pb_row][et_pb_row _builder_version=&raquo;4.27.5&#8243; _module_preset=&raquo;default&raquo;][et_pb_column _builder_version=&raquo;4.27.5&#8243; _module_preset=&raquo;default&raquo; type=&raquo;4_4&#8243;][et_pb_text _builder_version=&raquo;4.27.5&#8243; _module_preset=&raquo;default&raquo; hover_enabled=&raquo;0&#8243; sticky_enabled=&raquo;0&#8243;]<\/p>\n<h2>Beskrivelse av kontroller<\/h2>\n<p>[\/et_pb_text][\/et_pb_column][\/et_pb_row][et_pb_row _builder_version=&raquo;4.16&#8243; global_colors_info=&raquo;{}&raquo;][et_pb_column type=&raquo;4_4&#8243; _builder_version=&raquo;4.16&#8243; custom_padding=&raquo;|||&raquo; global_colors_info=&raquo;{}&raquo; custom_padding__hover=&raquo;|||&raquo;][et_pb_accordion _builder_version=&raquo;4.27.4&#8243; hover_enabled=&raquo;0&#8243; global_colors_info=&raquo;{}&raquo; sticky_enabled=&raquo;0&#8243;][et_pb_accordion_item title=&raquo;Plasser brettet slik at alt vannet samles opp&raquo; open=&raquo;on&raquo; _builder_version=&raquo;4.27.4&#8243; global_colors_info=&raquo;{}&raquo;]<\/p>\n<p><span>Begynn med \u00e5 legge brettet kant i kant med utend\u00f8rsenhetens bakre venstre hj\u00f8rne. Fyll en vannkanne og hell ca. en liter vann p\u00e5 den s\u00f8lvfargede varmeveksleren langs baksiden og venstre side. Kom alt vannet ned i trauet? &#8211; Jepp, ja! (Bra jobbet!) &#8211; Nesten alt, flytt trauet slik at det dekker til og med hullet der det rant ut &#8211; og hell s\u00e5 noen liter p\u00e5 samme m\u00e5te igjen. Fortsett til alt vannet er samlet opp.     <\/span><\/p>\n<p>[\/et_pb_accordion_item][et_pb_accordion_item title=&raquo;Elektrisk tilkobling, kontroll&raquo; _builder_version=&raquo;4.27.4&#8243; global_colors_info=&raquo;{}&raquo; open=&raquo;off&raquo;]<\/p>\n<p>Kontroller at trauet og avl\u00f8pssettets varmekabel er spenningssatt. Kontroller at str\u00f8mbryteren, jordfeilbryteren og det eksterne str\u00f8muttaket fungerer. <\/p>\n<p>[\/et_pb_accordion_item][et_pb_accordion_item title=&raquo;Festing av varmekabelen og den elektriske kabelen til trauet.&raquo; _builder_version=&raquo;4.27.4&#8243; global_colors_info=&raquo;{}&raquo; open=&raquo;off&raquo;]<\/p>\n<p>Avl\u00f8pssettets varmekabel har en termostat (bulen mellom den hvite og den svarte kabelen), den skal festes p\u00e5 baksiden av brettet med bulen vendt utover. Termostatene i brettet m\u00e5 IKKE festes p\u00e5 eller i n\u00e6rheten av kj\u00f8lemedier\u00f8rene (de svarte eller hvite tykke r\u00f8rene som g\u00e5r til innedelen), da termostatene vil bli p\u00e5virket og brettet vil ikke fungere som det skal. <\/p>\n<p>[\/et_pb_accordion_item][et_pb_accordion_item title=&raquo;Hvordan avleder jeg vann fra trauet?&raquo; _builder_version=&raquo;4.27.4&#8243; global_colors_info=&raquo;{}&raquo; open=&raquo;off&raquo;]<\/p>\n<p>Den enkleste m\u00e5ten er \u00e5 bruke v\u00e5re oppvarmede dreneringssett, som er tilgjengelige i lengder fra 1-15 meter og er designet for \u00e5 t\u00e5le temperaturer ned til -34<span>\u00b0. Slangen som brukes er isolert og har en termostatstyrt varmekabel med lav effekt.   <\/span><\/p>\n<p><span>V\u00e6r n\u00f8ye med \u00e5 legge slangen uten for mange b\u00f8yer som kan skape en vannl\u00e5s.<\/span><\/p>\n<p><span>Hvis avl\u00f8psslangen er horisontal i enden, m\u00e5 du s\u00f8rge for at varmekabelen er litt lengre enn avl\u00f8psslangen, slik at det ikke kan danne seg en ispropp i enden av slangen.<\/span><\/p>\n<p>[\/et_pb_accordion_item][et_pb_accordion_item title=&raquo;Jeg skal bare lede vannet 1 meter &#8211; trenger jeg varmekabel i r\u00f8ret?&raquo; _builder_version=&raquo;4.27.4&#8243; global_colors_info=&raquo;{}&raquo; open=&raquo;off&raquo;]<\/p>\n<p>Ja, dreneringstrauet ditt trenger et oppvarmet dreneringssett, selv p\u00e5 korte avstander. Som du vet, kan det sn\u00f8 selv om det er noen f\u00e5 plussgrader ute, og viften p\u00e5 utend\u00f8rsenheten gir et kuldeinnslag, slik at vannet fryser ved noen f\u00e5 minusgrader noen centimeter under trauet. <\/p>\n<p>[\/et_pb_accordion_item][et_pb_accordion_item title=&raquo;Jeg skal drenere kondensvannet til et nedl\u00f8psr\u00f8r &#8211; trenger jeg varmekabel i nedl\u00f8psr\u00f8ret?  &raquo; _builder_version=&raquo;4.27.4&#8243; global_colors_info=&raquo;{}&raquo; open=&raquo;off&raquo;]<\/p>\n<p>Hus i urbane str\u00f8k har ofte nedl\u00f8psr\u00f8r som er koblet til overvannet, s\u00e5 noe varme kommer derfra. Hvis overvannet g\u00e5r til en steingrop, m\u00e5 du st\u00f8tte oppvarmingen til frostfri dybde. Generelt anbefaler vi at det legges minst 60 cm varmekabel i jordr\u00f8ret i G\u00f6taland, 100 cm i Svealand og 150 cm i Norrland (regnet fra bakkeniv\u00e5).  <\/p>\n<p>[\/et_pb_accordion_item][et_pb_accordion_item title=&raquo;Utend\u00f8rsdelen skal ikke henge p\u00e5 dreneringstr\u00e5get, den skal kunne bevege seg fritt&raquo; _builder_version=&raquo;4.27.4&#8243; global_colors_info=&raquo;{}&raquo; open=&raquo;off&raquo;]<\/p>\n<p>Hvis trauet sitter fast, har du glemt \u00e5 montere gummiavstandsstykkene p\u00e5 vibrasjonsdemperne. For utend\u00f8rsdeler med flate f\u00f8tter, monter dem under demperne, hvis f\u00f8ttene har &laquo;sk\u00e5ler&raquo;, monter dem p\u00e5 demperne. <\/p>\n<p>[\/et_pb_accordion_item][et_pb_accordion_item title=&raquo;Stram til brettadapteren&raquo; _builder_version=&raquo;4.27.4&#8243; global_colors_info=&raquo;{}&raquo; open=&raquo;off&raquo;]<\/p>\n<p>Bladadapteren som kobles til dreneringssettet, m\u00e5 monteres med pakningen p\u00e5 toppen av brettet og skrus fast (m\u00e5 ikke v\u00e6re l\u00f8s).<\/p>\n<p>[\/et_pb_accordion_item][et_pb_accordion_item title=&raquo;Hvor leder du vannet?&raquo; _builder_version=&raquo;4.27.4&#8243; global_colors_info=&raquo;{}&raquo; open=&raquo;off&raquo;]<\/p>\n<p>Er husets nedl\u00f8psr\u00f8r koblet til overvann eller til en sisterne? &#8211; Hvis svaret er ja,   <span>M\u00e5l avstanden mellom midten av utend\u00f8rsenheten og n\u00e6rmeste nedl\u00f8psr\u00f8r. Legg 60 cm varmekabel som er stukket inn i nedl\u00f8psr\u00f8ret i G\u00f6taland, 100 cm i Svealand og 150 cm i Norrland. <\/span><\/p>\n<p><span><\/span>Har du en kjeller med gulvsluk eller annet sluk &#8211; Hvis ja,   <span>M\u00e5l avstanden fra midten av utend\u00f8rsenheten til en egnet passasje til kjelleren. Kanskje er det allerede hull der, f.eks. for ventilasjon eller en vindusramme av tre, ellers m\u00e5 du bore gjennom ytterveggen. Du m\u00e5ler bare til innsiden av kjellerveggen for varmekabelen, i kjelleren bruker man vanligvis faste r\u00f8r uten varmekabel.  <\/span><\/p>\n<p>Det siste alternativet er \u00e5 grave en steinkiste, google &laquo;grave en steinkiste&raquo;.<\/p>\n<p><span><\/span><\/p>\n<p>[\/et_pb_accordion_item][et_pb_accordion_item title=&raquo;M\u00e5 varmekabelen i dreneringssettet v\u00e6re like lang som slangen?&raquo; _builder_version=&raquo;4.27.4&#8243; global_colors_info=&raquo;{}&raquo; open=&raquo;off&raquo;]<\/p>\n<p>N\u00e5r du har trukket varmekabelen gjennom slangen, kutter du slangen i enden av kabelen. Det er viktig at varmekabelen varmer opp hele slangen, ellers vil du f\u00e5 en ispropp i enden av slangen, og da blir det oversv\u00f8mmelse i trauet. <\/p>\n<p>[\/et_pb_accordion_item][et_pb_accordion_item title=&raquo;Slepetau? Kan jeg bruke noe annet? &raquo; _builder_version=&raquo;4.27.4&#8243; global_colors_info=&raquo;{}&raquo; open=&raquo;off&raquo;]<\/p>\n<p>En trekksnor\/trekkfj\u00e6r er et verkt\u00f8y som brukes av elektrikere for \u00e5 trekke installasjonskabler enkelt gjennom r\u00f8r. F\u00e5s i byggevarehus, Biltema, Jula, Hornbach, Clas Ohlson. Tilgjengelig fra ca. 50 kr.  <\/p>\n<p>Du kan bruke en stivere kabel, tykkere st\u00e5ltr\u00e5d eller et st\u00e5ltau, hvis de er for skarpe i enden, kan du teipe enden &#8211; det vil ikke feste seg. Husk at den m\u00e5 v\u00e6re lengre enn den isolerte slangen. Fest deretter enden av varmekabelen med god tape &#8211; og trekk forsiktig gjennom.  <\/p>\n<p>[\/et_pb_accordion_item][\/et_pb_accordion][\/et_pb_column][\/et_pb_row][\/et_pb_section]<\/p>\n","protected":false},"excerpt":{"rendered":"<p>Sjekkliste for installasjonTa opp alt vann &#8211; juster trauetHer fester du varmekabeltermostatenVannet fryser &#8211; behov for oppvarmet bl\u00f8tleggingTrauet skal kunne bevege seg frittStram til brettadapterenKutt slangen i enden av kabelenBeskrivelse av kontrollerBegynn med \u00e5 legge brettet kant i kant med utend\u00f8rsenhetens bakre venstre hj\u00f8rne. Fyll en vannkanne og hell ca. en liter vann p\u00e5 den [&hellip;]<\/p>\n","protected":false},"author":5,"featured_media":0,"parent":0,"menu_order":0,"comment_status":"closed","ping_status":"closed","template":"","meta":{"_et_pb_use_builder":"on","_et_pb_old_content":"","_et_gb_content_width":"","footnotes":""},"class_list":["post-12031","page","type-page","status-publish","hentry"],"_links":{"self":[{"href":"https:\/\/climaco.com\/no\/wp-json\/wp\/v2\/pages\/12031","targetHints":{"allow":["GET"]}}],"collection":[{"href":"https:\/\/climaco.com\/no\/wp-json\/wp\/v2\/pages"}],"about":[{"href":"https:\/\/climaco.com\/no\/wp-json\/wp\/v2\/types\/page"}],"author":[{"embeddable":true,"href":"https:\/\/climaco.com\/no\/wp-json\/wp\/v2\/users\/5"}],"replies":[{"embeddable":true,"href":"https:\/\/climaco.com\/no\/wp-json\/wp\/v2\/comments?post=12031"}],"version-history":[{"count":4,"href":"https:\/\/climaco.com\/no\/wp-json\/wp\/v2\/pages\/12031\/revisions"}],"predecessor-version":[{"id":12035,"href":"https:\/\/climaco.com\/no\/wp-json\/wp\/v2\/pages\/12031\/revisions\/12035"}],"wp:attachment":[{"href":"https:\/\/climaco.com\/no\/wp-json\/wp\/v2\/media?parent=12031"}],"curies":[{"name":"wp","href":"https:\/\/api.w.org\/{rel}","templated":true}]}}