{"id":11988,"date":"2026-02-11T20:08:48","date_gmt":"2026-02-11T19:08:48","guid":{"rendered":"https:\/\/climaco.com\/kontakt-oss\/"},"modified":"2026-02-11T20:08:49","modified_gmt":"2026-02-11T19:08:49","slug":"kontakt-oss","status":"publish","type":"page","link":"https:\/\/climaco.com\/no\/kontakt-oss\/","title":{"rendered":"Kontakt oss"},"content":{"rendered":"<p>[et_pb_section fb_built=&raquo;1&#8243; _builder_version=&raquo;4.27.4&#8243; custom_css_free_form=&raquo;\/* Tv\u00e5 kolumner f\u00f6r checkboxf\u00e4ltet %22Information_om_elinstallationen%22 *\/||#et_pb_contact_form_0 .et_pb_contact_field%91data-id=%22Information_om_elinstallationen%22%93 .et_pb_contact_field_options {|| display: flex;|| flex-wrap: wrap;||}||||#et_pb_contact_form_0 .et_pb_contact_field%91data-id=%22Information_om_elinstallationen%22%93 .et_pb_contact_field_options li {|| width: 50%;|| margin-bottom: 6px;||}||||\/* Mobil: en kolumn *\/||@media (max-width: 767px) {|| #et_pb_contact_form_0 .et_pb_contact_field%91data-id=%22Information_om_elinstallationen%22%93 .et_pb_contact_field_options li {|| width: 100%;|| }||}||&raquo; global_colors_info=&raquo;{}&raquo;][et_pb_row _builder_version=&raquo;4.16&#8243; global_colors_info=&raquo;{}&raquo;][et_pb_column type=&raquo;4_4&#8243; _builder_version=&raquo;4.16&#8243; custom_padding=&raquo;|||&raquo; global_colors_info=&raquo;{}&raquo; custom_padding__hover=&raquo;|||&raquo;][et_pb_text _builder_version=&raquo;4.27.5&#8243; header_font=&raquo;||||||||&raquo; header_font_size=&raquo;35px&raquo; global_colors_info=&raquo;{}&raquo;]<\/p>\n<h1 style=\"text-align: center;\">Kontakt oss<\/h1>\n<p>[\/et_pb_text][et_pb_divider _builder_version=&raquo;4.27.4&#8243; _module_preset=&raquo;default&raquo; min_height=&raquo;7.8px&raquo; global_colors_info=&raquo;{}&raquo;][\/et_pb_divider][\/et_pb_column][\/et_pb_row][et_pb_row column_structure=&raquo;3_4,1_4&#8243; _builder_version=&raquo;4.27.5&#8243; _module_preset=&raquo;default&raquo; background_color=&raquo;#FFFFFF&raquo; global_colors_info=&raquo;{}&raquo;][et_pb_column type=&raquo;3_4&#8243; _builder_version=&raquo;4.27.5&#8243; _module_preset=&raquo;default&raquo; global_colors_info=&raquo;{}&raquo;][et_pb_text _builder_version=&raquo;4.27.5&#8243; _module_preset=&raquo;default&raquo; min_height=&raquo;9px&raquo; global_colors_info=&raquo;{}&raquo;]<\/p>\n<div class=\"et_pb_column et_pb_column_1_4 et_pb_column_0 et_pb_css_mix_blend_mode_passthrough\">\n<div class=\"et_pb_module et_pb_text et_pb_text_0 et_pb_text_align_left et_pb_bg_layout_light\">\n<div class=\"et_pb_text_inner\">\n<h4 class=\"title\">Climaco Sverige AB<\/h4>\n<div class=\"textwidget\">\n<p><b>E-post:<\/b><span> <\/span>info@climaco.com<br \/><b>Nettsted<\/b>:<span> <\/span>climaco.com<\/p>\n<p>Kristianstad, Sverige<\/p>\n<\/div>\n<\/div>\n<\/div>\n<div class=\"et_pb_module et_pb_image et_pb_image_0\"><span class=\"et_pb_image_wrap \"><\/span><\/div>\n<\/div>\n<div class=\"et_pb_column et_pb_column_3_4 et_pb_column_1 et_pb_css_mix_blend_mode_passthrough et-last-child\">\n<div class=\"et_pb_module et_pb_text et_pb_text_1 et_pb_text_align_left et_pb_bg_layout_light\">\n<div class=\"et_pb_text_inner\">\n<p><strong><\/strong><\/p>\n<p><strong><\/strong><\/p>\n<p><strong>Vxl:<\/strong><span> <\/span>044 70050 +46 44 700500<br \/><strong>\u00c5pent: hverdager 9.00 &#8211; 12.00<\/strong><\/p>\n<\/div>\n<\/div>\n<\/div>\n<p>[\/et_pb_text][et_pb_code _builder_version=&raquo;4.27.4&#8243; _module_preset=&raquo;default&raquo; global_colors_info=&raquo;{}&raquo;]<\/p>\n<style><!-- [et_pb_line_break_holder] -->    \/* R\u00f6d ram runt checkbox-f\u00e4ltet n\u00e4r n\u00e5got saknas *\/<!-- [et_pb_line_break_holder] -->    .required-checkbox-error {<!-- [et_pb_line_break_holder] -->        border: 2px solid red;<!-- [et_pb_line_break_holder] -->        padding: 10px;<!-- [et_pb_line_break_holder] -->        border-radius: 4px;<!-- [et_pb_line_break_holder] -->        margin-bottom: 15px;<!-- [et_pb_line_break_holder] -->    }<!-- [et_pb_line_break_holder] --><\/style>\n<p><!-- [et_pb_line_break_holder] --><!-- [et_pb_line_break_holder] --><!-- [et_pb_line_break_holder] --><!-- [et_pb_line_break_holder] --><script><!-- [et_pb_line_break_holder] -->(function () {<!-- [et_pb_line_break_holder] --><!-- [et_pb_line_break_holder] -->    function initRequiredCheckboxes() {<!-- [et_pb_line_break_holder] -->        \/\/ Hitta alla Divi-kontaktformul\u00e4r<!-- [et_pb_line_break_holder] -->        const forms = document.querySelectorAll(\"form.et_pb_contact_form\");<!-- [et_pb_line_break_holder] --><!-- [et_pb_line_break_holder] -->        forms.forEach(function (form) {<!-- [et_pb_line_break_holder] -->            \/\/ Hitta f\u00e4ltet med rubriken \"F\u00f6ljande obligatorisk information bekr\u00e4ftas h\u00e4rmed\"<!-- [et_pb_line_break_holder] -->            const fields = Array.from(form.querySelectorAll(\".et_pb_contact_field\"));<!-- [et_pb_line_break_holder] -->            const requiredCheckboxField = fields.find(function (field) {<!-- [et_pb_line_break_holder] -->                return field.textContent.includes(\"F\u00f6ljande obligatorisk information bekr\u00e4ftas h\u00e4rmed\");<!-- [et_pb_line_break_holder] -->            });<!-- [et_pb_line_break_holder] --><!-- [et_pb_line_break_holder] -->            if (!requiredCheckboxField) return;<!-- [et_pb_line_break_holder] --><!-- [et_pb_line_break_holder] -->            const checkboxes = requiredCheckboxField.querySelectorAll(\"input[type='checkbox']\");<!-- [et_pb_line_break_holder] --><!-- [et_pb_line_break_holder] -->            function validateAllChecked() {<!-- [et_pb_line_break_holder] -->                let allChecked = true;<!-- [et_pb_line_break_holder] -->                checkboxes.forEach(function (cb) {<!-- [et_pb_line_break_holder] -->                    if (!cb.checked) allChecked = false;<!-- [et_pb_line_break_holder] -->                });<!-- [et_pb_line_break_holder] --><!-- [et_pb_line_break_holder] -->                if (!allChecked) {<!-- [et_pb_line_break_holder] -->                    requiredCheckboxField.classList.add(\"required-checkbox-error\");<!-- [et_pb_line_break_holder] -->                } else {<!-- [et_pb_line_break_holder] -->                    requiredCheckboxField.classList.remove(\"required-checkbox-error\");<!-- [et_pb_line_break_holder] -->                }<!-- [et_pb_line_break_holder] --><!-- [et_pb_line_break_holder] -->                return allChecked;<!-- [et_pb_line_break_holder] -->            }<!-- [et_pb_line_break_holder] --><!-- [et_pb_line_break_holder] -->            \/\/ Stoppa skick om inte alla \u00e4r ibockade<!-- [et_pb_line_break_holder] -->            form.addEventListener(\"submit\", function (e) {<!-- [et_pb_line_break_holder] -->                if (!validateAllChecked()) {<!-- [et_pb_line_break_holder] -->                    e.preventDefault();<!-- [et_pb_line_break_holder] -->                    alert(\"Du m\u00e5ste bocka i ALLA rutor under 'F\u00f6ljande obligatorisk information bekr\u00e4ftas h\u00e4rmed'.\");<!-- [et_pb_line_break_holder] -->                }<!-- [et_pb_line_break_holder] -->            });<!-- [et_pb_line_break_holder] --><!-- [et_pb_line_break_holder] -->            \/\/ Ta bort r\u00f6d ram n\u00e4r anv\u00e4ndaren bockar klart<!-- [et_pb_line_break_holder] -->            checkboxes.forEach(function (cb) {<!-- [et_pb_line_break_holder] -->                cb.addEventListener(\"change\", validateAllChecked);<!-- [et_pb_line_break_holder] -->            });<!-- [et_pb_line_break_holder] -->        });<!-- [et_pb_line_break_holder] -->    }<!-- [et_pb_line_break_holder] --><!-- [et_pb_line_break_holder] -->    \/\/ Se till att koden k\u00f6rs b\u00e5de om sidan redan laddats och om den inte gjort det<!-- [et_pb_line_break_holder] -->    if (document.readyState === \"loading\") {<!-- [et_pb_line_break_holder] -->        document.addEventListener(\"DOMContentLoaded\", initRequiredCheckboxes);<!-- [et_pb_line_break_holder] -->    } else {<!-- [et_pb_line_break_holder] -->        initRequiredCheckboxes();<!-- [et_pb_line_break_holder] -->    }<!-- [et_pb_line_break_holder] --><!-- [et_pb_line_break_holder] -->})();<!-- [et_pb_line_break_holder] --><\/script><!-- [et_pb_line_break_holder] --><!-- [et_pb_line_break_holder] --><!-- [et_pb_line_break_holder] -->[\/et_pb_code][\/et_pb_column][et_pb_column type=&raquo;1_4&#8243; _builder_version=&raquo;4.27.5&#8243; _module_preset=&raquo;default&raquo; global_colors_info=&raquo;{}&raquo;][et_pb_image src=&raquo;https:\/\/climaco.com\/wp-content\/uploads\/2026\/02\/SIGILL_SKOLD_VANSTER_STOR_SVART_TEXT.png&raquo; title_text=&raquo;SEGL_SKOLD_VANSTER_LARGE_SVART_TEKST&raquo; _builder_version=&raquo;4.27.5&#8243; _module_preset=&raquo;default&raquo; width=&raquo;300px&raquo; height=&raquo;70px&raquo; global_colors_info=&raquo;{}&raquo;][\/et_pb_image][\/et_pb_column][\/et_pb_row][et_pb_row _builder_version=&raquo;4.27.5&#8243; global_colors_info=&raquo;{}&raquo;][et_pb_column type=&raquo;4_4&#8243; _builder_version=&raquo;4.16&#8243; custom_padding=&raquo;|||&raquo; global_colors_info=&raquo;{}&raquo; custom_padding__hover=&raquo;|||&raquo;][et_pb_divider _builder_version=&raquo;4.27.4&#8243; _module_preset=&raquo;default&raquo; min_height=&raquo;21.8px&raquo; global_colors_info=&raquo;{}&raquo;][\/et_pb_divider][et_pb_text _builder_version=&raquo;4.27.5&#8243; _module_preset=&raquo;default&raquo; global_colors_info=&raquo;{}&raquo;]<\/p>\n<h2>Kontaktskjema<\/h2>\n<p>[\/et_pb_text][et_pb_contact_form email=&raquo;info@climaco.se&raquo; custom_message=&raquo;Ny melding via CLIMACO.COM||et_pb_line_break_holder||||et_pb_line_break_holder||Kontaktinformasjon||et_pb_line_break_holder|Navn: %%navn%%||et_pb_line_break_holder|Firma: %%firma%%||et_pb_line_break_holder||||et_pb_line_break_holder||E-post: E-post: %%%%|et_pb_line_break_holder||||et_pb_line_break_holder|Dagstelefon: %%dagstelefon%%%|et_pb_line_break_holder||||et_pb_line_break_holder|Melding: %%fritekst%|et_pb_line_break_holder||||et_pb_line_break_holder|Melding: %%fritekst%|et_pb_line_break_holder||||et_pb_line_break_holder|&raquo; success_message=&raquo;Takk skal du ha! Vi har mottatt e-posten din og vil svare deg innen to virkedager. Hvis du har tekniske sp\u00f8rsm\u00e5l, kan du ringe oss p\u00e5 telefon +46 044 70050.&raquo; submit_button_text=&raquo;Send inn&raquo; module_class=&raquo;two-col-checkbox&raquo; _builder_version=&raquo;4.27.5&#8243; _module_preset=&raquo;default&raquo; _unique_id=&raquo;8692c307-e0a5-4efc-bc5a-c8e036ce5834&#8243; global_colors_info=&raquo;{}&raquo;][et_pb_contact_field field_id=&raquo;Namn&raquo; field_title=&raquo;Navn p\u00e5 organisasjonen&raquo; min_length=&raquo;2&#8243; max_length=&raquo;25&#8243; allowed_symbols=&raquo;letters&raquo; _builder_version=&raquo;4.27.5&#8243; global_colors_info=&raquo;{}&raquo; button_text_size__hover_enabled=&raquo;off&raquo; button_one_text_size__hover_enabled=&raquo;off&raquo; button_two_text_size__hover_enabled=&raquo;off&raquo; button_text_color__hover_enabled=&raquo;off&raquo; button_one_text_color__hover_enabled=&raquo;off&raquo; button_two_text_color__hover_enabled=&raquo;off&raquo; button_border_width__hover_enabled=&raquo;off&raquo; button_one_border_width__hover_enabled=&raquo;off&raquo; button_two_border_width__hover_enabled=&raquo;off&raquo; button_border_color__hover_enabled=&raquo;off&raquo; button_one_border_color__hover_enabled=&raquo;off&raquo; button_two_border_color__hover_enabled=&raquo;off&raquo; button_border_radius__hover_enabled=&raquo;off&raquo; button_one_border_radius__hover_enabled=&raquo;off&raquo; button_two_border_radius__hover_enabled=&raquo;off&raquo; button_letter_spacing__hover_enabled=&raquo;off&raquo; button_one_letter_spacing__hover_enabled=&raquo;off&raquo; button_two_letter_spacing__hover_enabled=&raquo;off&raquo; button_bg_color__hover_enabled=&raquo;off&raquo; button_one_bg_color__hover_enabled=&raquo;off&raquo; button_two_bg_color__hover_enabled=&raquo;off&raquo;][\/et_pb_contact_field][et_pb_contact_field field_id=&raquo;Foretag&raquo; field_title=&raquo;Virksomheter&raquo; required_mark=&raquo;off&raquo; _builder_version=&raquo;4.27.5&#8243; _module_preset=&raquo;default&raquo; global_colors_info=&raquo;{}&raquo;][\/et_pb_contact_field][et_pb_contact_field field_id=&raquo;Email&raquo; field_title=&raquo;E-postadresse&raquo; field_type=&raquo;email&raquo; _builder_version=&raquo;4.27.5&#8243; global_colors_info=&raquo;{}&raquo; button_text_size__hover_enabled=&raquo;off&raquo; button_one_text_size__hover_enabled=&raquo;off&raquo; button_two_text_size__hover_enabled=&raquo;off&raquo; button_text_color__hover_enabled=&raquo;off&raquo; button_one_text_color__hover_enabled=&raquo;off&raquo; button_two_text_color__hover_enabled=&raquo;off&raquo; button_border_width__hover_enabled=&raquo;off&raquo; button_one_border_width__hover_enabled=&raquo;off&raquo; button_two_border_width__hover_enabled=&raquo;off&raquo; button_border_color__hover_enabled=&raquo;off&raquo; button_one_border_color__hover_enabled=&raquo;off&raquo; button_two_border_color__hover_enabled=&raquo;off&raquo; button_border_radius__hover_enabled=&raquo;off&raquo; button_one_border_radius__hover_enabled=&raquo;off&raquo; button_two_border_radius__hover_enabled=&raquo;off&raquo; button_letter_spacing__hover_enabled=&raquo;off&raquo; button_one_letter_spacing__hover_enabled=&raquo;off&raquo; button_two_letter_spacing__hover_enabled=&raquo;off&raquo; button_bg_color__hover_enabled=&raquo;off&raquo; button_one_bg_color__hover_enabled=&raquo;off&raquo; button_two_bg_color__hover_enabled=&raquo;off&raquo;][\/et_pb_contact_field][et_pb_contact_field field_id=&raquo;Telefon_dagtid&raquo; field_title=&raquo;Telefon p\u00e5 dagtid&raquo; min_length=&raquo;7&#8243; max_length=&raquo;12&#8243; allowed_symbols=&raquo;numbers&raquo; _builder_version=&raquo;4.27.5&#8243; global_colors_info=&raquo;{}&raquo; button_text_size__hover_enabled=&raquo;off&raquo; button_one_text_size__hover_enabled=&raquo;off&raquo; button_two_text_size__hover_enabled=&raquo;off&raquo; button_text_color__hover_enabled=&raquo;off&raquo; button_one_text_color__hover_enabled=&raquo;off&raquo; button_two_text_color__hover_enabled=&raquo;off&raquo; button_border_width__hover_enabled=&raquo;off&raquo; button_one_border_width__hover_enabled=&raquo;off&raquo; button_two_border_width__hover_enabled=&raquo;off&raquo; button_border_color__hover_enabled=&raquo;off&raquo; button_one_border_color__hover_enabled=&raquo;off&raquo; button_two_border_color__hover_enabled=&raquo;off&raquo; button_border_radius__hover_enabled=&raquo;off&raquo; button_one_border_radius__hover_enabled=&raquo;off&raquo; button_two_border_radius__hover_enabled=&raquo;off&raquo; button_letter_spacing__hover_enabled=&raquo;off&raquo; button_one_letter_spacing__hover_enabled=&raquo;off&raquo; button_two_letter_spacing__hover_enabled=&raquo;off&raquo; button_bg_color__hover_enabled=&raquo;off&raquo; button_one_bg_color__hover_enabled=&raquo;off&raquo; button_two_bg_color__hover_enabled=&raquo;off&raquo;][\/et_pb_contact_field][et_pb_contact_field field_id=&raquo;Fri_text&raquo; field_title=&raquo;Din melding&raquo; field_type=&raquo;text&raquo; fullwidth_field=&raquo;on&raquo; _builder_version=&raquo;4.27.5&#8243; global_colors_info=&raquo;{}&raquo; button_text_size__hover_enabled=&raquo;off&raquo; button_one_text_size__hover_enabled=&raquo;off&raquo; button_two_text_size__hover_enabled=&raquo;off&raquo; button_text_color__hover_enabled=&raquo;off&raquo; button_one_text_color__hover_enabled=&raquo;off&raquo; button_two_text_color__hover_enabled=&raquo;off&raquo; button_border_width__hover_enabled=&raquo;off&raquo; button_one_border_width__hover_enabled=&raquo;off&raquo; button_two_border_width__hover_enabled=&raquo;off&raquo; button_border_color__hover_enabled=&raquo;off&raquo; button_one_border_color__hover_enabled=&raquo;off&raquo; button_two_border_color__hover_enabled=&raquo;off&raquo; button_border_radius__hover_enabled=&raquo;off&raquo; button_one_border_radius__hover_enabled=&raquo;off&raquo; button_two_border_radius__hover_enabled=&raquo;off&raquo; button_letter_spacing__hover_enabled=&raquo;off&raquo; button_one_letter_spacing__hover_enabled=&raquo;off&raquo; button_two_letter_spacing__hover_enabled=&raquo;off&raquo; button_bg_color__hover_enabled=&raquo;off&raquo; button_one_bg_color__hover_enabled=&raquo;off&raquo; button_two_bg_color__hover_enabled=&raquo;off&raquo;][\/et_pb_contact_field][\/et_pb_contact_form][et_pb_code _builder_version=&raquo;4.27.4&#8243; _module_preset=&raquo;default&raquo; global_colors_info=&raquo;{}&raquo;]<\/p>\n<style><!-- [et_pb_line_break_holder] -->    \/* R\u00f6d ram runt checkbox-f\u00e4ltet n\u00e4r n\u00e5got saknas *\/<!-- [et_pb_line_break_holder] -->    .required-checkbox-error {<!-- [et_pb_line_break_holder] -->        border: 2px solid red;<!-- [et_pb_line_break_holder] -->        padding: 10px;<!-- [et_pb_line_break_holder] -->        border-radius: 4px;<!-- [et_pb_line_break_holder] -->        margin-bottom: 15px;<!-- [et_pb_line_break_holder] -->    }<!-- [et_pb_line_break_holder] --><\/style>\n<p><!-- [et_pb_line_break_holder] --><!-- [et_pb_line_break_holder] --><!-- [et_pb_line_break_holder] --><!-- [et_pb_line_break_holder] --><script><!-- [et_pb_line_break_holder] -->document.addEventListener(\"DOMContentLoaded\", function () {<!-- [et_pb_line_break_holder] -->    \/\/ Hitta alla Divi-formul\u00e4r p\u00e5 sidan<!-- [et_pb_line_break_holder] -->    const forms = document.querySelectorAll(\".et_pb_contact_form form\");<!-- [et_pb_line_break_holder] --><!-- [et_pb_line_break_holder] -->    forms.forEach(function (form) {<!-- [et_pb_line_break_holder] -->        \/\/ Hitta just f\u00e4ltet med texten \"F\u00f6ljande obligatorisk information bekr\u00e4ftas h\u00e4rmed\"<!-- [et_pb_line_break_holder] -->        const fields = Array.from(form.querySelectorAll(\".et_pb_contact_field\"));<!-- [et_pb_line_break_holder] -->        const requiredCheckboxField = fields.find(function (field) {<!-- [et_pb_line_break_holder] -->            return field.textContent.includes(\"F\u00f6ljande obligatorisk information bekr\u00e4ftas h\u00e4rmed\");<!-- [et_pb_line_break_holder] -->        });<!-- [et_pb_line_break_holder] --><!-- [et_pb_line_break_holder] -->        if (!requiredCheckboxField) return; \/\/ om vi inte hittar f\u00e4ltet, g\u00f6r inget<!-- [et_pb_line_break_holder] --><!-- [et_pb_line_break_holder] -->        const checkboxes = requiredCheckboxField.querySelectorAll(\"input[type='checkbox']\");<!-- [et_pb_line_break_holder] --><!-- [et_pb_line_break_holder] -->        function validateAllChecked() {<!-- [et_pb_line_break_holder] -->            let allChecked = true;<!-- [et_pb_line_break_holder] -->            checkboxes.forEach(function (cb) {<!-- [et_pb_line_break_holder] -->                if (!cb.checked) allChecked = false;<!-- [et_pb_line_break_holder] -->            });<!-- [et_pb_line_break_holder] --><!-- [et_pb_line_break_holder] -->            if (!allChecked) {<!-- [et_pb_line_break_holder] -->                requiredCheckboxField.classList.add(\"required-checkbox-error\");<!-- [et_pb_line_break_holder] -->            } else {<!-- [et_pb_line_break_holder] -->                requiredCheckboxField.classList.remove(\"required-checkbox-error\");<!-- [et_pb_line_break_holder] -->            }<!-- [et_pb_line_break_holder] --><!-- [et_pb_line_break_holder] -->            return allChecked;<!-- [et_pb_line_break_holder] -->        }<!-- [et_pb_line_break_holder] --><!-- [et_pb_line_break_holder] -->        \/\/ Validera vid skick<!-- [et_pb_line_break_holder] -->        form.addEventListener(\"submit\", function (e) {<!-- [et_pb_line_break_holder] -->            if (!validateAllChecked()) {<!-- [et_pb_line_break_holder] -->                e.preventDefault();<!-- [et_pb_line_break_holder] -->                alert(\"Du m\u00e5ste bocka i ALLA rutor under 'F\u00f6ljande obligatorisk information bekr\u00e4ftas h\u00e4rmed'.\");<!-- [et_pb_line_break_holder] -->            }<!-- [et_pb_line_break_holder] -->        });<!-- [et_pb_line_break_holder] --><!-- [et_pb_line_break_holder] -->        \/\/ Ta bort r\u00f6d ram automatiskt n\u00e4r anv\u00e4ndaren kryssar klart<!-- [et_pb_line_break_holder] -->        checkboxes.forEach(function (cb) {<!-- [et_pb_line_break_holder] -->            cb.addEventListener(\"change\", validateAllChecked);<!-- [et_pb_line_break_holder] -->        });<!-- [et_pb_line_break_holder] -->    });<!-- [et_pb_line_break_holder] -->});<!-- [et_pb_line_break_holder] --><\/script><!-- [et_pb_line_break_holder] --><!-- [et_pb_line_break_holder] --><!-- [et_pb_line_break_holder] -->[\/et_pb_code][et_pb_code _builder_version=&raquo;4.27.4&#8243; _module_preset=&raquo;default&raquo; global_colors_info=&raquo;{}&raquo;]<\/p>\n<style><!-- [et_pb_line_break_holder] -->    \/* R\u00f6d ram runt checkbox-f\u00e4ltet n\u00e4r n\u00e5got saknas *\/<!-- [et_pb_line_break_holder] -->    .required-checkbox-error {<!-- [et_pb_line_break_holder] -->        border: 2px solid red;<!-- [et_pb_line_break_holder] -->        padding: 10px;<!-- [et_pb_line_break_holder] -->        border-radius: 4px;<!-- [et_pb_line_break_holder] -->        margin-bottom: 15px;<!-- [et_pb_line_break_holder] -->    }<!-- [et_pb_line_break_holder] --><\/style>\n<p><!-- [et_pb_line_break_holder] --><!-- [et_pb_line_break_holder] --><!-- [et_pb_line_break_holder] --><!-- [et_pb_line_break_holder] --><script><!-- [et_pb_line_break_holder] -->document.addEventListener(\"DOMContentLoaded\", function () {<!-- [et_pb_line_break_holder] -->    \/\/ Hitta alla Divi-formul\u00e4r p\u00e5 sidan<!-- [et_pb_line_break_holder] -->    const forms = document.querySelectorAll(\".et_pb_contact_form form\");<!-- [et_pb_line_break_holder] --><!-- [et_pb_line_break_holder] -->    forms.forEach(function (form) {<!-- [et_pb_line_break_holder] -->        \/\/ Hitta just f\u00e4ltet med texten \"F\u00f6ljande obligatorisk information bekr\u00e4ftas h\u00e4rmed\"<!-- [et_pb_line_break_holder] -->        const fields = Array.from(form.querySelectorAll(\".et_pb_contact_field\"));<!-- [et_pb_line_break_holder] -->        const requiredCheckboxField = fields.find(function (field) {<!-- [et_pb_line_break_holder] -->            return field.textContent.includes(\"F\u00f6ljande obligatorisk information bekr\u00e4ftas h\u00e4rmed\");<!-- [et_pb_line_break_holder] -->        });<!-- [et_pb_line_break_holder] --><!-- [et_pb_line_break_holder] -->        if (!requiredCheckboxField) return; \/\/ om vi inte hittar f\u00e4ltet, g\u00f6r inget<!-- [et_pb_line_break_holder] --><!-- [et_pb_line_break_holder] -->        const checkboxes = requiredCheckboxField.querySelectorAll(\"input[type='checkbox']\");<!-- [et_pb_line_break_holder] --><!-- [et_pb_line_break_holder] -->        function validateAllChecked() {<!-- [et_pb_line_break_holder] -->            let allChecked = true;<!-- [et_pb_line_break_holder] -->            checkboxes.forEach(function (cb) {<!-- [et_pb_line_break_holder] -->                if (!cb.checked) allChecked = false;<!-- [et_pb_line_break_holder] -->            });<!-- [et_pb_line_break_holder] --><!-- [et_pb_line_break_holder] -->            if (!allChecked) {<!-- [et_pb_line_break_holder] -->                requiredCheckboxField.classList.add(\"required-checkbox-error\");<!-- [et_pb_line_break_holder] -->            } else {<!-- [et_pb_line_break_holder] -->                requiredCheckboxField.classList.remove(\"required-checkbox-error\");<!-- [et_pb_line_break_holder] -->            }<!-- [et_pb_line_break_holder] --><!-- [et_pb_line_break_holder] -->            return allChecked;<!-- [et_pb_line_break_holder] -->        }<!-- [et_pb_line_break_holder] --><!-- [et_pb_line_break_holder] -->        \/\/ Validera vid skick<!-- [et_pb_line_break_holder] -->        form.addEventListener(\"submit\", function (e) {<!-- [et_pb_line_break_holder] -->            if (!validateAllChecked()) {<!-- [et_pb_line_break_holder] -->                e.preventDefault();<!-- [et_pb_line_break_holder] -->                alert(\"Du m\u00e5ste bocka i ALLA rutor under 'F\u00f6ljande obligatorisk information bekr\u00e4ftas h\u00e4rmed'.\");<!-- [et_pb_line_break_holder] -->            }<!-- [et_pb_line_break_holder] -->        });<!-- [et_pb_line_break_holder] --><!-- [et_pb_line_break_holder] -->        \/\/ Ta bort r\u00f6d ram automatiskt n\u00e4r anv\u00e4ndaren kryssar klart<!-- [et_pb_line_break_holder] -->        checkboxes.forEach(function (cb) {<!-- [et_pb_line_break_holder] -->            cb.addEventListener(\"change\", validateAllChecked);<!-- [et_pb_line_break_holder] -->        });<!-- [et_pb_line_break_holder] -->    });<!-- [et_pb_line_break_holder] -->});<!-- [et_pb_line_break_holder] --><\/script><!-- [et_pb_line_break_holder] --><!-- [et_pb_line_break_holder] --><!-- [et_pb_line_break_holder] -->[\/et_pb_code][\/et_pb_column][\/et_pb_row][\/et_pb_section]<\/p>\n","protected":false},"excerpt":{"rendered":"<p>Kontakt oss Climaco Sverige AB E-post: info@climaco.comNettsted: climaco.com Kristianstad, Sverige Vxl: 044 70050 +46 44 700500\u00c5pent: hverdager 9.00 &#8211; 12.00 Kontaktskjema<\/p>\n","protected":false},"author":5,"featured_media":0,"parent":0,"menu_order":0,"comment_status":"closed","ping_status":"closed","template":"","meta":{"_et_pb_use_builder":"on","_et_pb_old_content":"","_et_gb_content_width":"","footnotes":""},"class_list":["post-11988","page","type-page","status-publish","hentry"],"_links":{"self":[{"href":"https:\/\/climaco.com\/no\/wp-json\/wp\/v2\/pages\/11988","targetHints":{"allow":["GET"]}}],"collection":[{"href":"https:\/\/climaco.com\/no\/wp-json\/wp\/v2\/pages"}],"about":[{"href":"https:\/\/climaco.com\/no\/wp-json\/wp\/v2\/types\/page"}],"author":[{"embeddable":true,"href":"https:\/\/climaco.com\/no\/wp-json\/wp\/v2\/users\/5"}],"replies":[{"embeddable":true,"href":"https:\/\/climaco.com\/no\/wp-json\/wp\/v2\/comments?post=11988"}],"version-history":[{"count":2,"href":"https:\/\/climaco.com\/no\/wp-json\/wp\/v2\/pages\/11988\/revisions"}],"predecessor-version":[{"id":11990,"href":"https:\/\/climaco.com\/no\/wp-json\/wp\/v2\/pages\/11988\/revisions\/11990"}],"wp:attachment":[{"href":"https:\/\/climaco.com\/no\/wp-json\/wp\/v2\/media?parent=11988"}],"curies":[{"name":"wp","href":"https:\/\/api.w.org\/{rel}","templated":true}]}}