{"id":11916,"date":"2026-02-11T20:01:54","date_gmt":"2026-02-11T19:01:54","guid":{"rendered":"https:\/\/climaco.com\/soknadsskjema-for-distributor\/"},"modified":"2026-02-11T20:01:55","modified_gmt":"2026-02-11T19:01:55","slug":"soknadsskjema-for-distributor","status":"publish","type":"page","link":"https:\/\/climaco.com\/no\/soknadsskjema-for-distributor\/","title":{"rendered":"S\u00f8knadsskjema for distribut\u00f8r"},"content":{"rendered":"<p>[et_pb_section fb_built=&raquo;1&#8243; _builder_version=&raquo;4.16&#8243; global_colors_info=&raquo;{}&raquo;][et_pb_row _builder_version=&raquo;4.16&#8243; global_colors_info=&raquo;{}&raquo;][et_pb_column type=&raquo;4_4&#8243; _builder_version=&raquo;4.16&#8243; custom_padding=&raquo;|||&raquo; global_colors_info=&raquo;{}&raquo; custom_padding__hover=&raquo;|||&raquo;][et_pb_text _builder_version=&raquo;4.27.5&#8243; header_font=&raquo;||||||||&raquo; header_font_size=&raquo;35px&raquo; global_colors_info=&raquo;{}&raquo;]<\/p>\n<h1 style=\"text-align: center;\">Melding om interesse<\/h1>\n<p>[\/et_pb_text][\/et_pb_column][\/et_pb_row][et_pb_row _builder_version=&raquo;4.16&#8243; global_colors_info=&raquo;{}&raquo;][et_pb_column type=&raquo;4_4&#8243; _builder_version=&raquo;4.16&#8243; custom_padding=&raquo;|||&raquo; global_colors_info=&raquo;{}&raquo; custom_padding__hover=&raquo;|||&raquo;][et_pb_text _builder_version=&raquo;4.27.5&#8243; custom_padding=&raquo;2px|||||&raquo; global_colors_info=&raquo;{}&raquo;]<\/p>\n<h2>Interessetilkendegivelse for distribusjon av Climacos dreneringsprodukter<\/h2>\n<p>[\/et_pb_text][et_pb_divider _builder_version=&raquo;4.27.4&#8243; _module_preset=&raquo;default&raquo; global_colors_info=&raquo;{}&raquo;][\/et_pb_divider][et_pb_contact_form email=&raquo;support@climaco.se&raquo; custom_message=&raquo;Interessetilkendegivelse for ny distribut\u00f8r||et_pb_line_break_holder||||et_pb_line_break_holder||Virksomhet (avkrysset alternativer)|||et_pb_line_break_holder|%%%we_operate_following_activities%%%||et_pb_line_break_holder||||et_pb_line_break_holder||Beskrivelse||et_pb_line_break_holder||%fritekst%%||et_pb_line_break_holder||||et_pb_line_break_holder||Selskap||et_pb_line_break_holder||Selskap: %%bedrift%%||et_pb_line_break_holder||Organisasjonsnummer: %%organisasjonsnummer%%||et_pb_line_break_holder||Bes\u00f8ksadresse: %%bes\u00f8ksadresse%%||et_pb_line_break_holder||Postnummer%%|: %%postnummer%%%|et_pb_line_break_holder||||et_pb_line_break_holder||Kontaktperson||et_pb_line_break_holder|Navn: %%kontaktperson%%%|et_pb_line_break_holder||E-post: %%epost%|et_pb_line_break_holder||E-post: %%epost%|et_pb_line_break_holder||Navn: %%kontaktperson%%%|et_pb_line_break_holder|Navn: %%kontaktperson%%|et_pb_line_break_holder&raquo; success_message=&raquo;Vi har mottatt foresp\u00f8rselen din&raquo; submit_button_text=&raquo;Send inn&raquo; _builder_version=&raquo;4.27.5&#8243; _module_preset=&raquo;default&raquo; _unique_id=&raquo;8692c307-e0a5-4efc-bc5a-c8e036ce5834&#8243; global_colors_info=&raquo;{}&raquo;][et_pb_contact_field field_id=&raquo;Vi_bedriver_f\u00f6ljande_verksamhet&raquo; field_title=&raquo;Vi utf\u00f8rer f\u00f8lgende aktiviteter&raquo; field_type=&raquo;checkbox&raquo; checkbox_options=&raquo;%91{%22value%22:%22HVAC-grossist%22,%22checked%22:0,%22dragID%22:-1},{%22value%22:%22Produsenter av varmepumper%22,%22checked%22:0,%22dragID%22:0},{%22value%22:%22Distribut\u00f8r av varmepumper%22,%22checked%22:0,%22dragID%22:1}%93&#8243; fullwidth_field=&raquo;on&raquo; _builder_version=&raquo;4.27.5&#8243; _module_preset=&raquo;default&raquo; global_colors_info=&raquo;{}&raquo;][\/et_pb_contact_field][et_pb_contact_field field_id=&raquo;F\u00f6retag&raquo; field_title=&raquo;Virksomheter&raquo; min_length=&raquo;2&#8243; max_length=&raquo;30&#8243; _builder_version=&raquo;4.27.5&#8243; global_colors_info=&raquo;{}&raquo; button_text_size__hover_enabled=&raquo;off&raquo; button_one_text_size__hover_enabled=&raquo;off&raquo; button_two_text_size__hover_enabled=&raquo;off&raquo; button_text_color__hover_enabled=&raquo;off&raquo; button_one_text_color__hover_enabled=&raquo;off&raquo; button_two_text_color__hover_enabled=&raquo;off&raquo; button_border_width__hover_enabled=&raquo;off&raquo; button_one_border_width__hover_enabled=&raquo;off&raquo; button_two_border_width__hover_enabled=&raquo;off&raquo; button_border_color__hover_enabled=&raquo;off&raquo; button_one_border_color__hover_enabled=&raquo;off&raquo; button_two_border_color__hover_enabled=&raquo;off&raquo; button_border_radius__hover_enabled=&raquo;off&raquo; button_one_border_radius__hover_enabled=&raquo;off&raquo; button_two_border_radius__hover_enabled=&raquo;off&raquo; button_letter_spacing__hover_enabled=&raquo;off&raquo; button_one_letter_spacing__hover_enabled=&raquo;off&raquo; button_two_letter_spacing__hover_enabled=&raquo;off&raquo; button_bg_color__hover_enabled=&raquo;off&raquo; button_one_bg_color__hover_enabled=&raquo;off&raquo; button_two_bg_color__hover_enabled=&raquo;off&raquo;][\/et_pb_contact_field][et_pb_contact_field field_id=&raquo;Organisationsnummer&raquo; field_title=&raquo;Organisasjonsnummer&raquo; min_length=&raquo;6&#8243; max_length=&raquo;12&#8243; allowed_symbols=&raquo;numbers&raquo; _builder_version=&raquo;4.27.5&#8243; global_colors_info=&raquo;{}&raquo; button_text_size__hover_enabled=&raquo;off&raquo; button_one_text_size__hover_enabled=&raquo;off&raquo; button_two_text_size__hover_enabled=&raquo;off&raquo; button_text_color__hover_enabled=&raquo;off&raquo; button_one_text_color__hover_enabled=&raquo;off&raquo; button_two_text_color__hover_enabled=&raquo;off&raquo; button_border_width__hover_enabled=&raquo;off&raquo; button_one_border_width__hover_enabled=&raquo;off&raquo; button_two_border_width__hover_enabled=&raquo;off&raquo; button_border_color__hover_enabled=&raquo;off&raquo; button_one_border_color__hover_enabled=&raquo;off&raquo; button_two_border_color__hover_enabled=&raquo;off&raquo; button_border_radius__hover_enabled=&raquo;off&raquo; button_one_border_radius__hover_enabled=&raquo;off&raquo; button_two_border_radius__hover_enabled=&raquo;off&raquo; button_letter_spacing__hover_enabled=&raquo;off&raquo; button_one_letter_spacing__hover_enabled=&raquo;off&raquo; button_two_letter_spacing__hover_enabled=&raquo;off&raquo; button_bg_color__hover_enabled=&raquo;off&raquo; button_one_bg_color__hover_enabled=&raquo;off&raquo; button_two_bg_color__hover_enabled=&raquo;off&raquo;][\/et_pb_contact_field][et_pb_contact_field field_id=&raquo;Kontaktperson&raquo; field_title=&raquo;Kontaktperson&raquo; min_length=&raquo;2&#8243; max_length=&raquo;30&#8243; allowed_symbols=&raquo;letters&raquo; _builder_version=&raquo;4.27.5&#8243; global_colors_info=&raquo;{}&raquo; button_text_size__hover_enabled=&raquo;off&raquo; button_one_text_size__hover_enabled=&raquo;off&raquo; button_two_text_size__hover_enabled=&raquo;off&raquo; button_text_color__hover_enabled=&raquo;off&raquo; button_one_text_color__hover_enabled=&raquo;off&raquo; button_two_text_color__hover_enabled=&raquo;off&raquo; button_border_width__hover_enabled=&raquo;off&raquo; button_one_border_width__hover_enabled=&raquo;off&raquo; button_two_border_width__hover_enabled=&raquo;off&raquo; button_border_color__hover_enabled=&raquo;off&raquo; button_one_border_color__hover_enabled=&raquo;off&raquo; button_two_border_color__hover_enabled=&raquo;off&raquo; button_border_radius__hover_enabled=&raquo;off&raquo; button_one_border_radius__hover_enabled=&raquo;off&raquo; button_two_border_radius__hover_enabled=&raquo;off&raquo; button_letter_spacing__hover_enabled=&raquo;off&raquo; button_one_letter_spacing__hover_enabled=&raquo;off&raquo; button_two_letter_spacing__hover_enabled=&raquo;off&raquo; button_bg_color__hover_enabled=&raquo;off&raquo; button_one_bg_color__hover_enabled=&raquo;off&raquo; button_two_bg_color__hover_enabled=&raquo;off&raquo;][\/et_pb_contact_field][et_pb_contact_field field_id=&raquo;Email&raquo; field_title=&raquo;E-postadresse&raquo; field_type=&raquo;email&raquo; _builder_version=&raquo;4.27.5&#8243; global_colors_info=&raquo;{}&raquo; button_text_size__hover_enabled=&raquo;off&raquo; button_one_text_size__hover_enabled=&raquo;off&raquo; button_two_text_size__hover_enabled=&raquo;off&raquo; button_text_color__hover_enabled=&raquo;off&raquo; button_one_text_color__hover_enabled=&raquo;off&raquo; button_two_text_color__hover_enabled=&raquo;off&raquo; button_border_width__hover_enabled=&raquo;off&raquo; button_one_border_width__hover_enabled=&raquo;off&raquo; button_two_border_width__hover_enabled=&raquo;off&raquo; button_border_color__hover_enabled=&raquo;off&raquo; button_one_border_color__hover_enabled=&raquo;off&raquo; button_two_border_color__hover_enabled=&raquo;off&raquo; button_border_radius__hover_enabled=&raquo;off&raquo; button_one_border_radius__hover_enabled=&raquo;off&raquo; button_two_border_radius__hover_enabled=&raquo;off&raquo; button_letter_spacing__hover_enabled=&raquo;off&raquo; button_one_letter_spacing__hover_enabled=&raquo;off&raquo; button_two_letter_spacing__hover_enabled=&raquo;off&raquo; button_bg_color__hover_enabled=&raquo;off&raquo; button_one_bg_color__hover_enabled=&raquo;off&raquo; button_two_bg_color__hover_enabled=&raquo;off&raquo;][\/et_pb_contact_field][et_pb_contact_field field_id=&raquo;Fri_text&raquo; field_title=&raquo;Varsling&raquo; field_type=&raquo;text&raquo; fullwidth_field=&raquo;on&raquo; _builder_version=&raquo;4.27.5&#8243; global_colors_info=&raquo;{}&raquo; button_text_size__hover_enabled=&raquo;off&raquo; button_one_text_size__hover_enabled=&raquo;off&raquo; button_two_text_size__hover_enabled=&raquo;off&raquo; button_text_color__hover_enabled=&raquo;off&raquo; button_one_text_color__hover_enabled=&raquo;off&raquo; button_two_text_color__hover_enabled=&raquo;off&raquo; button_border_width__hover_enabled=&raquo;off&raquo; button_one_border_width__hover_enabled=&raquo;off&raquo; button_two_border_width__hover_enabled=&raquo;off&raquo; button_border_color__hover_enabled=&raquo;off&raquo; button_one_border_color__hover_enabled=&raquo;off&raquo; button_two_border_color__hover_enabled=&raquo;off&raquo; button_border_radius__hover_enabled=&raquo;off&raquo; button_one_border_radius__hover_enabled=&raquo;off&raquo; button_two_border_radius__hover_enabled=&raquo;off&raquo; button_letter_spacing__hover_enabled=&raquo;off&raquo; button_one_letter_spacing__hover_enabled=&raquo;off&raquo; button_two_letter_spacing__hover_enabled=&raquo;off&raquo; button_bg_color__hover_enabled=&raquo;off&raquo; button_one_bg_color__hover_enabled=&raquo;off&raquo; button_two_bg_color__hover_enabled=&raquo;off&raquo;][\/et_pb_contact_field][\/et_pb_contact_form][\/et_pb_column][\/et_pb_row][\/et_pb_section]<\/p>\n","protected":false},"excerpt":{"rendered":"<p>Melding om interesseInteressetilkendegivelse for distribusjon av Climacos dreneringsprodukter<\/p>\n","protected":false},"author":5,"featured_media":0,"parent":0,"menu_order":0,"comment_status":"closed","ping_status":"closed","template":"","meta":{"_et_pb_use_builder":"on","_et_pb_old_content":"","_et_gb_content_width":"","footnotes":""},"class_list":["post-11916","page","type-page","status-publish","hentry"],"_links":{"self":[{"href":"https:\/\/climaco.com\/no\/wp-json\/wp\/v2\/pages\/11916","targetHints":{"allow":["GET"]}}],"collection":[{"href":"https:\/\/climaco.com\/no\/wp-json\/wp\/v2\/pages"}],"about":[{"href":"https:\/\/climaco.com\/no\/wp-json\/wp\/v2\/types\/page"}],"author":[{"embeddable":true,"href":"https:\/\/climaco.com\/no\/wp-json\/wp\/v2\/users\/5"}],"replies":[{"embeddable":true,"href":"https:\/\/climaco.com\/no\/wp-json\/wp\/v2\/comments?post=11916"}],"version-history":[{"count":2,"href":"https:\/\/climaco.com\/no\/wp-json\/wp\/v2\/pages\/11916\/revisions"}],"predecessor-version":[{"id":11918,"href":"https:\/\/climaco.com\/no\/wp-json\/wp\/v2\/pages\/11916\/revisions\/11918"}],"wp:attachment":[{"href":"https:\/\/climaco.com\/no\/wp-json\/wp\/v2\/media?parent=11916"}],"curies":[{"name":"wp","href":"https:\/\/api.w.org\/{rel}","templated":true}]}}