{"id":2402,"date":"2019-07-28T12:06:42","date_gmt":"2019-07-28T10:06:42","guid":{"rendered":"https:\/\/climaco.com\/locking-clamp-28\/"},"modified":"2019-08-28T11:53:32","modified_gmt":"2019-08-28T09:53:32","slug":"locking-clamp-28","status":"publish","type":"page","link":"https:\/\/climaco.com\/en\/locking-clamp-28\/","title":{"rendered":"Locking clamp 28"},"content":{"rendered":"<p>[et_pb_section fb_built=&#8221;1&#8243; custom_padding_last_edited=&#8221;on|desktop&#8221; next_background_color=&#8221;#ffffff&#8221; admin_label=&#8221;Header&#8221; _builder_version=&#8221;3.22.3&#8243; background_color_gradient_direction=&#8221;130deg&#8221; background_image=&#8221;https:\/\/climaco.com\/wp-content\/uploads\/2019\/02\/adventure-alpine-background-355770-e1551445271405.jpg&#8221; parallax=&#8221;on&#8221; custom_padding=&#8221;0px||0px||false|false&#8221; custom_padding_tablet=&#8221;0||0||true|false&#8221; custom_padding_phone=&#8221;||||true&#8221; bottom_divider_style=&#8221;ramp2&#8243; bottom_divider_height=&#8221;149px&#8221; bottom_divider_flip=&#8221;horizontal&#8221; bottom_divider_height_tablet=&#8221;150px&#8221; bottom_divider_height_phone=&#8221;110px&#8221; bottom_divider_height_last_edited=&#8221;on|phone&#8221; saved_tabs=&#8221;all&#8221;][et_pb_row column_structure=&#8221;1_2,1_2&#8243; use_custom_gutter=&#8221;on&#8221; gutter_width=&#8221;2&#8243; custom_padding=&#8221;30px|0px|30px|0px|false|false&#8221; custom_padding_tablet=&#8221;||40px|&#8221; custom_padding_phone=&#8221;0px||0px&#8221; custom_padding_last_edited=&#8221;on|desktop&#8221; module_class=&#8221; et_pb_row_fullwidth&#8221; _builder_version=&#8221;3.25&#8243; width=&#8221;94%&#8221; width_tablet=&#8221;80%&#8221; width_last_edited=&#8221;on|desktop&#8221; max_width=&#8221;94%&#8221; max_width_tablet=&#8221;80%&#8221; max_width_last_edited=&#8221;on|desktop&#8221; custom_margin_last_edited=&#8221;on|tablet&#8221; make_fullwidth=&#8221;on&#8221;][et_pb_column type=&#8221;1_2&#8243; _builder_version=&#8221;3.25&#8243; custom_padding=&#8221;|||&#8221; custom_padding__hover=&#8221;|||&#8221;][et_pb_image src=&#8221;https:\/\/climaco.com\/wp-content\/uploads\/2019\/06\/Isolslang-25_2.png&#8221; _builder_version=&#8221;3.25.2&#8243; max_width=&#8221;58%&#8221; max_width_tablet=&#8221;59%&#8221; max_width_phone=&#8221;60%&#8221; max_width_last_edited=&#8221;on|desktop&#8221; module_alignment=&#8221;center&#8221; always_center_on_mobile=&#8221;off&#8221;][\/et_pb_image][\/et_pb_column][et_pb_column type=&#8221;1_2&#8243; _builder_version=&#8221;3.25&#8243; custom_padding=&#8221;|||&#8221; custom_padding__hover=&#8221;|||&#8221;][et_pb_image src=&#8221;https:\/\/climaco.com\/wp-content\/uploads\/2019\/06\/slangklamma.png&#8221; _builder_version=&#8221;3.25.2&#8243; max_width=&#8221;58%&#8221; module_alignment=&#8221;center&#8221; custom_margin=&#8221;0px||&#8221; always_center_on_mobile=&#8221;off&#8221;][\/et_pb_image][\/et_pb_column][\/et_pb_row][\/et_pb_section][et_pb_section fb_built=&#8221;1&#8243; admin_label=&#8221;Get Started&#8221; _builder_version=&#8221;3.22.3&#8243; custom_margin_last_edited=&#8221;on|tablet&#8221; custom_padding=&#8221;0px||0px||false|false&#8221; saved_tabs=&#8221;all&#8221;][et_pb_row column_structure=&#8221;1_2,1_2&#8243; use_custom_gutter=&#8221;on&#8221; gutter_width=&#8221;2&#8243; custom_padding=&#8221;13px||0px||false|false&#8221; custom_margin=&#8221;|||&#8221; _builder_version=&#8221;3.25&#8243; border_color_all=&#8221;rgba(0,0,0,0)&#8221; max_width=&#8221;1440px&#8221; custom_margin_last_edited=&#8221;on|desktop&#8221; use_custom_width=&#8221;on&#8221; width_unit=&#8221;off&#8221;][et_pb_column type=&#8221;1_2&#8243; _builder_version=&#8221;3.25&#8243; custom_padding=&#8221;0px||30px|&#8221; custom_padding_tablet=&#8221;||0px&#8221; custom_padding_last_edited=&#8221;on|tablet&#8221; custom_padding__hover=&#8221;|||&#8221;][et_pb_text _builder_version=&#8221;3.25.2&#8243; text_font=&#8221;||||||||&#8221; header_font=&#8221;||||||||&#8221; header_2_font=&#8221;BebasNeue Bold||||||||&#8221; header_2_font_size=&#8221;50px&#8221;]<\/p>\n<h2>Hose clamp, \u00d828-32mm<\/h2>\n<p>Clamp with double locking rings. Mounted on the hose to prevent it from sliding off the hose adapter. Fits ClimaLine&#39;s insulated drain hose, interior \u00d825mm.<\/p>\n<p>&nbsp;<\/p>\n<p>[\/et_pb_text][et_pb_text _builder_version=&#8221;3.19.18&#8243; text_font=&#8221;||||||||&#8221; link_font=&#8221;|700|||||||&#8221; link_text_color=&#8221;#757575&#8243; link_font_size=&#8221;15px&#8221; header_font=&#8221;||||||||&#8221; header_2_font=&#8221;BebasNeue Bold||||||||&#8221; header_2_font_size=&#8221;50px&#8221;]<\/p>\n<h2>Technical information<\/h2>\n<p>[\/et_pb_text][et_pb_tabs _builder_version=&#8221;3.25.2&#8243; body_font=&#8221;||||||||&#8221; body_text_align=&#8221;left&#8221; tab_font=&#8221;||||||||&#8221; max_width_last_edited=&#8221;on|desktop&#8221; module_alignment=&#8221;left&#8221;][et_pb_tab title=&#8221;Hose clamp, \u00d828-32mm&#8221; _builder_version=&#8221;3.25.2&#8243; tab_font=&#8221;||||||||&#8221;]<\/p>\n<ul>\n<li>Material: steel<\/li>\n<li>Surface treatment: nickeled<\/li>\n<li>For \u00d828-32mm hose locked<\/li>\n<li>Manufactured in China.<\/li>\n<\/ul>\n<p>[\/et_pb_tab][et_pb_tab title=&#8221;Included are&#8221; _builder_version=&#8221;3.25.2&#8243;]<\/p>\n<ul>\n<li>Hose clamp, 1<\/li>\n<\/ul>\n<p>[\/et_pb_tab][et_pb_tab title=&#8221;Fits the following hoses&#8221; _builder_version=&#8221;3.25.2&#8243;]<\/p>\n<ul>\n<li>ClimaLine insulated drainage hose, type interior \u00d825mm<\/li>\n<\/ul>\n<p>[\/et_pb_tab][et_pb_tab title=&#8221;Document&#8221; _builder_version=&#8221;3.25.2&#8243;][\/et_pb_tab][\/et_pb_tabs][\/et_pb_column][et_pb_column type=&#8221;1_2&#8243; _builder_version=&#8221;3.25&#8243; custom_padding=&#8221;0px|||&#8221; custom_padding_tablet=&#8221;0px||20px&#8221; custom_padding_phone=&#8221;0px||20px|&#8221; custom_padding_last_edited=&#8221;on|phone&#8221; custom_padding__hover=&#8221;|||&#8221;][et_pb_gallery gallery_ids=&#8221;1903&#8243; fullwidth=&#8221;on&#8221; _builder_version=&#8221;3.25.2&#8243; auto=&#8221;on&#8221;][\/et_pb_gallery][\/et_pb_column][\/et_pb_row][\/et_pb_section]<\/p>\n","protected":false},"excerpt":{"rendered":"<p>Hose clamp, \u00d828-32mm Clamp with double locking rings. Mounted on the hose to prevent it from sliding off the hose adapter. Fits ClimaLine&#39;s insulated drain hose, interior \u00d825mm. &nbsp; Technical information Material: steel Surface treatment: nickeled For \u00d828-32mm hose locked Manufactured in China. Hose clamp, 1 ClimaLine insulated drainage hose, type interior \u00d825mm<\/p>\n","protected":false},"author":2,"featured_media":0,"parent":0,"menu_order":0,"comment_status":"closed","ping_status":"closed","template":"","meta":{"_et_pb_use_builder":"on","_et_pb_old_content":"","_et_gb_content_width":"","footnotes":""},"class_list":["post-2402","page","type-page","status-publish","hentry"],"_links":{"self":[{"href":"https:\/\/climaco.com\/en\/wp-json\/wp\/v2\/pages\/2402","targetHints":{"allow":["GET"]}}],"collection":[{"href":"https:\/\/climaco.com\/en\/wp-json\/wp\/v2\/pages"}],"about":[{"href":"https:\/\/climaco.com\/en\/wp-json\/wp\/v2\/types\/page"}],"author":[{"embeddable":true,"href":"https:\/\/climaco.com\/en\/wp-json\/wp\/v2\/users\/2"}],"replies":[{"embeddable":true,"href":"https:\/\/climaco.com\/en\/wp-json\/wp\/v2\/comments?post=2402"}],"version-history":[{"count":0,"href":"https:\/\/climaco.com\/en\/wp-json\/wp\/v2\/pages\/2402\/revisions"}],"wp:attachment":[{"href":"https:\/\/climaco.com\/en\/wp-json\/wp\/v2\/media?parent=2402"}],"curies":[{"name":"wp","href":"https:\/\/api.w.org\/{rel}","templated":true}]}}