{"id":2395,"date":"2019-07-28T12:06:37","date_gmt":"2019-07-28T10:06:37","guid":{"rendered":"https:\/\/climaco.com\/drainage-kit-flap\/"},"modified":"2019-08-28T11:53:45","modified_gmt":"2019-08-28T09:53:45","slug":"drainage-kit-flap","status":"publish","type":"page","link":"https:\/\/climaco.com\/en\/drainage-kit-flap\/","title":{"rendered":"Drainage kit flap"},"content":{"rendered":"<p>[et_pb_section fb_built=&#8221;1&#8243; custom_padding_last_edited=&#8221;on|desktop&#8221; next_background_color=&#8221;#ffffff&#8221; admin_label=&#8221;Header&#8221; _builder_version=&#8221;3.22.3&#8243; background_color_gradient_direction=&#8221;130deg&#8221; background_image=&#8221;https:\/\/climaco.com\/wp-content\/uploads\/2019\/02\/adventure-alpine-background-355770-e1551445271405.jpg&#8221; parallax=&#8221;on&#8221; custom_padding=&#8221;0px||0px||false|false&#8221; custom_padding_tablet=&#8221;0||0||true|false&#8221; custom_padding_phone=&#8221;||||true&#8221; bottom_divider_style=&#8221;ramp2&#8243; bottom_divider_height=&#8221;149px&#8221; bottom_divider_flip=&#8221;horizontal&#8221; bottom_divider_height_tablet=&#8221;150px&#8221; bottom_divider_height_phone=&#8221;110px&#8221; bottom_divider_height_last_edited=&#8221;on|phone&#8221; saved_tabs=&#8221;all&#8221;][et_pb_row column_structure=&#8221;1_2,1_2&#8243; use_custom_gutter=&#8221;on&#8221; gutter_width=&#8221;2&#8243; custom_padding=&#8221;30px|0px|30px|0px|false|false&#8221; custom_padding_tablet=&#8221;||40px|&#8221; custom_padding_phone=&#8221;0px||0px&#8221; custom_padding_last_edited=&#8221;on|desktop&#8221; module_class=&#8221; et_pb_row_fullwidth&#8221; _builder_version=&#8221;3.25&#8243; width=&#8221;94%&#8221; width_tablet=&#8221;80%&#8221; width_last_edited=&#8221;on|desktop&#8221; max_width=&#8221;94%&#8221; max_width_tablet=&#8221;80%&#8221; max_width_last_edited=&#8221;on|desktop&#8221; custom_margin_last_edited=&#8221;on|tablet&#8221; make_fullwidth=&#8221;on&#8221;][et_pb_column type=&#8221;1_2&#8243; _builder_version=&#8221;3.25&#8243; custom_padding=&#8221;|||&#8221; custom_padding__hover=&#8221;|||&#8221;][et_pb_image _builder_version=&#8221;3.25.2&#8243; max_width=&#8221;83%&#8221; max_width_tablet=&#8221;59%&#8221; max_width_phone=&#8221;60%&#8221; max_width_last_edited=&#8221;on|desktop&#8221; module_alignment=&#8221;center&#8221; always_center_on_mobile=&#8221;off&#8221;][\/et_pb_image][\/et_pb_column][et_pb_column type=&#8221;1_2&#8243; _builder_version=&#8221;3.25&#8243; custom_padding=&#8221;|||&#8221; custom_padding__hover=&#8221;|||&#8221;][et_pb_image src=&#8221;https:\/\/climaco.com\/wp-content\/uploads\/2019\/06\/slang-20.png&#8221; _builder_version=&#8221;3.25.2&#8243; max_width=&#8221;59%&#8221; module_alignment=&#8221;center&#8221; custom_margin=&#8221;0px||&#8221; always_center_on_mobile=&#8221;off&#8221;][\/et_pb_image][\/et_pb_column][\/et_pb_row][\/et_pb_section][et_pb_section fb_built=&#8221;1&#8243; admin_label=&#8221;Get Started&#8221; _builder_version=&#8221;3.22.3&#8243; custom_margin_last_edited=&#8221;on|tablet&#8221; custom_padding=&#8221;0px||0px||false|false&#8221; saved_tabs=&#8221;all&#8221;][et_pb_row column_structure=&#8221;1_2,1_2&#8243; use_custom_gutter=&#8221;on&#8221; gutter_width=&#8221;2&#8243; custom_padding=&#8221;13px||0px||false|false&#8221; custom_margin=&#8221;|||&#8221; _builder_version=&#8221;3.25&#8243; border_color_all=&#8221;rgba(0,0,0,0)&#8221; max_width=&#8221;1440px&#8221; custom_margin_last_edited=&#8221;on|desktop&#8221; use_custom_width=&#8221;on&#8221; width_unit=&#8221;off&#8221;][et_pb_column type=&#8221;1_2&#8243; _builder_version=&#8221;3.25&#8243; custom_padding=&#8221;0px||30px|&#8221; custom_padding_tablet=&#8221;||0px&#8221; custom_padding_last_edited=&#8221;on|tablet&#8221; custom_padding__hover=&#8221;|||&#8221;][et_pb_text _builder_version=&#8221;3.25.2&#8243; header_font=&#8221;||||||||&#8221; header_2_font=&#8221;BebasNeue Bold||||||||&#8221; header_2_font_size=&#8221;50px&#8221;]<\/p>\n<h2>Drainage kit for trays without heating<\/h2>\n<p>Drainage kit contains hose, hose clamps and wall fasteners for hoses.&nbsp;<o:p><\/o:p><\/p>\n<p><strong>This kit is available in 1,2,3,4,5,6,7,8 as well as 10 and 12m.<\/strong><o:p><\/o:p><\/p>\n<p>Fits excellently with all exterior hose adapters.&nbsp;\u00d8 20mm<o:p><\/o:p><\/p>\n<p>[\/et_pb_text][et_pb_text _builder_version=&#8221;3.19.18&#8243; text_font=&#8221;||||||||&#8221; link_font=&#8221;|700|||||||&#8221; link_text_color=&#8221;#757575&#8243; link_font_size=&#8221;15px&#8221; header_font=&#8221;||||||||&#8221; header_2_font=&#8221;BebasNeue Bold||||||||&#8221; header_2_font_size=&#8221;50px&#8221;]<\/p>\n<h2>Technical information<\/h2>\n<p>[\/et_pb_text][et_pb_tabs _builder_version=&#8221;3.25.2&#8243; body_font=&#8221;||||||||&#8221; body_text_align=&#8221;left&#8221; tab_font=&#8221;||||||||&#8221; max_width_last_edited=&#8221;on|desktop&#8221; module_alignment=&#8221;left&#8221;][et_pb_tab title=&#8221;Drainage kit&#8221; _builder_version=&#8221;3.25.2&#8243; tab_font=&#8221;||||||||&#8221;]<\/p>\n<ul>\n<li>Drainage hose<\/li>\n<li>Color: White<\/li>\n<li>UV resistant &amp; shock resistant<\/li>\n<li>Hose exterior \u00d8 24mm, interior \u00d8 20mm<\/li>\n<li>For heating cable, max power 20w\/m<\/li>\n<li>Hose clips with double locking<\/li>\n<li>Wall fasteners for hoses<\/li>\n<\/ul>\n<p>Example: A 3m drainage kit contains a 3m drainage hose and a 5-piece wall fasteners<\/p>\n<p>[\/et_pb_tab][et_pb_tab title=&#8221;Fits the following adapters&#8221; _builder_version=&#8221;3.25.2&#8243;]<\/p>\n<p>Designed&nbsp;for all collector trays with \u00d820-21 outlets.<\/p>\n<ul>\n<li>ClimaLine hose adapter with leaf basket,&nbsp;exterior.&nbsp;\u00d820<\/li>\n<li>ClimaLine straight hose adapter, exterior&nbsp;\u00d818-20<\/li>\n<\/ul>\n<p>[\/et_pb_tab][et_pb_tab title=&#8221;Included are&#8221; _builder_version=&#8221;3.25.2&#8243;]<\/p>\n<ul>\n<li>Condensation water hose according to the kit length.<\/li>\n<li>Hose clips, 1, double locking<\/li>\n<li>Wall\/ground suspension for hose<\/li>\n<\/ul>\n<p>[\/et_pb_tab][et_pb_tab title=&#8221;Document&#8221; _builder_version=&#8221;3.22.7&#8243; body_font=&#8221;|700|||||||&#8221; tab_font=&#8221;||||||||&#8221;]<\/p>\n<p><img loading=\"lazy\" decoding=\"async\" src=\"https:\/\/climaco.com\/wp-content\/uploads\/2019\/03\/pdf-symbol-150x150.png\" width=\"67\" height=\"68\" alt=\"\" class=\"wp-image-239 aligncenter size-thumbnail\" style=\"float: left;\" srcset=\"https:\/\/climaco.com\/wp-content\/uploads\/2019\/03\/pdf-symbol-150x150.png 150w, https:\/\/climaco.com\/wp-content\/uploads\/2019\/03\/pdf-symbol.png 200w\" sizes=\"(max-width: 67px) 100vw, 67px\" \/><br \/> <a href=\"#\" target=\"_blank\" rel=\"noopener noreferrer\" title=\"Installation instructions Pancake 1\">Installation instructions<\/a><\/p>\n<p>[\/et_pb_tab][\/et_pb_tabs][\/et_pb_column][et_pb_column type=&#8221;1_2&#8243; _builder_version=&#8221;3.25&#8243; custom_padding=&#8221;0px|||&#8221; custom_padding_tablet=&#8221;0px||20px&#8221; custom_padding_phone=&#8221;0px||20px|&#8221; custom_padding_last_edited=&#8221;on|phone&#8221; custom_padding__hover=&#8221;|||&#8221;][et_pb_gallery gallery_ids=&#8221;1556&#8243; fullwidth=&#8221;on&#8221; _builder_version=&#8221;3.25.2&#8243; auto=&#8221;on&#8221;][\/et_pb_gallery][\/et_pb_column][\/et_pb_row][\/et_pb_section]<\/p>\n","protected":false},"excerpt":{"rendered":"<p>Drainage kit for trays without heating Drainage kit contains hose, hose clamps and wall fasteners for hoses.&nbsp; This kit is available in 1,2,3,4,5,6,7,8 as well as 10 and 12m. Fits excellently with all exterior hose adapters.&nbsp;\u00d8 20mm Technical information Drainage hose Color: White UV resistant &amp; shock resistant Hose exterior \u00d8 24mm, interior \u00d8 20mm [&hellip;]<\/p>\n","protected":false},"author":2,"featured_media":0,"parent":0,"menu_order":0,"comment_status":"closed","ping_status":"closed","template":"","meta":{"_et_pb_use_builder":"on","_et_pb_old_content":"","_et_gb_content_width":"","footnotes":""},"class_list":["post-2395","page","type-page","status-publish","hentry"],"_links":{"self":[{"href":"https:\/\/climaco.com\/en\/wp-json\/wp\/v2\/pages\/2395","targetHints":{"allow":["GET"]}}],"collection":[{"href":"https:\/\/climaco.com\/en\/wp-json\/wp\/v2\/pages"}],"about":[{"href":"https:\/\/climaco.com\/en\/wp-json\/wp\/v2\/types\/page"}],"author":[{"embeddable":true,"href":"https:\/\/climaco.com\/en\/wp-json\/wp\/v2\/users\/2"}],"replies":[{"embeddable":true,"href":"https:\/\/climaco.com\/en\/wp-json\/wp\/v2\/comments?post=2395"}],"version-history":[{"count":0,"href":"https:\/\/climaco.com\/en\/wp-json\/wp\/v2\/pages\/2395\/revisions"}],"wp:attachment":[{"href":"https:\/\/climaco.com\/en\/wp-json\/wp\/v2\/media?parent=2395"}],"curies":[{"name":"wp","href":"https:\/\/api.w.org\/{rel}","templated":true}]}}