{"id":2394,"date":"2019-07-28T12:06:37","date_gmt":"2019-07-28T10:06:37","guid":{"rendered":"https:\/\/climaco.com\/gray-hose-adapter\/"},"modified":"2019-08-28T11:53:59","modified_gmt":"2019-08-28T09:53:59","slug":"gray-hose-adapter","status":"publish","type":"page","link":"https:\/\/climaco.com\/en\/gray-hose-adapter\/","title":{"rendered":"Gray hose adapter"},"content":{"rendered":"<p>[et_pb_section fb_built=&#8221;1&#8243; custom_padding_last_edited=&#8221;on|desktop&#8221; next_background_color=&#8221;#ffffff&#8221; admin_label=&#8221;Header&#8221; _builder_version=&#8221;3.22.3&#8243; background_color_gradient_direction=&#8221;130deg&#8221; background_image=&#8221;https:\/\/climaco.com\/wp-content\/uploads\/2019\/02\/adventure-alpine-background-355770-e1551445271405.jpg&#8221; parallax=&#8221;on&#8221; custom_padding=&#8221;0px||0px||false|false&#8221; custom_padding_tablet=&#8221;0||0||true|false&#8221; custom_padding_phone=&#8221;||||true&#8221; bottom_divider_style=&#8221;ramp2&#8243; bottom_divider_height=&#8221;149px&#8221; bottom_divider_flip=&#8221;horizontal&#8221; bottom_divider_height_tablet=&#8221;150px&#8221; bottom_divider_height_phone=&#8221;110px&#8221; bottom_divider_height_last_edited=&#8221;on|phone&#8221; saved_tabs=&#8221;all&#8221;][et_pb_row column_structure=&#8221;1_2,1_2&#8243; use_custom_gutter=&#8221;on&#8221; gutter_width=&#8221;2&#8243; custom_padding=&#8221;30px|0px|30px|0px|false|false&#8221; custom_padding_tablet=&#8221;||40px|&#8221; custom_padding_phone=&#8221;0px||0px&#8221; custom_padding_last_edited=&#8221;on|desktop&#8221; module_class=&#8221; et_pb_row_fullwidth&#8221; _builder_version=&#8221;3.25&#8243; width=&#8221;94%&#8221; width_tablet=&#8221;80%&#8221; width_last_edited=&#8221;on|desktop&#8221; max_width=&#8221;94%&#8221; max_width_tablet=&#8221;80%&#8221; max_width_last_edited=&#8221;on|desktop&#8221; custom_margin_last_edited=&#8221;on|tablet&#8221; make_fullwidth=&#8221;on&#8221;][et_pb_column type=&#8221;1_2&#8243; _builder_version=&#8221;3.25&#8243; custom_padding=&#8221;|||&#8221; custom_padding__hover=&#8221;|||&#8221;][et_pb_image src=&#8221;https:\/\/climaco.com\/wp-content\/uploads\/2019\/03\/Pancake_2_gallery_3.png&#8221; _builder_version=&#8221;3.25.2&#8243; max_width=&#8221;58%&#8221; max_width_tablet=&#8221;59%&#8221; max_width_phone=&#8221;60%&#8221; max_width_last_edited=&#8221;on|desktop&#8221; module_alignment=&#8221;center&#8221; always_center_on_mobile=&#8221;off&#8221;][\/et_pb_image][\/et_pb_column][et_pb_column type=&#8221;1_2&#8243; _builder_version=&#8221;3.25&#8243; custom_padding=&#8221;|||&#8221; custom_padding__hover=&#8221;|||&#8221;][et_pb_image src=&#8221;https:\/\/climaco.com\/wp-content\/uploads\/2019\/03\/Grey_adapter.png&#8221; _builder_version=&#8221;3.25.2&#8243; max_width=&#8221;58%&#8221; module_alignment=&#8221;center&#8221; custom_margin=&#8221;0px||&#8221; always_center_on_mobile=&#8221;off&#8221;][\/et_pb_image][\/et_pb_column][\/et_pb_row][\/et_pb_section][et_pb_section fb_built=&#8221;1&#8243; admin_label=&#8221;Get Started&#8221; _builder_version=&#8221;3.22.3&#8243; custom_margin_last_edited=&#8221;on|tablet&#8221; custom_padding=&#8221;0px||0px||false|false&#8221; saved_tabs=&#8221;all&#8221;][et_pb_row column_structure=&#8221;1_2,1_2&#8243; use_custom_gutter=&#8221;on&#8221; gutter_width=&#8221;2&#8243; custom_padding=&#8221;13px||0px||false|false&#8221; custom_margin=&#8221;|||&#8221; _builder_version=&#8221;3.25&#8243; border_color_all=&#8221;rgba(0,0,0,0)&#8221; max_width=&#8221;1440px&#8221; custom_margin_last_edited=&#8221;on|desktop&#8221; use_custom_width=&#8221;on&#8221; width_unit=&#8221;off&#8221;][et_pb_column type=&#8221;1_2&#8243; _builder_version=&#8221;3.25&#8243; custom_padding=&#8221;0px||30px|&#8221; custom_padding_tablet=&#8221;||0px&#8221; custom_padding_last_edited=&#8221;on|tablet&#8221; custom_padding__hover=&#8221;|||&#8221;][et_pb_text _builder_version=&#8221;3.25.2&#8243; text_font=&#8221;||||||||&#8221; header_font=&#8221;||||||||&#8221; header_2_font=&#8221;BebasNeue Bold||||||||&#8221; header_2_font_size=&#8221;50px&#8221;]<\/p>\n<h2>Hose adapter for 18-20mm hose<\/h2>\n<p><span>A gray tray adapter for connecting the drainage hose. Fits ClimaLine&#39;s insulated drainage hose, interior \u00d819mm and condensation water hose, interior  \u00d818mm and&nbsp;\u00d820mm.<\/span><\/p>\n<p>&nbsp;<\/p>\n<p>[\/et_pb_text][et_pb_text _builder_version=&#8221;3.19.18&#8243; text_font=&#8221;||||||||&#8221; link_font=&#8221;|700|||||||&#8221; link_text_color=&#8221;#757575&#8243; link_font_size=&#8221;15px&#8221; header_font=&#8221;||||||||&#8221; header_2_font=&#8221;BebasNeue Bold||||||||&#8221; header_2_font_size=&#8221;50px&#8221;]<\/p>\n<h2>Technical information<\/h2>\n<p>[\/et_pb_text][et_pb_tabs _builder_version=&#8221;3.25.2&#8243; body_font=&#8221;||||||||&#8221; body_text_align=&#8221;left&#8221; tab_font=&#8221;||||||||&#8221; max_width_last_edited=&#8221;on|desktop&#8221; module_alignment=&#8221;left&#8221;][et_pb_tab title=&#8221;Straight hose adapter, gray&#8221; _builder_version=&#8221;3.25.2&#8243; tab_font=&#8221;||||||||&#8221;]<\/p>\n<ul>\n<li>Color: Gray<\/li>\n<li>Material: ABS + PMMA plastic<\/li>\n<li>UV resistant &amp; shock resistant to -40\u00b0C<\/li>\n<li>Total length: 76.60mm<\/li>\n<li>Width: 50.00mm<\/li>\n<li>Height: 27mm (hose spigot)<\/li>\n<li>Sleeve coupling, exterior: \u00d8 18.30mm, interior \u00d8 13.50mm<\/li>\n<li>Locking ring, white: included<\/li>\n<li>Rubber gasket included<\/li>\n<li>Manufactured in the EU.<\/li>\n<\/ul>\n<p>A Climaco design<\/p>\n<p>[\/et_pb_tab][et_pb_tab title=&#8221;Fits the following hoses&#8221; _builder_version=&#8221;3.25.2&#8243;]<\/p>\n<ul>\n<li>ClimaLine insulated drainage hose, interior type. \u00d819mm<\/li>\n<li>ClimaLine condensation water hose,&nbsp;interior type. \u00d820mm<\/li>\n<\/ul>\n<p>[\/et_pb_tab][et_pb_tab title=&#8221;Included are&#8221; _builder_version=&#8221;3.25.2&#8243;]<\/p>\n<ul>\n<li>Hose adapter, 1<\/li>\n<li>Locking ring, 1<\/li>\n<li>Rubber gasket, 1<\/li>\n<\/ul>\n<p>[\/et_pb_tab][et_pb_tab title=&#8221;Document&#8221; _builder_version=&#8221;3.25.2&#8243;][\/et_pb_tab][\/et_pb_tabs][\/et_pb_column][et_pb_column type=&#8221;1_2&#8243; _builder_version=&#8221;3.25&#8243; custom_padding=&#8221;0px|||&#8221; custom_padding_tablet=&#8221;0px||20px&#8221; custom_padding_phone=&#8221;0px||20px|&#8221; custom_padding_last_edited=&#8221;on|phone&#8221; custom_padding__hover=&#8221;|||&#8221;][et_pb_gallery gallery_ids=&#8221;401&#8243; fullwidth=&#8221;on&#8221; _builder_version=&#8221;3.25.2&#8243; auto=&#8221;on&#8221;][\/et_pb_gallery][\/et_pb_column][\/et_pb_row][\/et_pb_section]<\/p>\n","protected":false},"excerpt":{"rendered":"<p>Hose adapter for 18-20mm hose A gray tray adapter for connecting the drainage hose. Fits ClimaLine&#39;s insulated drainage hose, interior \u00d819mm and condensation water hose, interior \u00d818mm and&nbsp;\u00d820mm. &nbsp;Technical information Color: Gray Material: ABS + PMMA plastic UV resistant &amp; shock resistant to -40\u00b0C Total length: 76.60mm Width: 50.00mm Height: 27mm (hose spigot) Sleeve coupling, [&hellip;]<\/p>\n","protected":false},"author":2,"featured_media":0,"parent":0,"menu_order":0,"comment_status":"closed","ping_status":"closed","template":"","meta":{"_et_pb_use_builder":"on","_et_pb_old_content":"","_et_gb_content_width":"","footnotes":""},"class_list":["post-2394","page","type-page","status-publish","hentry"],"_links":{"self":[{"href":"https:\/\/climaco.com\/en\/wp-json\/wp\/v2\/pages\/2394","targetHints":{"allow":["GET"]}}],"collection":[{"href":"https:\/\/climaco.com\/en\/wp-json\/wp\/v2\/pages"}],"about":[{"href":"https:\/\/climaco.com\/en\/wp-json\/wp\/v2\/types\/page"}],"author":[{"embeddable":true,"href":"https:\/\/climaco.com\/en\/wp-json\/wp\/v2\/users\/2"}],"replies":[{"embeddable":true,"href":"https:\/\/climaco.com\/en\/wp-json\/wp\/v2\/comments?post=2394"}],"version-history":[{"count":0,"href":"https:\/\/climaco.com\/en\/wp-json\/wp\/v2\/pages\/2394\/revisions"}],"wp:attachment":[{"href":"https:\/\/climaco.com\/en\/wp-json\/wp\/v2\/media?parent=2394"}],"curies":[{"name":"wp","href":"https:\/\/api.w.org\/{rel}","templated":true}]}}