{"id":11984,"date":"2026-02-11T20:08:14","date_gmt":"2026-02-11T19:08:14","guid":{"rendered":"https:\/\/climaco.com\/contact-us\/"},"modified":"2026-02-11T20:10:24","modified_gmt":"2026-02-11T19:10:24","slug":"contact-us","status":"publish","type":"page","link":"https:\/\/climaco.com\/en\/contact-us\/","title":{"rendered":"Contact us"},"content":{"rendered":"<p>[et_pb_section fb_built=&#8221;1&#8243; _builder_version=&#8221;4.27.4&#8243; custom_css_free_form=&#8221;\/* Tv\u00e5 kolumner f\u00f6r checkboxf\u00e4ltet %22Information_om_elinstallationen%22 *\/||#et_pb_contact_form_0 .et_pb_contact_field%91data-id=%22Information_om_elinstallationen%22%93 .et_pb_contact_field_options {|| display: flex;|| flex-wrap: wrap;||}||||#et_pb_contact_form_0 .et_pb_contact_field%91data-id=%22Information_om_elinstallationen%22%93 .et_pb_contact_field_options li {|| width: 50%;|| margin-bottom: 6px;||}||||\/* Mobil: en kolumn *\/||@media (max-width: 767px) {|| #et_pb_contact_form_0 .et_pb_contact_field%91data-id=%22Information_om_elinstallationen%22%93 .et_pb_contact_field_options li {|| width: 100%;|| }||}||&#8221; global_colors_info=&#8221;{}&#8221;][et_pb_row _builder_version=&#8221;4.16&#8243; global_colors_info=&#8221;{}&#8221;][et_pb_column type=&#8221;4_4&#8243; _builder_version=&#8221;4.16&#8243; custom_padding=&#8221;|||&#8221; global_colors_info=&#8221;{}&#8221; custom_padding__hover=&#8221;|||&#8221;][et_pb_text _builder_version=&#8221;4.27.5&#8243; header_font=&#8221;||||||||&#8221; header_font_size=&#8221;35px&#8221; global_colors_info=&#8221;{}&#8221;]<\/p>\n<h1 style=\"text-align: center;\">Contact us<\/h1>\n<p>[\/et_pb_text][et_pb_divider _builder_version=&#8221;4.27.4&#8243; _module_preset=&#8221;default&#8221; min_height=&#8221;7.8px&#8221; global_colors_info=&#8221;{}&#8221;][\/et_pb_divider][\/et_pb_column][\/et_pb_row][et_pb_row column_structure=&#8221;3_4,1_4&#8243; _builder_version=&#8221;4.27.5&#8243; _module_preset=&#8221;default&#8221; background_color=&#8221;#FFFFFF&#8221; global_colors_info=&#8221;{}&#8221;][et_pb_column type=&#8221;3_4&#8243; _builder_version=&#8221;4.27.5&#8243; _module_preset=&#8221;default&#8221; global_colors_info=&#8221;{}&#8221;][et_pb_text _builder_version=&#8221;4.27.5&#8243; _module_preset=&#8221;default&#8221; min_height=&#8221;9px&#8221; global_colors_info=&#8221;{}&#8221;]<\/p>\n<div class=\"et_pb_column et_pb_column_1_4 et_pb_column_0 et_pb_css_mix_blend_mode_passthrough\">\n<div class=\"et_pb_module et_pb_text et_pb_text_0 et_pb_text_align_left et_pb_bg_layout_light\">\n<div class=\"et_pb_text_inner\">\n<h4 class=\"title\">Climaco Sweden AB<\/h4>\n<div class=\"textwidget\">\n<p><b>Email:<\/b><span> <\/span>info@climaco.com<br \/><b>Website:<\/b><span> <\/span>climaco.com<\/p>\n<p>Kristianstad, Sweden<\/p>\n<\/div>\n<\/div>\n<\/div>\n<div class=\"et_pb_module et_pb_image et_pb_image_0\"><span class=\"et_pb_image_wrap \"><\/span><\/div>\n<\/div>\n<div class=\"et_pb_column et_pb_column_3_4 et_pb_column_1 et_pb_css_mix_blend_mode_passthrough et-last-child\">\n<div class=\"et_pb_module et_pb_text et_pb_text_1 et_pb_text_align_left et_pb_bg_layout_light\">\n<div class=\"et_pb_text_inner\">\n<p><strong><\/strong><\/p>\n<p><strong><\/strong><\/p>\n<p><strong>Vxl:<\/strong><span> <\/span>044 70050 +46 44 700500<br \/><strong>Open: weekdays 9.00 &#8211; 12.00<\/strong><\/p>\n<\/div>\n<\/div>\n<\/div>\n<p>[\/et_pb_text][et_pb_code _builder_version=&#8221;4.27.4&#8243; _module_preset=&#8221;default&#8221; global_colors_info=&#8221;{}&#8221;]<\/p>\n<style><!-- [et_pb_line_break_holder] -->    \/* R\u00f6d ram runt checkbox-f\u00e4ltet n\u00e4r n\u00e5got saknas *\/<!-- [et_pb_line_break_holder] -->    .required-checkbox-error {<!-- [et_pb_line_break_holder] -->        border: 2px solid red;<!-- [et_pb_line_break_holder] -->        padding: 10px;<!-- [et_pb_line_break_holder] -->        border-radius: 4px;<!-- [et_pb_line_break_holder] -->        margin-bottom: 15px;<!-- [et_pb_line_break_holder] -->    }<!-- [et_pb_line_break_holder] --><\/style>\n<p><!-- [et_pb_line_break_holder] --><!-- [et_pb_line_break_holder] --><!-- [et_pb_line_break_holder] --><!-- [et_pb_line_break_holder] --><script><!-- [et_pb_line_break_holder] -->(function () {<!-- [et_pb_line_break_holder] --><!-- [et_pb_line_break_holder] -->    function initRequiredCheckboxes() {<!-- [et_pb_line_break_holder] -->        \/\/ Hitta alla Divi-kontaktformul\u00e4r<!-- [et_pb_line_break_holder] -->        const forms = document.querySelectorAll(\"form.et_pb_contact_form\");<!-- [et_pb_line_break_holder] --><!-- [et_pb_line_break_holder] -->        forms.forEach(function (form) {<!-- [et_pb_line_break_holder] -->            \/\/ Hitta f\u00e4ltet med rubriken \"F\u00f6ljande obligatorisk information bekr\u00e4ftas h\u00e4rmed\"<!-- [et_pb_line_break_holder] -->            const fields = Array.from(form.querySelectorAll(\".et_pb_contact_field\"));<!-- [et_pb_line_break_holder] -->            const requiredCheckboxField = fields.find(function (field) {<!-- [et_pb_line_break_holder] -->                return field.textContent.includes(\"F\u00f6ljande obligatorisk information bekr\u00e4ftas h\u00e4rmed\");<!-- [et_pb_line_break_holder] -->            });<!-- [et_pb_line_break_holder] --><!-- [et_pb_line_break_holder] -->            if (!requiredCheckboxField) return;<!-- [et_pb_line_break_holder] --><!-- [et_pb_line_break_holder] -->            const checkboxes = requiredCheckboxField.querySelectorAll(\"input[type='checkbox']\");<!-- [et_pb_line_break_holder] --><!-- [et_pb_line_break_holder] -->            function validateAllChecked() {<!-- [et_pb_line_break_holder] -->                let allChecked = true;<!-- [et_pb_line_break_holder] -->                checkboxes.forEach(function (cb) {<!-- [et_pb_line_break_holder] -->                    if (!cb.checked) allChecked = false;<!-- [et_pb_line_break_holder] -->                });<!-- [et_pb_line_break_holder] --><!-- [et_pb_line_break_holder] -->                if (!allChecked) {<!-- [et_pb_line_break_holder] -->                    requiredCheckboxField.classList.add(\"required-checkbox-error\");<!-- [et_pb_line_break_holder] -->                } else {<!-- [et_pb_line_break_holder] -->                    requiredCheckboxField.classList.remove(\"required-checkbox-error\");<!-- [et_pb_line_break_holder] -->                }<!-- [et_pb_line_break_holder] --><!-- [et_pb_line_break_holder] -->                return allChecked;<!-- [et_pb_line_break_holder] -->            }<!-- [et_pb_line_break_holder] --><!-- [et_pb_line_break_holder] -->            \/\/ Stoppa skick om inte alla \u00e4r ibockade<!-- [et_pb_line_break_holder] -->            form.addEventListener(\"submit\", function (e) {<!-- [et_pb_line_break_holder] -->                if (!validateAllChecked()) {<!-- [et_pb_line_break_holder] -->                    e.preventDefault();<!-- [et_pb_line_break_holder] -->                    alert(\"Du m\u00e5ste bocka i ALLA rutor under 'F\u00f6ljande obligatorisk information bekr\u00e4ftas h\u00e4rmed'.\");<!-- [et_pb_line_break_holder] -->                }<!-- [et_pb_line_break_holder] -->            });<!-- [et_pb_line_break_holder] --><!-- [et_pb_line_break_holder] -->            \/\/ Ta bort r\u00f6d ram n\u00e4r anv\u00e4ndaren bockar klart<!-- [et_pb_line_break_holder] -->            checkboxes.forEach(function (cb) {<!-- [et_pb_line_break_holder] -->                cb.addEventListener(\"change\", validateAllChecked);<!-- [et_pb_line_break_holder] -->            });<!-- [et_pb_line_break_holder] -->        });<!-- [et_pb_line_break_holder] -->    }<!-- [et_pb_line_break_holder] --><!-- [et_pb_line_break_holder] -->    \/\/ Se till att koden k\u00f6rs b\u00e5de om sidan redan laddats och om den inte gjort det<!-- [et_pb_line_break_holder] -->    if (document.readyState === \"loading\") {<!-- [et_pb_line_break_holder] -->        document.addEventListener(\"DOMContentLoaded\", initRequiredCheckboxes);<!-- [et_pb_line_break_holder] -->    } else {<!-- [et_pb_line_break_holder] -->        initRequiredCheckboxes();<!-- [et_pb_line_break_holder] -->    }<!-- [et_pb_line_break_holder] --><!-- [et_pb_line_break_holder] -->})();<!-- [et_pb_line_break_holder] --><\/script><!-- [et_pb_line_break_holder] --><!-- [et_pb_line_break_holder] --><!-- [et_pb_line_break_holder] -->[\/et_pb_code][\/et_pb_column][et_pb_column type=&#8221;1_4&#8243; _builder_version=&#8221;4.27.5&#8243; _module_preset=&#8221;default&#8221; global_colors_info=&#8221;{}&#8221;][et_pb_image src=&#8221;https:\/\/climaco.com\/wp-content\/uploads\/2026\/02\/SIGILL_SKOLD_VANSTER_STOR_SVART_TEXT.png&#8221; title_text=&#8221;SEAL_SKOLD_VANSTER_LARGE_BLACK_TEXT&#8221; _builder_version=&#8221;4.27.5&#8243; _module_preset=&#8221;default&#8221; width=&#8221;300px&#8221; height=&#8221;70px&#8221; global_colors_info=&#8221;{}&#8221;][\/et_pb_image][\/et_pb_column][\/et_pb_row][et_pb_row _builder_version=&#8221;4.27.5&#8243; global_colors_info=&#8221;{}&#8221;][et_pb_column type=&#8221;4_4&#8243; _builder_version=&#8221;4.16&#8243; custom_padding=&#8221;|||&#8221; global_colors_info=&#8221;{}&#8221; custom_padding__hover=&#8221;|||&#8221;][et_pb_divider _builder_version=&#8221;4.27.4&#8243; _module_preset=&#8221;default&#8221; min_height=&#8221;21.8px&#8221; global_colors_info=&#8221;{}&#8221;][\/et_pb_divider][et_pb_text _builder_version=&#8221;4.27.5&#8243; _module_preset=&#8221;default&#8221; global_colors_info=&#8221;{}&#8221;]<\/p>\n<h2>Contact form<\/h2>\n<p>[\/et_pb_text][et_pb_contact_form email=&#8221;info@climaco.se&#8221; custom_message=&#8221;New message via CLIMACO.COM||et_pb_line_break_holder||||et_pb_line_break_holder||Contact details||et_pb_line_break_holder||Name: %%name%%||et_pb_line_break_holder||Company: %%company%%||et_pb_line_break_holder||||et_pb_line_break_holder||Email: %%email%%|et_pb_line_break_holder||||et_pb_line_break_holder||Daytime phone: %%daytime phone%%|et_pb_line_break_holder||||et_pb_line_break_holder||Message: %%free_text%|et_pb_line_break_holder||||et_pb_line_break_holder|&#8221; success_message=&#8221;Thank you! We have received your email and will get back to you within two working days, in case of technical questions we will call you if necessary from +46 044 70050.&#8221; submit_button_text=&#8221;Submit&#8221; module_class=&#8221;two-col-checkbox&#8221; _builder_version=&#8221;4.27.5&#8243; _module_preset=&#8221;default&#8221; _unique_id=&#8221;8692c307-e0a5-4efc-bc5a-c8e036ce5834&#8243; global_colors_info=&#8221;{}&#8221;][et_pb_contact_field field_id=&#8221;Namn&#8221; field_title=&#8221;Name&#8221; min_length=&#8221;2&#8243; max_length=&#8221;25&#8243; allowed_symbols=&#8221;letters&#8221; _builder_version=&#8221;4.27.5&#8243; global_colors_info=&#8221;{}&#8221; button_text_size__hover_enabled=&#8221;off&#8221; button_one_text_size__hover_enabled=&#8221;off&#8221; button_two_text_size__hover_enabled=&#8221;off&#8221; button_text_color__hover_enabled=&#8221;off&#8221; button_one_text_color__hover_enabled=&#8221;off&#8221; button_two_text_color__hover_enabled=&#8221;off&#8221; button_border_width__hover_enabled=&#8221;off&#8221; button_one_border_width__hover_enabled=&#8221;off&#8221; button_two_border_width__hover_enabled=&#8221;off&#8221; button_border_color__hover_enabled=&#8221;off&#8221; button_one_border_color__hover_enabled=&#8221;off&#8221; button_two_border_color__hover_enabled=&#8221;off&#8221; button_border_radius__hover_enabled=&#8221;off&#8221; button_one_border_radius__hover_enabled=&#8221;off&#8221; button_two_border_radius__hover_enabled=&#8221;off&#8221; button_letter_spacing__hover_enabled=&#8221;off&#8221; button_one_letter_spacing__hover_enabled=&#8221;off&#8221; button_two_letter_spacing__hover_enabled=&#8221;off&#8221; button_bg_color__hover_enabled=&#8221;off&#8221; button_one_bg_color__hover_enabled=&#8221;off&#8221; button_two_bg_color__hover_enabled=&#8221;off&#8221;][\/et_pb_contact_field][et_pb_contact_field field_id=&#8221;Foretag&#8221; field_title=&#8221;Company&#8221; required_mark=&#8221;off&#8221; _builder_version=&#8221;4.27.5&#8243; _module_preset=&#8221;default&#8221; global_colors_info=&#8221;{}&#8221;][\/et_pb_contact_field][et_pb_contact_field field_id=&#8221;Email&#8221; field_title=&#8221;E-mail address&#8221; field_type=&#8221;email&#8221; _builder_version=&#8221;4.27.5&#8243; global_colors_info=&#8221;{}&#8221; button_text_size__hover_enabled=&#8221;off&#8221; button_one_text_size__hover_enabled=&#8221;off&#8221; button_two_text_size__hover_enabled=&#8221;off&#8221; button_text_color__hover_enabled=&#8221;off&#8221; button_one_text_color__hover_enabled=&#8221;off&#8221; button_two_text_color__hover_enabled=&#8221;off&#8221; button_border_width__hover_enabled=&#8221;off&#8221; button_one_border_width__hover_enabled=&#8221;off&#8221; button_two_border_width__hover_enabled=&#8221;off&#8221; button_border_color__hover_enabled=&#8221;off&#8221; button_one_border_color__hover_enabled=&#8221;off&#8221; button_two_border_color__hover_enabled=&#8221;off&#8221; button_border_radius__hover_enabled=&#8221;off&#8221; button_one_border_radius__hover_enabled=&#8221;off&#8221; button_two_border_radius__hover_enabled=&#8221;off&#8221; button_letter_spacing__hover_enabled=&#8221;off&#8221; button_one_letter_spacing__hover_enabled=&#8221;off&#8221; button_two_letter_spacing__hover_enabled=&#8221;off&#8221; button_bg_color__hover_enabled=&#8221;off&#8221; button_one_bg_color__hover_enabled=&#8221;off&#8221; button_two_bg_color__hover_enabled=&#8221;off&#8221;][\/et_pb_contact_field][et_pb_contact_field field_id=&#8221;Telefon_dagtid&#8221; field_title=&#8221;Daytime telephone&#8221; min_length=&#8221;7&#8243; max_length=&#8221;12&#8243; allowed_symbols=&#8221;numbers&#8221; _builder_version=&#8221;4.27.5&#8243; global_colors_info=&#8221;{}&#8221; button_text_size__hover_enabled=&#8221;off&#8221; button_one_text_size__hover_enabled=&#8221;off&#8221; button_two_text_size__hover_enabled=&#8221;off&#8221; button_text_color__hover_enabled=&#8221;off&#8221; button_one_text_color__hover_enabled=&#8221;off&#8221; button_two_text_color__hover_enabled=&#8221;off&#8221; button_border_width__hover_enabled=&#8221;off&#8221; button_one_border_width__hover_enabled=&#8221;off&#8221; button_two_border_width__hover_enabled=&#8221;off&#8221; button_border_color__hover_enabled=&#8221;off&#8221; button_one_border_color__hover_enabled=&#8221;off&#8221; button_two_border_color__hover_enabled=&#8221;off&#8221; button_border_radius__hover_enabled=&#8221;off&#8221; button_one_border_radius__hover_enabled=&#8221;off&#8221; button_two_border_radius__hover_enabled=&#8221;off&#8221; button_letter_spacing__hover_enabled=&#8221;off&#8221; button_one_letter_spacing__hover_enabled=&#8221;off&#8221; button_two_letter_spacing__hover_enabled=&#8221;off&#8221; button_bg_color__hover_enabled=&#8221;off&#8221; button_one_bg_color__hover_enabled=&#8221;off&#8221; button_two_bg_color__hover_enabled=&#8221;off&#8221;][\/et_pb_contact_field][et_pb_contact_field field_id=&#8221;Fri_text&#8221; field_title=&#8221;Your message&#8221; field_type=&#8221;text&#8221; fullwidth_field=&#8221;on&#8221; _builder_version=&#8221;4.27.5&#8243; global_colors_info=&#8221;{}&#8221; button_text_size__hover_enabled=&#8221;off&#8221; button_one_text_size__hover_enabled=&#8221;off&#8221; button_two_text_size__hover_enabled=&#8221;off&#8221; button_text_color__hover_enabled=&#8221;off&#8221; button_one_text_color__hover_enabled=&#8221;off&#8221; button_two_text_color__hover_enabled=&#8221;off&#8221; button_border_width__hover_enabled=&#8221;off&#8221; button_one_border_width__hover_enabled=&#8221;off&#8221; button_two_border_width__hover_enabled=&#8221;off&#8221; button_border_color__hover_enabled=&#8221;off&#8221; button_one_border_color__hover_enabled=&#8221;off&#8221; button_two_border_color__hover_enabled=&#8221;off&#8221; button_border_radius__hover_enabled=&#8221;off&#8221; button_one_border_radius__hover_enabled=&#8221;off&#8221; button_two_border_radius__hover_enabled=&#8221;off&#8221; button_letter_spacing__hover_enabled=&#8221;off&#8221; button_one_letter_spacing__hover_enabled=&#8221;off&#8221; button_two_letter_spacing__hover_enabled=&#8221;off&#8221; button_bg_color__hover_enabled=&#8221;off&#8221; button_one_bg_color__hover_enabled=&#8221;off&#8221; button_two_bg_color__hover_enabled=&#8221;off&#8221;][\/et_pb_contact_field][\/et_pb_contact_form][et_pb_code _builder_version=&#8221;4.27.4&#8243; _module_preset=&#8221;default&#8221; global_colors_info=&#8221;{}&#8221;]<\/p>\n<style><!-- [et_pb_line_break_holder] -->    \/* R\u00f6d ram runt checkbox-f\u00e4ltet n\u00e4r n\u00e5got saknas *\/<!-- [et_pb_line_break_holder] -->    .required-checkbox-error {<!-- [et_pb_line_break_holder] -->        border: 2px solid red;<!-- [et_pb_line_break_holder] -->        padding: 10px;<!-- [et_pb_line_break_holder] -->        border-radius: 4px;<!-- [et_pb_line_break_holder] -->        margin-bottom: 15px;<!-- [et_pb_line_break_holder] -->    }<!-- [et_pb_line_break_holder] --><\/style>\n<p><!-- [et_pb_line_break_holder] --><!-- [et_pb_line_break_holder] --><!-- [et_pb_line_break_holder] --><!-- [et_pb_line_break_holder] --><script><!-- [et_pb_line_break_holder] -->document.addEventListener(\"DOMContentLoaded\", function () {<!-- [et_pb_line_break_holder] -->    \/\/ Hitta alla Divi-formul\u00e4r p\u00e5 sidan<!-- [et_pb_line_break_holder] -->    const forms = document.querySelectorAll(\".et_pb_contact_form form\");<!-- [et_pb_line_break_holder] --><!-- [et_pb_line_break_holder] -->    forms.forEach(function (form) {<!-- [et_pb_line_break_holder] -->        \/\/ Hitta just f\u00e4ltet med texten \"F\u00f6ljande obligatorisk information bekr\u00e4ftas h\u00e4rmed\"<!-- [et_pb_line_break_holder] -->        const fields = Array.from(form.querySelectorAll(\".et_pb_contact_field\"));<!-- [et_pb_line_break_holder] -->        const requiredCheckboxField = fields.find(function (field) {<!-- [et_pb_line_break_holder] -->            return field.textContent.includes(\"F\u00f6ljande obligatorisk information bekr\u00e4ftas h\u00e4rmed\");<!-- [et_pb_line_break_holder] -->        });<!-- [et_pb_line_break_holder] --><!-- [et_pb_line_break_holder] -->        if (!requiredCheckboxField) return; \/\/ om vi inte hittar f\u00e4ltet, g\u00f6r inget<!-- [et_pb_line_break_holder] --><!-- [et_pb_line_break_holder] -->        const checkboxes = requiredCheckboxField.querySelectorAll(\"input[type='checkbox']\");<!-- [et_pb_line_break_holder] --><!-- [et_pb_line_break_holder] -->        function validateAllChecked() {<!-- [et_pb_line_break_holder] -->            let allChecked = true;<!-- [et_pb_line_break_holder] -->            checkboxes.forEach(function (cb) {<!-- [et_pb_line_break_holder] -->                if (!cb.checked) allChecked = false;<!-- [et_pb_line_break_holder] -->            });<!-- [et_pb_line_break_holder] --><!-- [et_pb_line_break_holder] -->            if (!allChecked) {<!-- [et_pb_line_break_holder] -->                requiredCheckboxField.classList.add(\"required-checkbox-error\");<!-- [et_pb_line_break_holder] -->            } else {<!-- [et_pb_line_break_holder] -->                requiredCheckboxField.classList.remove(\"required-checkbox-error\");<!-- [et_pb_line_break_holder] -->            }<!-- [et_pb_line_break_holder] --><!-- [et_pb_line_break_holder] -->            return allChecked;<!-- [et_pb_line_break_holder] -->        }<!-- [et_pb_line_break_holder] --><!-- [et_pb_line_break_holder] -->        \/\/ Validera vid skick<!-- [et_pb_line_break_holder] -->        form.addEventListener(\"submit\", function (e) {<!-- [et_pb_line_break_holder] -->            if (!validateAllChecked()) {<!-- [et_pb_line_break_holder] -->                e.preventDefault();<!-- [et_pb_line_break_holder] -->                alert(\"Du m\u00e5ste bocka i ALLA rutor under 'F\u00f6ljande obligatorisk information bekr\u00e4ftas h\u00e4rmed'.\");<!-- [et_pb_line_break_holder] -->            }<!-- [et_pb_line_break_holder] -->        });<!-- [et_pb_line_break_holder] --><!-- [et_pb_line_break_holder] -->        \/\/ Ta bort r\u00f6d ram automatiskt n\u00e4r anv\u00e4ndaren kryssar klart<!-- [et_pb_line_break_holder] -->        checkboxes.forEach(function (cb) {<!-- [et_pb_line_break_holder] -->            cb.addEventListener(\"change\", validateAllChecked);<!-- [et_pb_line_break_holder] -->        });<!-- [et_pb_line_break_holder] -->    });<!-- [et_pb_line_break_holder] -->});<!-- [et_pb_line_break_holder] --><\/script><!-- [et_pb_line_break_holder] --><!-- [et_pb_line_break_holder] --><!-- [et_pb_line_break_holder] -->[\/et_pb_code][et_pb_code _builder_version=&#8221;4.27.4&#8243; _module_preset=&#8221;default&#8221; global_colors_info=&#8221;{}&#8221;]<\/p>\n<style><!-- [et_pb_line_break_holder] -->    \/* R\u00f6d ram runt checkbox-f\u00e4ltet n\u00e4r n\u00e5got saknas *\/<!-- [et_pb_line_break_holder] -->    .required-checkbox-error {<!-- [et_pb_line_break_holder] -->        border: 2px solid red;<!-- [et_pb_line_break_holder] -->        padding: 10px;<!-- [et_pb_line_break_holder] -->        border-radius: 4px;<!-- [et_pb_line_break_holder] -->        margin-bottom: 15px;<!-- [et_pb_line_break_holder] -->    }<!-- [et_pb_line_break_holder] --><\/style>\n<p><!-- [et_pb_line_break_holder] --><!-- [et_pb_line_break_holder] --><!-- [et_pb_line_break_holder] --><!-- [et_pb_line_break_holder] --><script><!-- [et_pb_line_break_holder] -->document.addEventListener(\"DOMContentLoaded\", function () {<!-- [et_pb_line_break_holder] -->    \/\/ Hitta alla Divi-formul\u00e4r p\u00e5 sidan<!-- [et_pb_line_break_holder] -->    const forms = document.querySelectorAll(\".et_pb_contact_form form\");<!-- [et_pb_line_break_holder] --><!-- [et_pb_line_break_holder] -->    forms.forEach(function (form) {<!-- [et_pb_line_break_holder] -->        \/\/ Hitta just f\u00e4ltet med texten \"F\u00f6ljande obligatorisk information bekr\u00e4ftas h\u00e4rmed\"<!-- [et_pb_line_break_holder] -->        const fields = Array.from(form.querySelectorAll(\".et_pb_contact_field\"));<!-- [et_pb_line_break_holder] -->        const requiredCheckboxField = fields.find(function (field) {<!-- [et_pb_line_break_holder] -->            return field.textContent.includes(\"F\u00f6ljande obligatorisk information bekr\u00e4ftas h\u00e4rmed\");<!-- [et_pb_line_break_holder] -->        });<!-- [et_pb_line_break_holder] --><!-- [et_pb_line_break_holder] -->        if (!requiredCheckboxField) return; \/\/ om vi inte hittar f\u00e4ltet, g\u00f6r inget<!-- [et_pb_line_break_holder] --><!-- [et_pb_line_break_holder] -->        const checkboxes = requiredCheckboxField.querySelectorAll(\"input[type='checkbox']\");<!-- [et_pb_line_break_holder] --><!-- [et_pb_line_break_holder] -->        function validateAllChecked() {<!-- [et_pb_line_break_holder] -->            let allChecked = true;<!-- [et_pb_line_break_holder] -->            checkboxes.forEach(function (cb) {<!-- [et_pb_line_break_holder] -->                if (!cb.checked) allChecked = false;<!-- [et_pb_line_break_holder] -->            });<!-- [et_pb_line_break_holder] --><!-- [et_pb_line_break_holder] -->            if (!allChecked) {<!-- [et_pb_line_break_holder] -->                requiredCheckboxField.classList.add(\"required-checkbox-error\");<!-- [et_pb_line_break_holder] -->            } else {<!-- [et_pb_line_break_holder] -->                requiredCheckboxField.classList.remove(\"required-checkbox-error\");<!-- [et_pb_line_break_holder] -->            }<!-- [et_pb_line_break_holder] --><!-- [et_pb_line_break_holder] -->            return allChecked;<!-- [et_pb_line_break_holder] -->        }<!-- [et_pb_line_break_holder] --><!-- [et_pb_line_break_holder] -->        \/\/ Validera vid skick<!-- [et_pb_line_break_holder] -->        form.addEventListener(\"submit\", function (e) {<!-- [et_pb_line_break_holder] -->            if (!validateAllChecked()) {<!-- [et_pb_line_break_holder] -->                e.preventDefault();<!-- [et_pb_line_break_holder] -->                alert(\"Du m\u00e5ste bocka i ALLA rutor under 'F\u00f6ljande obligatorisk information bekr\u00e4ftas h\u00e4rmed'.\");<!-- [et_pb_line_break_holder] -->            }<!-- [et_pb_line_break_holder] -->        });<!-- [et_pb_line_break_holder] --><!-- [et_pb_line_break_holder] -->        \/\/ Ta bort r\u00f6d ram automatiskt n\u00e4r anv\u00e4ndaren kryssar klart<!-- [et_pb_line_break_holder] -->        checkboxes.forEach(function (cb) {<!-- [et_pb_line_break_holder] -->            cb.addEventListener(\"change\", validateAllChecked);<!-- [et_pb_line_break_holder] -->        });<!-- [et_pb_line_break_holder] -->    });<!-- [et_pb_line_break_holder] -->});<!-- [et_pb_line_break_holder] --><\/script><!-- [et_pb_line_break_holder] --><!-- [et_pb_line_break_holder] --><!-- [et_pb_line_break_holder] -->[\/et_pb_code][\/et_pb_column][\/et_pb_row][\/et_pb_section]<\/p>\n","protected":false},"excerpt":{"rendered":"<p>Contact us Climaco Sweden AB Email: info@climaco.comWebsite: climaco.com Kristianstad, Sweden Vxl: 044 70050 +46 44 700500Open: weekdays 9.00 &#8211; 12.00 Contact form<\/p>\n","protected":false},"author":5,"featured_media":0,"parent":0,"menu_order":0,"comment_status":"closed","ping_status":"closed","template":"","meta":{"_et_pb_use_builder":"on","_et_pb_old_content":"","_et_gb_content_width":"","footnotes":""},"class_list":["post-11984","page","type-page","status-publish","hentry"],"_links":{"self":[{"href":"https:\/\/climaco.com\/en\/wp-json\/wp\/v2\/pages\/11984","targetHints":{"allow":["GET"]}}],"collection":[{"href":"https:\/\/climaco.com\/en\/wp-json\/wp\/v2\/pages"}],"about":[{"href":"https:\/\/climaco.com\/en\/wp-json\/wp\/v2\/types\/page"}],"author":[{"embeddable":true,"href":"https:\/\/climaco.com\/en\/wp-json\/wp\/v2\/users\/5"}],"replies":[{"embeddable":true,"href":"https:\/\/climaco.com\/en\/wp-json\/wp\/v2\/comments?post=11984"}],"version-history":[{"count":5,"href":"https:\/\/climaco.com\/en\/wp-json\/wp\/v2\/pages\/11984\/revisions"}],"predecessor-version":[{"id":11993,"href":"https:\/\/climaco.com\/en\/wp-json\/wp\/v2\/pages\/11984\/revisions\/11993"}],"wp:attachment":[{"href":"https:\/\/climaco.com\/en\/wp-json\/wp\/v2\/media?parent=11984"}],"curies":[{"name":"wp","href":"https:\/\/api.w.org\/{rel}","templated":true}]}}